{"id":98,"date":"2023-07-18T20:30:00","date_gmt":"2023-07-18T18:30:00","guid":{"rendered":"https:\/\/library.wu.ac.at\/bib\/fit4research\/?page_id=98"},"modified":"2024-07-09T11:34:55","modified_gmt":"2024-07-09T09:34:55","slug":"wissenschaftliche-texte-lesen-und-verstehen","status":"publish","type":"page","link":"https:\/\/library.wu.ac.at\/bib\/fit4research\/index.php\/fit4research-start\/wissenschaftlich-lesen-schreiben\/wissenschaftliche-texte-lesen-und-verstehen\/","title":{"rendered":"Wissenschaftliche Texte lesen und verstehen"},"content":{"rendered":"\n<p>Lesen und Suchen \u00fcberschneiden sich oft, weil du das Gefundene nat\u00fcrlich auch lesen musst, um zu entscheiden, ob du es in deine Arbeit aufnimmst oder nicht.&nbsp;<\/p>\n\n\n\n<p>Um einzusch\u00e4tzen, ob ein Buch oder ein Artikel relevant f\u00fcr deine Fragestellung ist, musst du nicht gleich das ganze Werk lesen. Eine <a href=\"https:\/\/library.wu.ac.at\/bib\/fit4research\/index.php\/wissenschaftliche-quellen-bewerten\/qualitaetsmerkmale-von-wissenschaftlichen-quellen#rezension\" data-type=\"page\">Rezension<\/a> kann dir helfen herauszufinden, ob es sich lohnt, die Zeit zu investieren, um den gesamten Inhalt eines Buches zu lesen. Bei Artikeln ist der Abstract ein guter Entscheidungshelfer, da er eine kurze, pr\u00e4gnante Zusammenfassung der wichtigsten Informationen \u00fcber den Inhalt, wie etwa die Forschungsfrage, die Methodik, die bedeutsamsten Ergebnisse und Schlussfolgerungen enth\u00e4lt.<\/p>\n\n\n\n<p>Zus\u00e4tzlich kannst du dich an Inhalts- oder Stichwortverzeichnissen der Texte orientieren. Bist du f\u00fcndig geworden, ist es eine gute Idee, zun\u00e4chst mit dem Lesen der Einleitung und der Conclusio zu beginnen, um so einen etwas tieferen, aber dennoch nicht zu zeitaufwendigen Einblick in den Inhalt des Textes zu bekommen.<\/p>\n\n\n\n<p>Falls wichtige Begriffe, die f\u00fcr deine Forschungsfrage relevant sind, an keiner der genannten Stellen zu finden sind, ist es h\u00f6chstwahrscheinlich nicht die richtige Quelle f\u00fcr dich und du musst deine Suche noch einmal anpassen. Vergiss hierbei nicht, auch nach <a href=\"https:\/\/library.wu.ac.at\/bib\/fit4research\/index.php\/wie-finde-ich\/literatur-zu-einem-thema\/suchbegriffe-richtig-auswaehlen\/\" data-type=\"page\" data-id=\"27\">Synonymen, \u00dcbersetzungen, oder verschiedenen Schreibweisen von Fachbegriffen<\/a> zu suchen.<\/p>\n\n\n\n<ul class=\"wp-block-list\">\n<li><a href=\"#sq3r\">Lesen mit der SQ3R-Methode<\/a><\/li>\n\n\n\n<li><a href=\"#weitere\">Weitere Lesetechniken<\/a><\/li>\n\n\n\n<li><a href=\"#literatur\">Literatur und Empfehlungen<\/a><\/li>\n<\/ul>\n\n\n\n<div class=\"wp-block-group\" style=\"padding-top:3em;padding-right:10rem;padding-bottom:3em;padding-left:10rem\"><div class=\"wp-block-group__inner-container is-layout-constrained wp-container-core-group-is-layout-0682ed28 wp-block-group-is-layout-constrained\">\n<hr class=\"wp-block-separator alignwide has-alpha-channel-opacity is-style-wide\"\/>\n<\/div><\/div>\n\n\n\n<h2 class=\"wp-block-heading\" id=\"sq3r\">Lesen mit der SQ3R-Methode&nbsp;<\/h2>\n\n\n\n<p>SQ3R (Survey, Question, Read, Recite, Review) ist eine einfache und effektive Methode, um beim Lesen Informationen besser zu verstehen, zu behalten und abzurufen. Probiere es aus und schau, ob es dir beim Lernen hilft!<\/p>\n\n\n\n<div class=\"wp-block-columns is-layout-flex wp-container-core-columns-is-layout-9d6595d7 wp-block-columns-is-layout-flex\">\n<div class=\"wp-block-column is-layout-flow wp-block-column-is-layout-flow\" style=\"flex-basis:33.33%\"><div class=\"wp-block-image\">\n<figure class=\"aligncenter size-full is-resized\"><img loading=\"lazy\" decoding=\"async\" width=\"605\" height=\"605\" src=\"https:\/\/library.wu.ac.at\/bib\/fit4research\/wp-content\/uploads\/2023\/10\/Fernglas.png\" alt=\"\" class=\"wp-image-3254\" style=\"object-fit:cover;width:120px;height:120px\" srcset=\"https:\/\/library.wu.ac.at\/bib\/fit4research\/wp-content\/uploads\/2023\/10\/Fernglas.png 605w, https:\/\/library.wu.ac.at\/bib\/fit4research\/wp-content\/uploads\/2023\/10\/Fernglas-300x300.png 300w, https:\/\/library.wu.ac.at\/bib\/fit4research\/wp-content\/uploads\/2023\/10\/Fernglas-150x150.png 150w\" sizes=\"auto, (max-width: 605px) 100vw, 605px\" \/><\/figure>\n<\/div><\/div>\n\n\n\n<div class=\"wp-block-column is-layout-flow wp-block-column-is-layout-flow\" style=\"flex-basis:66.66%\">\n<p><strong><strong>Survey<\/strong><\/strong> (\u00dcberblick verschaffen): Beginne damit, einen \u00dcberblick \u00fcber das Thema oder den Text zu bekommen, mit dem du dich besch\u00e4ftigen m\u00f6chtest. Lies die \u00dcberschriften, Untertitel, Einleitungen und Schlussfolgerungen, um eine Vorstellung von den wichtigsten Punkten zu bekommen.<\/p>\n<\/div>\n<\/div>\n\n\n\n<div class=\"wp-block-columns is-layout-flex wp-container-core-columns-is-layout-9d6595d7 wp-block-columns-is-layout-flex\">\n<div class=\"wp-block-column is-layout-flow wp-block-column-is-layout-flow\" style=\"flex-basis:33.33%\"><div class=\"wp-block-image\">\n<figure class=\"aligncenter size-full is-resized\"><img loading=\"lazy\" decoding=\"async\" width=\"604\" height=\"604\" src=\"https:\/\/library.wu.ac.at\/bib\/fit4research\/wp-content\/uploads\/2023\/10\/Fragezeichen.png\" alt=\"\" class=\"wp-image-3256\" style=\"object-fit:cover;width:120px;height:120px\" srcset=\"https:\/\/library.wu.ac.at\/bib\/fit4research\/wp-content\/uploads\/2023\/10\/Fragezeichen.png 604w, https:\/\/library.wu.ac.at\/bib\/fit4research\/wp-content\/uploads\/2023\/10\/Fragezeichen-300x300.png 300w, https:\/\/library.wu.ac.at\/bib\/fit4research\/wp-content\/uploads\/2023\/10\/Fragezeichen-150x150.png 150w\" sizes=\"auto, (max-width: 604px) 100vw, 604px\" \/><\/figure>\n<\/div><\/div>\n\n\n\n<div class=\"wp-block-column is-layout-flow wp-block-column-is-layout-flow\" style=\"flex-basis:66.66%\">\n<p><strong>Question<\/strong> (Fragen stellen): Formuliere Fragen an den Text. Gibt es bestimmte Aspekte, die der Text abdecken sollte, um f\u00fcr meine Arbeit relevant zu sein? Welche Fragen sollen im Text beantwortet werden, um mein Verst\u00e4ndnis zu verbessern?&nbsp;Welche Perspektive oder Meinung wird im Text vertreten? Diese Fragen k\u00f6nnen dir helfen, gezielt den Text zu lesen und die f\u00fcr dich relevanten Informationen herauszufiltern.&nbsp;<\/p>\n<\/div>\n<\/div>\n\n\n\n<div class=\"wp-block-columns is-layout-flex wp-container-core-columns-is-layout-9d6595d7 wp-block-columns-is-layout-flex\">\n<div class=\"wp-block-column is-layout-flow wp-block-column-is-layout-flow\" style=\"flex-basis:33.33%\"><div class=\"wp-block-image\">\n<figure class=\"aligncenter size-full is-resized\"><img loading=\"lazy\" decoding=\"async\" width=\"605\" height=\"604\" src=\"https:\/\/library.wu.ac.at\/bib\/fit4research\/wp-content\/uploads\/2023\/10\/Buch.png\" alt=\"\" class=\"wp-image-3257\" style=\"object-fit:cover;width:120px;height:120px\" srcset=\"https:\/\/library.wu.ac.at\/bib\/fit4research\/wp-content\/uploads\/2023\/10\/Buch.png 605w, https:\/\/library.wu.ac.at\/bib\/fit4research\/wp-content\/uploads\/2023\/10\/Buch-300x300.png 300w, https:\/\/library.wu.ac.at\/bib\/fit4research\/wp-content\/uploads\/2023\/10\/Buch-150x150.png 150w\" sizes=\"auto, (max-width: 605px) 100vw, 605px\" \/><\/figure>\n<\/div><\/div>\n\n\n\n<div class=\"wp-block-column is-layout-flow wp-block-column-is-layout-flow\" style=\"flex-basis:66.66%\">\n<p><strong>Read<\/strong> (Lesen): Lies den Text oder das Material gr\u00fcndlich durch. Achte darauf, die Antworten auf deine Fragen zu finden und versuche, die Informationen zu verstehen und zu verinnerlichen. Markiere wichtige Passagen oder mache Notizen, um sp\u00e4ter darauf zur\u00fcckzugreifen.<\/p>\n<\/div>\n<\/div>\n\n\n\n<div class=\"wp-block-columns is-layout-flex wp-container-core-columns-is-layout-9d6595d7 wp-block-columns-is-layout-flex\">\n<div class=\"wp-block-column is-layout-flow wp-block-column-is-layout-flow\" style=\"flex-basis:33.33%\"><div class=\"wp-block-image\">\n<figure class=\"aligncenter size-full is-resized\"><img loading=\"lazy\" decoding=\"async\" width=\"605\" height=\"605\" src=\"https:\/\/library.wu.ac.at\/bib\/fit4research\/wp-content\/uploads\/2023\/10\/Schreibtisch.png\" alt=\"\" class=\"wp-image-3258\" style=\"object-fit:cover;width:120px;height:120px\" srcset=\"https:\/\/library.wu.ac.at\/bib\/fit4research\/wp-content\/uploads\/2023\/10\/Schreibtisch.png 605w, https:\/\/library.wu.ac.at\/bib\/fit4research\/wp-content\/uploads\/2023\/10\/Schreibtisch-300x300.png 300w, https:\/\/library.wu.ac.at\/bib\/fit4research\/wp-content\/uploads\/2023\/10\/Schreibtisch-150x150.png 150w\" sizes=\"auto, (max-width: 605px) 100vw, 605px\" \/><\/figure>\n<\/div><\/div>\n\n\n\n<div class=\"wp-block-column is-layout-flow wp-block-column-is-layout-flow\" style=\"flex-basis:66.66%\">\n<p><strong>Recite<\/strong> (Wiedergeben): Gehe nun noch einmal durch den Text und versuche, die wichtigsten Informationen in eigenen Worten zusammenzufassen. Schreibe nur dann wortw\u00f6rtlich ab, wenn du die entsprechende Stelle in deiner Arbeit als Zitat verwenden m\u00f6chtest. Kennzeichne diese eindeutig (inklusive der Seitenzahlen), damit du auch sp\u00e4ter noch wei\u00dft, welche Formulierungen von dir stammen und welche nicht.<\/p>\n<\/div>\n<\/div>\n\n\n\n<div class=\"wp-block-columns is-layout-flex wp-container-core-columns-is-layout-9d6595d7 wp-block-columns-is-layout-flex\">\n<div class=\"wp-block-column is-layout-flow wp-block-column-is-layout-flow\" style=\"flex-basis:33.33%\">\n<figure class=\"wp-block-image size-full is-resized\"><img loading=\"lazy\" decoding=\"async\" width=\"605\" height=\"604\" src=\"https:\/\/library.wu.ac.at\/bib\/fit4research\/wp-content\/uploads\/2023\/10\/Kreislauf.png\" alt=\"\" class=\"wp-image-3259\" style=\"object-fit:cover;width:120px;height:120px\" srcset=\"https:\/\/library.wu.ac.at\/bib\/fit4research\/wp-content\/uploads\/2023\/10\/Kreislauf.png 605w, https:\/\/library.wu.ac.at\/bib\/fit4research\/wp-content\/uploads\/2023\/10\/Kreislauf-300x300.png 300w, https:\/\/library.wu.ac.at\/bib\/fit4research\/wp-content\/uploads\/2023\/10\/Kreislauf-150x150.png 150w\" sizes=\"auto, (max-width: 605px) 100vw, 605px\" \/><\/figure>\n<\/div>\n\n\n\n<div class=\"wp-block-column is-layout-flow wp-block-column-is-layout-flow\" style=\"flex-basis:66.66%\">\n<p><strong>Review<\/strong> (Wiederholen): \u00dcberpr\u00fcfe regelm\u00e4\u00dfig die herausgearbeiteten Informationen und Zitate und \u00fcberlege, ob diese weiterhin f\u00fcr deine Arbeit relevant sind. Nutze deine Fragen und Notizen, um sicherzustellen, dass die ausgesuchte Literatur noch immer zur Beantwortung deiner Forschungsfrage beitr\u00e4gt und du dar\u00fcber hinaus nichts vergisst.<\/p>\n<\/div>\n<\/div>\n\n\n\n<div class=\"wp-block-group\" style=\"padding-top:3em;padding-right:10rem;padding-bottom:3em;padding-left:10rem\"><div class=\"wp-block-group__inner-container is-layout-constrained wp-container-core-group-is-layout-0682ed28 wp-block-group-is-layout-constrained\">\n<hr class=\"wp-block-separator alignwide has-alpha-channel-opacity is-style-wide\"\/>\n<\/div><\/div>\n\n\n\n<h2 class=\"wp-block-heading\" id=\"weitere\">Weitere Lesetechniken&nbsp;<\/h2>\n\n\n\n<p>Abgesehen von SQ3R gibt es nat\u00fcrlich noch andere Techniken, die dich beim Lesen unterst\u00fctzen k\u00f6nnen. Einige der wichtigsten haben wir hier f\u00fcr dich zusammengefasst.<\/p>\n\n\n\n<figure class=\"wp-block-table is-style-stripes\"><table class=\"has-blue-background-color has-background\"><tbody><tr><td><strong>Was?<\/strong><\/td><td><strong>Wie?<\/strong><\/td><td><strong>Wof\u00fcr?<\/strong><\/td><\/tr><tr><td><strong>Orientierendes Lesen<\/strong><\/td><td>\u00dcberfliegen von Textelementen wie Titel, Inhaltsverzeichnis, Abstracts, (Kapitel-) \u00dcberschriften, Grafiken und Tabellen<\/td><td>Grober \u00dcberblick \u00fcber den Inhalt; schnelle Einsch\u00e4tzung der Relevanz eines Textes<\/td><\/tr><tr><td><strong>Kursorisches Lesen<\/strong><\/td><td>Abscannen des Textes Schritt f\u00fcr Schritt; Anlesen einzelner Abs\u00e4tze, jedoch keine vollst\u00e4ndige Lekt\u00fcre<\/td><td>Erfassen von m\u00f6glichst viel Inhalt innerhalb m\u00f6glichst kurzer Zeit<\/td><\/tr><tr><td><strong>Selektives Lesen<\/strong><\/td><td>Vollst\u00e4ndiges Lesen einzelner ausgew\u00e4hlter Kapitel oder Abs\u00e4tze innerhalb eines Textes<\/td><td>Reduktion des Lesevolumens auf Relevantes &amp; Inklusion von Texten, die nur in Teilen von Interesse sind<\/td><\/tr><tr><td><strong>Studierendes&nbsp; Lesen<\/strong><\/td><td>Gr\u00fcndliches und langsames Lesen; Anfertigen von Notizen; Nachschlagen unbekannter Begriffe<\/td><td>Vollst\u00e4ndiges Verstehen eines Texts oder Textabschnitts; Erfassen von Aufbau und Argumentation<\/td><\/tr><tr><td><strong>Inspiratives Lesen<\/strong><\/td><td>Keine vertiefende Lekt\u00fcre sondern sprunghaftes Scannen von S\u00e4tzen und Abschnitten nach m\u00f6glichen Ans\u00e4tzen.<\/td><td>Inspiration f\u00fcr die Entwicklung eigener Ideen und Anregungen f\u00fcr Herangehensweisen an ein Thema<\/td><\/tr><tr><td><strong>Evaluierendes Lesen<\/strong><\/td><td>Gr\u00fcndliches Lesen mit Fokus auf inhaltliche Aspekte wie Methodik, Herleitungen und Schlussfolgerungen<\/td><td>Kritisches Hinterfragen des Textes; Analyse des Inhalts; Nutzung f\u00fcr die eigene (Gegen-)Argumentation<\/td><\/tr><\/tbody><\/table><\/figure>\n\n\n\n<div class=\"wp-block-group\" style=\"padding-top:3em;padding-right:10rem;padding-bottom:3em;padding-left:10rem\"><div class=\"wp-block-group__inner-container is-layout-constrained wp-container-core-group-is-layout-0682ed28 wp-block-group-is-layout-constrained\">\n<hr class=\"wp-block-separator alignwide has-alpha-channel-opacity is-style-wide\"\/>\n<\/div><\/div>\n\n\n\n<h2 class=\"wp-block-heading\" id=\"literatur\">Literatur und Empfehlungen<\/h2>\n\n\n\n<p class=\"has-extra-small-font-size\"><a href=\"https:\/\/permalink.obvsg.at\/wuw\/AC15011871\" data-type=\"link\" data-id=\"https:\/\/permalink.obvsg.at\/wuw\/AC15011871\" target=\"_blank\" rel=\"noreferrer noopener\">Kruse, O. (2018). Lesen und Schreiben: Der richtige Umgang mit Texten im Studium. UTB 3355. Konstanz: UVK-Verlags-Gesellschaft.<\/a><\/p>\n\n\n\n<p class=\"has-extra-small-font-size\"><a href=\"https:\/\/permalink.obvsg.at\/wuw\/AC14524898\" data-type=\"link\" data-id=\"https:\/\/permalink.obvsg.at\/wuw\/AC14524898\" target=\"_blank\" rel=\"noreferrer noopener\">Lange, U. (2018). Fachtexte. lesen-verstehen-wiedergeben. Paderborn: UTB; Ferdinand Sch\u00f6ningh (4002).<\/a><\/p>\n\n\n\n<p class=\"has-extra-small-font-size\"><a href=\"https:\/\/permalink.obvsg.at\/wuw\/AC12131555\" data-type=\"link\" data-id=\"https:\/\/permalink.obvsg.at\/wuw\/AC12131555\" target=\"_blank\" rel=\"noreferrer noopener\">Leuze, K. &amp; Unger, H. v. (2015). <em>Wissenschaftliches Arbeiten im Soziologiestudium<\/em>. UTB 4314. Paderborn: Fink.<\/a><\/p>\n\n\n\n<p class=\"has-extra-small-font-size\"><a href=\"https:\/\/permalink.obvsg.at\/wuw\/AC16522450\" data-type=\"link\" data-id=\"https:\/\/permalink.obvsg.at\/wuw\/AC16522450\" target=\"_blank\" rel=\"noreferrer noopener\">Voss, R. (2022). <em>Wissenschaftliches Arbeiten &#8230; leicht verst\u00e4ndlich <\/em>(8., \u00fcberarbeitete und korrigierte Auflage). Konstanz [u.a.]: UVK Verlags Gesellschaft.<\/a><\/p>\n\n\n\n<div class=\"wp-block-group\"><div class=\"wp-block-group__inner-container is-layout-constrained wp-block-group-is-layout-constrained\">\n<div class=\"wp-block-columns is-layout-flex wp-container-core-columns-is-layout-9d6595d7 wp-block-columns-is-layout-flex\">\n<div class=\"wp-block-column is-layout-flow wp-block-column-is-layout-flow\"><\/div>\n\n\n\n<div class=\"wp-block-column is-layout-flow wp-block-column-is-layout-flow\"><\/div>\n<\/div>\n<\/div><\/div>\n","protected":false},"excerpt":{"rendered":"<p>Lesen und Suchen \u00fcberschneiden sich oft, weil du das Gefundene nat\u00fcrlich auch lesen musst, um zu entscheiden, ob du es in deine Arbeit aufnimmst oder nicht.&nbsp; Um einzusch\u00e4tzen, ob ein Buch oder ein Artikel relevant f\u00fcr deine Fragestellung ist, musst du nicht gleich das ganze Werk lesen. Eine Rezension kann dir helfen herauszufinden, ob es&hellip; <a class=\"more-link\" href=\"https:\/\/library.wu.ac.at\/bib\/fit4research\/index.php\/fit4research-start\/wissenschaftlich-lesen-schreiben\/wissenschaftliche-texte-lesen-und-verstehen\/\">Continue reading <span class=\"screen-reader-text\">Wissenschaftliche Texte lesen und verstehen<\/span><\/a><\/p>\n","protected":false},"author":2,"featured_media":0,"parent":4853,"menu_order":1,"comment_status":"closed","ping_status":"closed","template":"","meta":{"footnotes":""},"class_list":["post-98","page","type-page","status-publish","hentry","entry"],"_links":{"self":[{"href":"https:\/\/library.wu.ac.at\/bib\/fit4research\/index.php\/wp-json\/wp\/v2\/pages\/98","targetHints":{"allow":["GET"]}}],"collection":[{"href":"https:\/\/library.wu.ac.at\/bib\/fit4research\/index.php\/wp-json\/wp\/v2\/pages"}],"about":[{"href":"https:\/\/library.wu.ac.at\/bib\/fit4research\/index.php\/wp-json\/wp\/v2\/types\/page"}],"author":[{"embeddable":true,"href":"https:\/\/library.wu.ac.at\/bib\/fit4research\/index.php\/wp-json\/wp\/v2\/users\/2"}],"replies":[{"embeddable":true,"href":"https:\/\/library.wu.ac.at\/bib\/fit4research\/index.php\/wp-json\/wp\/v2\/comments?post=98"}],"version-history":[{"count":17,"href":"https:\/\/library.wu.ac.at\/bib\/fit4research\/index.php\/wp-json\/wp\/v2\/pages\/98\/revisions"}],"predecessor-version":[{"id":4598,"href":"https:\/\/library.wu.ac.at\/bib\/fit4research\/index.php\/wp-json\/wp\/v2\/pages\/98\/revisions\/4598"}],"up":[{"embeddable":true,"href":"https:\/\/library.wu.ac.at\/bib\/fit4research\/index.php\/wp-json\/wp\/v2\/pages\/4853"}],"wp:attachment":[{"href":"https:\/\/library.wu.ac.at\/bib\/fit4research\/index.php\/wp-json\/wp\/v2\/media?parent=98"}],"curies":[{"name":"wp","href":"https:\/\/api.w.org\/{rel}","templated":true}]}}