{"id":86,"date":"2023-07-18T15:27:58","date_gmt":"2023-07-18T13:27:58","guid":{"rendered":"https:\/\/library.wu.ac.at\/bib\/fit4research\/?page_id=86"},"modified":"2024-01-12T13:40:54","modified_gmt":"2024-01-12T12:40:54","slug":"ebene-5-6-sammlung-nach-themengebieten","status":"publish","type":"page","link":"https:\/\/library.wu.ac.at\/bib\/fit4research\/index.php\/fit4research-start\/zugriff-auf-literatur-online-und-vor-ort\/orientierung-in-der-bibliothek-wo-finde-ich-was\/ebene-5-6-sammlung-nach-themengebieten\/","title":{"rendered":"Ebene 5 &amp; 6 Sammlung nach Themengebieten"},"content":{"rendered":"\n<p>Literatur, die ab dem Ver\u00f6ffentlichungsjahr 2004 erschienen ist, findest du im Bibliothekszentrum auf den&nbsp;<strong>Ebenen 5 und 6<\/strong>. Die B\u00fccher sind frei zug\u00e4nglich im Regal platziert und nach Themengebieten&nbsp;geordnet. Auf Ebene 6 sind die Themengebiete A bis QO und auf Ebene 5 QP bis Z aufgestellt.<\/p>\n\n\n\n<ul class=\"wp-block-list\">\n<li><a href=\"#aufstellung\">Wie funktioniert die thematische Aufstellung?<\/a><\/li>\n\n\n\n<li><a href=\"#entlehnung\">Welche B\u00fccher sind nicht entlehnbar? Wie erkenne ich Pr\u00e4senzexemplare?<\/a><\/li>\n<\/ul>\n\n\n\n<div class=\"wp-block-group\" style=\"padding-top:3em;padding-right:10rem;padding-bottom:3em;padding-left:10rem\"><div class=\"wp-block-group__inner-container is-layout-constrained wp-container-core-group-is-layout-0682ed28 wp-block-group-is-layout-constrained\">\n<hr class=\"wp-block-separator alignwide has-alpha-channel-opacity is-style-wide\"\/>\n<\/div><\/div>\n\n\n\n<h2 class=\"wp-block-heading\" id=\"aufstellung\">Wie funktioniert die thematische Aufstellung?<\/h2>\n\n\n\n<p>Angenommen, du hast im&nbsp;<a href=\"https:\/\/katalog.wu.ac.at\/\" target=\"_blank\" rel=\"noreferrer noopener\">WU Katalog<\/a>&nbsp;folgendes Buch gefunden:<\/p>\n\n\n\n<figure class=\"wp-block-image size-full\"><img loading=\"lazy\" decoding=\"async\" width=\"889\" height=\"133\" src=\"https:\/\/library.wu.ac.at\/bib\/fit4research\/wp-content\/uploads\/2023\/11\/Ebene-5_6_Abb1.png\" alt=\"Ein Treffer im WU Katalog. Es handelt sich um \u201eMarketing: an introduction\u201c von Armstrong, Kotler und Opresnik.\" class=\"wp-image-3558\" srcset=\"https:\/\/library.wu.ac.at\/bib\/fit4research\/wp-content\/uploads\/2023\/11\/Ebene-5_6_Abb1.png 889w, https:\/\/library.wu.ac.at\/bib\/fit4research\/wp-content\/uploads\/2023\/11\/Ebene-5_6_Abb1-300x45.png 300w, https:\/\/library.wu.ac.at\/bib\/fit4research\/wp-content\/uploads\/2023\/11\/Ebene-5_6_Abb1-768x115.png 768w\" sizes=\"auto, (max-width: 889px) 100vw, 889px\" \/><\/figure>\n\n\n\n<p>Klicke auf den Link&nbsp;<em>Verf\u00fcgbar&nbsp;<\/em>oder auf den Buchtitel, um mehr dar\u00fcber zu erfahren, wo genau das Buch in der Bibliothek zu finden ist. Suche die&nbsp;<em>Signatur\/Aufstellung<\/em>&nbsp;heraus.<\/p>\n\n\n\n<p>Sie lautet&nbsp;<strong><strong>QP 600 A735 (13)<\/strong><\/strong><\/p>\n\n\n\n<figure class=\"wp-block-image size-full\"><img loading=\"lazy\" decoding=\"async\" width=\"992\" height=\"280\" src=\"https:\/\/library.wu.ac.at\/bib\/fit4research\/wp-content\/uploads\/2023\/11\/Ebene-5_6_Abb2.png\" alt=\"Die Signatur ist in der Detailansicht des Treffers unter \u201eOptionen\u201c sichtbar.\" class=\"wp-image-3559\" srcset=\"https:\/\/library.wu.ac.at\/bib\/fit4research\/wp-content\/uploads\/2023\/11\/Ebene-5_6_Abb2.png 992w, https:\/\/library.wu.ac.at\/bib\/fit4research\/wp-content\/uploads\/2023\/11\/Ebene-5_6_Abb2-300x85.png 300w, https:\/\/library.wu.ac.at\/bib\/fit4research\/wp-content\/uploads\/2023\/11\/Ebene-5_6_Abb2-768x217.png 768w\" sizes=\"auto, (max-width: 992px) 100vw, 992px\" \/><\/figure>\n\n\n\n<p>Das Buch ist dort aufgestellt, wo es seinem Inhalt nach fachlich zuzuordnen ist:<\/p>\n\n\n\n<figure class=\"wp-block-table is-style-stripes\"><table class=\"has-blue-background-color has-background\"><tbody><tr><td><strong>QP<\/strong><\/td><td>Das Buch ist der Hauptgruppe Q&nbsp;<em>Wirtschaftswissenschaften<\/em>&nbsp;und dort der Untergruppe P&nbsp;<em>Allgemeine Betriebswirtschaftslehre<\/em>&nbsp;zugeordnet.<\/td><\/tr><tr><td><strong>600<\/strong><\/td><td>Das Buch geh\u00f6rt dort zu den&nbsp;<em>Aufbauelementen der Unternehmung<\/em>&nbsp;(410-890) und zwar zum Bereich&nbsp;<em>Absatz<\/em>&nbsp;(600-690), darin zu&nbsp;<em>Allgemeines<\/em>&nbsp;(600).<\/td><\/tr><tr><td><strong>A735<\/strong><\/td><td>Individuelle Kennzeichnung des Buches<\/td><\/tr><tr><td><strong>(13)<\/strong><\/td><td>Die verf\u00fcgbare Auflage des Buches<\/td><\/tr><\/tbody><\/table><\/figure>\n\n\n\n<p>Du findest das Buch im Regal an der entsprechenden Position (neben anderen Werken zu diesem Thema).<\/p>\n\n\n\n<div class=\"wp-block-media-text has-media-on-the-right is-stacked-on-mobile\"><div class=\"wp-block-media-text__content\">\n<p>Dar\u00fcber hinaus hast du im&nbsp;<a rel=\"noreferrer noopener\" href=\"https:\/\/katalog.wu.ac.at\/\" target=\"_blank\">WU Katalog<\/a>&nbsp;die M\u00f6glichkeit, dir regalgenau anzeigen zu lassen, wo sich ein Buch im Geb\u00e4ude befindet. Klicke auf&nbsp;<em>Standort&nbsp;<\/em>und du wirst zum <a href=\"https:\/\/campus.wu.ac.at\/\" data-type=\"link\" data-id=\"https:\/\/campus.wu.ac.at\/\" target=\"_blank\" rel=\"noreferrer noopener\">Campusplan<\/a> weitergeleitet. <\/p>\n<\/div><figure class=\"wp-block-media-text__media\"><img loading=\"lazy\" decoding=\"async\" width=\"984\" height=\"316\" src=\"https:\/\/library.wu.ac.at\/bib\/fit4research\/wp-content\/uploads\/2023\/08\/image-12.png\" alt=\"Der Link \u201eStandort\u201c ist rechts oben in der Detailansicht des Buchs im WU Katalog hervorgehoben.\" class=\"wp-image-593 size-full\" srcset=\"https:\/\/library.wu.ac.at\/bib\/fit4research\/wp-content\/uploads\/2023\/08\/image-12.png 984w, https:\/\/library.wu.ac.at\/bib\/fit4research\/wp-content\/uploads\/2023\/08\/image-12-300x96.png 300w, https:\/\/library.wu.ac.at\/bib\/fit4research\/wp-content\/uploads\/2023\/08\/image-12-768x247.png 768w\" sizes=\"auto, (max-width: 984px) 100vw, 984px\" \/><\/figure><\/div>\n\n\n\n<p>Dort ist der Standort deines Buches bereits markiert. \u00dcber die Zoomfunktion findest du eine exakte Wegbeschreibung, die dich bis an das Regal deines gew\u00fcnschten Buches f\u00fchrt:<\/p>\n\n\n\n<div class=\"wp-block-columns is-layout-flex wp-container-core-columns-is-layout-9d6595d7 wp-block-columns-is-layout-flex\">\n<div class=\"wp-block-column is-layout-flow wp-block-column-is-layout-flow\">\n<figure class=\"wp-block-image size-full\"><img loading=\"lazy\" decoding=\"async\" width=\"751\" height=\"829\" src=\"https:\/\/library.wu.ac.at\/bib\/fit4research\/wp-content\/uploads\/2023\/08\/image-13.png\" alt=\"\" class=\"wp-image-594\" srcset=\"https:\/\/library.wu.ac.at\/bib\/fit4research\/wp-content\/uploads\/2023\/08\/image-13.png 751w, https:\/\/library.wu.ac.at\/bib\/fit4research\/wp-content\/uploads\/2023\/08\/image-13-272x300.png 272w\" sizes=\"auto, (max-width: 751px) 100vw, 751px\" \/><\/figure>\n<\/div>\n\n\n\n<div class=\"wp-block-column is-layout-flow wp-block-column-is-layout-flow\">\n<figure class=\"wp-block-image size-full\"><img loading=\"lazy\" decoding=\"async\" width=\"657\" height=\"744\" src=\"https:\/\/library.wu.ac.at\/bib\/fit4research\/wp-content\/uploads\/2023\/08\/image-14.png\" alt=\"\" class=\"wp-image-595\" srcset=\"https:\/\/library.wu.ac.at\/bib\/fit4research\/wp-content\/uploads\/2023\/08\/image-14.png 657w, https:\/\/library.wu.ac.at\/bib\/fit4research\/wp-content\/uploads\/2023\/08\/image-14-265x300.png 265w\" sizes=\"auto, (max-width: 657px) 100vw, 657px\" \/><\/figure>\n<\/div>\n<\/div>\n\n\n\n<div class=\"wp-block-group\" style=\"padding-top:3em;padding-right:10rem;padding-bottom:3em;padding-left:10rem\"><div class=\"wp-block-group__inner-container is-layout-constrained wp-container-core-group-is-layout-0682ed28 wp-block-group-is-layout-constrained\">\n<hr class=\"wp-block-separator alignwide has-alpha-channel-opacity is-style-wide\"\/>\n<\/div><\/div>\n\n\n\n<h2 class=\"wp-block-heading\" id=\"entlehnung\">Welche B\u00fccher sind nicht entlehnbar? Wie erkenne ich Pr\u00e4senzexemplare?<\/h2>\n\n\n\n<div class=\"wp-block-media-text is-stacked-on-mobile\" style=\"grid-template-columns:20% auto\"><figure class=\"wp-block-media-text__media\"><img loading=\"lazy\" decoding=\"async\" width=\"132\" height=\"189\" src=\"https:\/\/library.wu.ac.at\/bib\/fit4research\/wp-content\/uploads\/2023\/08\/image-15.png\" alt=\"\" class=\"wp-image-596 size-full\"\/><\/figure><div class=\"wp-block-media-text__content\">\n<p>Pr\u00e4senzexemplare sind B\u00fccher, die du nicht entlehnen, sondern nur innerhalb der Bibliothek benutzen kannst. Du erkennst diese an der roten Markierung am unteren Ende des Signaturetiketts auf dem Bucheinband. Im Katalog ist in diesem Fall unter der \u00dcberschrift Status&nbsp;<em>Lesesaal<\/em>&nbsp;vermerkt. Damit du nicht alles h\u00e4ndisch herausschreiben musst, kannst du gern einzelne Seiten in der Bibliothek scannen.<\/p>\n<\/div><\/div>\n\n\n\n<div class=\"wp-block-group\"><div class=\"wp-block-group__inner-container is-layout-constrained wp-block-group-is-layout-constrained\">\n<div class=\"wp-block-columns is-layout-flex wp-container-core-columns-is-layout-9d6595d7 wp-block-columns-is-layout-flex\">\n<div class=\"wp-block-column is-layout-flow wp-block-column-is-layout-flow\"><\/div>\n\n\n\n<div class=\"wp-block-column is-layout-flow wp-block-column-is-layout-flow\"><\/div>\n<\/div>\n<\/div><\/div>\n","protected":false},"excerpt":{"rendered":"<p>Literatur, die ab dem Ver\u00f6ffentlichungsjahr 2004 erschienen ist, findest du im Bibliothekszentrum auf den&nbsp;Ebenen 5 und 6. Die B\u00fccher sind frei zug\u00e4nglich im Regal platziert und nach Themengebieten&nbsp;geordnet. Auf Ebene 6 sind die Themengebiete A bis QO und auf Ebene 5 QP bis Z aufgestellt. Wie funktioniert die thematische Aufstellung? Angenommen, du hast im&nbsp;WU Katalog&nbsp;folgendes&hellip; <a class=\"more-link\" href=\"https:\/\/library.wu.ac.at\/bib\/fit4research\/index.php\/fit4research-start\/zugriff-auf-literatur-online-und-vor-ort\/orientierung-in-der-bibliothek-wo-finde-ich-was\/ebene-5-6-sammlung-nach-themengebieten\/\">Continue reading <span class=\"screen-reader-text\">Ebene 5 &amp; 6 Sammlung nach Themengebieten<\/span><\/a><\/p>\n","protected":false},"author":2,"featured_media":0,"parent":69,"menu_order":6,"comment_status":"closed","ping_status":"closed","template":"","meta":{"footnotes":""},"class_list":["post-86","page","type-page","status-publish","hentry","entry"],"_links":{"self":[{"href":"https:\/\/library.wu.ac.at\/bib\/fit4research\/index.php\/wp-json\/wp\/v2\/pages\/86","targetHints":{"allow":["GET"]}}],"collection":[{"href":"https:\/\/library.wu.ac.at\/bib\/fit4research\/index.php\/wp-json\/wp\/v2\/pages"}],"about":[{"href":"https:\/\/library.wu.ac.at\/bib\/fit4research\/index.php\/wp-json\/wp\/v2\/types\/page"}],"author":[{"embeddable":true,"href":"https:\/\/library.wu.ac.at\/bib\/fit4research\/index.php\/wp-json\/wp\/v2\/users\/2"}],"replies":[{"embeddable":true,"href":"https:\/\/library.wu.ac.at\/bib\/fit4research\/index.php\/wp-json\/wp\/v2\/comments?post=86"}],"version-history":[{"count":15,"href":"https:\/\/library.wu.ac.at\/bib\/fit4research\/index.php\/wp-json\/wp\/v2\/pages\/86\/revisions"}],"predecessor-version":[{"id":4063,"href":"https:\/\/library.wu.ac.at\/bib\/fit4research\/index.php\/wp-json\/wp\/v2\/pages\/86\/revisions\/4063"}],"up":[{"embeddable":true,"href":"https:\/\/library.wu.ac.at\/bib\/fit4research\/index.php\/wp-json\/wp\/v2\/pages\/69"}],"wp:attachment":[{"href":"https:\/\/library.wu.ac.at\/bib\/fit4research\/index.php\/wp-json\/wp\/v2\/media?parent=86"}],"curies":[{"name":"wp","href":"https:\/\/api.w.org\/{rel}","templated":true}]}}