{"id":81,"date":"2023-07-18T15:25:24","date_gmt":"2023-07-18T13:25:24","guid":{"rendered":"https:\/\/library.wu.ac.at\/bib\/fit4research\/?page_id=81"},"modified":"2025-04-15T16:37:36","modified_gmt":"2025-04-15T14:37:36","slug":"ebene-3-lehrbuchsammlung","status":"publish","type":"page","link":"https:\/\/library.wu.ac.at\/bib\/fit4research\/index.php\/fit4research-start\/zugriff-auf-literatur-online-und-vor-ort\/orientierung-in-der-bibliothek-wo-finde-ich-was\/ebene-3-lehrbuchsammlung\/","title":{"rendered":"Ebene 3 Lehrbuchsammlung"},"content":{"rendered":"\n<p>Grundlagenliteratur, einf\u00fchrende Werke und Standardliteratur findest du in der Lehrbuchsammlung. Zus\u00e4tzlich stehen dort die wichtigsten Werke, die f\u00fcr die Studieneingangsphase notwendig sind. Ein gro\u00dfer Teil der Lehrbuchsammlung befindet sich frei zug\u00e4nglich im Bibliothekszentrum (LC) auf Ebene 3. Juristische Lehrb\u00fccher findest du in der Bibliothek Recht (D3) neben dem Frontdesk.<\/p>\n\n\n\n<p>So kannst du die Lehrbuchsammlung ganz einfach durchsuchen:<\/p>\n\n\n\n<div class=\"wp-block-media-text has-media-on-the-right is-stacked-on-mobile\"><div class=\"wp-block-media-text__content\">\n<p>Bei der Suche im <a href=\"https:\/\/katalog.wu.ac.at\/\" target=\"_blank\" rel=\"noreferrer noopener\">WU Katalog<\/a> kannst du ausw\u00e4hlen, dass nur der Bestand der Lehrbuchsammlung durchsucht werden soll. Dabei kann zwischen der LC-Lehrbuchsammlung und der D3-Lehrbuchsammlung (juristische Lehrb\u00fccher) unterschieden werden.<\/p>\n<\/div><figure class=\"wp-block-media-text__media\"><img loading=\"lazy\" decoding=\"async\" width=\"1024\" height=\"554\" src=\"https:\/\/library.wu.ac.at\/bib\/fit4research\/wp-content\/uploads\/2025\/04\/LBS-Suche-neu-DE_final-1024x554.png\" alt=\"Das Drop-Down Men\u00fc auf der rechten Seite der Suchleiste im WU Katalog wurde angew\u00e4hlt. Die Teilkataloge &quot;Lehrbuchsammlung LC&quot; und &quot;Lehrbuchsammlung D3&quot; sind hervorgehoben.\" class=\"wp-image-5176 size-full\" srcset=\"https:\/\/library.wu.ac.at\/bib\/fit4research\/wp-content\/uploads\/2025\/04\/LBS-Suche-neu-DE_final-1024x554.png 1024w, https:\/\/library.wu.ac.at\/bib\/fit4research\/wp-content\/uploads\/2025\/04\/LBS-Suche-neu-DE_final-300x162.png 300w, https:\/\/library.wu.ac.at\/bib\/fit4research\/wp-content\/uploads\/2025\/04\/LBS-Suche-neu-DE_final-768x415.png 768w, https:\/\/library.wu.ac.at\/bib\/fit4research\/wp-content\/uploads\/2025\/04\/LBS-Suche-neu-DE_final-1536x831.png 1536w, https:\/\/library.wu.ac.at\/bib\/fit4research\/wp-content\/uploads\/2025\/04\/LBS-Suche-neu-DE_final-2048x1108.png 2048w, https:\/\/library.wu.ac.at\/bib\/fit4research\/wp-content\/uploads\/2025\/04\/LBS-Suche-neu-DE_final-1568x848.png 1568w\" sizes=\"auto, (max-width: 1024px) 100vw, 1024px\" \/><\/figure><\/div>\n\n\n\n<div class=\"wp-block-media-text has-media-on-the-right is-stacked-on-mobile\"><div class=\"wp-block-media-text__content\">\n<p>W\u00e4hle ein Buch aus der Ergebnisliste aus und klicke auf den Titel, um Informationen \u00fcber den Standort zu bekommen.<\/p>\n<\/div><figure class=\"wp-block-media-text__media\"><img loading=\"lazy\" decoding=\"async\" width=\"1024\" height=\"561\" src=\"https:\/\/library.wu.ac.at\/bib\/fit4research\/wp-content\/uploads\/2023\/08\/image-57-1024x561.png\" alt=\"Detailinformationen eines Titels im WU Katalog. Der Standort des Buchs in der Lehrbuchsammlung ist hervorgehoben.\" class=\"wp-image-716 size-full\" srcset=\"https:\/\/library.wu.ac.at\/bib\/fit4research\/wp-content\/uploads\/2023\/08\/image-57-1024x561.png 1024w, https:\/\/library.wu.ac.at\/bib\/fit4research\/wp-content\/uploads\/2023\/08\/image-57-300x164.png 300w, https:\/\/library.wu.ac.at\/bib\/fit4research\/wp-content\/uploads\/2023\/08\/image-57-768x421.png 768w, https:\/\/library.wu.ac.at\/bib\/fit4research\/wp-content\/uploads\/2023\/08\/image-57.png 1170w\" sizes=\"auto, (max-width: 1024px) 100vw, 1024px\" \/><\/figure><\/div>\n\n\n\n<div class=\"wp-block-media-text has-media-on-the-right is-stacked-on-mobile\"><div class=\"wp-block-media-text__content\">\n<p>Nach der Auswahl des gew\u00fcnschten Standorts erh\u00e4ltst du unter <em>Beschreibung<\/em> weitere Informationen zur Signatur und unter <em>Status <\/em>Informationen zur Verf\u00fcgbarkeit.<\/p>\n<\/div><figure class=\"wp-block-media-text__media\"><img loading=\"lazy\" decoding=\"async\" width=\"1020\" height=\"368\" src=\"https:\/\/library.wu.ac.at\/bib\/fit4research\/wp-content\/uploads\/2023\/08\/image-58.png\" alt=\"N\u00e4here Standortinformationen zum oben beschriebenen Titel im WU Katalog. Unter \u201eBeschreibung\u201c ist die Signatur hervorgehoben, unter \u201eStatus\u201c ist \u201eExemplar ist am Standort\u201c vermerkt und hervorgehoben.\" class=\"wp-image-717 size-full\" srcset=\"https:\/\/library.wu.ac.at\/bib\/fit4research\/wp-content\/uploads\/2023\/08\/image-58.png 1020w, https:\/\/library.wu.ac.at\/bib\/fit4research\/wp-content\/uploads\/2023\/08\/image-58-300x108.png 300w, https:\/\/library.wu.ac.at\/bib\/fit4research\/wp-content\/uploads\/2023\/08\/image-58-768x277.png 768w\" sizes=\"auto, (max-width: 1020px) 100vw, 1020px\" \/><\/figure><\/div>\n\n\n\n<p>Die Lehrbuchsammlung ist in vier Themenbereiche unterteilt, welche aus der Signatur ersichtlich sind:<\/p>\n\n\n\n<p><strong>100 &#8230; Betriebswirtschaftslehre<\/strong><\/p>\n\n\n\n<p><strong>200 &#8230; Volkswirtschaftslehre<\/strong><\/p>\n\n\n\n<p><strong>300 &#8230; Recht<\/strong> <strong>(Hinweis: Juristische Lehrb\u00fccher findest du in der Bibliothek Recht (D3) neben dem Frontdesk.)<\/strong><\/p>\n\n\n\n<p><strong>400 &#8230; Sonstige (z.B.: Sozialwissenschaften, Mathematik, Sprachen etc.)<\/strong><\/p>\n\n\n\n<p>Innerhalb dieser Themenbereiche werden die B\u00fccher \u00fcber den folgenden Teil der Signatur alphabetisch geordnet (BE\/TU steht vor KO\/GM und LA\/RO dahinter).<\/p>\n\n\n\n<p>Die B\u00fccher in der Lehrbuchsammlung sind in Mehrfachexemplaren vorhanden. Nur WU Studierenden k\u00f6nnen die B\u00fccher aus der Lehrbuchsammlung entlehnen, da es sich in den meisten F\u00e4llen um pr\u00fcfungsrelevante Literatur handelt. Die Entlehnfrist betr\u00e4gt sechs Wochen und es d\u00fcrfen f\u00fcnf B\u00fccher gleichzeitig entlehnt werden.<\/p>\n\n\n\n<p>Mehr Infos zur Entlehnung aus der Lehrbuchsammlung gibt es <a href=\"https:\/\/www.wu.ac.at\/bibliothek\/services\/wu-studentinnen\/literatur-fuer-lehrveranstaltungen\/lehrbuchsammlung\" target=\"_blank\" rel=\"noreferrer noopener\">hier<\/a>.<\/p>\n\n\n\n<p class=\"has-blue-background-color has-background\"><strong>Tipp<\/strong>: Viele Lehrb\u00fccher sind online als E-Books verf\u00fcgbar. Beachte, dass du f\u00fcr den Zugriff mit dem WU Netz verbunden sein musst (entweder vor Ort via WU WLAN oder durch <a href=\"https:\/\/www.wu.ac.at\/it\/services\/network\/vpn\/\" data-type=\"link\" data-id=\"https:\/\/www.wu.ac.at\/it\/services\/network\/vpn\/\" target=\"_blank\" rel=\"noreferrer noopener\">VPN-Verbindung<\/a>). N\u00e4here Informationen findest du auf der Seite zum Thema <a href=\"https:\/\/library.wu.ac.at\/bib\/fit4research\/index.php\/fit4research-start\/wu-katalog-google-scholar-co-deine-tools-fuer-die-suche\/wu-katalog\/e-books\/\" data-type=\"link\" data-id=\"https:\/\/library.wu.ac.at\/bib\/fit4research\/index.php\/fit4research-start\/wu-katalog-google-scholar-co-deine-tools-fuer-die-suche\/wu-katalog\/e-books\/\">E-Books<\/a>.<\/p>\n\n\n\n<div class=\"wp-block-group\"><div class=\"wp-block-group__inner-container is-layout-constrained wp-block-group-is-layout-constrained\">\n<div class=\"wp-block-columns is-layout-flex wp-container-core-columns-is-layout-9d6595d7 wp-block-columns-is-layout-flex\">\n<div class=\"wp-block-column is-layout-flow wp-block-column-is-layout-flow\"><\/div>\n\n\n\n<div class=\"wp-block-column is-layout-flow wp-block-column-is-layout-flow\"><\/div>\n<\/div>\n<\/div><\/div>\n","protected":false},"excerpt":{"rendered":"<p>Grundlagenliteratur, einf\u00fchrende Werke und Standardliteratur findest du in der Lehrbuchsammlung. Zus\u00e4tzlich stehen dort die wichtigsten Werke, die f\u00fcr die Studieneingangsphase notwendig sind. Ein gro\u00dfer Teil der Lehrbuchsammlung befindet sich frei zug\u00e4nglich im Bibliothekszentrum (LC) auf Ebene 3. Juristische Lehrb\u00fccher findest du in der Bibliothek Recht (D3) neben dem Frontdesk. So kannst du die Lehrbuchsammlung ganz&hellip; <a class=\"more-link\" href=\"https:\/\/library.wu.ac.at\/bib\/fit4research\/index.php\/fit4research-start\/zugriff-auf-literatur-online-und-vor-ort\/orientierung-in-der-bibliothek-wo-finde-ich-was\/ebene-3-lehrbuchsammlung\/\">Continue reading <span class=\"screen-reader-text\">Ebene 3 Lehrbuchsammlung<\/span><\/a><\/p>\n","protected":false},"author":2,"featured_media":0,"parent":69,"menu_order":4,"comment_status":"closed","ping_status":"closed","template":"","meta":{"footnotes":""},"class_list":["post-81","page","type-page","status-publish","hentry","entry"],"_links":{"self":[{"href":"https:\/\/library.wu.ac.at\/bib\/fit4research\/index.php\/wp-json\/wp\/v2\/pages\/81","targetHints":{"allow":["GET"]}}],"collection":[{"href":"https:\/\/library.wu.ac.at\/bib\/fit4research\/index.php\/wp-json\/wp\/v2\/pages"}],"about":[{"href":"https:\/\/library.wu.ac.at\/bib\/fit4research\/index.php\/wp-json\/wp\/v2\/types\/page"}],"author":[{"embeddable":true,"href":"https:\/\/library.wu.ac.at\/bib\/fit4research\/index.php\/wp-json\/wp\/v2\/users\/2"}],"replies":[{"embeddable":true,"href":"https:\/\/library.wu.ac.at\/bib\/fit4research\/index.php\/wp-json\/wp\/v2\/comments?post=81"}],"version-history":[{"count":18,"href":"https:\/\/library.wu.ac.at\/bib\/fit4research\/index.php\/wp-json\/wp\/v2\/pages\/81\/revisions"}],"predecessor-version":[{"id":5184,"href":"https:\/\/library.wu.ac.at\/bib\/fit4research\/index.php\/wp-json\/wp\/v2\/pages\/81\/revisions\/5184"}],"up":[{"embeddable":true,"href":"https:\/\/library.wu.ac.at\/bib\/fit4research\/index.php\/wp-json\/wp\/v2\/pages\/69"}],"wp:attachment":[{"href":"https:\/\/library.wu.ac.at\/bib\/fit4research\/index.php\/wp-json\/wp\/v2\/media?parent=81"}],"curies":[{"name":"wp","href":"https:\/\/api.w.org\/{rel}","templated":true}]}}