{"id":79,"date":"2023-07-18T15:24:33","date_gmt":"2023-07-18T13:24:33","guid":{"rendered":"https:\/\/library.wu.ac.at\/bib\/fit4research\/?page_id=79"},"modified":"2025-01-31T11:55:29","modified_gmt":"2025-01-31T10:55:29","slug":"ebene-2-2","status":"publish","type":"page","link":"https:\/\/library.wu.ac.at\/bib\/fit4research\/index.php\/fit4research-start\/zugriff-auf-literatur-online-und-vor-ort\/orientierung-in-der-bibliothek-wo-finde-ich-was\/ebene-2-2\/","title":{"rendered":"Ebene 2 Finance Area"},"content":{"rendered":"\n<div class=\"wp-block-media-text has-media-on-the-right is-stacked-on-mobile\" style=\"grid-template-columns:auto 40%\"><div class=\"wp-block-media-text__content\">\n<p>Die <a href=\"https:\/\/www.wu.ac.at\/bibliothek\/recherche\/finance-area\/\" data-type=\"link\" data-id=\"https:\/\/www.wu.ac.at\/bibliothek\/recherche\/datenbanken\/finance-area\/\" target=\"_blank\" rel=\"noreferrer noopener\">Finance Area<\/a> auf Ebene 2 der WU Bibliothek ist deine beste Anlaufstelle bei der Suche nach <a href=\"https:\/\/library.wu.ac.at\/bib\/fit4research\/index.php\/finanzdaten\/\" data-type=\"link\" data-id=\"https:\/\/library.wu.ac.at\/bib\/fit4research\/index.php\/finanzdaten\/\">Finanzdaten<\/a>.<\/p>\n\n\n\n<p>Hier hast du \u00fcber Zugriff auf die Finanzdatenbanken <a href=\"https:\/\/library.wu.ac.at\/bib\/fit4research\/index.php\/bloomberg\/\" data-type=\"link\" data-id=\"https:\/\/library.wu.ac.at\/bib\/fit4research\/index.php\/bloomberg\/\">Bloomberg<\/a> und <a href=\"https:\/\/library.wu.ac.at\/bib\/fit4research\/index.php\/lseg-workspace\/\" data-type=\"link\" data-id=\"https:\/\/library.wu.ac.at\/bib\/fit4research\/index.php\/lseg-workspace\/\">LSEG Workspace<\/a>.<\/p>\n<\/div><figure class=\"wp-block-media-text__media\"><img loading=\"lazy\" decoding=\"async\" width=\"1024\" height=\"768\" src=\"https:\/\/library.wu.ac.at\/bib\/fit4research\/wp-content\/uploads\/2023\/12\/1_Seite-12_Bild-Finance-Area-1024x768.jpg\" alt=\"\" class=\"wp-image-3725 size-full\" srcset=\"https:\/\/library.wu.ac.at\/bib\/fit4research\/wp-content\/uploads\/2023\/12\/1_Seite-12_Bild-Finance-Area-1024x768.jpg 1024w, https:\/\/library.wu.ac.at\/bib\/fit4research\/wp-content\/uploads\/2023\/12\/1_Seite-12_Bild-Finance-Area-300x225.jpg 300w, https:\/\/library.wu.ac.at\/bib\/fit4research\/wp-content\/uploads\/2023\/12\/1_Seite-12_Bild-Finance-Area-768x576.jpg 768w, https:\/\/library.wu.ac.at\/bib\/fit4research\/wp-content\/uploads\/2023\/12\/1_Seite-12_Bild-Finance-Area-1536x1152.jpg 1536w, https:\/\/library.wu.ac.at\/bib\/fit4research\/wp-content\/uploads\/2023\/12\/1_Seite-12_Bild-Finance-Area-2048x1536.jpg 2048w, https:\/\/library.wu.ac.at\/bib\/fit4research\/wp-content\/uploads\/2023\/12\/1_Seite-12_Bild-Finance-Area-1568x1176.jpg 1568w\" sizes=\"auto, (max-width: 1024px) 100vw, 1024px\" \/><\/figure><\/div>\n\n\n\n<p>M\u00f6chtest du diese Terminals nutzen, kannst du sie ganz einfach \u00fcber <a href=\"https:\/\/www.wu.ac.at\/bibliothek\/recherche\/finance-area\/terminal-reservieren\/\" data-type=\"link\" data-id=\"https:\/\/www.wu.ac.at\/bibliothek\/recherche\/finance-area\/terminal-reservieren\/\" target=\"_blank\" rel=\"noreferrer noopener\">das Reservierungssystem auf unserer Webseite<\/a> buchen. Dort findest du auch n\u00e4here Informationen rund um die Buchung.<\/p>\n\n\n\n<p class=\"has-blue-background-color has-background\"><strong>Hinweis<\/strong>: Die Reservierung der Terminals in der Finance Area ist nur f\u00fcr ordentliche WU Studierende und WU Mitarbeiter*innen m\u00f6glich.<\/p>\n\n\n\n<div class=\"wp-block-group\"><div class=\"wp-block-group__inner-container is-layout-constrained wp-block-group-is-layout-constrained\">\n<div class=\"wp-block-columns is-layout-flex wp-container-core-columns-is-layout-9d6595d7 wp-block-columns-is-layout-flex\">\n<div class=\"wp-block-column is-layout-flow wp-block-column-is-layout-flow\"><\/div>\n\n\n\n<div class=\"wp-block-column is-layout-flow wp-block-column-is-layout-flow\"><\/div>\n<\/div>\n<\/div><\/div>\n","protected":false},"excerpt":{"rendered":"<p>Die Finance Area auf Ebene 2 der WU Bibliothek ist deine beste Anlaufstelle bei der Suche nach Finanzdaten. Hier hast du \u00fcber Zugriff auf die Finanzdatenbanken Bloomberg und LSEG Workspace. M\u00f6chtest du diese Terminals nutzen, kannst du sie ganz einfach \u00fcber das Reservierungssystem auf unserer Webseite buchen. Dort findest du auch n\u00e4here Informationen rund um&hellip; <a class=\"more-link\" href=\"https:\/\/library.wu.ac.at\/bib\/fit4research\/index.php\/fit4research-start\/zugriff-auf-literatur-online-und-vor-ort\/orientierung-in-der-bibliothek-wo-finde-ich-was\/ebene-2-2\/\">Continue reading <span class=\"screen-reader-text\">Ebene 2 Finance Area<\/span><\/a><\/p>\n","protected":false},"author":2,"featured_media":0,"parent":69,"menu_order":3,"comment_status":"closed","ping_status":"closed","template":"","meta":{"footnotes":""},"class_list":["post-79","page","type-page","status-publish","hentry","entry"],"_links":{"self":[{"href":"https:\/\/library.wu.ac.at\/bib\/fit4research\/index.php\/wp-json\/wp\/v2\/pages\/79","targetHints":{"allow":["GET"]}}],"collection":[{"href":"https:\/\/library.wu.ac.at\/bib\/fit4research\/index.php\/wp-json\/wp\/v2\/pages"}],"about":[{"href":"https:\/\/library.wu.ac.at\/bib\/fit4research\/index.php\/wp-json\/wp\/v2\/types\/page"}],"author":[{"embeddable":true,"href":"https:\/\/library.wu.ac.at\/bib\/fit4research\/index.php\/wp-json\/wp\/v2\/users\/2"}],"replies":[{"embeddable":true,"href":"https:\/\/library.wu.ac.at\/bib\/fit4research\/index.php\/wp-json\/wp\/v2\/comments?post=79"}],"version-history":[{"count":12,"href":"https:\/\/library.wu.ac.at\/bib\/fit4research\/index.php\/wp-json\/wp\/v2\/pages\/79\/revisions"}],"predecessor-version":[{"id":5124,"href":"https:\/\/library.wu.ac.at\/bib\/fit4research\/index.php\/wp-json\/wp\/v2\/pages\/79\/revisions\/5124"}],"up":[{"embeddable":true,"href":"https:\/\/library.wu.ac.at\/bib\/fit4research\/index.php\/wp-json\/wp\/v2\/pages\/69"}],"wp:attachment":[{"href":"https:\/\/library.wu.ac.at\/bib\/fit4research\/index.php\/wp-json\/wp\/v2\/media?parent=79"}],"curies":[{"name":"wp","href":"https:\/\/api.w.org\/{rel}","templated":true}]}}