{"id":77,"date":"2023-07-18T15:23:41","date_gmt":"2023-07-18T13:23:41","guid":{"rendered":"https:\/\/library.wu.ac.at\/bib\/fit4research\/?page_id=77"},"modified":"2024-09-13T13:55:25","modified_gmt":"2024-09-13T11:55:25","slug":"ebene-1","status":"publish","type":"page","link":"https:\/\/library.wu.ac.at\/bib\/fit4research\/index.php\/fit4research-start\/zugriff-auf-literatur-online-und-vor-ort\/orientierung-in-der-bibliothek-wo-finde-ich-was\/ebene-1\/","title":{"rendered":"Ebene 1 Bibliotheksempfang &amp; Bibliotheksinformation"},"content":{"rendered":"\n<div class=\"wp-block-media-text has-media-on-the-right is-stacked-on-mobile\"><div class=\"wp-block-media-text__content\">\n<p>Auf der Ebene 1 befindet sich der Eingang zum Bibliothekszentrum. Hier bekommt ihr Antworten auf die verschiedensten Fragen:<\/p>\n\n\n\n<p>Am Empfang k\u00f6nnt ihr Fragen rund um eure <a href=\"https:\/\/www.wu.ac.at\/bibliothek\/benuetzung\/entlehnung\/\" data-type=\"link\" data-id=\"https:\/\/www.wu.ac.at\/bibliothek\/benuetzung\/entlehnung\/\" target=\"_blank\" rel=\"noreferrer noopener\">Entlehnungen<\/a> und das <a href=\"https:\/\/www.wu.ac.at\/bibliothek\/benuetzung\/entlehnung\/bibliotheksausweis\/\" data-type=\"link\" data-id=\"https:\/\/www.wu.ac.at\/bibliothek\/benuetzung\/entlehnung\/bibliotheksausweis\/\" target=\"_blank\" rel=\"noreferrer noopener\">Bibliothekskonto<\/a> stellen.<\/p>\n\n\n\n<p>An der <a href=\"https:\/\/www.wu.ac.at\/bibliothek\/beratung\/bibliotheksinformation\/\" target=\"_blank\" rel=\"noreferrer noopener\">Bibliotheksinformation<\/a> k\u00f6nnt ihr Fragen rund um die Suche nach nach B\u00fcchern und Zeitschriften im Bibliotheksbestand stellen. Ihr erhaltet Unterst\u00fctzung bei der Wahl der richtigen <a href=\"https:\/\/www.wu.ac.at\/bibliothek\/recherche\/datenbanken\/\" data-type=\"link\" data-id=\"https:\/\/www.wu.ac.at\/bibliothek\/recherche\/datenbanken\/\" target=\"_blank\" rel=\"noreferrer noopener\">Datenbank<\/a>. Au\u00dferdem bekommt ihr Hilfe bei der Ben\u00fctzung der Universit\u00e4tsbibliothek und erfahrt mehr \u00fcber die Services, die euch zur Verf\u00fcgung stehen.<\/p>\n\n\n\n<p>Auf dieser Ebene findet ihr auch die Abholregale f\u00fcr <a href=\"https:\/\/library.wu.ac.at\/bib\/fit4research\/index.php\/en\/financial-data\/\" data-type=\"link\" data-id=\"https:\/\/library.wu.ac.at\/bib\/fit4research\/index.php\/en\/financial-data\/\" target=\"_blank\" rel=\"noreferrer noopener\">vorgemerkte B\u00fccher<\/a>. Au\u00dferhalb der Bibliothek, rechts vom Bibliotheksempfang, sind der R\u00fcckgabeautomat und die Kassaautomaten.<\/p>\n<\/div><figure class=\"wp-block-media-text__media\"><img loading=\"lazy\" decoding=\"async\" width=\"1024\" height=\"701\" src=\"https:\/\/library.wu.ac.at\/bib\/fit4research\/wp-content\/uploads\/2024\/09\/DSC_2262_cropped-1024x701.jpg\" alt=\"\" class=\"wp-image-5027 size-full\" srcset=\"https:\/\/library.wu.ac.at\/bib\/fit4research\/wp-content\/uploads\/2024\/09\/DSC_2262_cropped-1024x701.jpg 1024w, https:\/\/library.wu.ac.at\/bib\/fit4research\/wp-content\/uploads\/2024\/09\/DSC_2262_cropped-300x205.jpg 300w, https:\/\/library.wu.ac.at\/bib\/fit4research\/wp-content\/uploads\/2024\/09\/DSC_2262_cropped-768x525.jpg 768w, https:\/\/library.wu.ac.at\/bib\/fit4research\/wp-content\/uploads\/2024\/09\/DSC_2262_cropped-1536x1051.jpg 1536w, https:\/\/library.wu.ac.at\/bib\/fit4research\/wp-content\/uploads\/2024\/09\/DSC_2262_cropped-2048x1401.jpg 2048w, https:\/\/library.wu.ac.at\/bib\/fit4research\/wp-content\/uploads\/2024\/09\/DSC_2262_cropped-1568x1073.jpg 1568w\" sizes=\"auto, (max-width: 1024px) 100vw, 1024px\" \/><\/figure><\/div>\n\n\n\n<div class=\"wp-block-group\"><div class=\"wp-block-group__inner-container is-layout-constrained wp-block-group-is-layout-constrained\">\n<div class=\"wp-block-columns is-layout-flex wp-container-core-columns-is-layout-9d6595d7 wp-block-columns-is-layout-flex\">\n<div class=\"wp-block-column is-layout-flow wp-block-column-is-layout-flow\"><\/div>\n\n\n\n<div class=\"wp-block-column is-layout-flow wp-block-column-is-layout-flow\"><\/div>\n<\/div>\n<\/div><\/div>\n","protected":false},"excerpt":{"rendered":"<p>Auf der Ebene 1 befindet sich der Eingang zum Bibliothekszentrum. Hier bekommt ihr Antworten auf die verschiedensten Fragen: Am Empfang k\u00f6nnt ihr Fragen rund um eure Entlehnungen und das Bibliothekskonto stellen. An der Bibliotheksinformation k\u00f6nnt ihr Fragen rund um die Suche nach nach B\u00fcchern und Zeitschriften im Bibliotheksbestand stellen. Ihr erhaltet Unterst\u00fctzung bei der Wahl&hellip; <a class=\"more-link\" href=\"https:\/\/library.wu.ac.at\/bib\/fit4research\/index.php\/fit4research-start\/zugriff-auf-literatur-online-und-vor-ort\/orientierung-in-der-bibliothek-wo-finde-ich-was\/ebene-1\/\">Continue reading <span class=\"screen-reader-text\">Ebene 1 Bibliotheksempfang &amp; Bibliotheksinformation<\/span><\/a><\/p>\n","protected":false},"author":2,"featured_media":0,"parent":69,"menu_order":2,"comment_status":"closed","ping_status":"closed","template":"","meta":{"footnotes":""},"class_list":["post-77","page","type-page","status-publish","hentry","entry"],"_links":{"self":[{"href":"https:\/\/library.wu.ac.at\/bib\/fit4research\/index.php\/wp-json\/wp\/v2\/pages\/77","targetHints":{"allow":["GET"]}}],"collection":[{"href":"https:\/\/library.wu.ac.at\/bib\/fit4research\/index.php\/wp-json\/wp\/v2\/pages"}],"about":[{"href":"https:\/\/library.wu.ac.at\/bib\/fit4research\/index.php\/wp-json\/wp\/v2\/types\/page"}],"author":[{"embeddable":true,"href":"https:\/\/library.wu.ac.at\/bib\/fit4research\/index.php\/wp-json\/wp\/v2\/users\/2"}],"replies":[{"embeddable":true,"href":"https:\/\/library.wu.ac.at\/bib\/fit4research\/index.php\/wp-json\/wp\/v2\/comments?post=77"}],"version-history":[{"count":9,"href":"https:\/\/library.wu.ac.at\/bib\/fit4research\/index.php\/wp-json\/wp\/v2\/pages\/77\/revisions"}],"predecessor-version":[{"id":5034,"href":"https:\/\/library.wu.ac.at\/bib\/fit4research\/index.php\/wp-json\/wp\/v2\/pages\/77\/revisions\/5034"}],"up":[{"embeddable":true,"href":"https:\/\/library.wu.ac.at\/bib\/fit4research\/index.php\/wp-json\/wp\/v2\/pages\/69"}],"wp:attachment":[{"href":"https:\/\/library.wu.ac.at\/bib\/fit4research\/index.php\/wp-json\/wp\/v2\/media?parent=77"}],"curies":[{"name":"wp","href":"https:\/\/api.w.org\/{rel}","templated":true}]}}