{"id":75,"date":"2023-07-18T15:28:00","date_gmt":"2023-07-18T13:28:00","guid":{"rendered":"https:\/\/library.wu.ac.at\/bib\/fit4research\/?page_id=75"},"modified":"2025-06-26T15:11:16","modified_gmt":"2025-06-26T13:11:16","slug":"ebene-2","status":"publish","type":"page","link":"https:\/\/library.wu.ac.at\/bib\/fit4research\/index.php\/fit4research-start\/zugriff-auf-literatur-online-und-vor-ort\/orientierung-in-der-bibliothek-wo-finde-ich-was\/ebene-2\/","title":{"rendered":"Ebene -2 \u00c4ltere Literatur und Zeitschriften, WU Abschlussarbeiten, Nachschlagewerke"},"content":{"rendered":"\n<div class=\"wp-block-media-text is-stacked-on-mobile\"><figure class=\"wp-block-media-text__media\"><img decoding=\"async\" src=\"https:\/\/learn.wu.ac.at\/open\/fit4research\/download\/file\/zs-2\" alt=\"\"\/><\/figure><div class=\"wp-block-media-text__content\">\n<p>B\u00fccher, die vor dem Publikationsjahr 2004 erschienen sind, Nachschlagewerke sowie <a href=\"https:\/\/library.wu.ac.at\/bib\/fit4research\/index.php\/fit4research-start\/wu-katalog-google-scholar-co-deine-tools-fuer-die-suche\/wu-katalog\/wu-abschlussarbeiten\/\" data-type=\"link\" data-id=\"https:\/\/library.wu.ac.at\/bib\/fit4research\/index.php\/fit4research-start\/wu-katalog-google-scholar-co-deine-tools-fuer-die-suche\/wu-katalog\/wu-abschlussarbeiten\/\">Abschlussarbeiten<\/a>, die an der WU entstanden sind (nur Masterarbeiten, Diplomarbeiten und Dissertationen) findest du auf Ebene -2. Auch aktuelle und \u00e4ltere, gebundene Zeitschriften sind auf dieser Ebene zu finden.&nbsp;<\/p>\n<\/div><\/div>\n\n\n\n<div class=\"wp-block-media-text has-media-on-the-right is-stacked-on-mobile\"><div class=\"wp-block-media-text__content\">\n<p>Die Ebene ist in die beiden Bereiche <em>B\u00fccher<\/em> und <em>Zeitschriften<\/em> unterteilt. Der Bestand ist frei zug\u00e4nglich aufgestellt und fortlaufend numerisch (Numerus currens) geordnet. Das hei\u00dft, dass die Dokumente dort durchnummeriert sind, aber nicht thematisch geordnet. Daher solltest du unbedingt im <a href=\"https:\/\/katalog.wu.ac.at\/\" data-type=\"link\" data-id=\"https:\/\/katalog.wu.ac.at\/\" target=\"_blank\" rel=\"noreferrer noopener\">WU Katalog<\/a> die Signatur des gesuchten Dokuments heraussuchen, damit du es im Regal findest. Zeitschriften k\u00f6nnen nicht entlehnt werden. Es stehen Scanner zur Verf\u00fcgung, mit denen einzelne Artikel eingescannt und auf einem USB-Stick abgespeichert oder per E-Mail versandt werden k\u00f6nnen.<\/p>\n<\/div><figure class=\"wp-block-media-text__media\"><img loading=\"lazy\" decoding=\"async\" width=\"1000\" height=\"667\" src=\"https:\/\/library.wu.ac.at\/bib\/fit4research\/wp-content\/uploads\/2023\/09\/scanner.jpg\" alt=\"\" class=\"wp-image-2150 size-full\" srcset=\"https:\/\/library.wu.ac.at\/bib\/fit4research\/wp-content\/uploads\/2023\/09\/scanner.jpg 1000w, https:\/\/library.wu.ac.at\/bib\/fit4research\/wp-content\/uploads\/2023\/09\/scanner-300x200.jpg 300w, https:\/\/library.wu.ac.at\/bib\/fit4research\/wp-content\/uploads\/2023\/09\/scanner-768x512.jpg 768w\" sizes=\"auto, (max-width: 1000px) 100vw, 1000px\" \/><\/figure><\/div>\n\n\n\n<div class=\"wp-block-group\" style=\"padding-top:3em;padding-right:10rem;padding-bottom:3em;padding-left:10rem\"><div class=\"wp-block-group__inner-container is-layout-constrained wp-container-core-group-is-layout-0682ed28 wp-block-group-is-layout-constrained\">\n<hr class=\"wp-block-separator alignwide has-alpha-channel-opacity is-style-wide\"\/>\n<\/div><\/div>\n\n\n\n<h2 class=\"wp-block-heading\" id=\"lost\">Von der Recherche zum Buch: Lost@WU?<\/h2>\n\n\n\n<p>Du ben\u00f6tigst f\u00fcr eine Abschlussarbeit B\u00fccher \u00fcber Detektive und deren Einsatzgebiete. Gem\u00fctlich &#8211; von zu Hause aus &#8211; willst du zuerst eine Vorab-Recherche im <a href=\"https:\/\/katalog.wu.ac.at\" target=\"_blank\" rel=\"noreferrer noopener\">WU Katalog<\/a> durchf\u00fchren.<\/p>\n\n\n\n<div class=\"wp-block-media-text has-media-on-the-right is-stacked-on-mobile\"><div class=\"wp-block-media-text__content\">\n<p>Dabei hast du schlie\u00dflich folgendes Buch entdeckt und m\u00f6chtest es gerne ausleihen:<\/p>\n<\/div><figure class=\"wp-block-media-text__media\"><img loading=\"lazy\" decoding=\"async\" width=\"1024\" height=\"394\" src=\"https:\/\/library.wu.ac.at\/bib\/fit4research\/wp-content\/uploads\/2023\/08\/image-50-1024x394.png\" alt=\"Im WU Katalog ist ein Treffer hervorgehoben, der Titel lautet: \u201eKaufhausdetektive : ein Praxishandbuch f\u00fcr Einsatzleiter und Detektive\u201c.\" class=\"wp-image-697 size-full\" srcset=\"https:\/\/library.wu.ac.at\/bib\/fit4research\/wp-content\/uploads\/2023\/08\/image-50-1024x394.png 1024w, https:\/\/library.wu.ac.at\/bib\/fit4research\/wp-content\/uploads\/2023\/08\/image-50-300x115.png 300w, https:\/\/library.wu.ac.at\/bib\/fit4research\/wp-content\/uploads\/2023\/08\/image-50-768x296.png 768w, https:\/\/library.wu.ac.at\/bib\/fit4research\/wp-content\/uploads\/2023\/08\/image-50-1536x591.png 1536w, https:\/\/library.wu.ac.at\/bib\/fit4research\/wp-content\/uploads\/2023\/08\/image-50-1568x603.png 1568w, https:\/\/library.wu.ac.at\/bib\/fit4research\/wp-content\/uploads\/2023\/08\/image-50.png 1892w\" sizes=\"auto, (max-width: 1024px) 100vw, 1024px\" \/><\/figure><\/div>\n\n\n\n<div class=\"wp-block-media-text has-media-on-the-right is-stacked-on-mobile\"><div class=\"wp-block-media-text__content\">\n<p>Wie du der Standort-Angabe entnehmen kannst, befindet sich dieses Buch im Bibliothekszentrum (Geb\u00e4ude LC) auf Ebene -2 unter <a href=\"https:\/\/library.wu.ac.at\/bib\/fit4research\/index.php\/wu-katalog-google-scholar-co-deine-tools-fuer-die-suche\/wu-katalog\/\" data-type=\"link\" data-id=\"https:\/\/library.wu.ac.at\/bib\/fit4research\/index.php\/wu-katalog-google-scholar-co-deine-tools-fuer-die-suche\/wu-katalog\/\">folgender Signatur<\/a>: 154490-B<\/p>\n<\/div><figure class=\"wp-block-media-text__media\"><img loading=\"lazy\" decoding=\"async\" width=\"1024\" height=\"667\" src=\"https:\/\/library.wu.ac.at\/bib\/fit4research\/wp-content\/uploads\/2023\/08\/image-51-1024x667.png\" alt=\"Detailansicht des zuvor genannten Titels im WU Katalog. Der Standort ist hervorgehoben.\" class=\"wp-image-698 size-full\" srcset=\"https:\/\/library.wu.ac.at\/bib\/fit4research\/wp-content\/uploads\/2023\/08\/image-51-1024x667.png 1024w, https:\/\/library.wu.ac.at\/bib\/fit4research\/wp-content\/uploads\/2023\/08\/image-51-300x195.png 300w, https:\/\/library.wu.ac.at\/bib\/fit4research\/wp-content\/uploads\/2023\/08\/image-51-768x500.png 768w, https:\/\/library.wu.ac.at\/bib\/fit4research\/wp-content\/uploads\/2023\/08\/image-51.png 1159w\" sizes=\"auto, (max-width: 1024px) 100vw, 1024px\" \/><\/figure><\/div>\n\n\n\n<p><strong>ACHTUNG<\/strong>: Das Buch befindet sich im <a href=\"https:\/\/library.wu.ac.at\/bib\/fit4research\/index.php\/zugriff-auf-literatur-online-und-vor-ort\/orientierung-in-der-bibliothek-wo-finde-ich-was\/ueberblick-und-lageplaene#untergeschoss\" data-type=\"link\" data-id=\"https:\/\/library.wu.ac.at\/bib\/fit4research\/index.php\/zugriff-auf-literatur-online-und-vor-ort\/orientierung-in-der-bibliothek-wo-finde-ich-was\/ueberblick-und-lageplaene\/\">Untergeschoss auf Ebene -2<\/a> und nicht auf Ebene 2 (2. Stock)!<\/p>\n\n\n\n<p><br>Wie der Weg vom Eingang des Geb\u00e4udes LC bis zum Regal aussieht, kannst du dir in der Tour Eingang ins Bibliothekszentrum und Ebene -2 anschauen.<\/p>\n\n\n<div class=\"h5p-iframe-wrapper\"><iframe id=\"h5p-iframe-25\" class=\"h5p-iframe\" data-content-id=\"25\" style=\"height:1px\" src=\"about:blank\" frameBorder=\"0\" scrolling=\"no\" title=\"Tour Empfang und Ebene -2 [DE]\"><\/iframe><\/div>\n\n\n\n<div class=\"wp-block-group\"><div class=\"wp-block-group__inner-container is-layout-constrained wp-block-group-is-layout-constrained\">\n<div class=\"wp-block-columns is-layout-flex wp-container-core-columns-is-layout-9d6595d7 wp-block-columns-is-layout-flex\">\n<div class=\"wp-block-column is-layout-flow wp-block-column-is-layout-flow\"><\/div>\n\n\n\n<div class=\"wp-block-column is-layout-flow wp-block-column-is-layout-flow\"><\/div>\n<\/div>\n<\/div><\/div>\n","protected":false},"excerpt":{"rendered":"<p>B\u00fccher, die vor dem Publikationsjahr 2004 erschienen sind, Nachschlagewerke sowie Abschlussarbeiten, die an der WU entstanden sind (nur Masterarbeiten, Diplomarbeiten und Dissertationen) findest du auf Ebene -2. Auch aktuelle und \u00e4ltere, gebundene Zeitschriften sind auf dieser Ebene zu finden.&nbsp; Die Ebene ist in die beiden Bereiche B\u00fccher und Zeitschriften unterteilt. Der Bestand ist frei zug\u00e4nglich&hellip; <a class=\"more-link\" href=\"https:\/\/library.wu.ac.at\/bib\/fit4research\/index.php\/fit4research-start\/zugriff-auf-literatur-online-und-vor-ort\/orientierung-in-der-bibliothek-wo-finde-ich-was\/ebene-2\/\">Continue reading <span class=\"screen-reader-text\">Ebene -2 \u00c4ltere Literatur und Zeitschriften, WU Abschlussarbeiten, Nachschlagewerke<\/span><\/a><\/p>\n","protected":false},"author":2,"featured_media":0,"parent":69,"menu_order":7,"comment_status":"closed","ping_status":"closed","template":"","meta":{"footnotes":""},"class_list":["post-75","page","type-page","status-publish","hentry","entry"],"_links":{"self":[{"href":"https:\/\/library.wu.ac.at\/bib\/fit4research\/index.php\/wp-json\/wp\/v2\/pages\/75","targetHints":{"allow":["GET"]}}],"collection":[{"href":"https:\/\/library.wu.ac.at\/bib\/fit4research\/index.php\/wp-json\/wp\/v2\/pages"}],"about":[{"href":"https:\/\/library.wu.ac.at\/bib\/fit4research\/index.php\/wp-json\/wp\/v2\/types\/page"}],"author":[{"embeddable":true,"href":"https:\/\/library.wu.ac.at\/bib\/fit4research\/index.php\/wp-json\/wp\/v2\/users\/2"}],"replies":[{"embeddable":true,"href":"https:\/\/library.wu.ac.at\/bib\/fit4research\/index.php\/wp-json\/wp\/v2\/comments?post=75"}],"version-history":[{"count":31,"href":"https:\/\/library.wu.ac.at\/bib\/fit4research\/index.php\/wp-json\/wp\/v2\/pages\/75\/revisions"}],"predecessor-version":[{"id":5609,"href":"https:\/\/library.wu.ac.at\/bib\/fit4research\/index.php\/wp-json\/wp\/v2\/pages\/75\/revisions\/5609"}],"up":[{"embeddable":true,"href":"https:\/\/library.wu.ac.at\/bib\/fit4research\/index.php\/wp-json\/wp\/v2\/pages\/69"}],"wp:attachment":[{"href":"https:\/\/library.wu.ac.at\/bib\/fit4research\/index.php\/wp-json\/wp\/v2\/media?parent=75"}],"curies":[{"name":"wp","href":"https:\/\/api.w.org\/{rel}","templated":true}]}}