{"id":73,"date":"2023-07-18T15:22:34","date_gmt":"2023-07-18T13:22:34","guid":{"rendered":"https:\/\/library.wu.ac.at\/bib\/fit4research\/?page_id=73"},"modified":"2024-09-13T13:58:10","modified_gmt":"2024-09-13T11:58:10","slug":"360-tour","status":"publish","type":"page","link":"https:\/\/library.wu.ac.at\/bib\/fit4research\/index.php\/fit4research-start\/zugriff-auf-literatur-online-und-vor-ort\/orientierung-in-der-bibliothek-wo-finde-ich-was\/360-tour\/","title":{"rendered":"360\u00b0 Tour"},"content":{"rendered":"\n<p>F\u00fcr unterschiedliche Bereiche des Bibliothekszentrums (LC) stehen 360\u00b0-F\u00fchrungen zur Verf\u00fcgung. Entdecke das Geb\u00e4ude und die zur Verf\u00fcgung stehenden Services damit! Neben den <a href=\"#tour\" data-type=\"internal\" data-id=\"#tour\">Rundg\u00e4ngen<\/a> gibt es auch einen konkreten Recherche-Fall zu l\u00f6sen. Du findest ihn hier: <a href=\"https:\/\/library.wu.ac.at\/bib\/fit4research\/index.php\/fit4research-start\/zugriff-auf-literatur-online-und-vor-ort\/orientierung-in-der-bibliothek-wo-finde-ich-was\/ebene-2#lost\" data-type=\"page\" data-id=\"75\">Von der Recherche zum Buch: Lost@WU?<\/a><\/p>\n\n\n\n<p class=\"has-blue-background-color has-background\"><strong>Tipp<\/strong>: F\u00fcr eine bessere Ansicht kann die Tour durch einen Klick rechts oben im Fenster auf die Vollbildansicht erweitert werden.<\/p>\n\n\n\n<h3 class=\"wp-block-heading\" id=\"eingang\">Eingang ins Bibliothekszentrum und Ebene -2<\/h3>\n\n\n\n<div class=\"wp-block-columns is-layout-flex wp-container-core-columns-is-layout-9d6595d7 wp-block-columns-is-layout-flex\">\n<div class=\"wp-block-column is-layout-flow wp-block-column-is-layout-flow\">\n<p>Hier kannst du den <a href=\"https:\/\/library.wu.ac.at\/bib\/fit4research\/index.php\/fit4research-start\/zugriff-auf-literatur-online-und-vor-ort\/orientierung-in-der-bibliothek-wo-finde-ich-was\/ebene-1\/\" data-type=\"link\" data-id=\"https:\/\/library.wu.ac.at\/bib\/fit4research\/index.php\/fit4research-start\/zugriff-auf-literatur-online-und-vor-ort\/orientierung-in-der-bibliothek-wo-finde-ich-was\/ebene-1\/\">Eingangsbereich<\/a> des Bibliothekszentrums und die <a href=\"https:\/\/library.wu.ac.at\/bib\/fit4research\/index.php\/fit4research-start\/zugriff-auf-literatur-online-und-vor-ort\/orientierung-in-der-bibliothek-wo-finde-ich-was\/ebene-2\/\" data-type=\"link\" data-id=\"https:\/\/library.wu.ac.at\/bib\/fit4research\/index.php\/fit4research-start\/zugriff-auf-literatur-online-und-vor-ort\/orientierung-in-der-bibliothek-wo-finde-ich-was\/ebene-2\/\">Ebene -2<\/a> im Untergeschoss sowie die dazugeh\u00f6rigen Services erkunden.<\/p>\n\n\n\n<p>Ein Beispiel aus der Praxis: <a href=\"https:\/\/library.wu.ac.at\/bib\/fit4research\/index.php\/fit4research-start\/zugriff-auf-literatur-online-und-vor-ort\/orientierung-in-der-bibliothek-wo-finde-ich-was\/ebene-2#lost\" data-type=\"page\" data-id=\"75\">Dieser Recherchefall<\/a> bringt dich auf Ebene -2.<\/p>\n<\/div>\n\n\n\n<div class=\"wp-block-column is-layout-flow wp-block-column-is-layout-flow\"><div class=\"h5p-iframe-wrapper\"><iframe id=\"h5p-iframe-25\" class=\"h5p-iframe\" data-content-id=\"25\" style=\"height:1px\" src=\"about:blank\" frameBorder=\"0\" scrolling=\"no\" title=\"Tour Empfang und Ebene -2 [DE]\"><\/iframe><\/div>\n<\/div>\n<\/div>\n\n\n\n<h3 class=\"wp-block-heading\" id=\"ebene4\">Ebene 4: Kommunikative Zone und Newslounge<\/h3>\n\n\n\n<div class=\"wp-block-columns is-layout-flex wp-container-core-columns-is-layout-9d6595d7 wp-block-columns-is-layout-flex\">\n<div class=\"wp-block-column is-layout-flow wp-block-column-is-layout-flow\">\n<p>Die <a href=\"https:\/\/library.wu.ac.at\/bib\/fit4research\/index.php\/fit4research-start\/zugriff-auf-literatur-online-und-vor-ort\/orientierung-in-der-bibliothek-wo-finde-ich-was\/ebene-4\/\" data-type=\"link\" data-id=\"https:\/\/library.wu.ac.at\/bib\/fit4research\/index.php\/fit4research-start\/zugriff-auf-literatur-online-und-vor-ort\/orientierung-in-der-bibliothek-wo-finde-ich-was\/ebene-4\/\">Ebene 4<\/a> des Bibliothekszentrums bietet den Benutzer*innen einen Ort, um sich miteinander auszutauschen oder Gruppenarbeiten zu machen. Dort befindet sich auch die Newslounge, in der aktuelle Ausgaben von Zeitungen und Magazinen aufliegen.<\/p>\n<\/div>\n\n\n\n<div class=\"wp-block-column is-layout-flow wp-block-column-is-layout-flow\"><div class=\"h5p-iframe-wrapper\"><iframe id=\"h5p-iframe-26\" class=\"h5p-iframe\" data-content-id=\"26\" style=\"height:1px\" src=\"about:blank\" frameBorder=\"0\" scrolling=\"no\" title=\"Tour Ebene 4 [DE]\"><\/iframe><\/div>\n<\/div>\n<\/div>\n\n\n\n<div class=\"wp-block-group\"><div class=\"wp-block-group__inner-container is-layout-constrained wp-block-group-is-layout-constrained\">\n<div class=\"wp-block-columns is-layout-flex wp-container-core-columns-is-layout-9d6595d7 wp-block-columns-is-layout-flex\">\n<div class=\"wp-block-column is-layout-flow wp-block-column-is-layout-flow\"><\/div>\n\n\n\n<div class=\"wp-block-column is-layout-flow wp-block-column-is-layout-flow\"><\/div>\n<\/div>\n<\/div><\/div>\n","protected":false},"excerpt":{"rendered":"<p>F\u00fcr unterschiedliche Bereiche des Bibliothekszentrums (LC) stehen 360\u00b0-F\u00fchrungen zur Verf\u00fcgung. Entdecke das Geb\u00e4ude und die zur Verf\u00fcgung stehenden Services damit! Neben den Rundg\u00e4ngen gibt es auch einen konkreten Recherche-Fall zu l\u00f6sen. Du findest ihn hier: Von der Recherche zum Buch: Lost@WU? Tipp: F\u00fcr eine bessere Ansicht kann die Tour durch einen Klick rechts oben im&hellip; <a class=\"more-link\" href=\"https:\/\/library.wu.ac.at\/bib\/fit4research\/index.php\/fit4research-start\/zugriff-auf-literatur-online-und-vor-ort\/orientierung-in-der-bibliothek-wo-finde-ich-was\/360-tour\/\">Continue reading <span class=\"screen-reader-text\">360\u00b0 Tour<\/span><\/a><\/p>\n","protected":false},"author":2,"featured_media":0,"parent":69,"menu_order":1,"comment_status":"closed","ping_status":"closed","template":"","meta":{"footnotes":""},"class_list":["post-73","page","type-page","status-publish","hentry","entry"],"_links":{"self":[{"href":"https:\/\/library.wu.ac.at\/bib\/fit4research\/index.php\/wp-json\/wp\/v2\/pages\/73","targetHints":{"allow":["GET"]}}],"collection":[{"href":"https:\/\/library.wu.ac.at\/bib\/fit4research\/index.php\/wp-json\/wp\/v2\/pages"}],"about":[{"href":"https:\/\/library.wu.ac.at\/bib\/fit4research\/index.php\/wp-json\/wp\/v2\/types\/page"}],"author":[{"embeddable":true,"href":"https:\/\/library.wu.ac.at\/bib\/fit4research\/index.php\/wp-json\/wp\/v2\/users\/2"}],"replies":[{"embeddable":true,"href":"https:\/\/library.wu.ac.at\/bib\/fit4research\/index.php\/wp-json\/wp\/v2\/comments?post=73"}],"version-history":[{"count":33,"href":"https:\/\/library.wu.ac.at\/bib\/fit4research\/index.php\/wp-json\/wp\/v2\/pages\/73\/revisions"}],"predecessor-version":[{"id":5035,"href":"https:\/\/library.wu.ac.at\/bib\/fit4research\/index.php\/wp-json\/wp\/v2\/pages\/73\/revisions\/5035"}],"up":[{"embeddable":true,"href":"https:\/\/library.wu.ac.at\/bib\/fit4research\/index.php\/wp-json\/wp\/v2\/pages\/69"}],"wp:attachment":[{"href":"https:\/\/library.wu.ac.at\/bib\/fit4research\/index.php\/wp-json\/wp\/v2\/media?parent=73"}],"curies":[{"name":"wp","href":"https:\/\/api.w.org\/{rel}","templated":true}]}}