{"id":67,"date":"2023-07-18T15:20:09","date_gmt":"2023-07-18T13:20:09","guid":{"rendered":"https:\/\/library.wu.ac.at\/bib\/fit4research\/?page_id=67"},"modified":"2024-01-12T13:49:19","modified_gmt":"2024-01-12T12:49:19","slug":"zugriff-auf-literatur-online-und-vor-ort","status":"publish","type":"page","link":"https:\/\/library.wu.ac.at\/bib\/fit4research\/index.php\/fit4research-start\/zugriff-auf-literatur-online-und-vor-ort\/","title":{"rendered":"Zugriff auf Literatur"},"content":{"rendered":"\n<h2 class=\"wp-block-heading\">&#8211; online und vor Ort<\/h2>\n\n\n\n<div class=\"wp-block-media-text is-stacked-on-mobile\"><figure class=\"wp-block-media-text__media\"><img loading=\"lazy\" decoding=\"async\" width=\"1024\" height=\"683\" src=\"https:\/\/library.wu.ac.at\/bib\/fit4research\/wp-content\/uploads\/2023\/08\/image-27-1024x683.png\" alt=\"Personen, die im WU Bibliothekszentrum an Tischen sitzen.\" class=\"wp-image-623 size-full\" srcset=\"https:\/\/library.wu.ac.at\/bib\/fit4research\/wp-content\/uploads\/2023\/08\/image-27-1024x683.png 1024w, https:\/\/library.wu.ac.at\/bib\/fit4research\/wp-content\/uploads\/2023\/08\/image-27-300x200.png 300w, https:\/\/library.wu.ac.at\/bib\/fit4research\/wp-content\/uploads\/2023\/08\/image-27-768x512.png 768w, https:\/\/library.wu.ac.at\/bib\/fit4research\/wp-content\/uploads\/2023\/08\/image-27-1536x1024.png 1536w, https:\/\/library.wu.ac.at\/bib\/fit4research\/wp-content\/uploads\/2023\/08\/image-27-2048x1365.png 2048w, https:\/\/library.wu.ac.at\/bib\/fit4research\/wp-content\/uploads\/2023\/08\/image-27-1568x1045.png 1568w\" sizes=\"auto, (max-width: 1024px) 100vw, 1024px\" \/><\/figure><div class=\"wp-block-media-text__content\">\n<p>Du hast erfolgreich recherchiert und passende Literatur f\u00fcr deine Arbeit gefunden? Wie erh\u00e4ltst du nun Zugang zu den gew\u00fcnschten Quellen und Daten? Wo findest du was in der Bibliothek?<\/p>\n\n\n\n<p>In den folgenden Abschnitten zeigen wir dir wie du vom Treffer in der Ergebnisliste zum Buch in deiner Hand kommst. Entdecke, wie du dich in den&nbsp;<a href=\"https:\/\/library.wu.ac.at\/bib\/fit4research\/index.php\/zugriff-auf-literatur-online-und-vor-ort\/orientierung-in-der-bibliothek-wo-finde-ich-was\/\" data-type=\"page\" data-id=\"69\">R\u00e4umlichkeiten der Bibliothek<\/a>&nbsp;zurechtfindest und gezielt die gew\u00fcnschte Literatur ansteuern kannst. Wir erkl\u00e4ren dir auch, wie du auf unsere umfangreiche Sammlung von&nbsp;<a href=\"https:\/\/library.wu.ac.at\/bib\/fit4research\/index.php\/zugriff-auf-literatur-online-und-vor-ort\/zugang-zu-e-ressourcen-der-bibliothek\/\" data-type=\"page\" data-id=\"88\">E-Ressourcen<\/a>&nbsp;zugreifen kannst. Und selbst wenn eine Quelle einmal nicht direkt verf\u00fcgbar ist, gibt es Wege, auf denen die Bibliothek bei der&nbsp;<a href=\"https:\/\/library.wu.ac.at\/bib\/fit4research\/index.php\/zugriff-auf-literatur-online-und-vor-ort\/beschaffung-nicht-verfuegbarer-literatur\/\" data-type=\"page\" data-id=\"92\">Literaturbeschaffung<\/a> helfen kann.<\/p>\n<\/div><\/div>\n\n\n\n<div class=\"wp-block-group\" style=\"padding-top:3em;padding-right:10rem;padding-bottom:3em;padding-left:10rem\"><div class=\"wp-block-group__inner-container is-layout-constrained wp-container-core-group-is-layout-0682ed28 wp-block-group-is-layout-constrained\">\n<hr class=\"wp-block-separator alignwide has-alpha-channel-opacity is-style-wide\"\/>\n<\/div><\/div>\n\n\n\n<h2 class=\"wp-block-heading\">Quiz<\/h2>\n\n\n\n<p>Teste dein Wissen zum Kapitel <em>Zugriff auf Literatur<\/em> mit diesem Quiz!<\/p>\n\n\n<div class=\"h5p-iframe-wrapper\"><iframe id=\"h5p-iframe-13\" class=\"h5p-iframe\" data-content-id=\"13\" style=\"height:1px\" src=\"about:blank\" frameBorder=\"0\" scrolling=\"no\" title=\"Quiz Zugriff auf Literatur\"><\/iframe><\/div>\n\n\n\n<div class=\"wp-block-group\"><div class=\"wp-block-group__inner-container is-layout-constrained wp-block-group-is-layout-constrained\">\n<div class=\"wp-block-columns is-layout-flex wp-container-core-columns-is-layout-9d6595d7 wp-block-columns-is-layout-flex\">\n<div class=\"wp-block-column is-layout-flow wp-block-column-is-layout-flow\"><\/div>\n\n\n\n<div class=\"wp-block-column is-layout-flow wp-block-column-is-layout-flow\"><\/div>\n<\/div>\n<\/div><\/div>\n","protected":false},"excerpt":{"rendered":"<p>&#8211; online und vor Ort Du hast erfolgreich recherchiert und passende Literatur f\u00fcr deine Arbeit gefunden? Wie erh\u00e4ltst du nun Zugang zu den gew\u00fcnschten Quellen und Daten? Wo findest du was in der Bibliothek? In den folgenden Abschnitten zeigen wir dir wie du vom Treffer in der Ergebnisliste zum Buch in deiner Hand kommst. Entdecke,&hellip; <a class=\"more-link\" href=\"https:\/\/library.wu.ac.at\/bib\/fit4research\/index.php\/fit4research-start\/zugriff-auf-literatur-online-und-vor-ort\/\">Continue reading <span class=\"screen-reader-text\">Zugriff auf Literatur<\/span><\/a><\/p>\n","protected":false},"author":2,"featured_media":0,"parent":10,"menu_order":2,"comment_status":"closed","ping_status":"closed","template":"","meta":{"footnotes":""},"class_list":["post-67","page","type-page","status-publish","hentry","entry"],"_links":{"self":[{"href":"https:\/\/library.wu.ac.at\/bib\/fit4research\/index.php\/wp-json\/wp\/v2\/pages\/67","targetHints":{"allow":["GET"]}}],"collection":[{"href":"https:\/\/library.wu.ac.at\/bib\/fit4research\/index.php\/wp-json\/wp\/v2\/pages"}],"about":[{"href":"https:\/\/library.wu.ac.at\/bib\/fit4research\/index.php\/wp-json\/wp\/v2\/types\/page"}],"author":[{"embeddable":true,"href":"https:\/\/library.wu.ac.at\/bib\/fit4research\/index.php\/wp-json\/wp\/v2\/users\/2"}],"replies":[{"embeddable":true,"href":"https:\/\/library.wu.ac.at\/bib\/fit4research\/index.php\/wp-json\/wp\/v2\/comments?post=67"}],"version-history":[{"count":12,"href":"https:\/\/library.wu.ac.at\/bib\/fit4research\/index.php\/wp-json\/wp\/v2\/pages\/67\/revisions"}],"predecessor-version":[{"id":4068,"href":"https:\/\/library.wu.ac.at\/bib\/fit4research\/index.php\/wp-json\/wp\/v2\/pages\/67\/revisions\/4068"}],"up":[{"embeddable":true,"href":"https:\/\/library.wu.ac.at\/bib\/fit4research\/index.php\/wp-json\/wp\/v2\/pages\/10"}],"wp:attachment":[{"href":"https:\/\/library.wu.ac.at\/bib\/fit4research\/index.php\/wp-json\/wp\/v2\/media?parent=67"}],"curies":[{"name":"wp","href":"https:\/\/api.w.org\/{rel}","templated":true}]}}