{"id":61,"date":"2023-07-18T15:00:00","date_gmt":"2023-07-18T13:00:00","guid":{"rendered":"https:\/\/library.wu.ac.at\/bib\/fit4research\/?page_id=61"},"modified":"2023-11-07T16:07:50","modified_gmt":"2023-11-07T15:07:50","slug":"wissenschaftliche-suchmaschinen","status":"publish","type":"page","link":"https:\/\/library.wu.ac.at\/bib\/fit4research\/index.php\/fit4research-start\/wu-katalog-google-scholar-co-deine-tools-fuer-die-suche\/internet\/wissenschaftliche-suchmaschinen\/","title":{"rendered":"Wissenschaftliche Suchmaschinen"},"content":{"rendered":"\n<p>Diese Spezialsuchmaschinen verzeichnen nur einen ausgew\u00e4hlten Teil des Internets: Sie konzentrieren sich auf wissenschaftliche Dokumente, welche du f\u00fcr dein Studium haupts\u00e4chlich brauchst. Mit ihnen findest du viele Dokumente, die du mit allgemeinen Suchmaschinen (z.B. Google) nicht finden kannst. Daher eignen sie sich ausgezeichnet zur <a href=\"https:\/\/library.wu.ac.at\/bib\/fit4research\/index.php\/fit4research-start\/wie-finde-ich\/literatur-zu-einem-thema\/\" data-type=\"link\" data-id=\"https:\/\/library.wu.ac.at\/bib\/fit4research\/index.php\/fit4research-start\/wie-finde-ich\/literatur-zu-einem-thema\/\">thematischen Recherche<\/a> f\u00fcr deine Seminar- oder Abschlussarbeit.<\/p>\n\n\n\n<p><strong>Bedeutende Wissenschaftssuchmaschinen sind<\/strong>:<\/p>\n\n\n\n<ul class=\"wp-block-list\">\n<li><a rel=\"noreferrer noopener\" href=\"http:\/\/www.econbiz.de\/\" target=\"_blank\">EconBiz<\/a><br>Ist die Suchmaschine f\u00fcr die Wirtschaftswissenschaften von der deutschen Zentralbibliothek f\u00fcr Wirtschaftswissenschaften (ZBW). Du findest darin gepr\u00fcfte VWL- und BWL-Literatur. Das sind zum Beispiel Zeitschriftenaufs\u00e4tze und Aufs\u00e4tze aus B\u00fcchern sowie frei zug\u00e4ngliche Volltexte.<\/li>\n\n\n\n<li><a rel=\"noreferrer noopener\" href=\"http:\/\/www.base-search.net\/index.php?i=a\" target=\"_blank\">BASE Bielefeld Academic Search Engine<\/a><br>Diese Suchmaschine verzeichnet wissenschaftliche Dokumente aus vielen Fachrichtungen, von denen etwa 60% als Open Access verf\u00fcgbar sind. Sie verbindet unterschiedliche Verzeichnisse (Repositories) und macht ihre Inhalte unter einer Oberfl\u00e4che suchbar.<\/li>\n\n\n\n<li><a rel=\"noreferrer noopener\" href=\"http:\/\/scholar.google.at\/advanced_scholar_search?hl=de&amp;lr=\" target=\"_blank\">Google Scholar<\/a><br>Googles Suchmaschine f\u00fcr wissenschaftliche Dokumente. Aufgrund der gro\u00dfen Beliebtheit wird dieses Tool auf <a href=\"https:\/\/library.wu.ac.at\/bib\/fit4research\/index.php\/wu-katalog-google-scholar-co-deine-tools-fuer-die-suche\/internet\/google-scholar\/\" data-type=\"page\" data-id=\"59\">einer eigenen Seite<\/a> vorgestellt.<\/li>\n<\/ul>\n\n\n\n<div class=\"wp-block-group\"><div class=\"wp-block-group__inner-container is-layout-constrained wp-block-group-is-layout-constrained\">\n<div class=\"wp-block-columns is-layout-flex wp-container-core-columns-is-layout-9d6595d7 wp-block-columns-is-layout-flex\">\n<div class=\"wp-block-column is-layout-flow wp-block-column-is-layout-flow\"><\/div>\n\n\n\n<div class=\"wp-block-column is-layout-flow wp-block-column-is-layout-flow\"><\/div>\n<\/div>\n<\/div><\/div>\n","protected":false},"excerpt":{"rendered":"<p>Diese Spezialsuchmaschinen verzeichnen nur einen ausgew\u00e4hlten Teil des Internets: Sie konzentrieren sich auf wissenschaftliche Dokumente, welche du f\u00fcr dein Studium haupts\u00e4chlich brauchst. Mit ihnen findest du viele Dokumente, die du mit allgemeinen Suchmaschinen (z.B. Google) nicht finden kannst. Daher eignen sie sich ausgezeichnet zur thematischen Recherche f\u00fcr deine Seminar- oder Abschlussarbeit. Bedeutende Wissenschaftssuchmaschinen sind:<\/p>\n","protected":false},"author":2,"featured_media":0,"parent":54,"menu_order":2,"comment_status":"closed","ping_status":"closed","template":"","meta":{"footnotes":""},"class_list":["post-61","page","type-page","status-publish","hentry","entry"],"_links":{"self":[{"href":"https:\/\/library.wu.ac.at\/bib\/fit4research\/index.php\/wp-json\/wp\/v2\/pages\/61","targetHints":{"allow":["GET"]}}],"collection":[{"href":"https:\/\/library.wu.ac.at\/bib\/fit4research\/index.php\/wp-json\/wp\/v2\/pages"}],"about":[{"href":"https:\/\/library.wu.ac.at\/bib\/fit4research\/index.php\/wp-json\/wp\/v2\/types\/page"}],"author":[{"embeddable":true,"href":"https:\/\/library.wu.ac.at\/bib\/fit4research\/index.php\/wp-json\/wp\/v2\/users\/2"}],"replies":[{"embeddable":true,"href":"https:\/\/library.wu.ac.at\/bib\/fit4research\/index.php\/wp-json\/wp\/v2\/comments?post=61"}],"version-history":[{"count":7,"href":"https:\/\/library.wu.ac.at\/bib\/fit4research\/index.php\/wp-json\/wp\/v2\/pages\/61\/revisions"}],"predecessor-version":[{"id":3353,"href":"https:\/\/library.wu.ac.at\/bib\/fit4research\/index.php\/wp-json\/wp\/v2\/pages\/61\/revisions\/3353"}],"up":[{"embeddable":true,"href":"https:\/\/library.wu.ac.at\/bib\/fit4research\/index.php\/wp-json\/wp\/v2\/pages\/54"}],"wp:attachment":[{"href":"https:\/\/library.wu.ac.at\/bib\/fit4research\/index.php\/wp-json\/wp\/v2\/media?parent=61"}],"curies":[{"name":"wp","href":"https:\/\/api.w.org\/{rel}","templated":true}]}}