{"id":5215,"date":"2023-07-20T13:00:00","date_gmt":"2023-07-20T11:00:00","guid":{"rendered":"https:\/\/library.wu.ac.at\/bib\/fit4research\/?page_id=5215"},"modified":"2025-04-30T16:05:39","modified_gmt":"2025-04-30T14:05:39","slug":"kurse","status":"publish","type":"page","link":"https:\/\/library.wu.ac.at\/bib\/fit4research\/index.php\/juristische-recherche\/kurse\/","title":{"rendered":"Kurse"},"content":{"rendered":"\n<div class=\"wp-block-media-text has-media-on-the-right is-stacked-on-mobile\" style=\"grid-template-columns:auto 44%\"><div class=\"wp-block-media-text__content\">\n<p>Du hast noch Fragen rund um Recherche, Rechtsdatenbanken oder zur Nutzung der Bibliothek Recht (D3)? Das Team der Bibliothek unterst\u00fctzt dich dabei gerne! Wir veranstalten Kurse zur juristischen Recherche (vor allem in den Datenbanken) und zur Verwendung von <a href=\"https:\/\/library.wu.ac.at\/bib\/fit4research\/index.php\/fit4research-start\/literatur-zitieren-verwalten\/programme\/\" data-type=\"link\" data-id=\"https:\/\/library.wu.ac.at\/bib\/fit4research\/index.php\/fit4research-start\/literatur-zitieren-verwalten\/programme\/\">Literaturverwaltungsprogrammen<\/a> (wie <a href=\"https:\/\/library.wu.ac.at\/bib\/fit4research\/index.php\/fit4research-start\/literatur-zitieren-verwalten\/programme\/juris-m\/\" data-type=\"link\" data-id=\"https:\/\/library.wu.ac.at\/bib\/fit4research\/index.php\/fit4research-start\/literatur-zitieren-verwalten\/programme\/juris-m\/\">Jurism<\/a>). Die aktuellen Kurstermine kannst du jederzeit <a href=\"https:\/\/www.wu.ac.at\/bibliothek\/beratung\/kurse\" data-type=\"link\" data-id=\"https:\/\/www.wu.ac.at\/bibliothek\/beratung\/kurse\" target=\"_blank\" rel=\"noreferrer noopener\">auf unserer Webseite<\/a> einsehen.<\/p>\n\n\n\n<p>Dar\u00fcber hinaus bieten wir auch individuelle Rechercheberatungen an, wenn du Unterst\u00fctzung bei konkreten, komplexen Recherchefragen ben\u00f6tigst. <a href=\"mailto:bibliothek@wu.ac.at\" data-type=\"mailto\" data-id=\"mailto:bibliothek@wu.ac.at\">Schreib uns dazu einfach eine Mail mit deinen Anliegen<\/a>.<\/p>\n<\/div><figure class=\"wp-block-media-text__media\"><img loading=\"lazy\" decoding=\"async\" width=\"992\" height=\"1024\" src=\"https:\/\/library.wu.ac.at\/bib\/fit4research\/wp-content\/uploads\/2025\/04\/DSC_1944-3_cropped-992x1024.jpg\" alt=\"\" class=\"wp-image-5425 size-full\" srcset=\"https:\/\/library.wu.ac.at\/bib\/fit4research\/wp-content\/uploads\/2025\/04\/DSC_1944-3_cropped-992x1024.jpg 992w, https:\/\/library.wu.ac.at\/bib\/fit4research\/wp-content\/uploads\/2025\/04\/DSC_1944-3_cropped-291x300.jpg 291w, https:\/\/library.wu.ac.at\/bib\/fit4research\/wp-content\/uploads\/2025\/04\/DSC_1944-3_cropped-768x793.jpg 768w, https:\/\/library.wu.ac.at\/bib\/fit4research\/wp-content\/uploads\/2025\/04\/DSC_1944-3_cropped.jpg 1285w\" sizes=\"auto, (max-width: 992px) 100vw, 992px\" \/><\/figure><\/div>\n\n\n\n<div class=\"wp-block-group\"><div class=\"wp-block-group__inner-container is-layout-constrained wp-block-group-is-layout-constrained\">\n<div class=\"wp-block-group\"><div class=\"wp-block-group__inner-container is-layout-constrained wp-block-group-is-layout-constrained\">\n<div class=\"wp-block-columns is-layout-flex wp-container-core-columns-is-layout-9d6595d7 wp-block-columns-is-layout-flex\">\n<div class=\"wp-block-column is-layout-flow wp-block-column-is-layout-flow\"><\/div>\n\n\n\n<div class=\"wp-block-column is-layout-flow wp-block-column-is-layout-flow\"><\/div>\n<\/div>\n<\/div><\/div>\n<\/div><\/div>\n","protected":false},"excerpt":{"rendered":"<p>Du hast noch Fragen rund um Recherche, Rechtsdatenbanken oder zur Nutzung der Bibliothek Recht (D3)? Das Team der Bibliothek unterst\u00fctzt dich dabei gerne! Wir veranstalten Kurse zur juristischen Recherche (vor allem in den Datenbanken) und zur Verwendung von Literaturverwaltungsprogrammen (wie Jurism). Die aktuellen Kurstermine kannst du jederzeit auf unserer Webseite einsehen. Dar\u00fcber hinaus bieten wir&hellip; <a class=\"more-link\" href=\"https:\/\/library.wu.ac.at\/bib\/fit4research\/index.php\/juristische-recherche\/kurse\/\">Continue reading <span class=\"screen-reader-text\">Kurse<\/span><\/a><\/p>\n","protected":false},"author":6,"featured_media":0,"parent":5185,"menu_order":5,"comment_status":"closed","ping_status":"closed","template":"","meta":{"footnotes":""},"class_list":["post-5215","page","type-page","status-publish","hentry","entry"],"_links":{"self":[{"href":"https:\/\/library.wu.ac.at\/bib\/fit4research\/index.php\/wp-json\/wp\/v2\/pages\/5215","targetHints":{"allow":["GET"]}}],"collection":[{"href":"https:\/\/library.wu.ac.at\/bib\/fit4research\/index.php\/wp-json\/wp\/v2\/pages"}],"about":[{"href":"https:\/\/library.wu.ac.at\/bib\/fit4research\/index.php\/wp-json\/wp\/v2\/types\/page"}],"author":[{"embeddable":true,"href":"https:\/\/library.wu.ac.at\/bib\/fit4research\/index.php\/wp-json\/wp\/v2\/users\/6"}],"replies":[{"embeddable":true,"href":"https:\/\/library.wu.ac.at\/bib\/fit4research\/index.php\/wp-json\/wp\/v2\/comments?post=5215"}],"version-history":[{"count":8,"href":"https:\/\/library.wu.ac.at\/bib\/fit4research\/index.php\/wp-json\/wp\/v2\/pages\/5215\/revisions"}],"predecessor-version":[{"id":5453,"href":"https:\/\/library.wu.ac.at\/bib\/fit4research\/index.php\/wp-json\/wp\/v2\/pages\/5215\/revisions\/5453"}],"up":[{"embeddable":true,"href":"https:\/\/library.wu.ac.at\/bib\/fit4research\/index.php\/wp-json\/wp\/v2\/pages\/5185"}],"wp:attachment":[{"href":"https:\/\/library.wu.ac.at\/bib\/fit4research\/index.php\/wp-json\/wp\/v2\/media?parent=5215"}],"curies":[{"name":"wp","href":"https:\/\/api.w.org\/{rel}","templated":true}]}}