{"id":5210,"date":"2023-07-20T09:00:00","date_gmt":"2023-07-20T07:00:00","guid":{"rendered":"https:\/\/library.wu.ac.at\/bib\/fit4research\/?page_id=5210"},"modified":"2025-05-16T10:19:04","modified_gmt":"2025-05-16T08:19:04","slug":"studienliteratur","status":"publish","type":"page","link":"https:\/\/library.wu.ac.at\/bib\/fit4research\/index.php\/juristische-recherche\/studienliteratur\/","title":{"rendered":"Studienliteratur"},"content":{"rendered":"\n<h2 class=\"wp-block-heading\">&#8211; Dein Einstieg ins Jus-Studium<\/h2>\n\n\n\n<p>Um deinen Einstieg ins Jus-Studium so angenehm wie m\u00f6glich zu gestalten, findest du auf dieser Seite alle Informationen die du brauchst, um zu der Literatur f\u00fcr deine Lehrveranstaltungen zu gelangen.<\/p>\n\n\n\n<h3 class=\"wp-block-heading\">Literaturlisten<\/h3>\n\n\n\n<p>Du fragst dich, welche B\u00fccher du f\u00fcr deine Lehrveranstaltungen brauchst? Schau am besten in den LV-Informationen im Syllabus nach. Unter dem Abschnitt <em>Literatur <\/em>findest du dort eine interaktive Literaturliste mit den Werken, die f\u00fcr die jeweilige Lehrveranstaltung wichtig sind. Da die Eintr\u00e4ge in der Liste mit dem <a href=\"https:\/\/library.wu.ac.at\/bib\/fit4research\/index.php\/fit4research-start\/wu-katalog-google-scholar-co-deine-tools-fuer-die-suche\/wu-katalog\/\" data-type=\"link\" data-id=\"https:\/\/library.wu.ac.at\/bib\/fit4research\/index.php\/fit4research-start\/wu-katalog-google-scholar-co-deine-tools-fuer-die-suche\/wu-katalog\/\">WU Katalog<\/a> verkn\u00fcpft sind, sind die Standorte aller B\u00fccher direkt einsehbar.<\/p>\n\n\n\n<p>Die meisten Werke auf diesen Literaturlisten stehen in der juristischen Lehrbuchsammlung der Bibliothek Recht (D3) zur Entlehnung bereit. Dort findest du Kodizes (inkl. ausgew\u00e4hlter WU Studienausgaben) und Lehrb\u00fccher. Skripten werden nur in Ausnahmef\u00e4llen von der WU Bibliothek angekauft.<\/p>\n\n\n\n<p>Mehr Informationen rund um unser Leselistensystem <em>read!t<\/em> findest du <a href=\"https:\/\/www.wu.ac.at\/bibliothek\/services\/wu-studentinnen\/literatur-fuer-lehrveranstaltungen\/readit\" data-type=\"link\" data-id=\"https:\/\/www.wu.ac.at\/bibliothek\/services\/wu-studentinnen\/literatur-fuer-lehrveranstaltungen\/readit\" target=\"_blank\" rel=\"noreferrer noopener\">auf unserer Webseite<\/a>.<\/p>\n\n\n\n<h3 class=\"wp-block-heading\" id=\"lbs\">Juristische Lehrbuchsammlung<\/h3>\n\n\n\n<div class=\"wp-block-media-text has-media-on-the-right is-stacked-on-mobile\" style=\"grid-template-columns:auto 45%\"><div class=\"wp-block-media-text__content\">\n<p>Die beste Anlaufstelle f\u00fcr Lehrb\u00fccher im Jus-Studium ist die juristische Lehrbuchsammlung (LBS). Sie befindet sich in <a href=\"https:\/\/library.wu.ac.at\/bib\/fit4research\/index.php\/juristische-recherche\/die-bibliothek-recht\/#d3\" data-type=\"link\" data-id=\"https:\/\/library.wu.ac.at\/bib\/fit4research\/index.php\/juristische-recherche\/die-bibliothek-recht\/#d3\">der Bibliothek Recht (D3)<\/a> neben dem Frontdesk (siehe Orientierungsplan). WU Studierende k\u00f6nnen die B\u00fccher aus der Lehrbuchsammlung f\u00fcr 6 Wochen entlehnen und (sofern keine Vormerkung vorliegt) bis zu einer maximalen Entlehndauer von 24 Wochen verl\u00e4ngern.<\/p>\n\n\n\n<p>Viele Lehrb\u00fccher stehen auch online als E-Books zur Verf\u00fcgung. Du kannst Sie ganz leicht \u00fcber den <a href=\"https:\/\/katalog.wu.ac.at\/primo-explore\/search?vid=WUW\" data-type=\"link\" data-id=\"https:\/\/katalog.wu.ac.at\/primo-explore\/search?vid=WUW\" target=\"_blank\" rel=\"noreferrer noopener\">WU Katalog<\/a> aufrufen (siehe unten f\u00fcr eine Anleitung). Am Regal der juristischen Lehrbuchsammlung findest du auch Hinweise darauf, welche der Werke als E-Books vorhanden sind.<\/p>\n\n\n\n<p class=\"has-blue-background-color has-background\"><strong>Wichtig<\/strong>: Wenn du au\u00dferhalb des WU Campus auf die E-Books zugreifen m\u00f6chtest, musst du eine <a href=\"https:\/\/www.wu.ac.at\/it\/services\/network\/vpn\" data-type=\"link\" data-id=\"https:\/\/www.wu.ac.at\/it\/services\/network\/vpn\" target=\"_blank\" rel=\"noreferrer noopener\">VPN-Verbindung zum WU Netzwerk<\/a> herstellen. So kannst du immer auf Online-Ressourcen zugreifen, egal wo du bist.<\/p>\n\n\n\n<p>Mehr Informationen findest du auf unserer Seite zum <a href=\"https:\/\/library.wu.ac.at\/bib\/fit4research\/index.php\/juristische-recherche\/zugriff-auf-juristische-e-ressourcen\/\" data-type=\"link\" data-id=\"https:\/\/library.wu.ac.at\/bib\/fit4research\/index.php\/juristische-recherche\/zugriff-auf-juristische-e-ressourcen\/\">Zugriff auf juristische E-Ressourcen<\/a>.<\/p>\n<\/div><figure class=\"wp-block-media-text__media\"><img loading=\"lazy\" decoding=\"async\" width=\"1024\" height=\"953\" src=\"https:\/\/library.wu.ac.at\/bib\/fit4research\/wp-content\/uploads\/2025\/05\/D3-Orientierungsplan_neu-1024x953.png\" alt=\"\" class=\"wp-image-5588 size-full\" srcset=\"https:\/\/library.wu.ac.at\/bib\/fit4research\/wp-content\/uploads\/2025\/05\/D3-Orientierungsplan_neu-1024x953.png 1024w, https:\/\/library.wu.ac.at\/bib\/fit4research\/wp-content\/uploads\/2025\/05\/D3-Orientierungsplan_neu-300x279.png 300w, https:\/\/library.wu.ac.at\/bib\/fit4research\/wp-content\/uploads\/2025\/05\/D3-Orientierungsplan_neu-768x715.png 768w, https:\/\/library.wu.ac.at\/bib\/fit4research\/wp-content\/uploads\/2025\/05\/D3-Orientierungsplan_neu-1536x1430.png 1536w, https:\/\/library.wu.ac.at\/bib\/fit4research\/wp-content\/uploads\/2025\/05\/D3-Orientierungsplan_neu-1568x1460.png 1568w, https:\/\/library.wu.ac.at\/bib\/fit4research\/wp-content\/uploads\/2025\/05\/D3-Orientierungsplan_neu.png 1800w\" sizes=\"auto, (max-width: 1024px) 100vw, 1024px\" \/><\/figure><\/div>\n\n\n\n<h3 class=\"wp-block-heading\">Suche im WU Katalog<\/h3>\n\n\n\n<p>Du kannst die juristische Lehrbuchsammlung ganz bequem im <a href=\"https:\/\/katalog.wu.ac.at\/primo-explore\/search?vid=WUW\" data-type=\"link\" data-id=\"https:\/\/katalog.wu.ac.at\/primo-explore\/search?vid=WUW\" target=\"_blank\" rel=\"noreferrer noopener\">WU Katalog<\/a> durchsuchen:<\/p>\n\n\n\n<div class=\"wp-block-media-text has-media-on-the-right is-stacked-on-mobile\" style=\"grid-template-columns:auto 66%\"><div class=\"wp-block-media-text__content\">\n<p>Bei der Suche im <a href=\"https:\/\/katalog.wu.ac.at\/primo-explore\/search?vid=WUW\" data-type=\"link\" data-id=\"https:\/\/katalog.wu.ac.at\/primo-explore\/search?vid=WUW\" target=\"_blank\" rel=\"noreferrer noopener\">WU Katalog<\/a> kannst du in der Suchleiste ausw\u00e4hlen, dass nur der Bestand der Lehrbuchsammlung D3 durchsucht werden soll. So kannst du deine Suche auf die juristische Lehrbuchsammlung einschr\u00e4nken.<\/p>\n\n\n\n<p>Indem du rechts den Filter &#8222;Online-Ressourcen&#8220; aktivierst, werden dir die verf\u00fcgbaren E-Books der juristischen Lehrbuchsammlung angezeigt.<\/p>\n<\/div><figure class=\"wp-block-media-text__media\"><img loading=\"lazy\" decoding=\"async\" width=\"1024\" height=\"591\" src=\"https:\/\/library.wu.ac.at\/bib\/fit4research\/wp-content\/uploads\/2025\/04\/LBS-D3-WU-Katalog-1024x591.png\" alt=\"\" class=\"wp-image-5221 size-full\" srcset=\"https:\/\/library.wu.ac.at\/bib\/fit4research\/wp-content\/uploads\/2025\/04\/LBS-D3-WU-Katalog-1024x591.png 1024w, https:\/\/library.wu.ac.at\/bib\/fit4research\/wp-content\/uploads\/2025\/04\/LBS-D3-WU-Katalog-300x173.png 300w, https:\/\/library.wu.ac.at\/bib\/fit4research\/wp-content\/uploads\/2025\/04\/LBS-D3-WU-Katalog-768x443.png 768w, https:\/\/library.wu.ac.at\/bib\/fit4research\/wp-content\/uploads\/2025\/04\/LBS-D3-WU-Katalog-1536x886.png 1536w, https:\/\/library.wu.ac.at\/bib\/fit4research\/wp-content\/uploads\/2025\/04\/LBS-D3-WU-Katalog-2048x1181.png 2048w, https:\/\/library.wu.ac.at\/bib\/fit4research\/wp-content\/uploads\/2025\/04\/LBS-D3-WU-Katalog-1568x904.png 1568w\" sizes=\"auto, (max-width: 1024px) 100vw, 1024px\" \/><\/figure><\/div>\n\n\n\n<h3 class=\"wp-block-heading\">Juristische Literatur au\u00dferhalb der Lehrbuchsammlung<\/h3>\n\n\n\n<p>Auch au\u00dferhalb der Lehrbuchsammlung findest du juristische Grundlagenliteratur und Lehrb\u00fccher im Bestand der Bibliothek Recht (D3) und im 6. Stock des Bibliothekszentrums (LC) jeweils unter der Signaturengruppe <strong>P<\/strong>. Mehr Informationen dazu, wie unsere Signaturen funktionieren, findest du <a href=\"https:\/\/library.wu.ac.at\/bib\/fit4research\/index.php\/fit4research-start\/zugriff-auf-literatur-online-und-vor-ort\/orientierung-in-der-bibliothek-wo-finde-ich-was\/ebene-5-6-sammlung-nach-themengebieten\/#aufstellung\" data-type=\"link\" data-id=\"https:\/\/library.wu.ac.at\/bib\/fit4research\/index.php\/fit4research-start\/zugriff-auf-literatur-online-und-vor-ort\/orientierung-in-der-bibliothek-wo-finde-ich-was\/ebene-5-6-sammlung-nach-themengebieten\/#aufstellung\">auf dieser Seite<\/a>.<\/p>\n\n\n\n<p>F\u00fcr Zugang zu Online-Ressourcen nutzt du am besten <a href=\"https:\/\/katalog.wu.ac.at\/primo-explore\/search?vid=WUW\" data-type=\"link\" data-id=\"https:\/\/katalog.wu.ac.at\/primo-explore\/search?vid=WUW\" target=\"_blank\" rel=\"noreferrer noopener\">unseren Bibliothekskatalog<\/a> oder <a href=\"https:\/\/www.wu.ac.at\/bibliothek\/recherche\/datenbanken\/\" data-type=\"link\" data-id=\"https:\/\/www.wu.ac.at\/bibliothek\/recherche\/datenbanken\/\" target=\"_blank\" rel=\"noreferrer noopener\">die Rechtsdatenbanken<\/a>.<\/p>\n\n\n\n<p>Die Datenbanken auf der nachfolgenden Liste stehen \u00fcber die WU Bibliothek zur Verf\u00fcgung. Auf der Bibliothekswebsite gibt es <a href=\"https:\/\/www.wu.ac.at\/bibliothek\/recherche\/datenbanken\/\" target=\"_blank\" rel=\"noreferrer noopener\">weitere Informationen zum Zugang und Nutzungshinweise<\/a>.<\/p>\n\n\n\n<div align=\"left\" style=\"width: 100%;\"><iframe loading=\"lazy\" height=\"500px\" width=\"100%\" src=\"https:\/\/library.wu.ac.at\/bib\/proxy_cms\/databases\/?uilanguage=de&#038;fachrecht=recht&#038;submit=Suche+ausf%C3%BChren#results\" title=\"Rechtsdatenbanken\"><\/iframe><\/div>\n\n\n\n<div class=\"wp-block-group\"><div class=\"wp-block-group__inner-container is-layout-constrained wp-block-group-is-layout-constrained\">\n<div class=\"wp-block-group\"><div class=\"wp-block-group__inner-container is-layout-constrained wp-block-group-is-layout-constrained\">\n<div class=\"wp-block-columns is-layout-flex wp-container-core-columns-is-layout-9d6595d7 wp-block-columns-is-layout-flex\">\n<div class=\"wp-block-column is-layout-flow wp-block-column-is-layout-flow\"><\/div>\n\n\n\n<div class=\"wp-block-column is-layout-flow wp-block-column-is-layout-flow\"><\/div>\n<\/div>\n<\/div><\/div>\n<\/div><\/div>\n","protected":false},"excerpt":{"rendered":"<p>&#8211; Dein Einstieg ins Jus-Studium Um deinen Einstieg ins Jus-Studium so angenehm wie m\u00f6glich zu gestalten, findest du auf dieser Seite alle Informationen die du brauchst, um zu der Literatur f\u00fcr deine Lehrveranstaltungen zu gelangen. Literaturlisten Du fragst dich, welche B\u00fccher du f\u00fcr deine Lehrveranstaltungen brauchst? Schau am besten in den LV-Informationen im Syllabus nach.&hellip; <a class=\"more-link\" href=\"https:\/\/library.wu.ac.at\/bib\/fit4research\/index.php\/juristische-recherche\/studienliteratur\/\">Continue reading <span class=\"screen-reader-text\">Studienliteratur<\/span><\/a><\/p>\n","protected":false},"author":6,"featured_media":0,"parent":5185,"menu_order":1,"comment_status":"closed","ping_status":"closed","template":"","meta":{"footnotes":""},"class_list":["post-5210","page","type-page","status-publish","hentry","entry"],"_links":{"self":[{"href":"https:\/\/library.wu.ac.at\/bib\/fit4research\/index.php\/wp-json\/wp\/v2\/pages\/5210","targetHints":{"allow":["GET"]}}],"collection":[{"href":"https:\/\/library.wu.ac.at\/bib\/fit4research\/index.php\/wp-json\/wp\/v2\/pages"}],"about":[{"href":"https:\/\/library.wu.ac.at\/bib\/fit4research\/index.php\/wp-json\/wp\/v2\/types\/page"}],"author":[{"embeddable":true,"href":"https:\/\/library.wu.ac.at\/bib\/fit4research\/index.php\/wp-json\/wp\/v2\/users\/6"}],"replies":[{"embeddable":true,"href":"https:\/\/library.wu.ac.at\/bib\/fit4research\/index.php\/wp-json\/wp\/v2\/comments?post=5210"}],"version-history":[{"count":28,"href":"https:\/\/library.wu.ac.at\/bib\/fit4research\/index.php\/wp-json\/wp\/v2\/pages\/5210\/revisions"}],"predecessor-version":[{"id":5591,"href":"https:\/\/library.wu.ac.at\/bib\/fit4research\/index.php\/wp-json\/wp\/v2\/pages\/5210\/revisions\/5591"}],"up":[{"embeddable":true,"href":"https:\/\/library.wu.ac.at\/bib\/fit4research\/index.php\/wp-json\/wp\/v2\/pages\/5185"}],"wp:attachment":[{"href":"https:\/\/library.wu.ac.at\/bib\/fit4research\/index.php\/wp-json\/wp\/v2\/media?parent=5210"}],"curies":[{"name":"wp","href":"https:\/\/api.w.org\/{rel}","templated":true}]}}