{"id":52,"date":"2023-07-18T14:56:06","date_gmt":"2023-07-18T12:56:06","guid":{"rendered":"https:\/\/library.wu.ac.at\/bib\/fit4research\/?page_id=52"},"modified":"2025-12-17T15:08:43","modified_gmt":"2025-12-17T14:08:43","slug":"wu-abschlussarbeiten","status":"publish","type":"page","link":"https:\/\/library.wu.ac.at\/bib\/fit4research\/index.php\/fit4research-start\/wu-katalog-google-scholar-co-deine-tools-fuer-die-suche\/wu-katalog\/wu-abschlussarbeiten\/","title":{"rendered":"WU Abschlussarbeiten"},"content":{"rendered":"\n<p>Abschlussarbeiten stehen auf <a href=\"https:\/\/library.wu.ac.at\/bib\/fit4research\/index.php\/fit4research-start\/zugriff-auf-literatur-online-und-vor-ort\/orientierung-in-der-bibliothek-wo-finde-ich-was\/ebene-2\/\" data-type=\"link\" data-id=\"https:\/\/library.wu.ac.at\/bib\/fit4research\/index.php\/fit4research-start\/zugriff-auf-literatur-online-und-vor-ort\/orientierung-in-der-bibliothek-wo-finde-ich-was\/ebene-2\/\">Ebene -2<\/a> bereit. Bachelorarbeiten werden nicht gesammelt.<\/p>\n\n\n\n<div class=\"wp-block-media-text has-media-on-the-right is-stacked-on-mobile\" style=\"grid-template-columns:auto 60%\"><div class=\"wp-block-media-text__content\">\n<p>Im <a rel=\"noreferrer noopener\" href=\"https:\/\/library.wu.ac.at\/bib\/fit4research\/index.php\/wu-katalog-google-scholar-co-deine-tools-fuer-die-suche\/wu-katalog\/\" data-type=\"page\" data-id=\"44\" target=\"_blank\">WU Katalog<\/a> kannst du nach WU Hochschulschriften suchen. Dazu w\u00e4hlst du im Auswahlmen\u00fc neben dem Suchfeld <em>WU<\/em>&#8211;<em>Hochschulschriften<\/em> aus.<\/p>\n<\/div><figure class=\"wp-block-media-text__media\"><img loading=\"lazy\" decoding=\"async\" width=\"1024\" height=\"347\" src=\"https:\/\/library.wu.ac.at\/bib\/fit4research\/wp-content\/uploads\/2023\/08\/image-31-1024x347.png\" alt=\"\" class=\"wp-image-671 size-full\" srcset=\"https:\/\/library.wu.ac.at\/bib\/fit4research\/wp-content\/uploads\/2023\/08\/image-31-1024x347.png 1024w, https:\/\/library.wu.ac.at\/bib\/fit4research\/wp-content\/uploads\/2023\/08\/image-31-300x102.png 300w, https:\/\/library.wu.ac.at\/bib\/fit4research\/wp-content\/uploads\/2023\/08\/image-31-768x260.png 768w, https:\/\/library.wu.ac.at\/bib\/fit4research\/wp-content\/uploads\/2023\/08\/image-31.png 1398w\" sizes=\"auto, (max-width: 1024px) 100vw, 1024px\" \/><\/figure><\/div>\n\n\n\n<p>In der erweiterten Suche kannst du ebenfalls \u00fcber das Auswahlmen\u00fc <em>WU-Hochschulschriften<\/em> ausw\u00e4hlen und deine Suche verfeinern. \u00dcber die Felder <em>Hochschulschrift<\/em> und <em>Autor*in<\/em> kannst du nach dem Namen der Begutachter*innen, Betreuer*innen, Departments und Institute suchen.<\/p>\n\n\n\n<h2 class=\"wp-block-heading\">Digitale Hochschulschriften<\/h2>\n\n\n\n<div class=\"wp-block-media-text has-media-on-the-right is-stacked-on-mobile\"><div class=\"wp-block-media-text__content\">\n<p>Auf alle digital abgegebenen Masterarbeiten und Dissertationen (ab M\u00e4rz 2025) kannst du auch direkt \u00fcber die Plattform <a href=\"https:\/\/viewer.wu.ac.at\/viewer\/wu-hochschulschriften\/\">Digitale Sammlungen<\/a> zugreifen.<\/p>\n\n\n\n<p>Hier kannst du gezielt nach Autor*in oder Begutachter*in der Abschlussarbeit sowie nach Studienrichtungen und thematischen Schlagw\u00f6rtern filtern.<\/p>\n\n\n\n<p>Um auf die Volltexte zugreifen zu k\u00f6nnen, musst du dich innerhalb des <a href=\"https:\/\/www.wu.ac.at\/bibliothek\/recherche\/zugang-zu-online-ressourcen\">WU Netzwerks<\/a> befinden.<\/p>\n<\/div><figure class=\"wp-block-media-text__media\"><img loading=\"lazy\" decoding=\"async\" width=\"1024\" height=\"818\" src=\"https:\/\/library.wu.ac.at\/bib\/fit4research\/wp-content\/uploads\/2025\/12\/Digitale-Sammlungen_Hochschulschriften_DE-1024x818.png\" alt=\"\" class=\"wp-image-5649 size-full\" srcset=\"https:\/\/library.wu.ac.at\/bib\/fit4research\/wp-content\/uploads\/2025\/12\/Digitale-Sammlungen_Hochschulschriften_DE-1024x818.png 1024w, https:\/\/library.wu.ac.at\/bib\/fit4research\/wp-content\/uploads\/2025\/12\/Digitale-Sammlungen_Hochschulschriften_DE-300x240.png 300w, https:\/\/library.wu.ac.at\/bib\/fit4research\/wp-content\/uploads\/2025\/12\/Digitale-Sammlungen_Hochschulschriften_DE-768x613.png 768w, https:\/\/library.wu.ac.at\/bib\/fit4research\/wp-content\/uploads\/2025\/12\/Digitale-Sammlungen_Hochschulschriften_DE.png 1166w\" sizes=\"auto, (max-width: 1024px) 100vw, 1024px\" \/><\/figure><\/div>\n\n\n\n<div class=\"wp-block-media-text has-media-on-the-right is-stacked-on-mobile\"><div class=\"wp-block-media-text__content\">\n<p>Mit dem Filter <em>Online Ressource<\/em> kannst du die Treffer bei deiner Suche im <a href=\"https:\/\/katalog.wu.ac.at\/primo-explore\/search?vid=WUW&amp;lang=de_DE\">WU Katalog<\/a> auch auf die digital verf\u00fcgbaren Hochschulschriften einschr\u00e4nken. \u00dcber den Link <em>Online-Zugriff verf\u00fcgbar<\/em> kommst du direkt zu den Volltexten in den <a href=\"https:\/\/viewer.wu.ac.at\/viewer\/wu-hochschulschriften\/\">Digitalen Sammlungen<\/a>.<\/p>\n<\/div><figure class=\"wp-block-media-text__media\"><img loading=\"lazy\" decoding=\"async\" width=\"1024\" height=\"314\" src=\"https:\/\/library.wu.ac.at\/bib\/fit4research\/wp-content\/uploads\/2025\/12\/theses_5_online-ressource_rahmen_DE-1-1024x314.png\" alt=\"\" class=\"wp-image-5654 size-full\" srcset=\"https:\/\/library.wu.ac.at\/bib\/fit4research\/wp-content\/uploads\/2025\/12\/theses_5_online-ressource_rahmen_DE-1-1024x314.png 1024w, https:\/\/library.wu.ac.at\/bib\/fit4research\/wp-content\/uploads\/2025\/12\/theses_5_online-ressource_rahmen_DE-1-300x92.png 300w, https:\/\/library.wu.ac.at\/bib\/fit4research\/wp-content\/uploads\/2025\/12\/theses_5_online-ressource_rahmen_DE-1-768x235.png 768w, https:\/\/library.wu.ac.at\/bib\/fit4research\/wp-content\/uploads\/2025\/12\/theses_5_online-ressource_rahmen_DE-1-1536x471.png 1536w, https:\/\/library.wu.ac.at\/bib\/fit4research\/wp-content\/uploads\/2025\/12\/theses_5_online-ressource_rahmen_DE-1-2048x628.png 2048w, https:\/\/library.wu.ac.at\/bib\/fit4research\/wp-content\/uploads\/2025\/12\/theses_5_online-ressource_rahmen_DE-1-1568x481.png 1568w\" sizes=\"auto, (max-width: 1024px) 100vw, 1024px\" \/><\/figure><\/div>\n\n\n\n<h2 class=\"wp-block-heading\">Beispiele<\/h2>\n\n\n\n<h3 class=\"wp-block-heading\">Kombination Autor*in und Typ der Abschlussarbeit<\/h3>\n\n\n\n<div class=\"wp-block-media-text has-media-on-the-right is-stacked-on-mobile\"><div class=\"wp-block-media-text__content\">\n<p>Suche nach WU Hochschulschriften, deren Autor*in den Nachnamen <em>Schuster<\/em> hat und die <em>Masterarbeiten<\/em> sind.<\/p>\n\n\n\n<p>Die <a href=\"https:\/\/library.wu.ac.at\/bib\/fit4research\/index.php\/fit4research-start\/wie-finde-ich\/literatur-zu-einem-thema\/die-suchstrategie\/#trunkieren\">Trunkierung<\/a> hilft dir dabei, trotz verschiedener Schreibweisen, alle Masterarbeiten im WU Katalog zu finden. Bei der Suche nach Dissertationen und Diplomarbeiten verwende stattdessen <em>Diss*<\/em> und <em>Dipl*<\/em>.<\/p>\n<\/div><figure class=\"wp-block-media-text__media\"><img loading=\"lazy\" decoding=\"async\" width=\"1024\" height=\"464\" src=\"https:\/\/library.wu.ac.at\/bib\/fit4research\/wp-content\/uploads\/2025\/12\/theses_6_rahmen_DE-1024x464.png\" alt=\"\" class=\"wp-image-5670 size-full\" srcset=\"https:\/\/library.wu.ac.at\/bib\/fit4research\/wp-content\/uploads\/2025\/12\/theses_6_rahmen_DE-1024x464.png 1024w, https:\/\/library.wu.ac.at\/bib\/fit4research\/wp-content\/uploads\/2025\/12\/theses_6_rahmen_DE-300x136.png 300w, https:\/\/library.wu.ac.at\/bib\/fit4research\/wp-content\/uploads\/2025\/12\/theses_6_rahmen_DE-768x348.png 768w, https:\/\/library.wu.ac.at\/bib\/fit4research\/wp-content\/uploads\/2025\/12\/theses_6_rahmen_DE-1536x696.png 1536w, https:\/\/library.wu.ac.at\/bib\/fit4research\/wp-content\/uploads\/2025\/12\/theses_6_rahmen_DE-2048x928.png 2048w, https:\/\/library.wu.ac.at\/bib\/fit4research\/wp-content\/uploads\/2025\/12\/theses_6_rahmen_DE-1568x710.png 1568w\" sizes=\"auto, (max-width: 1024px) 100vw, 1024px\" \/><\/figure><\/div>\n\n\n\n<h3 class=\"wp-block-heading\">Kombination Betreuer*in und thematischer Suchbegriff<\/h3>\n\n\n\n<div class=\"wp-block-media-text has-media-on-the-right is-stacked-on-mobile\"><div class=\"wp-block-media-text__content\">\n<p>Suche nach WU Hochschulschriften, die von einer Person mit dem Nachnamen <em>Schneider<\/em> betreut wurden und in deren bibliografischen Angaben (kann variieren: Titel, Abstract, Thema etc.) der Begriff <em>non-profit<\/em> vorkommt.<\/p>\n<\/div><figure class=\"wp-block-media-text__media\"><img decoding=\"async\" src=\"https:\/\/learn.wu.ac.at\/open\/fit4research\/file\/Hochschulschriften_Beispiel_22.PNG?m=download\" alt=\"Erweiterte Suche des WU Katalogs. Die Eingabe lautet: Suchfeld \u201eHochschulschriften\u201c enth\u00e4lt \u201eSchneider\u201c Und Suchfeld \u201eAlle Felder\u201c enth\u00e4lt \u201eNon-Profit\u201c\"\/><\/figure><\/div>\n\n\n\n<h3 class=\"wp-block-heading\">Suche nach Arbeiten an einem bestimmten Institut, Studienfach oder Betreuer*in<\/h3>\n\n\n\n<p>Du kannst dir Abschlussarbeiten aus einem bestimmten Fachbereich ansehen, um Inspirationen f\u00fcr deine eigene Arbeit zu sammeln. <\/p>\n\n\n\n<p>Um nach Arbeiten zu suchen, die bis 2015 verfasst wurde, gibst du den Namen des Instituts, an dem sie verfasst wurden, ein. Ab 2016 f\u00fchrt dich eine Suche nach dem Studienfach zum Ziel.<\/p>\n\n\n\n<p>Um Abschlussarbeiten zu finden, die von einer bestimmten Person beurteilt wurden, suchst du mit deren Namen.<\/p>\n\n\n\n<div class=\"wp-block-group\"><div class=\"wp-block-group__inner-container is-layout-constrained wp-block-group-is-layout-constrained\">\n<div class=\"wp-block-group\"><div class=\"wp-block-group__inner-container is-layout-constrained wp-block-group-is-layout-constrained\">\n<div class=\"wp-block-columns is-layout-flex wp-container-core-columns-is-layout-9d6595d7 wp-block-columns-is-layout-flex\">\n<div class=\"wp-block-column is-layout-flow wp-block-column-is-layout-flow\"><\/div>\n\n\n\n<div class=\"wp-block-column is-layout-flow wp-block-column-is-layout-flow\"><\/div>\n<\/div>\n<\/div><\/div>\n<\/div><\/div>\n","protected":false},"excerpt":{"rendered":"<p>Abschlussarbeiten stehen auf Ebene -2 bereit. Bachelorarbeiten werden nicht gesammelt. Im WU Katalog kannst du nach WU Hochschulschriften suchen. Dazu w\u00e4hlst du im Auswahlmen\u00fc neben dem Suchfeld WU&#8211;Hochschulschriften aus. In der erweiterten Suche kannst du ebenfalls \u00fcber das Auswahlmen\u00fc WU-Hochschulschriften ausw\u00e4hlen und deine Suche verfeinern. \u00dcber die Felder Hochschulschrift und Autor*in kannst du nach dem&hellip; <a class=\"more-link\" href=\"https:\/\/library.wu.ac.at\/bib\/fit4research\/index.php\/fit4research-start\/wu-katalog-google-scholar-co-deine-tools-fuer-die-suche\/wu-katalog\/wu-abschlussarbeiten\/\">Continue reading <span class=\"screen-reader-text\">WU Abschlussarbeiten<\/span><\/a><\/p>\n","protected":false},"author":2,"featured_media":0,"parent":44,"menu_order":3,"comment_status":"closed","ping_status":"closed","template":"","meta":{"footnotes":""},"class_list":["post-52","page","type-page","status-publish","hentry","entry"],"_links":{"self":[{"href":"https:\/\/library.wu.ac.at\/bib\/fit4research\/index.php\/wp-json\/wp\/v2\/pages\/52","targetHints":{"allow":["GET"]}}],"collection":[{"href":"https:\/\/library.wu.ac.at\/bib\/fit4research\/index.php\/wp-json\/wp\/v2\/pages"}],"about":[{"href":"https:\/\/library.wu.ac.at\/bib\/fit4research\/index.php\/wp-json\/wp\/v2\/types\/page"}],"author":[{"embeddable":true,"href":"https:\/\/library.wu.ac.at\/bib\/fit4research\/index.php\/wp-json\/wp\/v2\/users\/2"}],"replies":[{"embeddable":true,"href":"https:\/\/library.wu.ac.at\/bib\/fit4research\/index.php\/wp-json\/wp\/v2\/comments?post=52"}],"version-history":[{"count":25,"href":"https:\/\/library.wu.ac.at\/bib\/fit4research\/index.php\/wp-json\/wp\/v2\/pages\/52\/revisions"}],"predecessor-version":[{"id":5681,"href":"https:\/\/library.wu.ac.at\/bib\/fit4research\/index.php\/wp-json\/wp\/v2\/pages\/52\/revisions\/5681"}],"up":[{"embeddable":true,"href":"https:\/\/library.wu.ac.at\/bib\/fit4research\/index.php\/wp-json\/wp\/v2\/pages\/44"}],"wp:attachment":[{"href":"https:\/\/library.wu.ac.at\/bib\/fit4research\/index.php\/wp-json\/wp\/v2\/media?parent=52"}],"curies":[{"name":"wp","href":"https:\/\/api.w.org\/{rel}","templated":true}]}}