{"id":5105,"date":"2023-07-17T19:30:00","date_gmt":"2023-07-17T17:30:00","guid":{"rendered":"https:\/\/library.wu.ac.at\/bib\/fit4research\/?page_id=5105"},"modified":"2025-01-31T11:39:35","modified_gmt":"2025-01-31T10:39:35","slug":"lseg-workspace","status":"publish","type":"page","link":"https:\/\/library.wu.ac.at\/bib\/fit4research\/index.php\/lseg-workspace\/","title":{"rendered":"LSEG Workspace"},"content":{"rendered":"\n<p>Die Datenbank LSEG Workspace ist eine umfassende Finanzdaten- und Analyseplattform. Sie dient als Datendrehscheibe f\u00fcr Finanzexpert*innen, um auf wichtige Informationen zuzugreifen, eingehende Analysen durchzuf\u00fchren und \u00fcber Markttrends auf dem Laufenden zu bleiben.<\/p>\n\n\n\n<p>Im <a href=\"https:\/\/www.lseg.com\/en\/training\/learning-centre\/\" data-type=\"link\" data-id=\"https:\/\/www.lseg.com\/en\/training\/learning-centre\/\" target=\"_blank\" rel=\"noreferrer noopener\">LSEG Learning Centre<\/a> findest du eine Vielzahl von On-Demand-Kursen und Ressourcen zu LSEG Workspace. WU Studierende k\u00f6nnen sich unter Angabe ihrer WU E-Mail-Adresse \u00fcber die Abschnitte <em>Sign in now<\/em> -&gt; <em>Get Access<\/em> -&gt; <em>Create Account<\/em> f\u00fcr den Zugang zum Lernzentrum registrieren.<\/p>\n\n\n\n<p>Auf der Webseite der WU Bibliothek findest du <a href=\"https:\/\/www.wu.ac.at\/bibliothek\/recherche\/datenbanken\/info\/lseg-workspace-vormals-eikon-with-datastream\" data-type=\"link\" data-id=\"https:\/\/www.wu.ac.at\/bibliothek\/recherche\/datenbanken\/info\/lseg-workspace-vormals-eikon-with-datastream\" target=\"_blank\" rel=\"noreferrer noopener\">n\u00e4here Informationen und Hilfestellungen zu LSEG Workspace<\/a>.<\/p>\n\n\n\n<h2 class=\"wp-block-heading\">Zugriff<\/h2>\n\n\n\n<p>In der <a href=\"https:\/\/www.wu.ac.at\/bibliothek\/recherche\/finance-area\/\" data-type=\"link\" data-id=\"https:\/\/www.wu.ac.at\/bibliothek\/recherche\/finance-area\/\" target=\"_blank\" rel=\"noreferrer noopener\">Finance Area<\/a> stehen zwei LSEG Workspace Terminals zur Verf\u00fcgung, die von ordentlichen WU Studierenden oder Mitarbeiter*innen \u00fcber <a href=\"https:\/\/www.wu.ac.at\/bibliothek\/recherche\/finance-area\/terminal-reservieren\/\" data-type=\"link\" data-id=\"https:\/\/www.wu.ac.at\/bibliothek\/recherche\/finance-area\/terminal-reservieren\/\" target=\"_blank\" rel=\"noreferrer noopener\">das Reservierungssystem auf unserer Webseite<\/a> gebucht werden k\u00f6nnen. Pro Tag k\u00f6nnen die Terminals bis zu drei Stunden reserviert werden.<\/p>\n\n\n\n<h2 class=\"wp-block-heading\">Weitere Ressourcen<\/h2>\n\n\n\n<p>Auf der <a href=\"https:\/\/www.lseg.com\/en\/training\/learning-centre\/learning-centre-catalogue?q=&amp;lc_type=video|playlist&amp;facet=Eikon|LSEG%20Datastream&amp;page=1\" data-type=\"link\" data-id=\"https:\/\/www.lseg.com\/en\/training\/learning-centre\/learning-centre-catalogue?q=&amp;lc_type=video|playlist&amp;facet=Eikon&amp;page=1\" target=\"_blank\" rel=\"noreferrer noopener\">LSEG Learning Centre Webseite<\/a> findest du kurze interaktive Lernvideos.<br>LSEG bietet auch Webinare an, in denen die Workspace-Tools unter Betreuung eines Tutors erlernt werden k\u00f6nnen. Alle Workspace-Kurse sind ebenfalls auf der <a href=\"https:\/\/www.lseg.com\/en\/training\/learning-centre\/learning-centre-catalogue?q=&amp;facet=Eikon|Datastream&amp;lc_type=class&amp;page=1\" data-type=\"link\" data-id=\"https:\/\/www.lseg.com\/en\/training\/learning-centre\/learning-centre-catalogue?q=&amp;facet=Eikon|Datastream&amp;lc_type=class&amp;page=1\" target=\"_blank\" rel=\"noreferrer noopener\">Webseite des LSEG Learning Centre<\/a> verf\u00fcgbar.<\/p>\n\n\n\n<h2 class=\"wp-block-heading\">Wo bekomme ich Hilfe?<\/h2>\n\n\n\n<p>Du hast noch Fragen rund um die Nutzung der Terminals? Schreib uns einfach unter <a href=\"mailto:bibliothek@wu.ac.at\">bibliothek@wu.ac.at<\/a> &#8211; wir helfen dir gerne weiter!<\/p>\n\n\n\n<div class=\"wp-block-group\"><div class=\"wp-block-group__inner-container is-layout-constrained wp-block-group-is-layout-constrained\">\n<div class=\"wp-block-columns is-layout-flex wp-container-core-columns-is-layout-9d6595d7 wp-block-columns-is-layout-flex\">\n<div class=\"wp-block-column is-layout-flow wp-block-column-is-layout-flow\"><\/div>\n\n\n\n<div class=\"wp-block-column is-layout-flow wp-block-column-is-layout-flow\"><\/div>\n<\/div>\n<\/div><\/div>\n","protected":false},"excerpt":{"rendered":"<p>Die Datenbank LSEG Workspace ist eine umfassende Finanzdaten- und Analyseplattform. Sie dient als Datendrehscheibe f\u00fcr Finanzexpert*innen, um auf wichtige Informationen zuzugreifen, eingehende Analysen durchzuf\u00fchren und \u00fcber Markttrends auf dem Laufenden zu bleiben. Im LSEG Learning Centre findest du eine Vielzahl von On-Demand-Kursen und Ressourcen zu LSEG Workspace. WU Studierende k\u00f6nnen sich unter Angabe ihrer WU&hellip; <a class=\"more-link\" href=\"https:\/\/library.wu.ac.at\/bib\/fit4research\/index.php\/lseg-workspace\/\">Continue reading <span class=\"screen-reader-text\">LSEG Workspace<\/span><\/a><\/p>\n","protected":false},"author":6,"featured_media":0,"parent":0,"menu_order":0,"comment_status":"closed","ping_status":"closed","template":"","meta":{"footnotes":""},"class_list":["post-5105","page","type-page","status-publish","hentry","entry"],"_links":{"self":[{"href":"https:\/\/library.wu.ac.at\/bib\/fit4research\/index.php\/wp-json\/wp\/v2\/pages\/5105","targetHints":{"allow":["GET"]}}],"collection":[{"href":"https:\/\/library.wu.ac.at\/bib\/fit4research\/index.php\/wp-json\/wp\/v2\/pages"}],"about":[{"href":"https:\/\/library.wu.ac.at\/bib\/fit4research\/index.php\/wp-json\/wp\/v2\/types\/page"}],"author":[{"embeddable":true,"href":"https:\/\/library.wu.ac.at\/bib\/fit4research\/index.php\/wp-json\/wp\/v2\/users\/6"}],"replies":[{"embeddable":true,"href":"https:\/\/library.wu.ac.at\/bib\/fit4research\/index.php\/wp-json\/wp\/v2\/comments?post=5105"}],"version-history":[{"count":2,"href":"https:\/\/library.wu.ac.at\/bib\/fit4research\/index.php\/wp-json\/wp\/v2\/pages\/5105\/revisions"}],"predecessor-version":[{"id":5118,"href":"https:\/\/library.wu.ac.at\/bib\/fit4research\/index.php\/wp-json\/wp\/v2\/pages\/5105\/revisions\/5118"}],"wp:attachment":[{"href":"https:\/\/library.wu.ac.at\/bib\/fit4research\/index.php\/wp-json\/wp\/v2\/media?parent=5105"}],"curies":[{"name":"wp","href":"https:\/\/api.w.org\/{rel}","templated":true}]}}