{"id":50,"date":"2023-07-18T14:55:35","date_gmt":"2023-07-18T12:55:35","guid":{"rendered":"https:\/\/library.wu.ac.at\/bib\/fit4research\/?page_id=50"},"modified":"2023-11-07T10:58:00","modified_gmt":"2023-11-07T09:58:00","slug":"e-books","status":"publish","type":"page","link":"https:\/\/library.wu.ac.at\/bib\/fit4research\/index.php\/fit4research-start\/wu-katalog-google-scholar-co-deine-tools-fuer-die-suche\/wu-katalog\/e-books\/","title":{"rendered":"E-Books"},"content":{"rendered":"\n<p>\u00dcber den <a href=\"https:\/\/library.wu.ac.at\/bib\/fit4research\/index.php\/wu-katalog-google-scholar-co-deine-tools-fuer-die-suche\/wu-katalog\/\" data-type=\"page\" data-id=\"44\" target=\"_blank\" rel=\"noreferrer noopener\">WU Katalog<\/a> sind viele E-Books zu finden. Um eine Suche auf E-Books einzuschr\u00e4nken, benutzt du die Filter rechts im Katalog. Du schr\u00e4nkst die Ergebnisse auf den <em>Medientyp <strong>B\u00fccher<\/strong><\/em> und in einem weiteren Schritt auf<em> <strong>Online Ressource<\/strong> <\/em>ein.<\/p>\n\n\n\n<figure class=\"wp-block-image size-large\"><img loading=\"lazy\" decoding=\"async\" width=\"1024\" height=\"189\" src=\"https:\/\/library.wu.ac.at\/bib\/fit4research\/wp-content\/uploads\/2023\/08\/image-55-1024x189.png\" alt=\"Ein Treffer im WU Katalog, der gr\u00fcn hinterlegte Link \u201eOnline-Zugriff verf\u00fcgbar\u201c ist hervorgehoben. Rechts sind die aktiven Filter \u201eBuch\u201c und \u201eOnline Ressource\u201c hervorgehoben.\" class=\"wp-image-711\" srcset=\"https:\/\/library.wu.ac.at\/bib\/fit4research\/wp-content\/uploads\/2023\/08\/image-55-1024x189.png 1024w, https:\/\/library.wu.ac.at\/bib\/fit4research\/wp-content\/uploads\/2023\/08\/image-55-300x55.png 300w, https:\/\/library.wu.ac.at\/bib\/fit4research\/wp-content\/uploads\/2023\/08\/image-55-768x141.png 768w, https:\/\/library.wu.ac.at\/bib\/fit4research\/wp-content\/uploads\/2023\/08\/image-55.png 1303w\" sizes=\"auto, (max-width: 1024px) 100vw, 1024px\" \/><\/figure>\n\n\n\n<p>Nun kannst du das Dokument entweder direkt als Volltext \u00f6ffnen oder wirst zum Anbieter weitergeleitet. Dort siehst du die verf\u00fcgbaren M\u00f6glichkeiten es zu benutzen bzw. es herunterzuladen. Falls es unterschiedliche Anbieter gibt, werden sie dir nach einem Klick auf den Titel in der Ergebnisliste angezeigt. Unter Umst\u00e4nden kann es hilfreich sein, die Funktion <strong><em>Quelle in einem neuen Fenster \u00f6ffnen<\/em><\/strong> zu benutzen, um eine \u00fcbersichtlichere Darstellung der Anbieterseite zu erhalten.<\/p>\n\n\n\n<h4 class=\"wp-block-heading\">Download als EPUB oder MOBI<\/h4>\n\n\n\n<p>Klicke auf den Link <strong><em>Online-Zugriff verf\u00fcgbar<\/em><\/strong> und w\u00e4hle eine der angef\u00fchrten Optionen bzw. wirst du direkt zur Website des Anbieters weitergeleitet. Dort kannst du das Dokument anschauen oder es ggf. in unterschiedlichen Formaten herunterladen. Au\u00dfer als PDF gibt es manchmal die M\u00f6glichkeit, das Dokument in den Formaten EPUB oder MOBI herunterzuladen. Diese Formate sind f\u00fcr die Benutzung auf mobilen Endger\u00e4ten (z.B. e-Book-Reader, Smartphone) optimiert, da sich Abbildungen und das Layout des Textes an die Bildschirmgr\u00f6\u00dfe anpassen.<\/p>\n\n\n\n<p>Um das EPUB oder MOBI-Format auf deinem Ger\u00e4t \u00f6ffnen zu k\u00f6nnen, ben\u00f6tigst du unter Umst\u00e4nden eine App (z.B. <a rel=\"noreferrer noopener\" href=\"https:\/\/play.google.com\/store\/apps\/details?id=com.aldiko.android\" target=\"_blank\">Aldiko<\/a>, kostenlos), mit der du eine Bibliothek auf dem mobilen Endger\u00e4t verwalten und darin lesen kannst.<\/p>\n\n\n\n<div class=\"wp-block-group\"><div class=\"wp-block-group__inner-container is-layout-constrained wp-block-group-is-layout-constrained\">\n<div class=\"wp-block-group\"><div class=\"wp-block-group__inner-container is-layout-constrained wp-block-group-is-layout-constrained\">\n<div class=\"wp-block-columns is-layout-flex wp-container-core-columns-is-layout-9d6595d7 wp-block-columns-is-layout-flex\">\n<div class=\"wp-block-column is-layout-flow wp-block-column-is-layout-flow\"><\/div>\n\n\n\n<div class=\"wp-block-column is-layout-flow wp-block-column-is-layout-flow\"><\/div>\n<\/div>\n<\/div><\/div>\n<\/div><\/div>\n","protected":false},"excerpt":{"rendered":"<p>\u00dcber den WU Katalog sind viele E-Books zu finden. Um eine Suche auf E-Books einzuschr\u00e4nken, benutzt du die Filter rechts im Katalog. Du schr\u00e4nkst die Ergebnisse auf den Medientyp B\u00fccher und in einem weiteren Schritt auf Online Ressource ein. Nun kannst du das Dokument entweder direkt als Volltext \u00f6ffnen oder wirst zum Anbieter weitergeleitet. Dort&hellip; <a class=\"more-link\" href=\"https:\/\/library.wu.ac.at\/bib\/fit4research\/index.php\/fit4research-start\/wu-katalog-google-scholar-co-deine-tools-fuer-die-suche\/wu-katalog\/e-books\/\">Continue reading <span class=\"screen-reader-text\">E-Books<\/span><\/a><\/p>\n","protected":false},"author":2,"featured_media":0,"parent":44,"menu_order":2,"comment_status":"closed","ping_status":"closed","template":"","meta":{"footnotes":""},"class_list":["post-50","page","type-page","status-publish","hentry","entry"],"_links":{"self":[{"href":"https:\/\/library.wu.ac.at\/bib\/fit4research\/index.php\/wp-json\/wp\/v2\/pages\/50","targetHints":{"allow":["GET"]}}],"collection":[{"href":"https:\/\/library.wu.ac.at\/bib\/fit4research\/index.php\/wp-json\/wp\/v2\/pages"}],"about":[{"href":"https:\/\/library.wu.ac.at\/bib\/fit4research\/index.php\/wp-json\/wp\/v2\/types\/page"}],"author":[{"embeddable":true,"href":"https:\/\/library.wu.ac.at\/bib\/fit4research\/index.php\/wp-json\/wp\/v2\/users\/2"}],"replies":[{"embeddable":true,"href":"https:\/\/library.wu.ac.at\/bib\/fit4research\/index.php\/wp-json\/wp\/v2\/comments?post=50"}],"version-history":[{"count":9,"href":"https:\/\/library.wu.ac.at\/bib\/fit4research\/index.php\/wp-json\/wp\/v2\/pages\/50\/revisions"}],"predecessor-version":[{"id":3531,"href":"https:\/\/library.wu.ac.at\/bib\/fit4research\/index.php\/wp-json\/wp\/v2\/pages\/50\/revisions\/3531"}],"up":[{"embeddable":true,"href":"https:\/\/library.wu.ac.at\/bib\/fit4research\/index.php\/wp-json\/wp\/v2\/pages\/44"}],"wp:attachment":[{"href":"https:\/\/library.wu.ac.at\/bib\/fit4research\/index.php\/wp-json\/wp\/v2\/media?parent=50"}],"curies":[{"name":"wp","href":"https:\/\/api.w.org\/{rel}","templated":true}]}}