{"id":4853,"date":"2023-07-18T16:30:00","date_gmt":"2023-07-18T14:30:00","guid":{"rendered":"https:\/\/library.wu.ac.at\/bib\/fit4research\/?page_id=4853"},"modified":"2024-07-10T14:45:05","modified_gmt":"2024-07-10T12:45:05","slug":"wissenschaftlich-lesen-schreiben","status":"publish","type":"page","link":"https:\/\/library.wu.ac.at\/bib\/fit4research\/index.php\/fit4research-start\/wissenschaftlich-lesen-schreiben\/","title":{"rendered":"Wissenschaftlich lesen &amp; schreiben"},"content":{"rendered":"\n<h2 class=\"wp-block-heading\">&#8211; von der Quelle zum fertigen Text<\/h2>\n\n\n\n<div class=\"wp-block-media-text has-media-on-the-right is-stacked-on-mobile\" style=\"grid-template-columns:auto 33%\"><div class=\"wp-block-media-text__content\">\n<p>Du wei\u00dft, wie du eine <a href=\"https:\/\/library.wu.ac.at\/bib\/fit4research\/index.php\/fit4research-start\/wie-finde-ich\/literatur-zu-einem-thema\/die-suchstrategie\/\" data-type=\"link\" data-id=\"https:\/\/library.wu.ac.at\/bib\/fit4research\/index.php\/fit4research-start\/wie-finde-ich\/literatur-zu-einem-thema\/die-suchstrategie\/\">Suchstrategie<\/a> aufbaust, welche Quellenarten du brauchst und wo du diese findest \u2013 aber was kommt nach der Recherche?<\/p>\n\n\n\n<p>In diesem Kapitel findest du Tipps zu allem rund um die <a href=\"https:\/\/library.wu.ac.at\/bib\/fit4research\/index.php\/fit4research-start\/wissenschaftlich-lesen-schreiben\/wissenschaftliche-quellen-bewerten\/\" data-type=\"link\" data-id=\"https:\/\/library.wu.ac.at\/bib\/fit4research\/index.php\/fit4research-start\/wissenschaftliche-quellen-bewerten\/\">Bewertung wissenschaftlicher Quellen<\/a>, das <a href=\"https:\/\/library.wu.ac.at\/bib\/fit4research\/index.php\/fit4research-start\/wissenschaftlich-lesen-schreiben\/wissenschaftliche-texte-lesen-und-verstehen\/\" data-type=\"link\" data-id=\"https:\/\/library.wu.ac.at\/bib\/fit4research\/index.php\/fit4research-start\/wissenschaftliche-quellen-bewerten\/wissenschaftliche-texte-lesen-und-verstehen\/\">Lesen wissenschaftlicher Texte<\/a> und das <a href=\"https:\/\/library.wu.ac.at\/bib\/fit4research\/index.php\/fit4research-start\/wissenschaftlich-lesen-schreiben\/eigene-arbeiten-schreiben\/\" data-type=\"link\" data-id=\"https:\/\/library.wu.ac.at\/bib\/fit4research\/index.php\/eigene-arbeiten-schreiben\/\">Verfassen eigener Arbeiten<\/a>.<\/p>\n\n\n\n<p>Es f\u00e4ngt mit der Quellenauswahl an: Welche Quellen kannst du problemlos zitieren und von welchen l\u00e4sst du besser die Finger? Wir geben dir <a href=\"https:\/\/library.wu.ac.at\/bib\/fit4research\/index.php\/fit4research-start\/wissenschaftlich-lesen-schreiben\/wissenschaftliche-quellen-bewerten\/suchergebnisse-bewerten-mach-den-schnelltest\/\" data-type=\"link\" data-id=\"https:\/\/library.wu.ac.at\/bib\/fit4research\/index.php\/fit4research-start\/wissenschaftlich-lesen-schreiben\/wissenschaftliche-quellen-bewerten\/suchergebnisse-bewerten-mach-den-schnelltest\/\">Tipps zur schnellen Bewertung von Suchergebnissen<\/a> sowie <a href=\"https:\/\/library.wu.ac.at\/bib\/fit4research\/index.php\/fit4research-start\/wissenschaftlich-lesen-schreiben\/wissenschaftliche-quellen-bewerten\/qualitaetsmerkmale-von-wissenschaftlichen-quellen\/\" data-type=\"link\" data-id=\"https:\/\/library.wu.ac.at\/bib\/fit4research\/index.php\/fit4research-start\/wissenschaftlich-lesen-schreiben\/wissenschaftliche-quellen-bewerten\/qualitaetsmerkmale-von-wissenschaftlichen-quellen\/\">ausf\u00fchrliche Informationen zu den Qualit\u00e4tsmerkmalen wissenschaftlicher Arbeiten<\/a>.<\/p>\n\n\n\n<p>Du hast einige vielversprechende Quellen gefunden und m\u00f6chtest m\u00f6glichst schnell entscheiden, welche davon relevant f\u00fcr deine Arbeit sind? Mit den richtigen Lesetechniken kannst du viel Zeit sparen. Deswegen haben wir <a href=\"https:\/\/library.wu.ac.at\/bib\/fit4research\/index.php\/fit4research-start\/wissenschaftlich-lesen-schreiben\/wissenschaftliche-texte-lesen-und-verstehen\/\" data-type=\"link\" data-id=\"https:\/\/library.wu.ac.at\/bib\/fit4research\/index.php\/fit4research-start\/wissenschaftlich-lesen-schreiben\/wissenschaftliche-texte-lesen-und-verstehen\/\">Methoden und Techniken zum effektiven Lesen wissenschaftlicher Texte<\/a> f\u00fcr dich gesammelt.<\/p>\n\n\n\n<p>Im Abschnitt <a href=\"https:\/\/library.wu.ac.at\/bib\/fit4research\/index.php\/fit4research-start\/wissenschaftlich-lesen-schreiben\/eigene-arbeiten-schreiben\/\" data-type=\"link\" data-id=\"https:\/\/library.wu.ac.at\/bib\/fit4research\/index.php\/fit4research-start\/wissenschaftlich-lesen-schreiben\/eigene-arbeiten-schreiben\/\">&#8222;Eigene Arbeiten schreiben&#8220;<\/a> leiten wir dich schlie\u00dflich Schritt f\u00fcr Schritt durch die verschiedenen Phasen des Schreibprozesses. Dort findest du auch verschiedene \u00dcbungen, die dir das Schreiben erleichtern k\u00f6nnen.<\/p>\n<\/div><figure class=\"wp-block-media-text__media\"><img loading=\"lazy\" decoding=\"async\" width=\"684\" height=\"1024\" src=\"https:\/\/library.wu.ac.at\/bib\/fit4research\/wp-content\/uploads\/2024\/07\/AdobeStock_483644171-684x1024.jpeg\" alt=\"\" class=\"wp-image-4899 size-full\" srcset=\"https:\/\/library.wu.ac.at\/bib\/fit4research\/wp-content\/uploads\/2024\/07\/AdobeStock_483644171-684x1024.jpeg 684w, https:\/\/library.wu.ac.at\/bib\/fit4research\/wp-content\/uploads\/2024\/07\/AdobeStock_483644171-200x300.jpeg 200w, https:\/\/library.wu.ac.at\/bib\/fit4research\/wp-content\/uploads\/2024\/07\/AdobeStock_483644171-768x1150.jpeg 768w, https:\/\/library.wu.ac.at\/bib\/fit4research\/wp-content\/uploads\/2024\/07\/AdobeStock_483644171-1025x1536.jpeg 1025w, https:\/\/library.wu.ac.at\/bib\/fit4research\/wp-content\/uploads\/2024\/07\/AdobeStock_483644171-1367x2048.jpeg 1367w, https:\/\/library.wu.ac.at\/bib\/fit4research\/wp-content\/uploads\/2024\/07\/AdobeStock_483644171-1568x2349.jpeg 1568w, https:\/\/library.wu.ac.at\/bib\/fit4research\/wp-content\/uploads\/2024\/07\/AdobeStock_483644171-scaled.jpeg 1709w\" sizes=\"auto, (max-width: 684px) 100vw, 684px\" \/><\/figure><\/div>\n\n\n\n<div class=\"wp-block-group\"><div class=\"wp-block-group__inner-container is-layout-constrained wp-block-group-is-layout-constrained\">\n<div class=\"wp-block-group\"><div class=\"wp-block-group__inner-container is-layout-constrained wp-block-group-is-layout-constrained\">\n<div class=\"wp-block-columns is-layout-flex wp-container-core-columns-is-layout-9d6595d7 wp-block-columns-is-layout-flex\">\n<div class=\"wp-block-column is-layout-flow wp-block-column-is-layout-flow\"><\/div>\n\n\n\n<div class=\"wp-block-column is-layout-flow wp-block-column-is-layout-flow\"><\/div>\n<\/div>\n<\/div><\/div>\n<\/div><\/div>\n","protected":false},"excerpt":{"rendered":"<p>&#8211; von der Quelle zum fertigen Text Du wei\u00dft, wie du eine Suchstrategie aufbaust, welche Quellenarten du brauchst und wo du diese findest \u2013 aber was kommt nach der Recherche? In diesem Kapitel findest du Tipps zu allem rund um die Bewertung wissenschaftlicher Quellen, das Lesen wissenschaftlicher Texte und das Verfassen eigener Arbeiten. Es f\u00e4ngt&hellip; <a class=\"more-link\" href=\"https:\/\/library.wu.ac.at\/bib\/fit4research\/index.php\/fit4research-start\/wissenschaftlich-lesen-schreiben\/\">Continue reading <span class=\"screen-reader-text\">Wissenschaftlich lesen &amp; schreiben<\/span><\/a><\/p>\n","protected":false},"author":6,"featured_media":0,"parent":10,"menu_order":3,"comment_status":"closed","ping_status":"closed","template":"","meta":{"footnotes":""},"class_list":["post-4853","page","type-page","status-publish","hentry","entry"],"_links":{"self":[{"href":"https:\/\/library.wu.ac.at\/bib\/fit4research\/index.php\/wp-json\/wp\/v2\/pages\/4853","targetHints":{"allow":["GET"]}}],"collection":[{"href":"https:\/\/library.wu.ac.at\/bib\/fit4research\/index.php\/wp-json\/wp\/v2\/pages"}],"about":[{"href":"https:\/\/library.wu.ac.at\/bib\/fit4research\/index.php\/wp-json\/wp\/v2\/types\/page"}],"author":[{"embeddable":true,"href":"https:\/\/library.wu.ac.at\/bib\/fit4research\/index.php\/wp-json\/wp\/v2\/users\/6"}],"replies":[{"embeddable":true,"href":"https:\/\/library.wu.ac.at\/bib\/fit4research\/index.php\/wp-json\/wp\/v2\/comments?post=4853"}],"version-history":[{"count":4,"href":"https:\/\/library.wu.ac.at\/bib\/fit4research\/index.php\/wp-json\/wp\/v2\/pages\/4853\/revisions"}],"predecessor-version":[{"id":4903,"href":"https:\/\/library.wu.ac.at\/bib\/fit4research\/index.php\/wp-json\/wp\/v2\/pages\/4853\/revisions\/4903"}],"up":[{"embeddable":true,"href":"https:\/\/library.wu.ac.at\/bib\/fit4research\/index.php\/wp-json\/wp\/v2\/pages\/10"}],"wp:attachment":[{"href":"https:\/\/library.wu.ac.at\/bib\/fit4research\/index.php\/wp-json\/wp\/v2\/media?parent=4853"}],"curies":[{"name":"wp","href":"https:\/\/api.w.org\/{rel}","templated":true}]}}