{"id":48,"date":"2023-07-18T14:54:51","date_gmt":"2023-07-18T12:54:51","guid":{"rendered":"https:\/\/library.wu.ac.at\/bib\/fit4research\/?page_id=48"},"modified":"2024-05-02T10:35:07","modified_gmt":"2024-05-02T08:35:07","slug":"zeitschriften","status":"publish","type":"page","link":"https:\/\/library.wu.ac.at\/bib\/fit4research\/index.php\/fit4research-start\/wu-katalog-google-scholar-co-deine-tools-fuer-die-suche\/wu-katalog\/zeitschriften\/","title":{"rendered":"Zeitschriften"},"content":{"rendered":"\n<p>Eine Zeitschrift ist eine regelm\u00e4\u00dfig erscheinende Ver\u00f6ffentlichung, die Informationen zu bestimmten Themen pr\u00e4sentiert. Es gibt unterschiedliche Typen von Zeitschriften. W\u00e4hrend des Studiums wirst du zumeist mit wissenschaftlichen Zeitschriften arbeiten, welche online, gedruckt oder auch in beiden Varianten verf\u00fcgbar sind. In diesen Zeitschriften werden neue wissenschaftlich begr\u00fcndete Ergebnisse zu bestimmten Themen pr\u00e4sentiert. Du kannst den <a href=\"https:\/\/katalog.wu.ac.at\/primo-explore\/search?vid=WUW\" data-type=\"link\" data-id=\"https:\/\/katalog.wu.ac.at\/primo-explore\/search?vid=WUW\" target=\"_blank\" rel=\"noreferrer noopener\">WU Katalog<\/a> nutzen, um nach einer Zeitschrift zu suchen.<\/p>\n\n\n\n<ul class=\"wp-block-list\">\n<li><a href=\"#gedruckte-zs\" data-type=\"internal\" data-id=\"#gedruckte-zs\">Suche nach gedruckten Zeitschriften<\/a><\/li>\n\n\n\n<li><a href=\"#e-journals\" data-type=\"internal\" data-id=\"#e-journals\">Suche nach E-Journals \/ elektronischen Versionen von Zeitschriftentiteln<\/a><\/li>\n\n\n\n<li><a href=\"#zs-alternative\">Was f\u00fcr Alternativen gibt es, wenn die Zeitschrift \/ der Artikel nicht mit dem WU Katalog zu finden ist?<\/a><\/li>\n<\/ul>\n\n\n\n<div class=\"wp-block-group\" style=\"padding-top:3em;padding-right:10rem;padding-bottom:3em;padding-left:10rem\"><div class=\"wp-block-group__inner-container is-layout-constrained wp-container-core-group-is-layout-0682ed28 wp-block-group-is-layout-constrained\">\n<hr class=\"wp-block-separator alignwide has-alpha-channel-opacity is-style-wide\"\/>\n<\/div><\/div>\n\n\n\n<h2 class=\"wp-block-heading\" id=\"gedruckte-zs\">Suche nach gedruckten Zeitschriften<\/h2>\n\n\n\n<h3 class=\"wp-block-heading\">Wie finde ich einen bestimmten Zeitschriftentitel oder Zeitschriftenartikel?<\/h3>\n\n\n\n<p>Achtung: Du kannst im <a href=\"https:\/\/katalog.wu.ac.at\/primo-explore\/search?vid=WUW\" data-type=\"link\" data-id=\"https:\/\/katalog.wu.ac.at\/primo-explore\/search?vid=WUW\" target=\"_blank\" rel=\"noreferrer noopener\">WU Katalog<\/a> nur nach den Titeln von Zeitschriften, aber nicht nach den darin enthaltenen Artikeln suchen. Die einzelnen Zeitschriftenaufs\u00e4tze findest du mit dem <a href=\"https:\/\/library.wu.ac.at\/bib\/fit4research\/index.php\/wu-katalog-google-scholar-co-deine-tools-fuer-die-suche\/wu-katalog\/katalogplus\/\" data-type=\"link\" data-id=\"https:\/\/library.wu.ac.at\/bib\/fit4research\/index.php\/wu-katalog-google-scholar-co-deine-tools-fuer-die-suche\/wu-katalog\/katalogplus\/\">KatalogPLUS<\/a>. F\u00fcr eine tiefere thematische Recherche verwendest du die <a href=\"https:\/\/library.wu.ac.at\/bib\/fit4research\/index.php\/wu-katalog-google-scholar-co-deine-tools-fuer-die-suche\/datenbanken\/\" data-type=\"link\" data-id=\"https:\/\/library.wu.ac.at\/bib\/fit4research\/index.php\/wu-katalog-google-scholar-co-deine-tools-fuer-die-suche\/datenbanken\/\">Fachdatenbanken<\/a>.<\/p>\n\n\n\n<div class=\"wp-block-media-text is-stacked-on-mobile\"><figure class=\"wp-block-media-text__media\"><img decoding=\"async\" src=\"https:\/\/learn.wu.ac.at\/open\/fit4research\/file\/Zeitschriftentitel_Katalogauswahl4.PNG?m=download\" alt=\"Im Suchschlitz den WU Katalogs wurde \u201ethe economist\u201c eingegeben, der Katalog liefert die Vorschl\u00e4ge, nach dem Begriff entweder im Katalog oder im KatalogPlus zu suchen.\"\/><\/figure><div class=\"wp-block-media-text__content\">\n<p>So suchst du im <strong>WU Katalog<\/strong> oder im <strong>KatalogPLUS<\/strong> nach der gew\u00fcnschten Zeitschrift.<\/p>\n<\/div><\/div>\n\n\n\n<div class=\"wp-block-media-text has-media-on-the-right is-stacked-on-mobile\"><div class=\"wp-block-media-text__content\">\n<p>Du kannst die Suche auf <strong>Zeitschriftentitel<\/strong> einschr\u00e4nken.<\/p>\n<\/div><figure class=\"wp-block-media-text__media\"><img loading=\"lazy\" decoding=\"async\" width=\"1024\" height=\"473\" src=\"https:\/\/library.wu.ac.at\/bib\/fit4research\/wp-content\/uploads\/2023\/08\/image-30-1024x473.png\" alt=\"Im Suchschlitz des WU Katalogs ist der Reiter \u201eZeitschriftentitel\u201c ersichtlich und hervorgehoben.\" class=\"wp-image-669 size-full\" srcset=\"https:\/\/library.wu.ac.at\/bib\/fit4research\/wp-content\/uploads\/2023\/08\/image-30-1024x473.png 1024w, https:\/\/library.wu.ac.at\/bib\/fit4research\/wp-content\/uploads\/2023\/08\/image-30-300x139.png 300w, https:\/\/library.wu.ac.at\/bib\/fit4research\/wp-content\/uploads\/2023\/08\/image-30-768x355.png 768w, https:\/\/library.wu.ac.at\/bib\/fit4research\/wp-content\/uploads\/2023\/08\/image-30.png 1289w\" sizes=\"auto, (max-width: 1024px) 100vw, 1024px\" \/><\/figure><\/div>\n\n\n\n<p>In der Ergebnisliste suchst du die gew\u00fcnschte Zeitschrift heraus. Wenn du auf den Titel klickst, siehst du weitere Auswahlm\u00f6glichkeiten, wie die Einschr\u00e4nkung auf Jahr, Band und Beschreibung. Du kannst auch direkt einen Standort auszuw\u00e4hlen und mit Hilfe der Angaben in der Beschreibung das richtige Heft bzw. den richtigen Band identifizieren. Manchmal ist eine Zeitschrift nicht verf\u00fcgbar, aber es gibt <a href=\"https:\/\/library.wu.ac.at\/bib\/fit4research\/index.php\/zugriff-auf-literatur-online-und-vor-ort\/beschaffung-nicht-verfuegbarer-literatur\/\" data-type=\"page\" data-id=\"92\">alternative Zugangsm\u00f6glichkeiten<\/a>.<\/p>\n\n\n\n<p>Die Signatur einer Zeitschrift besteht aus diesen Elementen:<\/p>\n\n\n\n<p>Beispiel: <strong>The Economist &#8211; 33097-C\/2017,3<\/strong><\/p>\n\n\n\n<figure class=\"wp-block-table is-style-stripes\"><table class=\"has-blue-background-color has-background\"><tbody><tr><td><strong>33097-C<\/strong><\/td><td>Kennzahl der Zeitschrift<\/td><\/tr><tr><td><strong>2017<\/strong><\/td><td>Jahrgang<\/td><\/tr><tr><td><strong>3<\/strong><\/td><td>Fortlaufende Nummer des Bandes<\/td><\/tr><\/tbody><\/table><\/figure>\n\n\n\n<p>Zusammen mit der Beschreibung <strong>2017,Juli-Sept.<\/strong> zeigen die Daten, dass es sich um den dritten Band des Jahres 2017 handelt, in dem sich die Hefte der Monate Juli bis September befinden. Die gebundenen Zeitschriften findest du im <a href=\"https:\/\/library.wu.ac.at\/bib\/fit4research\/index.php\/zugriff-auf-literatur-online-und-vor-ort\/orientierung-in-der-bibliothek-wo-finde-ich-was\/ebene-2\/\" data-type=\"URL\">Untergeschoss auf Ebene -2<\/a> im Bereich Zeitschriften.<\/p>\n\n\n\n<h4 class=\"wp-block-heading\"><strong>Aktueller Jahrgang<\/strong><\/h4>\n\n\n\n<p>Der aktuelle Jahrgang einer Zeitschrift hat nur die Kennzahl als Signatur und steht im <a href=\"https:\/\/library.wu.ac.at\/bib\/fit4research\/index.php\/zugriff-auf-literatur-online-und-vor-ort\/orientierung-in-der-bibliothek-wo-finde-ich-was\/ebene-4\/\" data-type=\"page\" data-id=\"235\">Zeitschriftenbereich bzw. der Newslounge auf Ebene 4<\/a>.<\/p>\n\n\n\n<p>Beispiel: <strong>The Economist &#8211; 33097-C<\/strong><br>Beschreibung: <strong>2023,9348<\/strong>&nbsp;<strong><\/strong><\/p>\n\n\n\n<p>Dieses Heft tr\u00e4gt die laufende Nummer 9348 und ist aus dem Jahr 2023.<\/p>\n\n\n\n<h4 class=\"wp-block-heading\">Weitere Informationen zum Bestand<\/h4>\n\n\n\n<p>Weitere Informationen zum Bestand findest du unter <em>Standorte<\/em> bzw. im Tab <em>Details<\/em> unter dem Punkt <em>Bestandsangabe<\/em>.<\/p>\n\n\n\n<figure class=\"wp-block-image size-large\"><img loading=\"lazy\" decoding=\"async\" width=\"1024\" height=\"469\" src=\"https:\/\/library.wu.ac.at\/bib\/fit4research\/wp-content\/uploads\/2023\/08\/Zeitschriften_Weitere-Informationen-zum-Bestand-1-1024x469.png\" alt=\"Detailansicht einer Zeitschrift im WU Katalog, der Reiter \u201eStandorte\u201c ist hervorgehoben.\" class=\"wp-image-856\" srcset=\"https:\/\/library.wu.ac.at\/bib\/fit4research\/wp-content\/uploads\/2023\/08\/Zeitschriften_Weitere-Informationen-zum-Bestand-1-1024x469.png 1024w, https:\/\/library.wu.ac.at\/bib\/fit4research\/wp-content\/uploads\/2023\/08\/Zeitschriften_Weitere-Informationen-zum-Bestand-1-300x137.png 300w, https:\/\/library.wu.ac.at\/bib\/fit4research\/wp-content\/uploads\/2023\/08\/Zeitschriften_Weitere-Informationen-zum-Bestand-1-768x352.png 768w, https:\/\/library.wu.ac.at\/bib\/fit4research\/wp-content\/uploads\/2023\/08\/Zeitschriften_Weitere-Informationen-zum-Bestand-1.png 1184w\" sizes=\"auto, (max-width: 1024px) 100vw, 1024px\" \/><\/figure>\n\n\n\n<figure class=\"wp-block-image size-large\"><img loading=\"lazy\" decoding=\"async\" width=\"1024\" height=\"85\" src=\"https:\/\/library.wu.ac.at\/bib\/fit4research\/wp-content\/uploads\/2023\/08\/Zeitschriften_Bestandsangabe-1024x85.png\" alt=\"Detailansicht einer Zeitschrift im WU Katalog, der Tab \u201eBestandsangabe\u201c ist hervorgehoben.\" class=\"wp-image-858\" srcset=\"https:\/\/library.wu.ac.at\/bib\/fit4research\/wp-content\/uploads\/2023\/08\/Zeitschriften_Bestandsangabe-1024x85.png 1024w, https:\/\/library.wu.ac.at\/bib\/fit4research\/wp-content\/uploads\/2023\/08\/Zeitschriften_Bestandsangabe-300x25.png 300w, https:\/\/library.wu.ac.at\/bib\/fit4research\/wp-content\/uploads\/2023\/08\/Zeitschriften_Bestandsangabe-768x64.png 768w, https:\/\/library.wu.ac.at\/bib\/fit4research\/wp-content\/uploads\/2023\/08\/Zeitschriften_Bestandsangabe.png 1069w\" sizes=\"auto, (max-width: 1024px) 100vw, 1024px\" \/><\/figure>\n\n\n\n<div class=\"wp-block-group\" style=\"padding-top:3em;padding-right:10rem;padding-bottom:3em;padding-left:10rem\"><div class=\"wp-block-group__inner-container is-layout-constrained wp-container-core-group-is-layout-0682ed28 wp-block-group-is-layout-constrained\">\n<hr class=\"wp-block-separator alignwide has-alpha-channel-opacity is-style-wide\"\/>\n<\/div><\/div>\n\n\n\n<h2 class=\"wp-block-heading\" id=\"e-journals\">Suche nach E-Journals bzw. elektronischen Versionen von Zeitschriftentiteln<\/h2>\n\n\n\n<h3 class=\"wp-block-heading\">Was ist ein E-Journal?<\/h3>\n\n\n\n<p>Elektronische Zeitschriften oder E-Journals erscheinen entweder parallel zur Printausgabe (vollst\u00e4ndig oder nur teilweise) oder nur digital (es gibt keine gedruckte Version). Der Zugriff auf den Volltext ist entweder frei oder kostenpflichtig (z.B. gekoppelt an ein Abonnement f\u00fcr die Printausgabe oder \u00fcber ein eigenes Abonnement).<\/p>\n\n\n\n<p>Die WU Bibliothek hat \u00fcber 28.000 elektronische Zeitschriften im Volltext lizenziert. Auf diese Zeitschriften k\u00f6nnen WU Angeh\u00f6rige und Bibliotheksnutzer*innen zugreifen.<\/p>\n\n\n\n<div class=\"wp-block-media-text is-stacked-on-mobile\"><figure class=\"wp-block-media-text__media\"><img decoding=\"async\" src=\"https:\/\/learn.wu.ac.at\/open\/fit4research\/file\/Zeitschriftentitel_alphabetisch1.PNG?m=download\" alt=\"\"\/><\/figure><div class=\"wp-block-media-text__content\">\n<p>Du findest die alphabetisch sortierten Zeitschriftentitel im <a href=\"https:\/\/katalog.wu.ac.at\/primo-explore\/search?vid=WUW\" data-type=\"link\" data-id=\"https:\/\/katalog.wu.ac.at\/primo-explore\/search?vid=WUW\" target=\"_blank\" rel=\"noreferrer noopener\">WU Katalog<\/a> auch direkt \u00fcber das Tab <em>E-Journals A-Z<\/em>. Hier ist eine Suche nach Alphabet oder durch Eingabe des gew\u00fcnschten Titels bzw. dessen ISSN (Internationale Standardnummer f\u00fcr fortlaufende Sammelwerke) m\u00f6glich.<\/p>\n<\/div><\/div>\n\n\n\n<h3 class=\"wp-block-heading\">Wie finde ich ein bestimmtes E-Journal bzw. die elektronische Version eines Zeitschriftentitels?<\/h3>\n\n\n\n<p>Die von der Universit\u00e4tsbibliothek lizenzierten E-Journals sind ebenfalls in der <a href=\"https:\/\/ezb.ur.de\/ezeit\/search.phtml?bibid=UBWUW&amp;colors=7&amp;frames=&amp;toc=&amp;ssg=\" data-type=\"link\" data-id=\"http:\/\/rzblx1.uni-regensburg.de\/ezeit\/search.phtml?bibid=UBWUW&amp;colors=7&amp;frames=&amp;toc=&amp;ssg=\" target=\"_blank\" rel=\"noreferrer noopener\">Elektronischen Zeitschriftenbibliothek (EZB)<\/a> verzeichnet. Du kannst in der EZB gezielt nach Zeitschriftentiteln suchen oder dir eine \u00dcbersicht der lizenzierten Zeitschriften nach Fachgebiet anzeigen lassen.<\/p>\n\n\n\n<p>Eine Suche nach einzelnen Zeitschriftenaufs\u00e4tzen ist in der EZB nicht m\u00f6glich.<\/p>\n\n\n\n<p><a href=\"https:\/\/www.wu.ac.at\/bibliothek\/recherche\/zeitschriftenverzeichnisse\/e-journals\" target=\"_blank\" rel=\"noreferrer noopener\">Weitere Informationen zur Recherche nach E-Journals im Angebot der Bibliothek<\/a><\/p>\n\n\n\n<p><a href=\"https:\/\/ezb.ur.de\/ezeit\/search.phtml?bibid=UBWUW&amp;colors=7&amp;frames=&amp;toc=&amp;ssg=\" target=\"_blank\" rel=\"noreferrer noopener\">Link zur EZB<\/a><\/p>\n\n\n\n<h3 class=\"wp-block-heading\">Auf die Volltexte welcher E-Journals habe ich Zugriff?<\/h3>\n\n\n\n<p>Nicht alle E-Journals, die du \u00fcber die EZB findest, werden von der Universit\u00e4tsbibliothek vollst\u00e4ndig lizenziert. Details zu den Zugriffsm\u00f6glichkeiten stehen in der jeweiligen Titelinformation.<\/p>\n\n\n\n<div class=\"wp-block-media-text is-stacked-on-mobile\"><figure class=\"wp-block-media-text__media\"><img decoding=\"async\" src=\"https:\/\/learn.wu.ac.at\/open\/fit4research\/download\/file\/ezb_ampel_gelb\" alt=\"Titelinformation eines Journals. Sie besagt \u201eOnline-Verf\u00fcgbarkeit: Volltextzugriff. Zu den Volltexten: Jg. 1 (2009) \u2013&quot;\"\/><\/figure><div class=\"wp-block-media-text__content\">\n<p>Artikel sind als Volltext ab dem 1. Jahrgang 2009 bis zum aktuellen Heft lizenziert.<\/p>\n<\/div><\/div>\n\n\n\n<div class=\"wp-block-media-text is-stacked-on-mobile\"><figure class=\"wp-block-media-text__media\"><img decoding=\"async\" src=\"https:\/\/learn.wu.ac.at\/open\/fit4research\/download\/file\/ezb_ampel_gelbrot\" alt=\"Titelinformation eines Journals. Sie besagt \u201eOnline Verf\u00fcgbarkeit: Volltextzugriff. Zu den Volltexten: Jg. 28, H. 1 (2000) \u2013. Nicht lizenziert f\u00fcr die restlichen Zeitr\u00e4ume\u201c\"\/><\/figure><div class=\"wp-block-media-text__content\">\n<p>Artikel sind als Volltext ab dem 28. Jahrgang, Heft 1 (2000) bis zum aktuellen Heft lizenziert. Die Artikel, die davor erschienen sind, sind nicht elektronisch verf\u00fcgbar.<\/p>\n<\/div><\/div>\n\n\n\n<div class=\"wp-block-media-text is-stacked-on-mobile\"><figure class=\"wp-block-media-text__media\"><img decoding=\"async\" src=\"https:\/\/learn.wu.ac.at\/open\/fit4research\/download\/file\/ezb_ampel_rot\" alt=\"Titelinformation eines Journals. Sie besagt \u201eOnline Verf\u00fcgbarkeit: Volltexte nicht lizenziert. Zur Homepage der Zeitschrift\u201c\"\/><\/figure><div class=\"wp-block-media-text__content\">\n<p>Die Artikel dieser Zeitschrift sind nicht elektronisch verf\u00fcgbar. Informationen zu alternativen Zugangsm\u00f6glichkeiten findest du <a href=\"https:\/\/library.wu.ac.at\/bib\/fit4research\/index.php\/zugriff-auf-literatur-online-und-vor-ort\/beschaffung-nicht-verfuegbarer-literatur\/\" data-type=\"page\" data-id=\"92\">hier<\/a>.<\/p>\n<\/div><\/div>\n\n\n\n<h3 class=\"wp-block-heading\">Wie finde ich die E-Journals eines bestimmten Verlags?<\/h3>\n\n\n\n<p>Verwende daf\u00fcr die erweiterte Suche der EZB. Gib dort in das Feld <em>Verlag<\/em> den Suchbegriff ein.<\/p>\n\n\n\n<h4 class=\"wp-block-heading\">Beispiel: Suche in der EZB nach Zeitschriften von Verlagen aus dem Rechtsbereich<\/h4>\n\n\n\n<figure class=\"wp-block-image size-full is-style-default\"><img loading=\"lazy\" decoding=\"async\" width=\"604\" height=\"180\" src=\"https:\/\/library.wu.ac.at\/bib\/fit4research\/wp-content\/uploads\/2023\/08\/image-26.png\" alt=\"Erweiterte Suche der EZB, im Feld \u201eVerlag\u201c wurde \u201elexis\u201c eingegeben.\" class=\"wp-image-620\" srcset=\"https:\/\/library.wu.ac.at\/bib\/fit4research\/wp-content\/uploads\/2023\/08\/image-26.png 604w, https:\/\/library.wu.ac.at\/bib\/fit4research\/wp-content\/uploads\/2023\/08\/image-26-300x89.png 300w\" sizes=\"auto, (max-width: 604px) 100vw, 604px\" \/><\/figure>\n\n\n\n<p>In der folgenden Tabelle findest du die geeigneten Suchbegriffe f\u00fcr eine Reihe von Verlagen.<\/p>\n\n\n\n<figure class=\"wp-block-table is-style-stripes\"><table class=\"has-blue-background-color has-background has-fixed-layout\"><thead><tr><th>Verlag \/ Datenbank<\/th><th>Suchbegriff im Feld <em>Verlag<\/em><\/th><\/tr><\/thead><tbody><tr><td>Beck \/ Beck-Online<\/td><td>beck<\/td><\/tr><tr><td>Hein \/ Hein-Online Law Journal Library<\/td><td>hein<\/td><\/tr><tr><td>Manz \/ RDB<\/td><td>rdb<\/td><\/tr><tr><td>LexisNexis \u00d6sterreich<\/td><td>lexis<\/td><\/tr><tr><td>Linde \/ Lindeonline<\/td><td>linde<\/td><\/tr><tr><td>Verlag \u00d6sterreich \/ Verlag \u00d6sterreich eLibrary<\/td><td>verlag \u00f6sterreich<\/td><\/tr><\/tbody><\/table><\/figure>\n\n\n\n<h3 class=\"wp-block-heading\">Wie finde ich elektronisch verf\u00fcgbare Artikel aus wissenschaftlichen Zeitschriften?<\/h3>\n\n\n\n<p>In den von der Universit\u00e4tsbibliothek lizenzierten <a href=\"https:\/\/www.wu.ac.at\/bibliothek\/recherche\/datenbanken\/\" data-type=\"link\" data-id=\"https:\/\/www.wu.ac.at\/bibliothek\/recherche\/datenbanken\/\" target=\"_blank\" rel=\"noreferrer noopener\">Datenbanken<\/a> kannst du direkt nach Artikeln recherchieren. Weitere Informationen dazu gibt es <a href=\"https:\/\/library.wu.ac.at\/bib\/fit4research\/index.php\/wu-katalog-google-scholar-co-deine-tools-fuer-die-suche\/datenbanken\/\" data-type=\"link\" data-id=\"https:\/\/library.wu.ac.at\/bib\/fit4research\/index.php\/wu-katalog-google-scholar-co-deine-tools-fuer-die-suche\/datenbanken\/\">hier<\/a>.<\/p>\n\n\n\n<div class=\"wp-block-group\" style=\"padding-top:3em;padding-right:10rem;padding-bottom:3em;padding-left:10rem\"><div class=\"wp-block-group__inner-container is-layout-constrained wp-container-core-group-is-layout-0682ed28 wp-block-group-is-layout-constrained\">\n<hr class=\"wp-block-separator alignwide has-alpha-channel-opacity is-style-wide\"\/>\n<\/div><\/div>\n\n\n\n<h2 class=\"wp-block-heading\" id=\"zs-alternative\">Was f\u00fcr Alternativen gibt es, wenn die Zeitschrift \/ der Artikel nicht mit dem WU Katalog zu finden ist?<\/h2>\n\n\n\n<h3 class=\"wp-block-heading\">Zugang \u00fcber andere Institutionen<\/h3>\n\n\n\n<p>Du kannst nach anderen wissenschaftlichen Einrichtungen suchen, die Zugang zu der gew\u00fcnschten Zeitschrift anbieten.<\/p>\n\n\n\n<p>In der <a href=\"https:\/\/www.wu.ac.at\/bibliothek\/recherche\/zeitschriftenverzeichnisse\/e-journals\" target=\"_blank\" rel=\"noreferrer noopener\">Elektronischen Zeitschriftenbibliothek (EZB)<\/a> kannst du nach dem Titel des E-Journals suchen. Am Ende des Detaileintrags der Zeitschrift findest du den Link <em>Liste der teilnehmenden Institutionen, die Volltextzugriff bieten<\/em>. W\u00e4hle eine Institution aus und wechsle zu dieser Einrichtung, um weitere Informationen \u00fcber die Zugriffsm\u00f6glichkeiten zu erhalten. In der Regel wird kein Fernzugriff m\u00f6glich sein. Das hei\u00dft, du kannst die Artikel nur vor Ort in der Einrichtung abrufen.<\/p>\n\n\n\n<p>Die <a href=\"http:\/\/search.obvsg.at\/OBV\" target=\"_blank\" rel=\"noreferrer noopener\">Suchmaschine des \u00f6sterreichischen Bibliothekenverbundes<\/a> verzeichnet den Bestand von mehr als 80 haupts\u00e4chlich wissenschaftlichen Bibliotheken in \u00d6sterreich. Benutze die <em>erweiterte Suche<\/em> und w\u00e4hle als Medientyp <em>Zeitschrift<\/em> aus.<\/p>\n\n\n\n<h3 class=\"wp-block-heading\">Artikel bestellen &#8211; Document Delivery Service<\/h3>\n\n\n\n<p>Einzelne Artikel k\u00f6nnen kostenpflichtig <a href=\"https:\/\/www.wu.ac.at\/bibliothek\/services\/wu-studentinnen\/literaturbedarf\/artikelbestellung\" target=\"_blank\" rel=\"noreferrer noopener\">bestellt<\/a> werden.<\/p>\n\n\n\n<div class=\"wp-block-group\"><div class=\"wp-block-group__inner-container is-layout-constrained wp-block-group-is-layout-constrained\">\n<div class=\"wp-block-group\"><div class=\"wp-block-group__inner-container is-layout-constrained wp-block-group-is-layout-constrained\">\n<div class=\"wp-block-columns is-layout-flex wp-container-core-columns-is-layout-9d6595d7 wp-block-columns-is-layout-flex\">\n<div class=\"wp-block-column is-layout-flow wp-block-column-is-layout-flow\"><\/div>\n\n\n\n<div class=\"wp-block-column is-layout-flow wp-block-column-is-layout-flow\"><\/div>\n<\/div>\n<\/div><\/div>\n<\/div><\/div>\n","protected":false},"excerpt":{"rendered":"<p>Eine Zeitschrift ist eine regelm\u00e4\u00dfig erscheinende Ver\u00f6ffentlichung, die Informationen zu bestimmten Themen pr\u00e4sentiert. Es gibt unterschiedliche Typen von Zeitschriften. W\u00e4hrend des Studiums wirst du zumeist mit wissenschaftlichen Zeitschriften arbeiten, welche online, gedruckt oder auch in beiden Varianten verf\u00fcgbar sind. In diesen Zeitschriften werden neue wissenschaftlich begr\u00fcndete Ergebnisse zu bestimmten Themen pr\u00e4sentiert. Du kannst den WU&hellip; <a class=\"more-link\" href=\"https:\/\/library.wu.ac.at\/bib\/fit4research\/index.php\/fit4research-start\/wu-katalog-google-scholar-co-deine-tools-fuer-die-suche\/wu-katalog\/zeitschriften\/\">Continue reading <span class=\"screen-reader-text\">Zeitschriften<\/span><\/a><\/p>\n","protected":false},"author":2,"featured_media":0,"parent":44,"menu_order":1,"comment_status":"closed","ping_status":"closed","template":"","meta":{"footnotes":""},"class_list":["post-48","page","type-page","status-publish","hentry","entry"],"_links":{"self":[{"href":"https:\/\/library.wu.ac.at\/bib\/fit4research\/index.php\/wp-json\/wp\/v2\/pages\/48","targetHints":{"allow":["GET"]}}],"collection":[{"href":"https:\/\/library.wu.ac.at\/bib\/fit4research\/index.php\/wp-json\/wp\/v2\/pages"}],"about":[{"href":"https:\/\/library.wu.ac.at\/bib\/fit4research\/index.php\/wp-json\/wp\/v2\/types\/page"}],"author":[{"embeddable":true,"href":"https:\/\/library.wu.ac.at\/bib\/fit4research\/index.php\/wp-json\/wp\/v2\/users\/2"}],"replies":[{"embeddable":true,"href":"https:\/\/library.wu.ac.at\/bib\/fit4research\/index.php\/wp-json\/wp\/v2\/comments?post=48"}],"version-history":[{"count":24,"href":"https:\/\/library.wu.ac.at\/bib\/fit4research\/index.php\/wp-json\/wp\/v2\/pages\/48\/revisions"}],"predecessor-version":[{"id":4585,"href":"https:\/\/library.wu.ac.at\/bib\/fit4research\/index.php\/wp-json\/wp\/v2\/pages\/48\/revisions\/4585"}],"up":[{"embeddable":true,"href":"https:\/\/library.wu.ac.at\/bib\/fit4research\/index.php\/wp-json\/wp\/v2\/pages\/44"}],"wp:attachment":[{"href":"https:\/\/library.wu.ac.at\/bib\/fit4research\/index.php\/wp-json\/wp\/v2\/media?parent=48"}],"curies":[{"name":"wp","href":"https:\/\/api.w.org\/{rel}","templated":true}]}}