{"id":46,"date":"2023-07-18T14:54:25","date_gmt":"2023-07-18T12:54:25","guid":{"rendered":"https:\/\/library.wu.ac.at\/bib\/fit4research\/?page_id=46"},"modified":"2025-02-26T12:12:52","modified_gmt":"2025-02-26T11:12:52","slug":"katalogplus","status":"publish","type":"page","link":"https:\/\/library.wu.ac.at\/bib\/fit4research\/index.php\/fit4research-start\/wu-katalog-google-scholar-co-deine-tools-fuer-die-suche\/wu-katalog\/katalogplus\/","title":{"rendered":"KatalogPLUS"},"content":{"rendered":"\n<p>Folgende Best\u00e4nde bekommst du im regul\u00e4ren WU Katalog angezeigt: Printmedien (B\u00fccher und Zeitschriften), E-Books und E-Journals, WU Hochschulschriften und den Bestand des Sprachlernzentrums. Der <a href=\"https:\/\/katalog.wu.ac.at\/primo-explore\/search?vid=WUW&amp;institution=WUW&amp;tab=wuw_nur_pc&amp;search_scope=Artikel\" data-type=\"link\" data-id=\"https:\/\/katalog.wu.ac.at\/primo-explore\/search?vid=WUW&amp;institution=WUW&amp;tab=wuw_nur_pc&amp;search_scope=Artikel\" target=\"_blank\" rel=\"noreferrer noopener\">KatalogPLUS<\/a> liefert dir dar\u00fcber hinaus noch wesentlich mehr Ergebnisse. Dort findest du au\u00dferdem: mehr als 300 Millionen Literaturhinweise und Volltexte aus den <a href=\"https:\/\/library.wu.ac.at\/bib\/fit4research\/index.php\/fit4research-start\/wu-katalog-google-scholar-co-deine-tools-fuer-die-suche\/datenbanken\/\" data-type=\"link\" data-id=\"https:\/\/library.wu.ac.at\/bib\/fit4research\/index.php\/fit4research-start\/wu-katalog-google-scholar-co-deine-tools-fuer-die-suche\/datenbanken\/\">Datenbanken<\/a> der Bibliothek. Auch Open Access-Quellen findest du in den Ergebnissen.<\/p>\n\n\n\n<div class=\"wp-block-group\" style=\"padding-top:3em;padding-right:10rem;padding-bottom:3em;padding-left:10rem\"><div class=\"wp-block-group__inner-container is-layout-constrained wp-container-core-group-is-layout-0682ed28 wp-block-group-is-layout-constrained\">\n<hr class=\"wp-block-separator alignwide has-alpha-channel-opacity is-style-wide\"\/>\n<\/div><\/div>\n\n\n\n<h2 class=\"wp-block-heading\" id=\"DerWUKatalog-ZugangzuOnline-Ressourcen\">Zugang zu Online-Ressourcen<\/h2>\n\n\n\n<p>W\u00fcrdest du manchmal gern von zuhause bequem auf elektronische Ressourcen zugreifen? Als WU Angeh\u00f6rige*r (WU Studierende und WU Mitarbeiter*innen) ist das jederzeit m\u00f6glich. Schau dazu nur immer, ob dein Fernzugriff aktiv ist, du also \u00fcber <a rel=\"noreferrer noopener\" href=\"https:\/\/www.wu.ac.at\/bibliothek\/recherche\/zugang-zu-online-ressourcen\/\" target=\"_blank\">VPN<\/a> mit der WU verbunden bist.<\/p>\n\n\n\n<p>In den untenstehenden Abbildungen siehst du, wie du vom regul\u00e4ren WU Katalog auf den KatalogPLUS umschalten kannst.<\/p>\n\n\n\n<figure class=\"wp-block-image\"><img loading=\"lazy\" decoding=\"async\" width=\"1024\" height=\"411\" src=\"https:\/\/library.wu.ac.at\/bib\/fit4research\/wp-content\/uploads\/2023\/08\/grafik-1024x411.png\" alt=\"Die Suchmaske des WU Katalogs, der Reiter \u201eKatalog\u201c im Suchschlitz ist hervorgehoben.\" class=\"wp-image-384\" srcset=\"https:\/\/library.wu.ac.at\/bib\/fit4research\/wp-content\/uploads\/2023\/08\/grafik-1024x411.png 1024w, https:\/\/library.wu.ac.at\/bib\/fit4research\/wp-content\/uploads\/2023\/08\/grafik-300x121.png 300w, https:\/\/library.wu.ac.at\/bib\/fit4research\/wp-content\/uploads\/2023\/08\/grafik-768x309.png 768w, https:\/\/library.wu.ac.at\/bib\/fit4research\/wp-content\/uploads\/2023\/08\/grafik.png 1314w\" sizes=\"auto, (max-width: 1024px) 100vw, 1024px\" \/><\/figure>\n\n\n\n<figure class=\"wp-block-image size-large\"><img loading=\"lazy\" decoding=\"async\" width=\"1024\" height=\"407\" src=\"https:\/\/library.wu.ac.at\/bib\/fit4research\/wp-content\/uploads\/2023\/08\/image-6-1024x407.png\" alt=\"Die Suchmaske des WU Katalogs, der Reiter \u201eKatalog\u201c ist angew\u00e4hlt, die Option \u201eKatalogPlus\u201c ist ersichtlich.\" class=\"wp-image-582\" srcset=\"https:\/\/library.wu.ac.at\/bib\/fit4research\/wp-content\/uploads\/2023\/08\/image-6-1024x407.png 1024w, https:\/\/library.wu.ac.at\/bib\/fit4research\/wp-content\/uploads\/2023\/08\/image-6-300x119.png 300w, https:\/\/library.wu.ac.at\/bib\/fit4research\/wp-content\/uploads\/2023\/08\/image-6-768x305.png 768w, https:\/\/library.wu.ac.at\/bib\/fit4research\/wp-content\/uploads\/2023\/08\/image-6.png 1330w\" sizes=\"auto, (max-width: 1024px) 100vw, 1024px\" \/><\/figure>\n\n\n\n<div class=\"wp-block-group\" style=\"padding-top:3em;padding-right:10rem;padding-bottom:3em;padding-left:10rem\"><div class=\"wp-block-group__inner-container is-layout-constrained wp-container-core-group-is-layout-0682ed28 wp-block-group-is-layout-constrained\">\n<hr class=\"wp-block-separator alignwide has-alpha-channel-opacity is-style-wide\"\/>\n<\/div><\/div>\n\n\n\n<h2 class=\"wp-block-heading\" id=\"DerWUKatalog-Filter&amp;Funktionen\">Filter &amp; Funktionen<\/h2>\n\n\n\n<p>Der <a href=\"https:\/\/katalog.wu.ac.at\/primo-explore\/search?vid=WUW&amp;institution=WUW&amp;tab=wuw_nur_pc&amp;search_scope=Artikel\" data-type=\"link\" data-id=\"https:\/\/katalog.wu.ac.at\/primo-explore\/search?vid=WUW&amp;institution=WUW&amp;tab=wuw_nur_pc&amp;search_scope=Artikel\" target=\"_blank\" rel=\"noreferrer noopener\">KatalogPLUS<\/a> erm\u00f6glicht dir, deine Suchergebnisse auf bestimmte Kriterien einzuschr\u00e4nken. Ebenso ist es m\u00f6glich, die Trefferliste auszuweiten und noch mehrere Ergebnisse zu erhalten. Auch noch weitere f\u00fcr deine Recherche relevante Treffer zu bekommen ist m\u00f6glich. Ein paar dieser Methoden stellen wir euch hier vor.<\/p>\n\n\n\n<h3 class=\"wp-block-heading\" id=\"peer\">Filter \u201ePeer Reviewed\u201c<\/h3>\n\n\n\n<div class=\"wp-block-media-text has-media-on-the-right is-stacked-on-mobile\"><div class=\"wp-block-media-text__content\">\n<p>Mit dem Filter \u201ePeer-reviewed Journals\u201c schr\u00e4nkst du deine Suchergebnisse auf wissenschaftliche Zeitschriftenartikel ein, die durch ein Peer-Review Verfahren gepr\u00fcft wurden. Wie dieses Verfahren funktioniert, erf\u00e4hrst du <a href=\"https:\/\/katalog.wu.ac.at\/primo-explore\/fulldisplay?docid=TN_cdi_britannica_eb_627766&amp;context=PC&amp;vid=WUW&amp;lang=de_DE&amp;search_scope=Artikel&amp;adaptor=primo_central_multiple_fe&amp;tab=wuw_nur_pc&amp;query=title,contains,peer%20review,AND&amp;query=any,contains,encyclopedia,AND&amp;facet=rtype,include,reference_entrys&amp;mode=advanced&amp;offset=0\" target=\"_blank\" rel=\"noreferrer noopener\">hier<\/a>.<\/p>\n<\/div><figure class=\"wp-block-media-text__media\"><img loading=\"lazy\" decoding=\"async\" width=\"1024\" height=\"382\" src=\"https:\/\/library.wu.ac.at\/bib\/fit4research\/wp-content\/uploads\/2023\/08\/image-7-1024x382.png\" alt=\"Ein Treffer im WU KatalogPlus, die Kennzeichnung \u201ePeer Reviewed\u201c und der zugeh\u00f6rige Filter sind hervorgehoben.\" class=\"wp-image-583 size-full\" srcset=\"https:\/\/library.wu.ac.at\/bib\/fit4research\/wp-content\/uploads\/2023\/08\/image-7-1024x382.png 1024w, https:\/\/library.wu.ac.at\/bib\/fit4research\/wp-content\/uploads\/2023\/08\/image-7-300x112.png 300w, https:\/\/library.wu.ac.at\/bib\/fit4research\/wp-content\/uploads\/2023\/08\/image-7-768x286.png 768w, https:\/\/library.wu.ac.at\/bib\/fit4research\/wp-content\/uploads\/2023\/08\/image-7.png 1336w\" sizes=\"auto, (max-width: 1024px) 100vw, 1024px\" \/><\/figure><\/div>\n\n\n\n<h3 class=\"wp-block-heading\" id=\"openaccess\">Filter \u201eOpen Access\u201c<\/h3>\n\n\n\n<p>Dieser Filter liefert dir \u201efree to read\u201c-Inhalte (inkl. <a href=\"https:\/\/www.wu.ac.at\/bibliothek\/services\/mitarbeiterinnen\/forschungsunterstuetzung\/open-access\/was-ist-open-access\/\" target=\"_blank\" rel=\"noreferrer noopener\">Open Access<\/a>). Das hei\u00dft, diese Treffer sind ohne Einschr\u00e4nkung \u00f6ffentlich und kostenlos zug\u00e4nglich, auch wenn du kein*e WU Angeh\u00f6rige*r bist.<\/p>\n\n\n\n<figure class=\"wp-block-image size-large\"><img loading=\"lazy\" decoding=\"async\" width=\"1024\" height=\"381\" src=\"https:\/\/library.wu.ac.at\/bib\/fit4research\/wp-content\/uploads\/2023\/08\/image-8-1024x381.png\" alt=\"Ein Treffer im WU KatalogPlus, die Kennzeichnung \u201eFree to read (inkl. Open Access)\u201c und der zugeh\u00f6rige Filter sind hervorgehoben.\" class=\"wp-image-585\" srcset=\"https:\/\/library.wu.ac.at\/bib\/fit4research\/wp-content\/uploads\/2023\/08\/image-8-1024x381.png 1024w, https:\/\/library.wu.ac.at\/bib\/fit4research\/wp-content\/uploads\/2023\/08\/image-8-300x112.png 300w, https:\/\/library.wu.ac.at\/bib\/fit4research\/wp-content\/uploads\/2023\/08\/image-8-768x285.png 768w, https:\/\/library.wu.ac.at\/bib\/fit4research\/wp-content\/uploads\/2023\/08\/image-8.png 1337w\" sizes=\"auto, (max-width: 1024px) 100vw, 1024px\" \/><\/figure>\n\n\n\n<h3 class=\"wp-block-heading\" id=\"citationtrail\">Citation Trail<\/h3>\n\n\n\n<p>Der Pfeil nach oben zeigt dir Zeitschriftenartikel, die diese Publikation zitieren. Umgekehrt siehst du beim Pfeil nach unten Zeitschriftenartikel, die in dieser Publikation zitiert wurden (d.h. in ihrem Literaturverzeichnis angef\u00fchrt sind).<\/p>\n\n\n\n<figure class=\"wp-block-image size-large\"><img loading=\"lazy\" decoding=\"async\" width=\"1024\" height=\"381\" src=\"https:\/\/library.wu.ac.at\/bib\/fit4research\/wp-content\/uploads\/2023\/08\/image-9-1024x381.png\" alt=\"Ein Treffer im WU KatalogPlus, die beiden roten Pfeile sind hervorgehoben.\" class=\"wp-image-586\" srcset=\"https:\/\/library.wu.ac.at\/bib\/fit4research\/wp-content\/uploads\/2023\/08\/image-9-1024x381.png 1024w, https:\/\/library.wu.ac.at\/bib\/fit4research\/wp-content\/uploads\/2023\/08\/image-9-300x111.png 300w, https:\/\/library.wu.ac.at\/bib\/fit4research\/wp-content\/uploads\/2023\/08\/image-9-768x285.png 768w, https:\/\/library.wu.ac.at\/bib\/fit4research\/wp-content\/uploads\/2023\/08\/image-9.png 1340w\" sizes=\"auto, (max-width: 1024px) 100vw, 1024px\" \/><\/figure>\n\n\n\n<div class=\"wp-block-group\"><div class=\"wp-block-group__inner-container is-layout-constrained wp-block-group-is-layout-constrained\">\n<div class=\"wp-block-group\"><div class=\"wp-block-group__inner-container is-layout-constrained wp-block-group-is-layout-constrained\">\n<div class=\"wp-block-columns is-layout-flex wp-container-core-columns-is-layout-9d6595d7 wp-block-columns-is-layout-flex\">\n<div class=\"wp-block-column is-layout-flow wp-block-column-is-layout-flow\"><\/div>\n\n\n\n<div class=\"wp-block-column is-layout-flow wp-block-column-is-layout-flow\"><\/div>\n<\/div>\n<\/div><\/div>\n<\/div><\/div>\n","protected":false},"excerpt":{"rendered":"<p>Folgende Best\u00e4nde bekommst du im regul\u00e4ren WU Katalog angezeigt: Printmedien (B\u00fccher und Zeitschriften), E-Books und E-Journals, WU Hochschulschriften und den Bestand des Sprachlernzentrums. Der KatalogPLUS liefert dir dar\u00fcber hinaus noch wesentlich mehr Ergebnisse. Dort findest du au\u00dferdem: mehr als 300 Millionen Literaturhinweise und Volltexte aus den Datenbanken der Bibliothek. Auch Open Access-Quellen findest du in&hellip; <a class=\"more-link\" href=\"https:\/\/library.wu.ac.at\/bib\/fit4research\/index.php\/fit4research-start\/wu-katalog-google-scholar-co-deine-tools-fuer-die-suche\/wu-katalog\/katalogplus\/\">Continue reading <span class=\"screen-reader-text\">KatalogPLUS<\/span><\/a><\/p>\n","protected":false},"author":2,"featured_media":0,"parent":44,"menu_order":0,"comment_status":"closed","ping_status":"closed","template":"","meta":{"footnotes":""},"class_list":["post-46","page","type-page","status-publish","hentry","entry"],"_links":{"self":[{"href":"https:\/\/library.wu.ac.at\/bib\/fit4research\/index.php\/wp-json\/wp\/v2\/pages\/46","targetHints":{"allow":["GET"]}}],"collection":[{"href":"https:\/\/library.wu.ac.at\/bib\/fit4research\/index.php\/wp-json\/wp\/v2\/pages"}],"about":[{"href":"https:\/\/library.wu.ac.at\/bib\/fit4research\/index.php\/wp-json\/wp\/v2\/types\/page"}],"author":[{"embeddable":true,"href":"https:\/\/library.wu.ac.at\/bib\/fit4research\/index.php\/wp-json\/wp\/v2\/users\/2"}],"replies":[{"embeddable":true,"href":"https:\/\/library.wu.ac.at\/bib\/fit4research\/index.php\/wp-json\/wp\/v2\/comments?post=46"}],"version-history":[{"count":20,"href":"https:\/\/library.wu.ac.at\/bib\/fit4research\/index.php\/wp-json\/wp\/v2\/pages\/46\/revisions"}],"predecessor-version":[{"id":5167,"href":"https:\/\/library.wu.ac.at\/bib\/fit4research\/index.php\/wp-json\/wp\/v2\/pages\/46\/revisions\/5167"}],"up":[{"embeddable":true,"href":"https:\/\/library.wu.ac.at\/bib\/fit4research\/index.php\/wp-json\/wp\/v2\/pages\/44"}],"wp:attachment":[{"href":"https:\/\/library.wu.ac.at\/bib\/fit4research\/index.php\/wp-json\/wp\/v2\/media?parent=46"}],"curies":[{"name":"wp","href":"https:\/\/api.w.org\/{rel}","templated":true}]}}