{"id":44,"date":"2023-07-18T14:53:51","date_gmt":"2023-07-18T12:53:51","guid":{"rendered":"https:\/\/library.wu.ac.at\/bib\/fit4research\/?page_id=44"},"modified":"2024-01-19T12:00:01","modified_gmt":"2024-01-19T11:00:01","slug":"wu-katalog","status":"publish","type":"page","link":"https:\/\/library.wu.ac.at\/bib\/fit4research\/index.php\/fit4research-start\/wu-katalog-google-scholar-co-deine-tools-fuer-die-suche\/wu-katalog\/","title":{"rendered":"WU Katalog"},"content":{"rendered":"\n<p>Hast du schon mal versucht, dir eine Bibliothek ohne B\u00fccher vorzustellen? Das ist ungef\u00e4hr so wie ein Studium ohne B\u00fccher. In der WU Bibliothek findest du Literatur f\u00fcr dein Studium und zur Forschung.<\/p>\n\n\n\n<ul class=\"wp-block-list\">\n<li><a href=\"#was\">Was finde ich mit dem WU Katalog?<\/a><\/li>\n\n\n\n<li><a href=\"https:\/\/library.wu.ac.at\/bib\/fit4research\/index.php\/wu-katalog-google-scholar-co-deine-tools-fuer-die-suche\/wu-katalog\/#wie\" data-type=\"link\" data-id=\"https:\/\/library.wu.ac.at\/bib\/fit4research\/index.php\/wu-katalog-google-scholar-co-deine-tools-fuer-die-suche\/wu-katalog\/#wie\">Wie suche ich im WU Katalog?<\/a><\/li>\n\n\n\n<li><a href=\"#entlehnbar\">Welche B\u00fccher sind entlehnbar? Wie lange? Wie viele?<\/a><\/li>\n\n\n\n<li><a href=\"#verlaengern\">Warum ist im Bibliothekskonto kein Button zum Verl\u00e4ngern?<\/a><\/li>\n\n\n\n<li><a href=\"#video\">Videotutorial<\/a><\/li>\n<\/ul>\n\n\n\n<p>Wie du im WU Katalog suchst, kannst du dir in diesem&nbsp;<a href=\"https:\/\/library.wu.ac.at\/bib\/Videos\/202111_recherche_katalog_DE\/index.html\">Videotutorial<\/a> anschauen.<\/p>\n\n\n\n<div class=\"wp-block-group\" style=\"padding-top:3em;padding-right:10rem;padding-bottom:3em;padding-left:10rem\"><div class=\"wp-block-group__inner-container is-layout-constrained wp-container-core-group-is-layout-0682ed28 wp-block-group-is-layout-constrained\">\n<hr class=\"wp-block-separator alignwide has-alpha-channel-opacity is-style-wide\"\/>\n<\/div><\/div>\n\n\n\n<h3 class=\"wp-block-heading\" id=\"was\">Was finde ich mit dem WU Katalog?<\/h3>\n\n\n\n<div class=\"wp-block-media-text has-media-on-the-right is-stacked-on-mobile\"><div class=\"wp-block-media-text__content\">\n<p>Der <a href=\"https:\/\/katalog.wu.ac.at\/primo-explore\/search?vid=WUW\" target=\"_blank\" rel=\"noreferrer noopener\">WU Katalog<\/a> ist deine erste Anlaufstelle bei der Literatursuche. Du findest damit s\u00e4mtliche gedruckte B\u00fccher und Zeitschriften der Bibliothek. Dar\u00fcber hinaus erh\u00e4ltst du dort Zugang zu elektronischen Ressourcen wie E-Books und E-Journals.<\/p>\n\n\n\n<p>Neben dem normalen Katalog gibt es den <a href=\"https:\/\/library.wu.ac.at\/bib\/fit4research\/index.php\/fit4research-start\/wu-katalog-google-scholar-co-deine-tools-fuer-die-suche\/wu-katalog\/katalogplus\/\" data-type=\"link\" data-id=\"https:\/\/katalog.wu.ac.at\/primo-explore\/search?vid=WUW&amp;institution=WUW&amp;tab=wuw_nur_pc&amp;search_scope=Artikel\">KatalogPLUS<\/a>. Dieser liefert dir wesentlich mehr Ergebnisse, denn er enth\u00e4lt zus\u00e4tzlich \u00fcber 300 Millionen Literaturangaben und Volltexte aus unseren Datenbanken und Open Access-Quellen. Open Access bedeutet, eine Quelle ist f\u00fcr alle frei und kostenlos zug\u00e4nglich.<\/p>\n<\/div><figure class=\"wp-block-media-text__media\"><img loading=\"lazy\" decoding=\"async\" width=\"1024\" height=\"752\" src=\"https:\/\/library.wu.ac.at\/bib\/fit4research\/wp-content\/uploads\/2023\/10\/image-2023-8-1_11-25-29-1024x752.png\" alt=\"Eine Ergebnisliste im WU KatalogPlus, die Filter- und Sortierm\u00f6glichkeiten sowie die Verf\u00fcgbarkeit, Medientypen und Ausgaben der Treffer sind hervorgehoben.\" class=\"wp-image-2770 size-full\" srcset=\"https:\/\/library.wu.ac.at\/bib\/fit4research\/wp-content\/uploads\/2023\/10\/image-2023-8-1_11-25-29-1024x752.png 1024w, https:\/\/library.wu.ac.at\/bib\/fit4research\/wp-content\/uploads\/2023\/10\/image-2023-8-1_11-25-29-300x220.png 300w, https:\/\/library.wu.ac.at\/bib\/fit4research\/wp-content\/uploads\/2023\/10\/image-2023-8-1_11-25-29-768x564.png 768w, https:\/\/library.wu.ac.at\/bib\/fit4research\/wp-content\/uploads\/2023\/10\/image-2023-8-1_11-25-29.png 1056w\" sizes=\"auto, (max-width: 1024px) 100vw, 1024px\" \/><\/figure><\/div>\n\n\n\n<p>Der <a href=\"https:\/\/katalog.wu.ac.at\/primo-explore\/search?vid=WUW&amp;institution=WUW&amp;tab=wuw_nur_pc&amp;search_scope=Artikel\" data-type=\"link\" data-id=\"https:\/\/katalog.wu.ac.at\/primo-explore\/search?vid=WUW&amp;institution=WUW&amp;tab=wuw_nur_pc&amp;search_scope=Artikel\" target=\"_blank\" rel=\"noreferrer noopener\">KatalogPLUS<\/a> erm\u00f6glicht es dir, direkt nach Zeitschriftenartikeln zu suchen. Beachte aber dabei: Momentan findest du nicht das gesamte Angebot der Universit\u00e4tsbibliothek im KatalogPLUS. Verwende deshalb f\u00fcr deine Recherche nach Zeitschriftenartikeln wie bisher zus\u00e4tzlich die <a href=\"https:\/\/library.wu.ac.at\/bib\/fit4research\/index.php\/wu-katalog-google-scholar-co-deine-tools-fuer-die-suche\/datenbanken\/\" data-type=\"link\" data-id=\"https:\/\/library.wu.ac.at\/bib\/fit4research\/index.php\/wu-katalog-google-scholar-co-deine-tools-fuer-die-suche\/datenbanken\/\">Datenbanken<\/a>.<\/p>\n\n\n\n<p>Auf der einen Seite versorgt dich die WU Bibliothek mit gedruckten B\u00fcchern, sie stellt dir aber ebenfalls viele E-Books zur Verf\u00fcgung. Eine weitere gute Anlaufstelle ist der <a rel=\"noreferrer noopener\" href=\"http:\/\/search.obvsg.at\/OBV\" data-type=\"link\" data-id=\"http:\/\/search.obvsg.at\/OBV\" target=\"_blank\">Katalog des \u00f6sterreichischen Bibliothekenverbunds<\/a>. Dieser Gesamtkatalog erm\u00f6glicht dir die Suche nach Literatur in allen wissenschaftlichen Bibliotheken in \u00d6sterreich. Noch immer nicht f\u00fcndig geworden? Probier&#8217;s doch mal bei ausl\u00e4ndischen Bibliotheken und bestelle das Buch anschlie\u00dfend \u00fcber die <a rel=\"noreferrer noopener\" href=\"https:\/\/www.wu.ac.at\/bibliothek\/services\/wu-studentinnen\/literaturbedarf\/fernleihe-fuer-buecher\/\" target=\"_blank\">Fernleihe<\/a>.<\/p>\n\n\n\n<div class=\"wp-block-group\" style=\"padding-top:3em;padding-right:10rem;padding-bottom:3em;padding-left:10rem\"><div class=\"wp-block-group__inner-container is-layout-constrained wp-container-core-group-is-layout-0682ed28 wp-block-group-is-layout-constrained\">\n<hr class=\"wp-block-separator alignwide has-alpha-channel-opacity is-style-wide\"\/>\n<\/div><\/div>\n\n\n\n<h3 class=\"wp-block-heading\" id=\"wie\">Wie suche ich im WU Katalog?<\/h3>\n\n\n\n<p>So gehst du bei deiner Suchanfrage im <a href=\"https:\/\/katalog.wu.ac.at\/primo-explore\/search?vid=WUW\" data-type=\"link\" data-id=\"https:\/\/katalog.wu.ac.at\/primo-explore\/search?vid=WUW\">WU Katalog<\/a> am besten vor: Du gibst Titel, Autor*innen oder ein Thema ein und erh\u00e4ltst eine Ergebnisliste. Die Filter rechts erm\u00f6glichen dir eine weitere Einschr\u00e4nkung, z.B. auf englischsprachige B\u00fccher. Au\u00dferdem kannst du die Ergebnisse nach deinen W\u00fcnschen sortieren, z.B. nach Autor*innen oder Erscheinungsjahr.<\/p>\n\n\n\n<p>Willst du mehr zu einem Treffer aus der Ergebnisliste erfahren? Klick daf\u00fcr einfach auf den Titel der Publikation. Dann siehst du alle Standorte eines Titels in der Bibliothek. <strong>Wichtig<\/strong>: ein Werk ist h\u00e4ufig an mehreren Standorten der Bibliothek verf\u00fcgbar. Au\u00dferdem wird dir in Klammer das Stockwerk im Geb\u00e4ude angezeigt.<\/p>\n\n\n\n<div class=\"wp-block-media-text has-media-on-the-right is-stacked-on-mobile\"><div class=\"wp-block-media-text__content\">\n<p>Schauen wir uns das mal beim nebenstehenden Treffer an. Du siehst zuerst den Standort, also eine der Bibliotheken am Campus. Darauf folgt die Signatur. Diese findest du auf dem Buchr\u00fccken. Durch sie erf\u00e4hrst du, wo ein Buch genau im Regal steht. Halte also bei der Suche nach dem Buch auf dem Regal immer Ausschau nach der Signatur!<\/p>\n<\/div><figure class=\"wp-block-media-text__media\"><img loading=\"lazy\" decoding=\"async\" width=\"987\" height=\"367\" src=\"https:\/\/library.wu.ac.at\/bib\/fit4research\/wp-content\/uploads\/2023\/10\/image-2023-7-31_14-33-8.png\" alt=\"Detailansicht eines Treffers im WU Katalog, der Standort und Status sind hervorgehoben.\" class=\"wp-image-2771 size-full\" srcset=\"https:\/\/library.wu.ac.at\/bib\/fit4research\/wp-content\/uploads\/2023\/10\/image-2023-7-31_14-33-8.png 987w, https:\/\/library.wu.ac.at\/bib\/fit4research\/wp-content\/uploads\/2023\/10\/image-2023-7-31_14-33-8-300x112.png 300w, https:\/\/library.wu.ac.at\/bib\/fit4research\/wp-content\/uploads\/2023\/10\/image-2023-7-31_14-33-8-768x286.png 768w\" sizes=\"auto, (max-width: 987px) 100vw, 987px\" \/><\/figure><\/div>\n\n\n\n<p>Manchmal enth\u00e4lt die Beschreibung noch zus\u00e4tzliche Besonderheiten. Am Status erkennst du, ob und wie lange ein Buch entlehnbar ist. Ab und zu sind B\u00fccher auch gerade nicht verf\u00fcgbar. In diesem Fall siehst du beim Status nur das R\u00fcckgabedatum.<\/p>\n\n\n\n<p>Au\u00dferdem erkennst du aktuell nicht entlehnbare B\u00fccher auch sofort an folgender Meldung: <em>Derzeit nicht verf\u00fcgbar<\/em>. Es ist dann aber oft m\u00f6glich, diese B\u00fccher vorzubestellen oder vorzumerken. Log dich daf\u00fcr einfach mit deinen Accountdaten ein. Eine Bestellung oder Vormerkung ist allerdings <a href=\"https:\/\/www.wu.ac.at\/bibliothek\/benuetzung\/entlehnung\/\" target=\"_blank\" rel=\"noreferrer noopener\">nicht bei allen B\u00fcchern m\u00f6glich<\/a>.<\/p>\n\n\n\n<p>Im <a href=\"https:\/\/library.wu.ac.at\/bib\/fit4research\/index.php\/zugriff-auf-literatur-online-und-vor-ort\/orientierung-in-der-bibliothek-wo-finde-ich-was\/\" data-type=\"link\" data-id=\"https:\/\/library.wu.ac.at\/bib\/fit4research\/index.php\/zugriff-auf-literatur-online-und-vor-ort\/orientierung-in-der-bibliothek-wo-finde-ich-was\/\">Guide Orientierung in der Universit\u00e4tsbibliothek<\/a> findest du weitere Informationen zu allen Standorten.<\/p>\n\n\n\n<p>Hast du dir schon mal gew\u00fcnscht, nur bestimmte Suchergebnisse zu bekommen? Daf\u00fcr gibt es im <a href=\"https:\/\/katalog.wu.ac.at\/primo-explore\/search?vid=WUW\" data-type=\"link\" data-id=\"https:\/\/katalog.wu.ac.at\/primo-explore\/search?vid=WUW\" target=\"_blank\" rel=\"noreferrer noopener\">WU Katalog<\/a> die Suche in unterschiedlichen Teilkatalogen. Mit der Einschr\u00e4nkung auf den Teilkatalog <a href=\"https:\/\/library.wu.ac.at\/bib\/fit4research\/index.php\/zugriff-auf-literatur-online-und-vor-ort\/orientierung-in-der-bibliothek-wo-finde-ich-was\/ebene-3-lehrbuchsammlung\/\" data-type=\"link\" data-id=\"https:\/\/library.wu.ac.at\/bib\/fit4research\/index.php\/zugriff-auf-literatur-online-und-vor-ort\/orientierung-in-der-bibliothek-wo-finde-ich-was\/ebene-3-lehrbuchsammlung\/\">Lehrbuchsammlung<\/a> erh\u00e4ltst du z. B. nur Lehrb\u00fccher.&nbsp; Diese Einschr\u00e4nkung gibt es auch f\u00fcr Zeitschriftentitel oder <a href=\"https:\/\/library.wu.ac.at\/bib\/fit4research\/index.php\/wu-katalog-google-scholar-co-deine-tools-fuer-die-suche\/wu-katalog\/wu-abschlussarbeiten\/\" data-type=\"link\" data-id=\"https:\/\/library.wu.ac.at\/bib\/fit4research\/index.php\/wu-katalog-google-scholar-co-deine-tools-fuer-die-suche\/wu-katalog\/wu-abschlussarbeiten\/\">WU Hochschulschriften<\/a>. Der WU Katalog ist f\u00fcr dich jederzeit frei zug\u00e4nglich \u2013 auch von daheim.<\/p>\n\n\n\n<div class=\"wp-block-group\" style=\"padding-top:3em;padding-right:10rem;padding-bottom:3em;padding-left:10rem\"><div class=\"wp-block-group__inner-container is-layout-constrained wp-container-core-group-is-layout-0682ed28 wp-block-group-is-layout-constrained\">\n<hr class=\"wp-block-separator alignwide has-alpha-channel-opacity is-style-wide\"\/>\n<\/div><\/div>\n\n\n\n<h3 class=\"wp-block-heading\" id=\"entlehnbar\">Welche B\u00fccher sind entlehnbar? Wie lange? Wie viele?<\/h3>\n\n\n\n<p>Informationen zu den nicht entlehnbaren Pr\u00e4senzexemplaren findest du <a href=\"https:\/\/library.wu.ac.at\/bib\/fit4research\/index.php\/zugriff-auf-literatur-online-und-vor-ort\/orientierung-in-der-bibliothek-wo-finde-ich-was\/ebene-5-6-sammlung-nach-themengebieten\/\" data-type=\"link\" data-id=\"https:\/\/library.wu.ac.at\/bib\/fit4research\/index.php\/zugriff-auf-literatur-online-und-vor-ort\/orientierung-in-der-bibliothek-wo-finde-ich-was\/ebene-5-6-sammlung-nach-themengebieten\/\">hier<\/a>. Ausf\u00fchrliche Informationen zu allem rund um die Entlehnung findest du auch auf unserer <a href=\"https:\/\/www.wu.ac.at\/bibliothek\/benuetzung\/entlehnung\/\" target=\"_blank\" rel=\"noreferrer noopener\">Webseite<\/a>.<\/p>\n\n\n\n<div class=\"wp-block-group\" style=\"padding-top:3em;padding-right:10rem;padding-bottom:3em;padding-left:10rem\"><div class=\"wp-block-group__inner-container is-layout-constrained wp-container-core-group-is-layout-0682ed28 wp-block-group-is-layout-constrained\">\n<hr class=\"wp-block-separator alignwide has-alpha-channel-opacity is-style-wide\"\/>\n<\/div><\/div>\n\n\n\n<h3 class=\"wp-block-heading\" id=\"verlaengern\">Warum ist im Bibliothekskonto kein Button zum Verl\u00e4ngern?<\/h3>\n\n\n\n<p><strong>Achtung<\/strong>: &nbsp;Der Verl\u00e4ngerungsbutton erscheint nur, wenn die Verl\u00e4ngerung eines Buches tats\u00e4chlich m\u00f6glich ist.<\/p>\n\n\n\n<p>Der Button scheint nicht auf, wenn&#8230;<\/p>\n\n\n\n<ul class=\"wp-block-list\">\n<li>die Leihfrist abgelaufen ist<\/li>\n\n\n\n<li>die <a href=\"https:\/\/www.wu.ac.at\/bibliothek\/benuetzung\/entlehnung\/\" data-type=\"link\" data-id=\"https:\/\/www.wu.ac.at\/bibliothek\/benuetzung\/entlehnung\/\" target=\"_blank\" rel=\"noreferrer noopener\">maximale Entlehnfrist<\/a> erreicht ist<\/li>\n\n\n\n<li>das Buch von einer anderen Person vorgemerkt ist<\/li>\n\n\n\n<li>dein Bibliotheksausweis abgelaufen ist<\/li>\n<\/ul>\n\n\n\n<div class=\"wp-block-group\" style=\"padding-top:3em;padding-right:10rem;padding-bottom:3em;padding-left:10rem\"><div class=\"wp-block-group__inner-container is-layout-constrained wp-container-core-group-is-layout-0682ed28 wp-block-group-is-layout-constrained\">\n<hr class=\"wp-block-separator alignwide has-alpha-channel-opacity is-style-wide\"\/>\n<\/div><\/div>\n\n\n\n<h2 class=\"wp-block-heading\" id=\"video\">Videotutorial<\/h2>\n\n\n\n<p>In diesem Tutorial lernst du, wie im WU Katalog nach gedruckten und elektronischen B\u00fcchern suchen kannst.<\/p>\n\n\n\n<div class=\"wp-block-media-text is-stacked-on-mobile\"><figure class=\"wp-block-media-text__media\"><a href=\"https:\/\/library.wu.ac.at\/bib\/Videos\/202201_recherche_katalog%20DE\/index.html\" target=\"_blank\" rel=\"noreferrer noopener\"><img loading=\"lazy\" decoding=\"async\" width=\"1024\" height=\"733\" src=\"https:\/\/library.wu.ac.at\/bib\/fit4research\/wp-content\/uploads\/2024\/01\/WU-Katalog-1024x733.jpg\" alt=\"\" class=\"wp-image-4144 size-full\" srcset=\"https:\/\/library.wu.ac.at\/bib\/fit4research\/wp-content\/uploads\/2024\/01\/WU-Katalog-1024x733.jpg 1024w, https:\/\/library.wu.ac.at\/bib\/fit4research\/wp-content\/uploads\/2024\/01\/WU-Katalog-300x215.jpg 300w, https:\/\/library.wu.ac.at\/bib\/fit4research\/wp-content\/uploads\/2024\/01\/WU-Katalog-768x549.jpg 768w, https:\/\/library.wu.ac.at\/bib\/fit4research\/wp-content\/uploads\/2024\/01\/WU-Katalog.jpg 1293w\" sizes=\"auto, (max-width: 1024px) 100vw, 1024px\" \/><\/a><\/figure><div class=\"wp-block-media-text__content\">\n<p><strong><a href=\"https:\/\/library.wu.ac.at\/bib\/Videos\/202201_recherche_katalog%20DE\/index.html\" data-type=\"link\" data-id=\"https:\/\/library.wu.ac.at\/bib\/Videos\/202201_recherche_katalog%20DE\/index.html\" target=\"_blank\" rel=\"noreferrer noopener\">Videotutorial <em>Recherche im WU Katalog<\/em><\/a><\/strong><\/p>\n<\/div><\/div>\n\n\n\n<div class=\"wp-block-group\"><div class=\"wp-block-group__inner-container is-layout-constrained wp-block-group-is-layout-constrained\">\n<div class=\"wp-block-group\"><div class=\"wp-block-group__inner-container is-layout-constrained wp-block-group-is-layout-constrained\">\n<div class=\"wp-block-columns is-layout-flex wp-container-core-columns-is-layout-9d6595d7 wp-block-columns-is-layout-flex\">\n<div class=\"wp-block-column is-layout-flow wp-block-column-is-layout-flow\"><\/div>\n\n\n\n<div class=\"wp-block-column is-layout-flow wp-block-column-is-layout-flow\"><\/div>\n<\/div>\n<\/div><\/div>\n<\/div><\/div>\n","protected":false},"excerpt":{"rendered":"<p>Hast du schon mal versucht, dir eine Bibliothek ohne B\u00fccher vorzustellen? Das ist ungef\u00e4hr so wie ein Studium ohne B\u00fccher. In der WU Bibliothek findest du Literatur f\u00fcr dein Studium und zur Forschung. Wie du im WU Katalog suchst, kannst du dir in diesem&nbsp;Videotutorial anschauen. Was finde ich mit dem WU Katalog? Der WU Katalog&hellip; <a class=\"more-link\" href=\"https:\/\/library.wu.ac.at\/bib\/fit4research\/index.php\/fit4research-start\/wu-katalog-google-scholar-co-deine-tools-fuer-die-suche\/wu-katalog\/\">Continue reading <span class=\"screen-reader-text\">WU Katalog<\/span><\/a><\/p>\n","protected":false},"author":2,"featured_media":0,"parent":42,"menu_order":0,"comment_status":"closed","ping_status":"closed","template":"","meta":{"footnotes":""},"class_list":["post-44","page","type-page","status-publish","hentry","entry"],"_links":{"self":[{"href":"https:\/\/library.wu.ac.at\/bib\/fit4research\/index.php\/wp-json\/wp\/v2\/pages\/44","targetHints":{"allow":["GET"]}}],"collection":[{"href":"https:\/\/library.wu.ac.at\/bib\/fit4research\/index.php\/wp-json\/wp\/v2\/pages"}],"about":[{"href":"https:\/\/library.wu.ac.at\/bib\/fit4research\/index.php\/wp-json\/wp\/v2\/types\/page"}],"author":[{"embeddable":true,"href":"https:\/\/library.wu.ac.at\/bib\/fit4research\/index.php\/wp-json\/wp\/v2\/users\/2"}],"replies":[{"embeddable":true,"href":"https:\/\/library.wu.ac.at\/bib\/fit4research\/index.php\/wp-json\/wp\/v2\/comments?post=44"}],"version-history":[{"count":28,"href":"https:\/\/library.wu.ac.at\/bib\/fit4research\/index.php\/wp-json\/wp\/v2\/pages\/44\/revisions"}],"predecessor-version":[{"id":5636,"href":"https:\/\/library.wu.ac.at\/bib\/fit4research\/index.php\/wp-json\/wp\/v2\/pages\/44\/revisions\/5636"}],"up":[{"embeddable":true,"href":"https:\/\/library.wu.ac.at\/bib\/fit4research\/index.php\/wp-json\/wp\/v2\/pages\/42"}],"wp:attachment":[{"href":"https:\/\/library.wu.ac.at\/bib\/fit4research\/index.php\/wp-json\/wp\/v2\/media?parent=44"}],"curies":[{"name":"wp","href":"https:\/\/api.w.org\/{rel}","templated":true}]}}