{"id":42,"date":"2023-07-18T14:52:47","date_gmt":"2023-07-18T12:52:47","guid":{"rendered":"https:\/\/library.wu.ac.at\/bib\/fit4research\/?page_id=42"},"modified":"2024-06-26T15:34:53","modified_gmt":"2024-06-26T13:34:53","slug":"wu-katalog-google-scholar-co-deine-tools-fuer-die-suche","status":"publish","type":"page","link":"https:\/\/library.wu.ac.at\/bib\/fit4research\/index.php\/fit4research-start\/wu-katalog-google-scholar-co-deine-tools-fuer-die-suche\/","title":{"rendered":"WU Katalog, Google Scholar &#038; Co."},"content":{"rendered":"\n<h2 class=\"wp-block-heading\">&#8211; deine Tools f\u00fcr die Suche<\/h2>\n\n\n\n<div class=\"wp-block-media-text is-stacked-on-mobile\" style=\"grid-template-columns:33% auto\"><figure class=\"wp-block-media-text__media\"><img loading=\"lazy\" decoding=\"async\" width=\"683\" height=\"1024\" src=\"https:\/\/library.wu.ac.at\/bib\/fit4research\/wp-content\/uploads\/2023\/08\/image-25-683x1024.png\" alt=\"Personen, die im WU Bibliothekszentrum sitzen und lernen.\" class=\"wp-image-617 size-large\" srcset=\"https:\/\/library.wu.ac.at\/bib\/fit4research\/wp-content\/uploads\/2023\/08\/image-25-683x1024.png 683w, https:\/\/library.wu.ac.at\/bib\/fit4research\/wp-content\/uploads\/2023\/08\/image-25-200x300.png 200w, https:\/\/library.wu.ac.at\/bib\/fit4research\/wp-content\/uploads\/2023\/08\/image-25-768x1152.png 768w, https:\/\/library.wu.ac.at\/bib\/fit4research\/wp-content\/uploads\/2023\/08\/image-25-1024x1536.png 1024w, https:\/\/library.wu.ac.at\/bib\/fit4research\/wp-content\/uploads\/2023\/08\/image-25-1365x2048.png 1365w, https:\/\/library.wu.ac.at\/bib\/fit4research\/wp-content\/uploads\/2023\/08\/image-25-1568x2352.png 1568w\" sizes=\"auto, (max-width: 683px) 100vw, 683px\" \/><\/figure><div class=\"wp-block-media-text__content\">\n<p>F\u00fcr deine Suche bietet dir die Bibliothek die passenden Werkzeuge, damit du schnell zuverl\u00e4ssige Quellen findest. Dieser Abschnitt gibt dir einen \u00dcberblick dar\u00fcber, was du wo finden kannst und wie du mit den einzelnen Tools umgehst. <\/p>\n\n\n\n<p>Wenn du B\u00fccher, gedruckte oder elektronische Zeitschriften brauchst, dann verwende den <a href=\"https:\/\/library.wu.ac.at\/bib\/fit4research\/index.php\/wu-katalog-google-scholar-co-deine-tools-fuer-die-suche\/wu-katalog\/\" data-type=\"page\" data-id=\"44\">WU Katalog<\/a>. F\u00fcr Artikel aus wissenschaftlichen Zeitschriften kannst du mit einer Recherche im Bereich <a href=\"https:\/\/library.wu.ac.at\/bib\/fit4research\/index.php\/wu-katalog-google-scholar-co-deine-tools-fuer-die-suche\/wu-katalog\/katalogplus\/\" data-type=\"page\" data-id=\"46\">KatalogPLUS<\/a> des WU Katalogs starten. Um einen wirklich tiefen Einblick in dein Thema zu bekommen, empfehlen wir dir dar\u00fcber hinaus die Benutzung der <a href=\"https:\/\/library.wu.ac.at\/bib\/fit4research\/index.php\/wu-katalog-google-scholar-co-deine-tools-fuer-die-suche\/datenbanken\/\" data-type=\"page\" data-id=\"63\">Datenbanken<\/a>, die von der Bibliothek angeboten werden.<\/p>\n\n\n\n<p><\/p>\n<\/div><\/div>\n\n\n\n<div class=\"wp-block-group\" style=\"padding-top:3em;padding-right:10rem;padding-bottom:3em;padding-left:10rem\"><div class=\"wp-block-group__inner-container is-layout-constrained wp-container-core-group-is-layout-0682ed28 wp-block-group-is-layout-constrained\">\n<hr class=\"wp-block-separator alignwide has-alpha-channel-opacity is-style-wide\"\/>\n<\/div><\/div>\n\n\n\n<h2 class=\"wp-block-heading\">Quiz<\/h2>\n\n\n\n<p>Teste dein Wissen zu den Suchwerkzeugen mit diesem Quiz!<\/p>\n\n\n<div class=\"h5p-iframe-wrapper\"><iframe id=\"h5p-iframe-15\" class=\"h5p-iframe\" data-content-id=\"15\" style=\"height:1px\" src=\"about:blank\" frameBorder=\"0\" scrolling=\"no\" title=\"Quiz Suchwerkzeuge\"><\/iframe><\/div>\n\n\n\n<p class=\"has-blue-background-color has-background\"><strong>Hinweis<\/strong>: Bitte beachte, dass du die E-Ressourcen der WU Bibliothek nur f\u00fcr Studium, Forschung und Lehre sowie f\u00fcr deinen eigenen Gebrauch nutzen darfst. N\u00e4here Informationen dazu findest du <a href=\"https:\/\/www.wu.ac.at\/bibliothek\/recherche\/zugang-zu-online-ressourcen\" data-type=\"link\" data-id=\"https:\/\/www.wu.ac.at\/bibliothek\/recherche\/zugang-zu-online-ressourcen\" target=\"_blank\" rel=\"noreferrer noopener\">im Nutzungshinweis<\/a>.<\/p>\n\n\n\n<div class=\"wp-block-group\"><div class=\"wp-block-group__inner-container is-layout-constrained wp-block-group-is-layout-constrained\">\n<div class=\"wp-block-group\"><div class=\"wp-block-group__inner-container is-layout-constrained wp-block-group-is-layout-constrained\">\n<div class=\"wp-block-columns is-layout-flex wp-container-core-columns-is-layout-9d6595d7 wp-block-columns-is-layout-flex\">\n<div class=\"wp-block-column is-layout-flow wp-block-column-is-layout-flow\"><\/div>\n\n\n\n<div class=\"wp-block-column is-layout-flow wp-block-column-is-layout-flow\"><\/div>\n<\/div>\n<\/div><\/div>\n<\/div><\/div>\n","protected":false},"excerpt":{"rendered":"<p>&#8211; deine Tools f\u00fcr die Suche F\u00fcr deine Suche bietet dir die Bibliothek die passenden Werkzeuge, damit du schnell zuverl\u00e4ssige Quellen findest. Dieser Abschnitt gibt dir einen \u00dcberblick dar\u00fcber, was du wo finden kannst und wie du mit den einzelnen Tools umgehst. Wenn du B\u00fccher, gedruckte oder elektronische Zeitschriften brauchst, dann verwende den WU Katalog.&hellip; <a class=\"more-link\" href=\"https:\/\/library.wu.ac.at\/bib\/fit4research\/index.php\/fit4research-start\/wu-katalog-google-scholar-co-deine-tools-fuer-die-suche\/\">Continue reading <span class=\"screen-reader-text\">WU Katalog, Google Scholar &#038; Co.<\/span><\/a><\/p>\n","protected":false},"author":2,"featured_media":0,"parent":10,"menu_order":1,"comment_status":"closed","ping_status":"closed","template":"","meta":{"footnotes":""},"class_list":["post-42","page","type-page","status-publish","hentry","entry"],"_links":{"self":[{"href":"https:\/\/library.wu.ac.at\/bib\/fit4research\/index.php\/wp-json\/wp\/v2\/pages\/42","targetHints":{"allow":["GET"]}}],"collection":[{"href":"https:\/\/library.wu.ac.at\/bib\/fit4research\/index.php\/wp-json\/wp\/v2\/pages"}],"about":[{"href":"https:\/\/library.wu.ac.at\/bib\/fit4research\/index.php\/wp-json\/wp\/v2\/types\/page"}],"author":[{"embeddable":true,"href":"https:\/\/library.wu.ac.at\/bib\/fit4research\/index.php\/wp-json\/wp\/v2\/users\/2"}],"replies":[{"embeddable":true,"href":"https:\/\/library.wu.ac.at\/bib\/fit4research\/index.php\/wp-json\/wp\/v2\/comments?post=42"}],"version-history":[{"count":14,"href":"https:\/\/library.wu.ac.at\/bib\/fit4research\/index.php\/wp-json\/wp\/v2\/pages\/42\/revisions"}],"predecessor-version":[{"id":4821,"href":"https:\/\/library.wu.ac.at\/bib\/fit4research\/index.php\/wp-json\/wp\/v2\/pages\/42\/revisions\/4821"}],"up":[{"embeddable":true,"href":"https:\/\/library.wu.ac.at\/bib\/fit4research\/index.php\/wp-json\/wp\/v2\/pages\/10"}],"wp:attachment":[{"href":"https:\/\/library.wu.ac.at\/bib\/fit4research\/index.php\/wp-json\/wp\/v2\/media?parent=42"}],"curies":[{"name":"wp","href":"https:\/\/api.w.org\/{rel}","templated":true}]}}