{"id":3837,"date":"2023-07-17T14:00:00","date_gmt":"2023-07-17T12:00:00","guid":{"rendered":"https:\/\/library.wu.ac.at\/bib\/fit4research\/?page_id=3837"},"modified":"2024-01-02T14:21:44","modified_gmt":"2024-01-02T13:21:44","slug":"literatur","status":"publish","type":"page","link":"https:\/\/library.wu.ac.at\/bib\/fit4research\/index.php\/literatur\/","title":{"rendered":"Literatur"},"content":{"rendered":"\n<div class=\"wp-block-media-text has-media-on-the-right is-stacked-on-mobile\"><div class=\"wp-block-media-text__content\">\n<p>Wenn du schon wei\u00dft, welches Dokument du genau ben\u00f6tigst, sind die Informationen zur Suche <a href=\"https:\/\/library.wu.ac.at\/bib\/fit4research\/index.php\/wie-finde-ich\/ein-bestimmtes-buch\/\">nach einem bestimmten Dokument<\/a> ideal f\u00fcr dich.<\/p>\n\n\n\n<p>Hast du ein Thema, mit dem du dich besch\u00e4ftigen willst und \u00fcberlegst, wie du mit der Suche nach Informationen beginnst? Dann schaue das Kapitel zur Suche nach <a href=\"https:\/\/library.wu.ac.at\/bib\/fit4research\/index.php\/wie-finde-ich\/literatur-zu-einem-thema\/\">Literatur zu einem Thema<\/a> an.<\/p>\n<\/div><figure class=\"wp-block-media-text__media\"><img loading=\"lazy\" decoding=\"async\" width=\"1024\" height=\"683\" src=\"https:\/\/library.wu.ac.at\/bib\/fit4research\/wp-content\/uploads\/2023\/10\/Raimo-Rudi-Rumpler-6330-1024x683.jpg\" alt=\"\" class=\"wp-image-2953 size-full\" srcset=\"https:\/\/library.wu.ac.at\/bib\/fit4research\/wp-content\/uploads\/2023\/10\/Raimo-Rudi-Rumpler-6330-1024x683.jpg 1024w, https:\/\/library.wu.ac.at\/bib\/fit4research\/wp-content\/uploads\/2023\/10\/Raimo-Rudi-Rumpler-6330-300x200.jpg 300w, https:\/\/library.wu.ac.at\/bib\/fit4research\/wp-content\/uploads\/2023\/10\/Raimo-Rudi-Rumpler-6330-768x512.jpg 768w, https:\/\/library.wu.ac.at\/bib\/fit4research\/wp-content\/uploads\/2023\/10\/Raimo-Rudi-Rumpler-6330-1536x1024.jpg 1536w, https:\/\/library.wu.ac.at\/bib\/fit4research\/wp-content\/uploads\/2023\/10\/Raimo-Rudi-Rumpler-6330-2048x1365.jpg 2048w, https:\/\/library.wu.ac.at\/bib\/fit4research\/wp-content\/uploads\/2023\/10\/Raimo-Rudi-Rumpler-6330-1568x1045.jpg 1568w\" sizes=\"auto, (max-width: 1024px) 100vw, 1024px\" \/><\/figure><\/div>\n\n\n\n<div class=\"wp-block-columns is-layout-flex wp-container-core-columns-is-layout-9d6595d7 wp-block-columns-is-layout-flex\">\n<div class=\"wp-block-column is-layout-flow wp-block-column-is-layout-flow\"><\/div>\n\n\n\n<div class=\"wp-block-column is-layout-flow wp-block-column-is-layout-flow\"><\/div>\n<\/div>\n","protected":false},"excerpt":{"rendered":"<p>Wenn du schon wei\u00dft, welches Dokument du genau ben\u00f6tigst, sind die Informationen zur Suche nach einem bestimmten Dokument ideal f\u00fcr dich. Hast du ein Thema, mit dem du dich besch\u00e4ftigen willst und \u00fcberlegst, wie du mit der Suche nach Informationen beginnst? Dann schaue das Kapitel zur Suche nach Literatur zu einem Thema an.<\/p>\n","protected":false},"author":2,"featured_media":0,"parent":0,"menu_order":0,"comment_status":"closed","ping_status":"closed","template":"","meta":{"footnotes":""},"class_list":["post-3837","page","type-page","status-publish","hentry","entry"],"_links":{"self":[{"href":"https:\/\/library.wu.ac.at\/bib\/fit4research\/index.php\/wp-json\/wp\/v2\/pages\/3837","targetHints":{"allow":["GET"]}}],"collection":[{"href":"https:\/\/library.wu.ac.at\/bib\/fit4research\/index.php\/wp-json\/wp\/v2\/pages"}],"about":[{"href":"https:\/\/library.wu.ac.at\/bib\/fit4research\/index.php\/wp-json\/wp\/v2\/types\/page"}],"author":[{"embeddable":true,"href":"https:\/\/library.wu.ac.at\/bib\/fit4research\/index.php\/wp-json\/wp\/v2\/users\/2"}],"replies":[{"embeddable":true,"href":"https:\/\/library.wu.ac.at\/bib\/fit4research\/index.php\/wp-json\/wp\/v2\/comments?post=3837"}],"version-history":[{"count":2,"href":"https:\/\/library.wu.ac.at\/bib\/fit4research\/index.php\/wp-json\/wp\/v2\/pages\/3837\/revisions"}],"predecessor-version":[{"id":3840,"href":"https:\/\/library.wu.ac.at\/bib\/fit4research\/index.php\/wp-json\/wp\/v2\/pages\/3837\/revisions\/3840"}],"wp:attachment":[{"href":"https:\/\/library.wu.ac.at\/bib\/fit4research\/index.php\/wp-json\/wp\/v2\/media?parent=3837"}],"curies":[{"name":"wp","href":"https:\/\/api.w.org\/{rel}","templated":true}]}}