{"id":3714,"date":"2023-07-17T20:00:00","date_gmt":"2023-07-17T18:00:00","guid":{"rendered":"https:\/\/library.wu.ac.at\/bib\/fit4research\/?page_id=3714"},"modified":"2024-02-29T10:09:44","modified_gmt":"2024-02-29T09:09:44","slug":"capital-iq","status":"publish","type":"page","link":"https:\/\/library.wu.ac.at\/bib\/fit4research\/index.php\/capital-iq\/","title":{"rendered":"Capital IQ &#038; Capital IQ Pro"},"content":{"rendered":"\n<p>Capital IQ ist eine Finanzinformationsplattform, die Informationen \u00fcber Unternehmen, Branchen und M\u00e4rkte liefert. Sie bietet eine breite Palette an Finanzdaten, Analysen und Forschungswerkzeugen.<br>Capital IQ Pro ist eine erweiterte Finanzinformationsplattform, die f\u00fcr Fachleute aus den Bereichen Finanzen und Unternehmensanalyse in Form einer Desktop-App entwickelt wurde. Mit den verf\u00fcgbaren Tools und Funktionen ist eine umfassende Recherche \u00fcber verschiedene Unternehmen, Branchen und M\u00e4rkte m\u00f6glich.<\/p>\n\n\n\n<p>Auf der Webseite der WU Bibliothek findest du n\u00e4here Informationen und Hilfestellungen zu <a href=\"https:\/\/www.wu.ac.at\/bibliothek\/recherche\/datenbanken\/info\/sapciq\/\" data-type=\"link\" data-id=\"https:\/\/www.wu.ac.at\/bibliothek\/recherche\/datenbanken\/info\/sapciq\/\" target=\"_blank\" rel=\"noreferrer noopener\">Capital IQ<\/a> und Capital IQ Pro (<a href=\"https:\/\/www.wu.ac.at\/bibliothek\/recherche\/datenbanken\/info\/sp-capital-iq-pro-energy\/\" data-type=\"link\" data-id=\"https:\/\/www.wu.ac.at\/bibliothek\/recherche\/datenbanken\/info\/sp-capital-iq-pro-energy\/\" target=\"_blank\" rel=\"noreferrer noopener\">Energy<\/a>, <a href=\"https:\/\/www.wu.ac.at\/bibliothek\/recherche\/datenbanken\/info\/sp-capital-iq-pro-financial-institutions-vormals-snl-financial\/\" data-type=\"link\" data-id=\"https:\/\/www.wu.ac.at\/bibliothek\/recherche\/datenbanken\/info\/sp-capital-iq-pro-financial-institutions-vormals-snl-financial\/\">Financial Institutions<\/a>, <a href=\"https:\/\/www.wu.ac.at\/bibliothek\/recherche\/datenbanken\/info\/sp-capital-iq-pro-metals-and-mining\/\" data-type=\"link\" data-id=\"https:\/\/www.wu.ac.at\/bibliothek\/recherche\/datenbanken\/info\/sp-capital-iq-pro-metals-and-mining\/\" target=\"_blank\" rel=\"noreferrer noopener\">Metals and Mining<\/a>).<\/p>\n\n\n\n<h2 class=\"wp-block-heading\">Zugriff<\/h2>\n\n\n\n<p>Sowohl Capital IQ als auch Capital IQ Pro sind \u00fcber das WU Netzwerk zug\u00e4nglich. Du musst also entweder mit dem <a href=\"https:\/\/www.wu.ac.at\/it\/services\/network\/wireless\/\" target=\"_blank\" rel=\"noreferrer noopener\">WU WLAN<\/a> verbunden sein oder via <a href=\"https:\/\/www.wu.ac.at\/it\/services\/network\/vpn\/\" target=\"_blank\" rel=\"noreferrer noopener\">VPN<\/a> eine Verbindung zum WU Netzwerk hergestellt haben, um auf die beiden Anwendungen zuzugreifen.<\/p>\n\n\n\n<h2 class=\"wp-block-heading\">Online-Zertifikate<\/h2>\n\n\n\n<p>Capital IQ und Capital IQ Pro bieten eine Reihe an Online-Zertifikatskursen an. Diese sind f\u00fcr alle ordentlichen WU Studierenden und Mitarbeiter*innen frei zug\u00e4nglich. Die \u00dcbungen und Tests k\u00f6nnen innerhalb des WU Netzwerks absolviert werden, es ist also auch ein Fernzugriff via <a href=\"https:\/\/www.wu.ac.at\/it\/services\/network\/vpn\/\" data-type=\"link\" data-id=\"https:\/\/www.wu.ac.at\/it\/services\/network\/vpn\/\" target=\"_blank\" rel=\"noreferrer noopener\">VPN<\/a> m\u00f6glich.<\/p>\n\n\n\n<ul class=\"wp-block-list\">\n<li><strong>Capital IQ 101<\/strong>: In diesem Kurs lernst du, Daten, Nachrichten und Analysen von S&amp;P Global zu nutzen, um deine eigenen Analysen zu bereichern. Die Lernvideos sind auf der Capital IQ-Webseite verf\u00fcgbar. Die Aufgaben findest du auf der <a href=\"https:\/\/www.capsim.com\/\" data-type=\"link\" data-id=\"https:\/\/www.capsim.com\/\" target=\"_blank\" rel=\"noreferrer noopener\">Webseite des Emulatoranbieters <em>Capsim<\/em><\/a>.<\/li>\n\n\n\n<li><strong><a href=\"https:\/\/library.wu.ac.at\/bib\/fit4research\/wp-content\/uploads\/2023\/12\/Capital-IQ-Pro-Academy_Students-Guide.pdf\" data-type=\"link\" data-id=\"https:\/\/library.wu.ac.at\/bib\/fit4research\/wp-content\/uploads\/2023\/12\/Capital-IQ-Pro-Academy_Students-Guide.pdf\" target=\"_blank\" rel=\"noreferrer noopener\">Capital IQ Pro 101<\/a><\/strong>: In diesem Kurs werden die Grundlagen von Capital IQ Pro vermittelt. Du lernst die vorhandenen Tools kennen und f\u00fchrst eigene Analysen durch.<\/li>\n\n\n\n<li><strong>Banking 101<\/strong>: In diesem Zertifikatskurs lernst du die Tools kennen, die du ben\u00f6tigst, um Banken weltweit zu analysieren.<\/li>\n<\/ul>\n\n\n\n<h2 class=\"wp-block-heading\">Weitere Ressourcen<\/h2>\n\n\n\n<p>Capital IQ bietet Webinare zu einer Vielzahl von Themen aus den Bereichen Bankwesen, Investmentbanking und Weltwirtschaft an. Aufgezeichnete und bevorstehende Webinare findest du auf der <a href=\"https:\/\/www.spglobal.com\/marketintelligence\/en\/events\/webinars\/\" data-type=\"link\" data-id=\"https:\/\/www.spglobal.com\/marketintelligence\/en\/events\/webinars\/\" target=\"_blank\" rel=\"noreferrer noopener\">Webseite von S&amp;P Global<\/a>.<\/p>\n\n\n\n<h2 class=\"wp-block-heading\">Wo bekomme ich Hilfe?<\/h2>\n\n\n\n<p>Du hast noch Fragen rund um die Nutzung der Terminals? Schreib uns einfach unter <a href=\"mailto:bibliothek@wu.ac.at\">bibliothek@wu.ac.at<\/a> &#8211; wir helfen dir gerne weiter!<\/p>\n\n\n\n<div class=\"wp-block-group\"><div class=\"wp-block-group__inner-container is-layout-constrained wp-block-group-is-layout-constrained\">\n<div class=\"wp-block-columns is-layout-flex wp-container-core-columns-is-layout-9d6595d7 wp-block-columns-is-layout-flex\">\n<div class=\"wp-block-column is-layout-flow wp-block-column-is-layout-flow\"><\/div>\n\n\n\n<div class=\"wp-block-column is-layout-flow wp-block-column-is-layout-flow\"><\/div>\n<\/div>\n<\/div><\/div>\n","protected":false},"excerpt":{"rendered":"<p>Capital IQ ist eine Finanzinformationsplattform, die Informationen \u00fcber Unternehmen, Branchen und M\u00e4rkte liefert. Sie bietet eine breite Palette an Finanzdaten, Analysen und Forschungswerkzeugen.Capital IQ Pro ist eine erweiterte Finanzinformationsplattform, die f\u00fcr Fachleute aus den Bereichen Finanzen und Unternehmensanalyse in Form einer Desktop-App entwickelt wurde. Mit den verf\u00fcgbaren Tools und Funktionen ist eine umfassende Recherche \u00fcber&hellip; <a class=\"more-link\" href=\"https:\/\/library.wu.ac.at\/bib\/fit4research\/index.php\/capital-iq\/\">Continue reading <span class=\"screen-reader-text\">Capital IQ &#038; Capital IQ Pro<\/span><\/a><\/p>\n","protected":false},"author":6,"featured_media":0,"parent":0,"menu_order":0,"comment_status":"closed","ping_status":"closed","template":"","meta":{"footnotes":""},"class_list":["post-3714","page","type-page","status-publish","hentry","entry"],"_links":{"self":[{"href":"https:\/\/library.wu.ac.at\/bib\/fit4research\/index.php\/wp-json\/wp\/v2\/pages\/3714","targetHints":{"allow":["GET"]}}],"collection":[{"href":"https:\/\/library.wu.ac.at\/bib\/fit4research\/index.php\/wp-json\/wp\/v2\/pages"}],"about":[{"href":"https:\/\/library.wu.ac.at\/bib\/fit4research\/index.php\/wp-json\/wp\/v2\/types\/page"}],"author":[{"embeddable":true,"href":"https:\/\/library.wu.ac.at\/bib\/fit4research\/index.php\/wp-json\/wp\/v2\/users\/6"}],"replies":[{"embeddable":true,"href":"https:\/\/library.wu.ac.at\/bib\/fit4research\/index.php\/wp-json\/wp\/v2\/comments?post=3714"}],"version-history":[{"count":12,"href":"https:\/\/library.wu.ac.at\/bib\/fit4research\/index.php\/wp-json\/wp\/v2\/pages\/3714\/revisions"}],"predecessor-version":[{"id":4339,"href":"https:\/\/library.wu.ac.at\/bib\/fit4research\/index.php\/wp-json\/wp\/v2\/pages\/3714\/revisions\/4339"}],"wp:attachment":[{"href":"https:\/\/library.wu.ac.at\/bib\/fit4research\/index.php\/wp-json\/wp\/v2\/media?parent=3714"}],"curies":[{"name":"wp","href":"https:\/\/api.w.org\/{rel}","templated":true}]}}