{"id":3712,"date":"2023-07-17T19:00:00","date_gmt":"2023-07-17T17:00:00","guid":{"rendered":"https:\/\/library.wu.ac.at\/bib\/fit4research\/?page_id=3712"},"modified":"2024-02-29T10:09:18","modified_gmt":"2024-02-29T09:09:18","slug":"bloomberg","status":"publish","type":"page","link":"https:\/\/library.wu.ac.at\/bib\/fit4research\/index.php\/bloomberg\/","title":{"rendered":"Bloomberg"},"content":{"rendered":"\n<p>Bloomberg Terminals bieten dir Zugang auf den <em>Bloomberg Professional<\/em>-Dienst: Hier findest du eine gro\u00dfe Bandbreite an Finanzinstrumenten und -m\u00e4rkten, die Aktien, Anleihen, Rohstoffe, W\u00e4hrungen und vieles mehr umfassen.<\/p>\n\n\n\n<p>\u00dcber die Terminals kannst du auf <a href=\"https:\/\/portal.bloombergforeducation.com\/\" data-type=\"link\" data-id=\"https:\/\/portal.bloombergforeducation.com\/\" target=\"_blank\" rel=\"noreferrer noopener\">Bloombergs E-Learning-Plattform<\/a> zugreifen, wo du in Online-Kursen lernst, die Bloomberg Terminals so effektiv wie m\u00f6glich zu nutzen. Auf der Plattform findest du auch <a href=\"#zertifikate\" data-type=\"internal\" data-id=\"#zertifikate\">Zertifikatskurse<\/a>, die wichtige Konzepte in den Bereichen Wirtschaft, Finanzen und nachhaltiges Investieren vermitteln. Die Kurse sind interaktiv und k\u00f6nnen im Selbststudium absolviert werden.<\/p>\n\n\n\n<p>N\u00e4here Informationen und Hilfestellungen findest du <a href=\"https:\/\/www.wu.ac.at\/bibliothek\/recherche\/datenbanken\/info\/bloomberg\/\" data-type=\"link\" data-id=\"https:\/\/www.wu.ac.at\/bibliothek\/recherche\/datenbanken\/info\/bloomberg\/\" target=\"_blank\" rel=\"noreferrer noopener\">hier auf der Webseite der WU Bibliothek<\/a>.<\/p>\n\n\n\n<h2 class=\"wp-block-heading\">Zugriff<\/h2>\n\n\n\n<p>In der <a href=\"https:\/\/www.wu.ac.at\/bibliothek\/recherche\/finance-area\/\" data-type=\"link\" data-id=\"https:\/\/www.wu.ac.at\/bibliothek\/recherche\/datenbanken\/finance-area\/\" target=\"_blank\" rel=\"noreferrer noopener\">Finance Area<\/a> stehen vier Bloomberg Terminals zur Verf\u00fcgung, die von Studierenden oder Mitarbeiter*innen der WU \u00fcber <a href=\"https:\/\/www.wu.ac.at\/bibliothek\/recherche\/finance-area\/terminal-reservieren\/\" data-type=\"link\" data-id=\"https:\/\/www.wu.ac.at\/bibliothek\/recherche\/datenbanken\/finance-area\/\" target=\"_blank\" rel=\"noreferrer noopener\">das Reservierungssystem auf unserer Webseite<\/a> gebucht werden k\u00f6nnen. Pro Tag k\u00f6nnen die Terminals bis zu drei Stunden reserviert werden.<\/p>\n\n\n\n<h2 class=\"wp-block-heading\" id=\"zertifikate\">Online-Zertifikate<\/h2>\n\n\n\n<p>Die Bloomberg Zertifikatskurse sind f\u00fcr ordentliche WU Studierende und Mitarbeiter*innen frei zug\u00e4nglich. Die Aufgaben und Tests k\u00f6nnen nur vor Ort an den Terminals in der Finance Area absolviert werden. Wenn du den Kurs au\u00dferhalb der Finance Area machen m\u00f6chtest, musst du den Fernzugang selbst erwerben.<\/p>\n\n\n\n<ul class=\"wp-block-list\">\n<li><strong><a href=\"https:\/\/library.wu.ac.at\/bib\/fit4research\/wp-content\/uploads\/2023\/12\/Bloomberg-for-Education_Students-Guide.pdf\" data-type=\"link\" data-id=\"https:\/\/library.wu.ac.at\/bib\/fit4research\/wp-content\/uploads\/2023\/12\/Bloomberg-for-Education_Students-Guide.pdf\" target=\"_blank\" rel=\"noreferrer noopener\">Bloomberg Market Concepts (BMC)<\/a><\/strong>: bietet eine Einf\u00fchrung in die Finanzm\u00e4rkte<\/li>\n\n\n\n<li><strong>Environmental Social Governance (ESG)<\/strong>: bietet eine Einf\u00fchrung in die Umsetzung von ESG-Strategien und ESG-Reporting im Finanzbereich<\/li>\n\n\n\n<li><strong><a href=\"https:\/\/library.wu.ac.at\/bib\/fit4research\/wp-content\/uploads\/2024\/01\/Bloomberg-Finance-Fundamentals_Students-Guide.pdf\" data-type=\"link\" data-id=\"https:\/\/library.wu.ac.at\/bib\/fit4research\/wp-content\/uploads\/2024\/01\/Bloomberg-Finance-Fundamentals_Students-Guide.pdf\" target=\"_blank\" rel=\"noreferrer noopener\">Bloomberg Finance Fundamentals (BFF)<\/a><\/strong>: bietet eine Einf\u00fchrung in die wichtigsten Konzepte des Finanz- und Investitionswesens<\/li>\n<\/ul>\n\n\n\n<h2 class=\"wp-block-heading\">Weitere Ressourcen<\/h2>\n\n\n\n<p>Auf der <a href=\"https:\/\/portal.bloombergforeducation.com\/videos\" data-type=\"link\" data-id=\"https:\/\/portal.bloombergforeducation.com\/videos\" target=\"_blank\" rel=\"noreferrer noopener\">Bloomberg for Education Webseite<\/a> findest du kurze interaktive Videos von Bloomberg und Branchenexpert*innen.<br>Bloomberg bietet auch Webinare zu einer Vielzahl von Themen der Finanzbranche an, einschlie\u00dflich Tools f\u00fcr den Umgang mit den Terminals und Updates zu aktuellen Wirtschaftstrends. Aufgezeichnete und bevorstehende Webinare sind hier auf der <a href=\"https:\/\/portal.bloombergforeducation.com\/webinars\" data-type=\"link\" data-id=\"https:\/\/portal.bloombergforeducation.com\/webinars\" target=\"_blank\" rel=\"noreferrer noopener\">Bloomberg for Education Webseite<\/a> abrufbar.<\/p>\n\n\n\n<h2 class=\"wp-block-heading\">Wo bekomme ich Hilfe?<\/h2>\n\n\n\n<p>Du hast noch Fragen rund um die Nutzung der Terminals? Schreib uns einfach unter <a href=\"mailto:bibliothek@wu.ac.at\">bibliothek@wu.ac.at<\/a> &#8211; wir helfen dir gerne weiter!<\/p>\n\n\n\n<div class=\"wp-block-group\"><div class=\"wp-block-group__inner-container is-layout-constrained wp-block-group-is-layout-constrained\">\n<div class=\"wp-block-columns is-layout-flex wp-container-core-columns-is-layout-9d6595d7 wp-block-columns-is-layout-flex\">\n<div class=\"wp-block-column is-layout-flow wp-block-column-is-layout-flow\"><\/div>\n\n\n\n<div class=\"wp-block-column is-layout-flow wp-block-column-is-layout-flow\"><\/div>\n<\/div>\n<\/div><\/div>\n","protected":false},"excerpt":{"rendered":"<p>Bloomberg Terminals bieten dir Zugang auf den Bloomberg Professional-Dienst: Hier findest du eine gro\u00dfe Bandbreite an Finanzinstrumenten und -m\u00e4rkten, die Aktien, Anleihen, Rohstoffe, W\u00e4hrungen und vieles mehr umfassen. \u00dcber die Terminals kannst du auf Bloombergs E-Learning-Plattform zugreifen, wo du in Online-Kursen lernst, die Bloomberg Terminals so effektiv wie m\u00f6glich zu nutzen. Auf der Plattform findest&hellip; <a class=\"more-link\" href=\"https:\/\/library.wu.ac.at\/bib\/fit4research\/index.php\/bloomberg\/\">Continue reading <span class=\"screen-reader-text\">Bloomberg<\/span><\/a><\/p>\n","protected":false},"author":6,"featured_media":0,"parent":0,"menu_order":0,"comment_status":"closed","ping_status":"closed","template":"","meta":{"footnotes":""},"class_list":["post-3712","page","type-page","status-publish","hentry","entry"],"_links":{"self":[{"href":"https:\/\/library.wu.ac.at\/bib\/fit4research\/index.php\/wp-json\/wp\/v2\/pages\/3712","targetHints":{"allow":["GET"]}}],"collection":[{"href":"https:\/\/library.wu.ac.at\/bib\/fit4research\/index.php\/wp-json\/wp\/v2\/pages"}],"about":[{"href":"https:\/\/library.wu.ac.at\/bib\/fit4research\/index.php\/wp-json\/wp\/v2\/types\/page"}],"author":[{"embeddable":true,"href":"https:\/\/library.wu.ac.at\/bib\/fit4research\/index.php\/wp-json\/wp\/v2\/users\/6"}],"replies":[{"embeddable":true,"href":"https:\/\/library.wu.ac.at\/bib\/fit4research\/index.php\/wp-json\/wp\/v2\/comments?post=3712"}],"version-history":[{"count":17,"href":"https:\/\/library.wu.ac.at\/bib\/fit4research\/index.php\/wp-json\/wp\/v2\/pages\/3712\/revisions"}],"predecessor-version":[{"id":4337,"href":"https:\/\/library.wu.ac.at\/bib\/fit4research\/index.php\/wp-json\/wp\/v2\/pages\/3712\/revisions\/4337"}],"wp:attachment":[{"href":"https:\/\/library.wu.ac.at\/bib\/fit4research\/index.php\/wp-json\/wp\/v2\/media?parent=3712"}],"curies":[{"name":"wp","href":"https:\/\/api.w.org\/{rel}","templated":true}]}}