{"id":3681,"date":"2023-07-17T18:30:00","date_gmt":"2023-07-17T16:30:00","guid":{"rendered":"https:\/\/library.wu.ac.at\/bib\/fit4research\/?page_id=3681"},"modified":"2025-01-31T11:51:31","modified_gmt":"2025-01-31T10:51:31","slug":"finanzdaten","status":"publish","type":"page","link":"https:\/\/library.wu.ac.at\/bib\/fit4research\/index.php\/finanzdaten\/","title":{"rendered":"Finanzdaten"},"content":{"rendered":"\n<div class=\"wp-block-media-text has-media-on-the-right is-stacked-on-mobile\" style=\"grid-template-columns:auto 40%\"><div class=\"wp-block-media-text__content\">\n<p>Die <a href=\"https:\/\/www.wu.ac.at\/bibliothek\/recherche\/finance-area\/\" data-type=\"link\" data-id=\"https:\/\/www.wu.ac.at\/bibliothek\/recherche\/datenbanken\/finance-area\/\" target=\"_blank\" rel=\"noreferrer noopener\">Finance Area der WU Bibliothek<\/a> ist deine beste Anlaufstelle bei der Suche nach Finanzdaten. Du findest sie im 2. Stock des Bibliothekszentrums.<\/p>\n\n\n\n<p>Hier hast du \u00fcber Zugriff auf die Finanzdatenbanken <a href=\"https:\/\/library.wu.ac.at\/bib\/fit4research\/index.php\/bloomberg\/\" data-type=\"link\" data-id=\"https:\/\/library.wu.ac.at\/bib\/fit4research\/index.php\/bloomberg\/\">Bloomberg<\/a> und <a href=\"https:\/\/library.wu.ac.at\/bib\/fit4research\/index.php\/lseg-workspace\/\" data-type=\"link\" data-id=\"https:\/\/library.wu.ac.at\/bib\/fit4research\/index.php\/lseg-workspace\/\">LSEG Workspace<\/a>.<\/p>\n<\/div><figure class=\"wp-block-media-text__media\"><img loading=\"lazy\" decoding=\"async\" width=\"1024\" height=\"768\" src=\"https:\/\/library.wu.ac.at\/bib\/fit4research\/wp-content\/uploads\/2023\/12\/1_Seite-12_Bild-Finance-Area-1024x768.jpg\" alt=\"\" class=\"wp-image-3725 size-full\" srcset=\"https:\/\/library.wu.ac.at\/bib\/fit4research\/wp-content\/uploads\/2023\/12\/1_Seite-12_Bild-Finance-Area-1024x768.jpg 1024w, https:\/\/library.wu.ac.at\/bib\/fit4research\/wp-content\/uploads\/2023\/12\/1_Seite-12_Bild-Finance-Area-300x225.jpg 300w, https:\/\/library.wu.ac.at\/bib\/fit4research\/wp-content\/uploads\/2023\/12\/1_Seite-12_Bild-Finance-Area-768x576.jpg 768w, https:\/\/library.wu.ac.at\/bib\/fit4research\/wp-content\/uploads\/2023\/12\/1_Seite-12_Bild-Finance-Area-1536x1152.jpg 1536w, https:\/\/library.wu.ac.at\/bib\/fit4research\/wp-content\/uploads\/2023\/12\/1_Seite-12_Bild-Finance-Area-2048x1536.jpg 2048w, https:\/\/library.wu.ac.at\/bib\/fit4research\/wp-content\/uploads\/2023\/12\/1_Seite-12_Bild-Finance-Area-1568x1176.jpg 1568w\" sizes=\"auto, (max-width: 1024px) 100vw, 1024px\" \/><\/figure><\/div>\n\n\n\n<p>M\u00f6chtest du diese Terminals nutzen, kannst du sie ganz einfach \u00fcber <a href=\"https:\/\/www.wu.ac.at\/bibliothek\/recherche\/finance-area\/terminal-reservieren\/\" data-type=\"link\" data-id=\"https:\/\/www.wu.ac.at\/bibliothek\/recherche\/finance-area\/terminal-reservieren\/\" target=\"_blank\" rel=\"noreferrer noopener\">das Reservierungssystem auf unserer Webseite<\/a> buchen. Dort findest du auch n\u00e4here Informationen rund um die Buchung.<\/p>\n\n\n\n<p class=\"has-blue-background-color has-background\"><strong>Hinweis<\/strong>: Die Reservierung der Terminals in der Finance Area ist nur f\u00fcr ordentliche WU Studierende und WU Mitarbeiter*innen m\u00f6glich.<\/p>\n\n\n\n<h2 class=\"wp-block-heading\">Data Navigator<\/h2>\n\n\n\n<p>Du suchst nach bestimmten Finanzdaten, wei\u00dft aber nicht, wo du sie findest? Kein Problem! Unser <a href=\"https:\/\/library.wu.ac.at\/bib\/fit4research\/index.php\/en\/data-navigator\/\" data-type=\"link\" data-id=\"https:\/\/library.wu.ac.at\/bib\/fit4research\/index.php\/en\/data-navigator\/\">Data Navigator<\/a> f\u00fchrt dich zu den Informationen, die du brauchst. W\u00e4hle dort einfach aus, welche Art von Daten dich interessiert, und du bekommst eine Gegen\u00fcberstellung der passenden Datenbanken, inklusive spezialisierter Schritt-f\u00fcr-Schritt-Anleitungen. So navigierst du frustfrei die verschiedenen Finanzdatenbanken.<\/p>\n\n\n\n<h2 class=\"wp-block-heading\">Empfohlene Datenbanken<\/h2>\n\n\n\n<p>Hier siehst du drei wichtige Datenbanken f\u00fcr deine Recherche nach Finanzdaten. Ein Klick auf den Namen der Datenbank f\u00fchrt dich zu einer Kurzbeschreibung der Datenbank und n\u00e4heren Informationen zu Zugriffsm\u00f6glichkeiten und Kursen.<\/p>\n\n\n\n<div class=\"wp-block-buttons is-layout-flex wp-block-buttons-is-layout-flex\">\n<div class=\"wp-block-button has-custom-width wp-block-button__width-50\"><a class=\"wp-block-button__link has-background has-text-align-left wp-element-button\" href=\"https:\/\/library.wu.ac.at\/bib\/fit4research\/index.php\/bloomberg\/\" style=\"background-color:#008198\">&gt; Bloomberg<\/a><\/div>\n<\/div>\n\n\n\n<div class=\"wp-block-buttons is-layout-flex wp-block-buttons-is-layout-flex\">\n<div class=\"wp-block-button has-custom-width wp-block-button__width-50\"><a class=\"wp-block-button__link has-background has-text-align-left wp-element-button\" href=\"https:\/\/library.wu.ac.at\/bib\/fit4research\/index.php\/capital-iq\/\" style=\"background-color:#008198\">&gt; Capital IQ &amp; Capital IQ Pro<\/a><\/div>\n<\/div>\n\n\n\n<div class=\"wp-block-buttons is-layout-flex wp-block-buttons-is-layout-flex\">\n<div class=\"wp-block-button has-custom-width wp-block-button__width-50\"><a class=\"wp-block-button__link has-background has-text-align-left wp-element-button\" href=\"https:\/\/library.wu.ac.at\/bib\/fit4research\/index.php\/lseg-workspace\/\" style=\"background-color:#008198\">> LSEG Workspace<\/a><\/div>\n<\/div>\n\n\n\n<p class=\"has-blue-background-color has-background\"><strong>Hinweis<\/strong>: Bitte beachte, dass du die E-Ressourcen der WU Bibliothek nur f\u00fcr Studium, Forschung und Lehre sowie f\u00fcr deinen eigenen Gebrauch nutzen darfst. N\u00e4here Informationen dazu findest du <a href=\"https:\/\/www.wu.ac.at\/bibliothek\/recherche\/zugang-zu-online-ressourcen\" data-type=\"link\" data-id=\"https:\/\/www.wu.ac.at\/bibliothek\/recherche\/zugang-zu-online-ressourcen\" target=\"_blank\" rel=\"noreferrer noopener\">im Nutzungshinweis<\/a>.<\/p>\n\n\n\n<h2 class=\"wp-block-heading\">Wo bekomme ich Hilfe?<\/h2>\n\n\n\n<p>Du hast noch Fragen rund um die Nutzung der Terminals? Schreib uns einfach unter <a href=\"mailto:bibliothek@wu.ac.at\">bibliothek@wu.ac.at<\/a> &#8211; wir helfen dir gerne weiter!<\/p>\n\n\n\n<div class=\"wp-block-group\"><div class=\"wp-block-group__inner-container is-layout-constrained wp-block-group-is-layout-constrained\">\n<div class=\"wp-block-columns is-layout-flex wp-container-core-columns-is-layout-9d6595d7 wp-block-columns-is-layout-flex\">\n<div class=\"wp-block-column is-layout-flow wp-block-column-is-layout-flow\"><\/div>\n\n\n\n<div class=\"wp-block-column is-layout-flow wp-block-column-is-layout-flow\"><\/div>\n<\/div>\n<\/div><\/div>\n","protected":false},"excerpt":{"rendered":"<p>Die Finance Area der WU Bibliothek ist deine beste Anlaufstelle bei der Suche nach Finanzdaten. Du findest sie im 2. Stock des Bibliothekszentrums. Hier hast du \u00fcber Zugriff auf die Finanzdatenbanken Bloomberg und LSEG Workspace. M\u00f6chtest du diese Terminals nutzen, kannst du sie ganz einfach \u00fcber das Reservierungssystem auf unserer Webseite buchen. Dort findest du&hellip; <a class=\"more-link\" href=\"https:\/\/library.wu.ac.at\/bib\/fit4research\/index.php\/finanzdaten\/\">Continue reading <span class=\"screen-reader-text\">Finanzdaten<\/span><\/a><\/p>\n","protected":false},"author":6,"featured_media":0,"parent":0,"menu_order":0,"comment_status":"closed","ping_status":"closed","template":"","meta":{"footnotes":""},"class_list":["post-3681","page","type-page","status-publish","hentry","entry"],"_links":{"self":[{"href":"https:\/\/library.wu.ac.at\/bib\/fit4research\/index.php\/wp-json\/wp\/v2\/pages\/3681","targetHints":{"allow":["GET"]}}],"collection":[{"href":"https:\/\/library.wu.ac.at\/bib\/fit4research\/index.php\/wp-json\/wp\/v2\/pages"}],"about":[{"href":"https:\/\/library.wu.ac.at\/bib\/fit4research\/index.php\/wp-json\/wp\/v2\/types\/page"}],"author":[{"embeddable":true,"href":"https:\/\/library.wu.ac.at\/bib\/fit4research\/index.php\/wp-json\/wp\/v2\/users\/6"}],"replies":[{"embeddable":true,"href":"https:\/\/library.wu.ac.at\/bib\/fit4research\/index.php\/wp-json\/wp\/v2\/comments?post=3681"}],"version-history":[{"count":42,"href":"https:\/\/library.wu.ac.at\/bib\/fit4research\/index.php\/wp-json\/wp\/v2\/pages\/3681\/revisions"}],"predecessor-version":[{"id":5120,"href":"https:\/\/library.wu.ac.at\/bib\/fit4research\/index.php\/wp-json\/wp\/v2\/pages\/3681\/revisions\/5120"}],"wp:attachment":[{"href":"https:\/\/library.wu.ac.at\/bib\/fit4research\/index.php\/wp-json\/wp\/v2\/media?parent=3681"}],"curies":[{"name":"wp","href":"https:\/\/api.w.org\/{rel}","templated":true}]}}