{"id":25,"date":"2023-07-17T16:30:00","date_gmt":"2023-07-17T14:30:00","guid":{"rendered":"https:\/\/library.wu.ac.at\/bib\/fit4research\/?page_id=25"},"modified":"2024-01-02T14:23:32","modified_gmt":"2024-01-02T13:23:32","slug":"der-sucheinstieg","status":"publish","type":"page","link":"https:\/\/library.wu.ac.at\/bib\/fit4research\/index.php\/fit4research-start\/wie-finde-ich\/literatur-zu-einem-thema\/der-sucheinstieg\/","title":{"rendered":"Der Sucheinstieg"},"content":{"rendered":"\n<p>Bevor du mit der Suche beginnst, solltest du dir folgende Fragen stellen, um deiner Recherche von Anfang an Struktur zu geben:<\/p>\n\n\n<div class=\"wp-block-image is-style-default\">\n<figure class=\"aligncenter size-large\"><img loading=\"lazy\" decoding=\"async\" width=\"1024\" height=\"576\" src=\"https:\/\/library.wu.ac.at\/bib\/fit4research\/wp-content\/uploads\/2023\/10\/Der-Sucheinstieg_DE-1024x576.png\" alt=\"Was sind die Kernbegriffe meines Themas? Wof\u00fcr brauche ich die Information? Was wei\u00df ich \u00fcber das Thema? Welches Suchwerkzeug ist geeignet? Wie viel Information brauche ich? Finde ich Information online? Was suche ich? Was ist das Ziel meiner Arbeit?\" class=\"wp-image-3210\" srcset=\"https:\/\/library.wu.ac.at\/bib\/fit4research\/wp-content\/uploads\/2023\/10\/Der-Sucheinstieg_DE-1024x576.png 1024w, https:\/\/library.wu.ac.at\/bib\/fit4research\/wp-content\/uploads\/2023\/10\/Der-Sucheinstieg_DE-300x169.png 300w, https:\/\/library.wu.ac.at\/bib\/fit4research\/wp-content\/uploads\/2023\/10\/Der-Sucheinstieg_DE-768x432.png 768w, https:\/\/library.wu.ac.at\/bib\/fit4research\/wp-content\/uploads\/2023\/10\/Der-Sucheinstieg_DE-1536x864.png 1536w, https:\/\/library.wu.ac.at\/bib\/fit4research\/wp-content\/uploads\/2023\/10\/Der-Sucheinstieg_DE-1568x882.png 1568w, https:\/\/library.wu.ac.at\/bib\/fit4research\/wp-content\/uploads\/2023\/10\/Der-Sucheinstieg_DE.png 1920w\" sizes=\"auto, (max-width: 1024px) 100vw, 1024px\" \/><\/figure>\n<\/div>\n\n\n<div class=\"wp-block-group\" style=\"padding-top:3em;padding-right:10rem;padding-bottom:3em;padding-left:10rem\"><div class=\"wp-block-group__inner-container is-layout-constrained wp-container-core-group-is-layout-0682ed28 wp-block-group-is-layout-constrained\">\n<hr class=\"wp-block-separator alignwide has-alpha-channel-opacity is-style-wide\"\/>\n<\/div><\/div>\n\n\n\n<h2 class=\"wp-block-heading\" id=\"DerSucheinstieg-WievielundwelcheArtvonInformationsucheich?\">Wie viel Information suche ich?<\/h2>\n\n\n\n<p>Je nachdem, wie gro\u00df dein Informationsbedarf ist, kannst du diesen vielleicht schon mit einschl\u00e4gigen B\u00fcchern abdecken, oder du suchst zus\u00e4tzlich nach detaillierter Fachliteratur wie Zeitschriftenartikeln und Fachb\u00fcchern.<\/p>\n\n\n\n<div class=\"wp-block-group\" style=\"padding-top:3em;padding-right:10rem;padding-bottom:3em;padding-left:10rem\"><div class=\"wp-block-group__inner-container is-layout-constrained wp-container-core-group-is-layout-0682ed28 wp-block-group-is-layout-constrained\">\n<hr class=\"wp-block-separator alignwide has-alpha-channel-opacity is-style-wide\"\/>\n<\/div><\/div>\n\n\n\n<h2 class=\"wp-block-heading\">Welche Art von Information suche ich?<\/h2>\n\n\n\n<p>Du solltest dir dar\u00fcber Gedanken machen, welche Art von Literatur f\u00fcr dein Thema passend ist. Gen\u00fcgt dir zun\u00e4chst einf\u00fchrende Literatur, oder interessierst du dich f\u00fcr aktuelle Entwicklungen? Oder vielleicht m\u00f6chtest du tiefer in ein Thema eintauchen und ben\u00f6tigst daher Aufs\u00e4tze in wissenschaftlichen Zeitschriften, Brancheninformationen oder \u00e4hnliches.<\/p>\n\n\n\n<p><a href=\"https:\/\/library.wu.ac.at\/bib\/fit4research\/index.php\/zugriff-auf-literatur-online-und-vor-ort\/orientierung-in-der-bibliothek-wo-finde-ich-was\/ebene-3-lehrbuchsammlung\/\" data-type=\"link\" data-id=\"https:\/\/library.wu.ac.at\/bib\/fit4research\/index.php\/zugriff-auf-literatur-online-und-vor-ort\/orientierung-in-der-bibliothek-wo-finde-ich-was\/ebene-3-lehrbuchsammlung\/\">Lehrb\u00fccher<\/a>&nbsp;k\u00f6nnen dir als Einstiegshilfe dienen, da sie oft Hinweise auf weiterf\u00fchrende Literatur beinhalten.<\/p>\n\n\n\n<p>Eine gute Strategie ist es, eine Auswahl an relevanten&nbsp;<a href=\"https:\/\/library.wu.ac.at\/bib\/fit4research\/index.php\/wu-katalog-google-scholar-co-deine-tools-fuer-die-suche\/wu-katalog\/zeitschriften\/\" data-type=\"link\" data-id=\"https:\/\/library.wu.ac.at\/bib\/fit4research\/index.php\/wu-katalog-google-scholar-co-deine-tools-fuer-die-suche\/wu-katalog\/zeitschriften\/\">Zeitschriften<\/a>&nbsp;zu definieren und die neueren Ausgaben (die letzten 3-5 Jahrg\u00e4nge) zu durchsuchen. Schau dir auch die Literaturverzeichnisse von Ver\u00f6ffentlichungen an, die du bereits als relevant identifiziert hast. Oft findest du dort weitere interessante Quellen sowie die Namen von Autor*innen, die sich intensiv mit deinem Thema auseinandergesetzt haben.<\/p>\n\n\n\n<div class=\"wp-block-group\" style=\"padding-top:3em;padding-right:10rem;padding-bottom:3em;padding-left:10rem\"><div class=\"wp-block-group__inner-container is-layout-constrained wp-container-core-group-is-layout-0682ed28 wp-block-group-is-layout-constrained\">\n<hr class=\"wp-block-separator alignwide has-alpha-channel-opacity is-style-wide\"\/>\n<\/div><\/div>\n\n\n\n<h2 class=\"wp-block-heading\" id=\"DerSucheinstieg-WelchesTooleignetsichambestenf\u00fcrmeineSuche?\">Welches Tool eignet sich am besten f\u00fcr meine Suche?<\/h2>\n\n\n\n<p>Wenn du B\u00fccher, <a href=\"https:\/\/library.wu.ac.at\/bib\/fit4research\/index.php\/wu-katalog-google-scholar-co-deine-tools-fuer-die-suche\/wu-katalog\/zeitschriften\/\" data-type=\"link\" data-id=\"https:\/\/library.wu.ac.at\/bib\/fit4research\/index.php\/wu-katalog-google-scholar-co-deine-tools-fuer-die-suche\/wu-katalog\/zeitschriften\/\">gedruckte oder elektronische Zeitschriften<\/a> suchst, empfehlen wir dir den <a href=\"https:\/\/library.wu.ac.at\/bib\/fit4research\/index.php\/wu-katalog-google-scholar-co-deine-tools-fuer-die-suche\/wu-katalog\/\" data-type=\"link\" data-id=\"https:\/\/library.wu.ac.at\/bib\/fit4research\/index.php\/wu-katalog-google-scholar-co-deine-tools-fuer-die-suche\/wu-katalog\/\">WU Katalog<\/a>. Um Zeitschriftenaufs\u00e4tze zu finden, starte deine Suche am besten direkt im <a href=\"https:\/\/library.wu.ac.at\/bib\/fit4research\/index.php\/wu-katalog-google-scholar-co-deine-tools-fuer-die-suche\/wu-katalog\/katalogplus\/\" data-type=\"link\" data-id=\"https:\/\/library.wu.ac.at\/bib\/fit4research\/index.php\/wu-katalog-google-scholar-co-deine-tools-fuer-die-suche\/wu-katalog\/katalogplus\/\">KatalogPLUS<\/a>. F\u00fcr die Recherche nach <a href=\"https:\/\/library.wu.ac.at\/bib\/fit4research\/index.php\/wu-katalog-google-scholar-co-deine-tools-fuer-die-suche\/wu-katalog\/zeitschriften\/#e-journals\" data-type=\"link\" data-id=\"https:\/\/library.wu.ac.at\/bib\/fit4research\/index.php\/wu-katalog-google-scholar-co-deine-tools-fuer-die-suche\/wu-katalog\/zeitschriften\/#e-journals\">E-Journals<\/a> steht dir au\u00dferdem die <a href=\"https:\/\/www.wu.ac.at\/bibliothek\/recherche\/zeitschriftenverzeichnisse\/e-journals\" target=\"_blank\" rel=\"noreferrer noopener\">elektronische Zeitschriftenbibliothek<\/a> zur Verf\u00fcgung. Falls du noch tiefergehender recherchieren m\u00f6chtest, empfehlen wir dir die Nutzung der von der Bibliothek angebotenen <a href=\"https:\/\/library.wu.ac.at\/bib\/fit4research\/index.php\/wu-katalog-google-scholar-co-deine-tools-fuer-die-suche\/datenbanken\/\" data-type=\"link\" data-id=\"https:\/\/library.wu.ac.at\/bib\/fit4research\/index.php\/wu-katalog-google-scholar-co-deine-tools-fuer-die-suche\/datenbanken\/\">Datenbanken<\/a>.<\/p>\n\n\n\n<p>Weitere Informationen zu den verschiedenen Tools f\u00fcr deine Suche findest du <a href=\"https:\/\/library.wu.ac.at\/bib\/fit4research\/index.php\/wu-katalog-google-scholar-co-deine-tools-fuer-die-suche\/\" data-type=\"link\" data-id=\"https:\/\/library.wu.ac.at\/bib\/fit4research\/index.php\/en\/wu-catalog-google-scholar-and-more\/\">hier<\/a>.<\/p>\n\n\n\n<div class=\"wp-block-group\"><div class=\"wp-block-group__inner-container is-layout-constrained wp-block-group-is-layout-constrained\">\n<div class=\"wp-block-group\"><div class=\"wp-block-group__inner-container is-layout-constrained wp-block-group-is-layout-constrained\">\n<div class=\"wp-block-columns is-layout-flex wp-container-core-columns-is-layout-9d6595d7 wp-block-columns-is-layout-flex\">\n<div class=\"wp-block-column is-layout-flow wp-block-column-is-layout-flow\"><\/div>\n\n\n\n<div class=\"wp-block-column is-layout-flow wp-block-column-is-layout-flow\"><\/div>\n<\/div>\n<\/div><\/div>\n<\/div><\/div>\n","protected":false},"excerpt":{"rendered":"<p>Bevor du mit der Suche beginnst, solltest du dir folgende Fragen stellen, um deiner Recherche von Anfang an Struktur zu geben: Wie viel Information suche ich? Je nachdem, wie gro\u00df dein Informationsbedarf ist, kannst du diesen vielleicht schon mit einschl\u00e4gigen B\u00fcchern abdecken, oder du suchst zus\u00e4tzlich nach detaillierter Fachliteratur wie Zeitschriftenartikeln und Fachb\u00fcchern. Welche Art&hellip; <a class=\"more-link\" href=\"https:\/\/library.wu.ac.at\/bib\/fit4research\/index.php\/fit4research-start\/wie-finde-ich\/literatur-zu-einem-thema\/der-sucheinstieg\/\">Continue reading <span class=\"screen-reader-text\">Der Sucheinstieg<\/span><\/a><\/p>\n","protected":false},"author":2,"featured_media":0,"parent":23,"menu_order":0,"comment_status":"closed","ping_status":"closed","template":"","meta":{"footnotes":""},"class_list":["post-25","page","type-page","status-publish","hentry","entry"],"_links":{"self":[{"href":"https:\/\/library.wu.ac.at\/bib\/fit4research\/index.php\/wp-json\/wp\/v2\/pages\/25","targetHints":{"allow":["GET"]}}],"collection":[{"href":"https:\/\/library.wu.ac.at\/bib\/fit4research\/index.php\/wp-json\/wp\/v2\/pages"}],"about":[{"href":"https:\/\/library.wu.ac.at\/bib\/fit4research\/index.php\/wp-json\/wp\/v2\/types\/page"}],"author":[{"embeddable":true,"href":"https:\/\/library.wu.ac.at\/bib\/fit4research\/index.php\/wp-json\/wp\/v2\/users\/2"}],"replies":[{"embeddable":true,"href":"https:\/\/library.wu.ac.at\/bib\/fit4research\/index.php\/wp-json\/wp\/v2\/comments?post=25"}],"version-history":[{"count":21,"href":"https:\/\/library.wu.ac.at\/bib\/fit4research\/index.php\/wp-json\/wp\/v2\/pages\/25\/revisions"}],"predecessor-version":[{"id":3975,"href":"https:\/\/library.wu.ac.at\/bib\/fit4research\/index.php\/wp-json\/wp\/v2\/pages\/25\/revisions\/3975"}],"up":[{"embeddable":true,"href":"https:\/\/library.wu.ac.at\/bib\/fit4research\/index.php\/wp-json\/wp\/v2\/pages\/23"}],"wp:attachment":[{"href":"https:\/\/library.wu.ac.at\/bib\/fit4research\/index.php\/wp-json\/wp\/v2\/media?parent=25"}],"curies":[{"name":"wp","href":"https:\/\/api.w.org\/{rel}","templated":true}]}}