{"id":235,"date":"2023-07-18T15:26:14","date_gmt":"2023-07-18T13:26:14","guid":{"rendered":"https:\/\/library.wu.ac.at\/bib\/fit4research\/?page_id=235"},"modified":"2025-04-30T13:46:39","modified_gmt":"2025-04-30T11:46:39","slug":"ebene-4","status":"publish","type":"page","link":"https:\/\/library.wu.ac.at\/bib\/fit4research\/index.php\/fit4research-start\/zugriff-auf-literatur-online-und-vor-ort\/orientierung-in-der-bibliothek-wo-finde-ich-was\/ebene-4\/","title":{"rendered":"Ebene 4 Newslounge &amp; Chill-Out Area"},"content":{"rendered":"\n<p>In der <a href=\"https:\/\/www.wu.ac.at\/bibliothek\/recherche\/zeitschriftenverzeichnisse\/zeitungen-magazine\" target=\"_blank\" rel=\"noreferrer noopener\">Newslounge<\/a> auf Ebene 4 stehen dir aktuelle Ausgaben vieler Tageszeitungen und Wirtschaftsmagazine zur Verf\u00fcgung, sowie das <a href=\"https:\/\/www.pressreader.com\/\" target=\"_blank\" rel=\"noreferrer noopener\">PressReader-Terminal<\/a>, an dem \u00fcber 7.000 Zeitungen und Magazine online zug\u00e4nglich sind.<\/p>\n\n\n\n<p>Aktuelle Fachzeitschriften, aber auch vergangene Jahrg\u00e4nge der Zeitschriften und Zeitungen sind auf <a href=\"https:\/\/library.wu.ac.at\/bib\/fit4research\/index.php\/fit4research-start\/zugriff-auf-literatur-online-und-vor-ort\/orientierung-in-der-bibliothek-wo-finde-ich-was\/ebene-2\/\" data-type=\"link\" data-id=\"https:\/\/library.wu.ac.at\/bib\/fit4research\/index.php\/fit4research-start\/zugriff-auf-literatur-online-und-vor-ort\/orientierung-in-der-bibliothek-wo-finde-ich-was\/ebene-2\/\">Ebene -2<\/a> in gebundener Form aufgestellt.<\/p>\n\n\n\n<p>Zeitschriften und Zeitungen sind nicht entlehnbar, k\u00f6nnen jedoch auszugsweise eingescannt werden.<\/p>\n\n\n\n<p>Auf Ebene 4 findest du auch ausreichend Platz zum gemeinsamen Arbeiten. Einerseits gibt es hier Projektr\u00e4ume, ganz besonders ist aber der Gruppenarbeitsbereich: Hier kannst du mit deiner Gruppe euren Arbeitsplatz durch die mobilen Tische ganz nach euren Bed\u00fcrfnissen gestalten.<\/p>\n\n\n\n<p>Wenn es dann Zeit f\u00fcr eine verdiente Lernpause ist, findest du auf Ebene 4 die kommunikative Zone und die Chill-Out Area. In der kommunikativen Zone kannst du essen, trinken und dich austauschen. Und falls du St\u00e4rkung brauchst, findest du hier Kaffee- und Snackautomaten.<\/p>\n\n\n\n<p>Die Chill-Out Area l\u00e4dt dich zum Entspannen ein &#8211; hier kannst du es dir auf Sofas und Sitzs\u00e4cken gem\u00fctlich machen und den Blick auf den Prater genie\u00dfen.<\/p>\n\n\n\n<figure class=\"wp-block-image\"><img decoding=\"async\" src=\"https:\/\/learn.wu.ac.at\/open\/fit4research\/download\/file\/newslounge\" alt=\"\"\/><\/figure>\n\n\n\n<div class=\"wp-block-group\"><div class=\"wp-block-group__inner-container is-layout-constrained wp-block-group-is-layout-constrained\">\n<div class=\"wp-block-columns is-layout-flex wp-container-core-columns-is-layout-9d6595d7 wp-block-columns-is-layout-flex\">\n<div class=\"wp-block-column is-layout-flow wp-block-column-is-layout-flow\"><\/div>\n\n\n\n<div class=\"wp-block-column is-layout-flow wp-block-column-is-layout-flow\"><\/div>\n<\/div>\n<\/div><\/div>\n","protected":false},"excerpt":{"rendered":"<p>In der Newslounge auf Ebene 4 stehen dir aktuelle Ausgaben vieler Tageszeitungen und Wirtschaftsmagazine zur Verf\u00fcgung, sowie das PressReader-Terminal, an dem \u00fcber 7.000 Zeitungen und Magazine online zug\u00e4nglich sind. Aktuelle Fachzeitschriften, aber auch vergangene Jahrg\u00e4nge der Zeitschriften und Zeitungen sind auf Ebene -2 in gebundener Form aufgestellt. Zeitschriften und Zeitungen sind nicht entlehnbar, k\u00f6nnen jedoch&hellip; <a class=\"more-link\" href=\"https:\/\/library.wu.ac.at\/bib\/fit4research\/index.php\/fit4research-start\/zugriff-auf-literatur-online-und-vor-ort\/orientierung-in-der-bibliothek-wo-finde-ich-was\/ebene-4\/\">Continue reading <span class=\"screen-reader-text\">Ebene 4 Newslounge &amp; Chill-Out Area<\/span><\/a><\/p>\n","protected":false},"author":2,"featured_media":0,"parent":69,"menu_order":5,"comment_status":"closed","ping_status":"closed","template":"","meta":{"footnotes":""},"class_list":["post-235","page","type-page","status-publish","hentry","entry"],"_links":{"self":[{"href":"https:\/\/library.wu.ac.at\/bib\/fit4research\/index.php\/wp-json\/wp\/v2\/pages\/235","targetHints":{"allow":["GET"]}}],"collection":[{"href":"https:\/\/library.wu.ac.at\/bib\/fit4research\/index.php\/wp-json\/wp\/v2\/pages"}],"about":[{"href":"https:\/\/library.wu.ac.at\/bib\/fit4research\/index.php\/wp-json\/wp\/v2\/types\/page"}],"author":[{"embeddable":true,"href":"https:\/\/library.wu.ac.at\/bib\/fit4research\/index.php\/wp-json\/wp\/v2\/users\/2"}],"replies":[{"embeddable":true,"href":"https:\/\/library.wu.ac.at\/bib\/fit4research\/index.php\/wp-json\/wp\/v2\/comments?post=235"}],"version-history":[{"count":16,"href":"https:\/\/library.wu.ac.at\/bib\/fit4research\/index.php\/wp-json\/wp\/v2\/pages\/235\/revisions"}],"predecessor-version":[{"id":5506,"href":"https:\/\/library.wu.ac.at\/bib\/fit4research\/index.php\/wp-json\/wp\/v2\/pages\/235\/revisions\/5506"}],"up":[{"embeddable":true,"href":"https:\/\/library.wu.ac.at\/bib\/fit4research\/index.php\/wp-json\/wp\/v2\/pages\/69"}],"wp:attachment":[{"href":"https:\/\/library.wu.ac.at\/bib\/fit4research\/index.php\/wp-json\/wp\/v2\/media?parent=235"}],"curies":[{"name":"wp","href":"https:\/\/api.w.org\/{rel}","templated":true}]}}