{"id":21,"date":"2023-07-17T15:30:00","date_gmt":"2023-07-17T13:30:00","guid":{"rendered":"https:\/\/library.wu.ac.at\/bib\/fit4research\/?page_id=21"},"modified":"2024-01-02T14:22:51","modified_gmt":"2024-01-02T13:22:51","slug":"literatur-finden","status":"publish","type":"page","link":"https:\/\/library.wu.ac.at\/bib\/fit4research\/index.php\/fit4research-start\/wie-finde-ich\/ein-bestimmtes-buch\/literatur-finden\/","title":{"rendered":"Literatur finden"},"content":{"rendered":"\n<p>Die Suche nach bereits bekannter Literatur nennen wir <em>Known-Item Search<\/em>. Es gibt z.B. auch die <em><a href=\"https:\/\/library.wu.ac.at\/bib\/fit4research\/index.php\/fit4research-start\/wie-finde-ich\/literatur-zu-einem-thema\/\" data-type=\"link\" data-id=\"https:\/\/library.wu.ac.at\/bib\/fit4research\/index.php\/fit4research-start\/wie-finde-ich\/literatur-zu-einem-thema\/\">thematische Recherche<\/a><\/em>. Das ist dann die Suche nach Literatur zu einem bestimmten Thema.&nbsp;<\/p>\n\n\n\n<h2 class=\"wp-block-heading\" id=\"GezielteDokumentensuche-Buch\">Buch<\/h2>\n\n\n\n<p>B\u00fccher findest du im <a href=\"https:\/\/katalog.wu.ac.at\/primo-explore\/search?vid=WUW\" data-type=\"link\" data-id=\"https:\/\/katalog.wu.ac.at\/primo-explore\/search?vid=WUW\" target=\"_blank\" rel=\"noreferrer noopener\">WU Katalog<\/a>. N\u00fctzliche Suchbegriffe sind f\u00fcr dich Autor*innen und\/oder Begriffe aus dem Buchtitel. Bei Autor*innen reicht oft der Nachname.<\/p>\n\n\n\n<p>Du fragst dich, wo das Buch in der Bibliothek ist? Das erf\u00e4hrst du <a href=\"https:\/\/library.wu.ac.at\/bib\/fit4research\/index.php\/wu-katalog-google-scholar-co-deine-tools-fuer-die-suche\/wu-katalog\/#wie\" data-type=\"link\" data-id=\"https:\/\/library.wu.ac.at\/bib\/fit4research\/index.php\/wu-katalog-google-scholar-co-deine-tools-fuer-die-suche\/wu-katalog\/#wie\">hier<\/a>.<\/p>\n\n\n\n<h2 class=\"wp-block-heading\" id=\"GezielteDokumentensuche-Buchkapitel\">Buchkapitel<\/h2>\n\n\n\n<p>Auch Buchkapitel findest du mit dem <a href=\"https:\/\/katalog.wu.ac.at\/primo-explore\/search?vid=WUW\" data-type=\"link\" data-id=\"https:\/\/katalog.wu.ac.at\/primo-explore\/search?vid=WUW\" target=\"_blank\" rel=\"noreferrer noopener\">WU Katalog<\/a>. Suche dabei aber nicht nach Autor*in und Titel des Kapitels, sondern nach den Herausgeber*innen des Buches und dem Buchtitel.<\/p>\n\n\n\n<p>Den Standort des Buches in der Universit\u00e4tsbibliothek findest du <a href=\"https:\/\/library.wu.ac.at\/bib\/fit4research\/index.php\/wu-katalog-google-scholar-co-deine-tools-fuer-die-suche\/wu-katalog\/#wie\" data-type=\"link\" data-id=\"https:\/\/library.wu.ac.at\/bib\/fit4research\/index.php\/wu-katalog-google-scholar-co-deine-tools-fuer-die-suche\/wu-katalog\/#wie\">hier<\/a>.<\/p>\n\n\n\n<h2 class=\"wp-block-heading\" id=\"GezielteDokumentensuche-Zeitschriftenaus\u00e4tze\">Zeitschriftenaufs\u00e4tze<\/h2>\n\n\n\n<p>F\u00fcr die Zeitschriftensuche gibt es sogar einen <a href=\"https:\/\/library.wu.ac.at\/bib\/fit4research\/index.php\/fit4research-start\/wu-katalog-google-scholar-co-deine-tools-fuer-die-suche\/wu-katalog\/zeitschriften\/#gedruckte-zs\" data-type=\"link\" data-id=\"https:\/\/library.wu.ac.at\/bib\/fit4research\/index.php\/fit4research-start\/wu-katalog-google-scholar-co-deine-tools-fuer-die-suche\/wu-katalog\/zeitschriften\/#gedruckte-zs\">eigenen Teilkatalog im WU Katalog<\/a>. Such dort aber nicht nach dem Titel des Artikels, sondern dem Titel der Zeitschrift, in der er erschienen ist. So findest du dann alle Hefte der Zeitschrift, die die Bibliothek anbietet.<\/p>\n\n\n\n<p>F\u00fcr die direkte Suche nach Zeitschriftenaufs\u00e4tzen steht dir au\u00dferdem der <a href=\"https:\/\/katalog.wu.ac.at\/primo-explore\/search?vid=WUW&amp;institution=WUW&amp;tab=wuw_nur_pc&amp;search_scope=Artikel&amp;lang=de_DE\" data-type=\"link\" data-id=\"https:\/\/katalog.wu.ac.at\/primo-explore\/search?vid=WUW&amp;institution=WUW&amp;tab=wuw_nur_pc&amp;search_scope=Artikel&amp;lang=de_DE\" target=\"_blank\" rel=\"noreferrer noopener\">KatalogPLUS<\/a> zur Verf\u00fcgung. Dort findest du noch viel umfangreichere Ergebnisse aus unseren Datenbanken. Wichtig: Der KatalogPLUS zeigt dir nicht alle Ergebnisse aus den Datenbanken an. Such deswegen am besten auch direkt in den <a href=\"https:\/\/library.wu.ac.at\/bib\/fit4research\/index.php\/fit4research-start\/wu-katalog-google-scholar-co-deine-tools-fuer-die-suche\/datenbanken\/\" data-type=\"link\" data-id=\"https:\/\/library.wu.ac.at\/bib\/fit4research\/index.php\/fit4research-start\/wu-katalog-google-scholar-co-deine-tools-fuer-die-suche\/datenbanken\/\">Datenbanken<\/a> selbst.<\/p>\n\n\n\n<h2 class=\"wp-block-heading\" id=\"GezielteDokumentensuche-Webseite\">Webseite<\/h2>\n\n\n\n<p>Gib f\u00fcr die Suche nach Webseiten ganz einfach die angegebene URL in deinen Webbrowser ein.<\/p>\n\n\n\n<div class=\"wp-block-group\"><div class=\"wp-block-group__inner-container is-layout-constrained wp-block-group-is-layout-constrained\">\n<div class=\"wp-block-group\"><div class=\"wp-block-group__inner-container is-layout-constrained wp-block-group-is-layout-constrained\">\n<div class=\"wp-block-columns is-layout-flex wp-container-core-columns-is-layout-9d6595d7 wp-block-columns-is-layout-flex\">\n<div class=\"wp-block-column is-layout-flow wp-block-column-is-layout-flow\"><\/div>\n\n\n\n<div class=\"wp-block-column is-layout-flow wp-block-column-is-layout-flow\"><\/div>\n<\/div>\n<\/div><\/div>\n<\/div><\/div>\n","protected":false},"excerpt":{"rendered":"<p>Die Suche nach bereits bekannter Literatur nennen wir Known-Item Search. Es gibt z.B. auch die thematische Recherche. Das ist dann die Suche nach Literatur zu einem bestimmten Thema.&nbsp; Buch B\u00fccher findest du im WU Katalog. N\u00fctzliche Suchbegriffe sind f\u00fcr dich Autor*innen und\/oder Begriffe aus dem Buchtitel. Bei Autor*innen reicht oft der Nachname. Du fragst dich,&hellip; <a class=\"more-link\" href=\"https:\/\/library.wu.ac.at\/bib\/fit4research\/index.php\/fit4research-start\/wie-finde-ich\/ein-bestimmtes-buch\/literatur-finden\/\">Continue reading <span class=\"screen-reader-text\">Literatur finden<\/span><\/a><\/p>\n","protected":false},"author":2,"featured_media":0,"parent":15,"menu_order":1,"comment_status":"closed","ping_status":"closed","template":"","meta":{"footnotes":""},"class_list":["post-21","page","type-page","status-publish","hentry","entry"],"_links":{"self":[{"href":"https:\/\/library.wu.ac.at\/bib\/fit4research\/index.php\/wp-json\/wp\/v2\/pages\/21","targetHints":{"allow":["GET"]}}],"collection":[{"href":"https:\/\/library.wu.ac.at\/bib\/fit4research\/index.php\/wp-json\/wp\/v2\/pages"}],"about":[{"href":"https:\/\/library.wu.ac.at\/bib\/fit4research\/index.php\/wp-json\/wp\/v2\/types\/page"}],"author":[{"embeddable":true,"href":"https:\/\/library.wu.ac.at\/bib\/fit4research\/index.php\/wp-json\/wp\/v2\/users\/2"}],"replies":[{"embeddable":true,"href":"https:\/\/library.wu.ac.at\/bib\/fit4research\/index.php\/wp-json\/wp\/v2\/comments?post=21"}],"version-history":[{"count":11,"href":"https:\/\/library.wu.ac.at\/bib\/fit4research\/index.php\/wp-json\/wp\/v2\/pages\/21\/revisions"}],"predecessor-version":[{"id":3973,"href":"https:\/\/library.wu.ac.at\/bib\/fit4research\/index.php\/wp-json\/wp\/v2\/pages\/21\/revisions\/3973"}],"up":[{"embeddable":true,"href":"https:\/\/library.wu.ac.at\/bib\/fit4research\/index.php\/wp-json\/wp\/v2\/pages\/15"}],"wp:attachment":[{"href":"https:\/\/library.wu.ac.at\/bib\/fit4research\/index.php\/wp-json\/wp\/v2\/media?parent=21"}],"curies":[{"name":"wp","href":"https:\/\/api.w.org\/{rel}","templated":true}]}}