{"id":1625,"date":"2023-09-07T11:56:05","date_gmt":"2023-09-07T09:56:05","guid":{"rendered":"https:\/\/library.wu.ac.at\/bib\/fit4research\/?page_id=1625"},"modified":"2024-04-25T11:09:28","modified_gmt":"2024-04-25T09:09:28","slug":"institut-fuer-transportwirtschaft-und-logistik","status":"publish","type":"page","link":"https:\/\/library.wu.ac.at\/bib\/fit4research\/index.php\/institut-fuer-transportwirtschaft-und-logistik\/","title":{"rendered":"Institut f\u00fcr Transportwirtschaft und Logistik"},"content":{"rendered":"\n<ul class=\"wp-block-list\">\n<li><a href=\"#vorlage\">Vorlage<\/a><\/li>\n\n\n\n<li><a href=\"#endnote\">EndNote<\/a><\/li>\n\n\n\n<li><a href=\"#citavi\">Citavi<\/a><\/li>\n\n\n\n<li><a href=\"#csl\">CSL (Zotero, Mendeley etc.)<\/a><\/li>\n<\/ul>\n\n\n\n<div class=\"wp-block-group\" style=\"padding-top:3em;padding-right:10rem;padding-bottom:3em;padding-left:10rem\"><div class=\"wp-block-group__inner-container is-layout-constrained wp-container-core-group-is-layout-0682ed28 wp-block-group-is-layout-constrained\">\n<hr class=\"wp-block-separator alignwide has-alpha-channel-opacity is-style-wide\"\/>\n<\/div><\/div>\n\n\n\n<h2 class=\"wp-block-heading\" id=\"vorlage\">Vorlage<\/h2>\n\n\n\n<p>Dieser Stil folgt den Vorgaben <em><a href=\"https:\/\/www.wu.ac.at\/fileadmin\/wu\/d\/i\/itl\/Lehre\/210226_ITL_Richtlinien_zum_wissenschaftlichen_Arbeiten.pdf\">Richtlinie f\u00fcr die Erstellung wissenschaftlicher Arbeiten<\/a><\/em>. <\/p>\n\n\n\n<div class=\"wp-block-group\" style=\"padding-top:3em;padding-right:10rem;padding-bottom:3em;padding-left:10rem\"><div class=\"wp-block-group__inner-container is-layout-constrained wp-container-core-group-is-layout-0682ed28 wp-block-group-is-layout-constrained\">\n<hr class=\"wp-block-separator alignwide has-alpha-channel-opacity is-style-wide\"\/>\n<\/div><\/div>\n\n\n\n<h2 class=\"wp-block-heading\" id=\"endnote\">EndNote<\/h2>\n\n\n\n<p>Der Stil steht zum Download zur Verf\u00fcgung. Klicke mit der rechten Maustaste auf den untenstehenden Download-Button und w\u00e4hle <em>Ziel speichern unter<\/em>&#8230; aus.<\/p>\n\n\n\n<div class=\"wp-block-buttons is-layout-flex wp-block-buttons-is-layout-flex\">\n<div class=\"wp-block-button\"><a class=\"wp-block-button__link has-background wp-element-button\" href=\"https:\/\/library.wu.ac.at\/litverw\/endnote\/styles\/WU%20ITL.ens\" style=\"background-color:#008198\" target=\"_blank\" rel=\"noreferrer noopener\">Download Stil &gt;<\/a><\/div>\n<\/div>\n\n\n\n<div class=\"wp-block-group\" style=\"padding-top:3em;padding-right:10rem;padding-bottom:3em;padding-left:10rem\"><div class=\"wp-block-group__inner-container is-layout-constrained wp-container-core-group-is-layout-0682ed28 wp-block-group-is-layout-constrained\">\n<hr class=\"wp-block-separator alignwide has-alpha-channel-opacity is-style-wide\"\/>\n<\/div><\/div>\n\n\n\n<h2 class=\"wp-block-heading\" id=\"citavi\">Citavi<\/h2>\n\n\n\n<p>Der Stil steht zum Download zur Verf\u00fcgung. Klicke mit der rechten Maustaste auf den untenstehenden Download-Button und w\u00e4hle <em>Ziel speichern unter<\/em>\u2026 aus. Speichere die Datei unter Documents\\Citavi 6\\Custom Citations Styles.<\/p>\n\n\n\n<div class=\"wp-block-buttons is-layout-flex wp-block-buttons-is-layout-flex\">\n<div class=\"wp-block-button\"><a class=\"wp-block-button__link has-background wp-element-button\" href=\"https:\/\/library.wu.ac.at\/litverw\/citavi\/Wirtschaftsuniversitaet%20Wien%20-%20Institut%20fuer%20Transportwirtschaft%20und%20Logistik%20(German).ccs\" style=\"background-color:#008198\">Download Stil &gt;<\/a><\/div>\n<\/div>\n\n\n\n<div class=\"wp-block-group\" style=\"padding-top:3em;padding-right:10rem;padding-bottom:3em;padding-left:10rem\"><div class=\"wp-block-group__inner-container is-layout-constrained wp-container-core-group-is-layout-0682ed28 wp-block-group-is-layout-constrained\">\n<hr class=\"wp-block-separator alignwide has-alpha-channel-opacity is-style-wide\"\/>\n<\/div><\/div>\n\n\n\n<h2 class=\"wp-block-heading\" id=\"csl\">CSL (Zotero, Mendeley etc.)<\/h2>\n\n\n\n<p>Der Stil steht zum Download zur Verf\u00fcgung. Klicke mit der rechten Maustaste auf den untenstehenden Download-Button und w\u00e4hle <em>Ziel speichern unter<\/em>&#8230; aus.<\/p>\n\n\n\n<div class=\"wp-block-buttons is-layout-flex wp-block-buttons-is-layout-flex\">\n<div class=\"wp-block-button\"><a class=\"wp-block-button__link has-background wp-element-button\" href=\"https:\/\/library.wu.ac.at\/litverw\/csl\/wirtschaftsuniversitat-wien-institut-fur-transportwirtschaft-und-logistik.csl\" style=\"background-color:#008198\">Download Stil &gt;<\/a><\/div>\n<\/div>\n\n\n\n<p><\/p>\n","protected":false},"excerpt":{"rendered":"<p>Vorlage Dieser Stil folgt den Vorgaben Richtlinie f\u00fcr die Erstellung wissenschaftlicher Arbeiten. EndNote Der Stil steht zum Download zur Verf\u00fcgung. Klicke mit der rechten Maustaste auf den untenstehenden Download-Button und w\u00e4hle Ziel speichern unter&#8230; aus. Citavi Der Stil steht zum Download zur Verf\u00fcgung. Klicke mit der rechten Maustaste auf den untenstehenden Download-Button und w\u00e4hle Ziel&hellip; <a class=\"more-link\" href=\"https:\/\/library.wu.ac.at\/bib\/fit4research\/index.php\/institut-fuer-transportwirtschaft-und-logistik\/\">Continue reading <span class=\"screen-reader-text\">Institut f\u00fcr Transportwirtschaft und Logistik<\/span><\/a><\/p>\n","protected":false},"author":6,"featured_media":0,"parent":0,"menu_order":16,"comment_status":"closed","ping_status":"closed","template":"","meta":{"footnotes":""},"class_list":["post-1625","page","type-page","status-publish","hentry","entry"],"_links":{"self":[{"href":"https:\/\/library.wu.ac.at\/bib\/fit4research\/index.php\/wp-json\/wp\/v2\/pages\/1625","targetHints":{"allow":["GET"]}}],"collection":[{"href":"https:\/\/library.wu.ac.at\/bib\/fit4research\/index.php\/wp-json\/wp\/v2\/pages"}],"about":[{"href":"https:\/\/library.wu.ac.at\/bib\/fit4research\/index.php\/wp-json\/wp\/v2\/types\/page"}],"author":[{"embeddable":true,"href":"https:\/\/library.wu.ac.at\/bib\/fit4research\/index.php\/wp-json\/wp\/v2\/users\/6"}],"replies":[{"embeddable":true,"href":"https:\/\/library.wu.ac.at\/bib\/fit4research\/index.php\/wp-json\/wp\/v2\/comments?post=1625"}],"version-history":[{"count":9,"href":"https:\/\/library.wu.ac.at\/bib\/fit4research\/index.php\/wp-json\/wp\/v2\/pages\/1625\/revisions"}],"predecessor-version":[{"id":4581,"href":"https:\/\/library.wu.ac.at\/bib\/fit4research\/index.php\/wp-json\/wp\/v2\/pages\/1625\/revisions\/4581"}],"wp:attachment":[{"href":"https:\/\/library.wu.ac.at\/bib\/fit4research\/index.php\/wp-json\/wp\/v2\/media?parent=1625"}],"curies":[{"name":"wp","href":"https:\/\/api.w.org\/{rel}","templated":true}]}}