{"id":1613,"date":"2023-09-07T11:54:20","date_gmt":"2023-09-07T09:54:20","guid":{"rendered":"https:\/\/library.wu.ac.at\/bib\/fit4research\/?page_id=1613"},"modified":"2024-03-22T09:39:57","modified_gmt":"2024-03-22T08:39:57","slug":"abschlussarbeiten-am-institut-fuer-nachhaltigkeitsmanagement","status":"publish","type":"page","link":"https:\/\/library.wu.ac.at\/bib\/fit4research\/index.php\/abschlussarbeiten-am-institut-fuer-nachhaltigkeitsmanagement\/","title":{"rendered":"Abschlussarbeiten am Institut f\u00fcr Nachhaltigkeitsmanagement"},"content":{"rendered":"\n<ul class=\"wp-block-list\">\n<li><a href=\"#vorlage\" data-type=\"internal\" data-id=\"#vorlage\">Vorlage<\/a><\/li>\n\n\n\n<li><a href=\"#citavi\">Citavi<\/a><\/li>\n\n\n\n<li><a href=\"#endnote\">EndNote<\/a><\/li>\n\n\n\n<li><a href=\"#csl\">CSL (Zotero, Mendeley etc.)<\/a><\/li>\n<\/ul>\n\n\n\n<div class=\"wp-block-group\" style=\"padding-top:3em;padding-right:10rem;padding-bottom:3em;padding-left:10rem\"><div class=\"wp-block-group__inner-container is-layout-constrained wp-container-core-group-is-layout-0682ed28 wp-block-group-is-layout-constrained\">\n<hr class=\"wp-block-separator alignwide has-alpha-channel-opacity is-style-wide\"\/>\n<\/div><\/div>\n\n\n\n<h2 class=\"wp-block-heading\" id=\"vorlage\">Vorlage<\/h2>\n\n\n\n<p>Klicke <a href=\"https:\/\/library.wu.ac.at\/litverw\/NachhaltigkeitsManagement\/StyleGuide.pdf\" data-type=\"link\" data-id=\"https:\/\/library.wu.ac.at\/litverw\/NachhaltigkeitsManagement\/StyleGuide.pdf\" target=\"_blank\" rel=\"noreferrer noopener\">hier<\/a>, um den Style Guide anzuschauen.<\/p>\n\n\n\n<div class=\"wp-block-group\" style=\"padding-top:3em;padding-right:10rem;padding-bottom:3em;padding-left:10rem\"><div class=\"wp-block-group__inner-container is-layout-constrained wp-container-core-group-is-layout-0682ed28 wp-block-group-is-layout-constrained\">\n<hr class=\"wp-block-separator alignwide has-alpha-channel-opacity is-style-wide\"\/>\n<\/div><\/div>\n\n\n\n<h2 class=\"wp-block-heading\" id=\"citavi\">Citavi<\/h2>\n\n\n\n<h3 class=\"wp-block-heading\">Citavi 6<\/h3>\n\n\n\n<p>Du kannst den Stil direkt in Citavi abrufen. W\u00e4hle hierzu im Men\u00fc oben <em>Zitation<\/em> &gt; <em>Zitationsstile<\/em> &gt; <em>Zitationsstil wechseln<\/em> aus.<\/p>\n\n\n\n<figure class=\"wp-block-image\"><img decoding=\"async\" src=\"https:\/\/learn.wu.ac.at\/open\/fit4research\/download\/file\/citavi_zitationsstil_wechseln\" alt=\"Der oben beschriebene Pfad ist in Citavi sichtbar. Der Zitationsstil kann auch mit der Tastenkombination STRG + F11 gewechselt werden.\"\/><\/figure>\n\n\n\n<p>Es \u00f6ffnet sich ein neues Fenster. Klicke auf <em>Stil suchen<\/em>. Suche nach <em>Wirtschaftsuniversit\u00e4t Wien &#8211; Managing Sustainability<\/em>. Du kannst ausw\u00e4hlen, ob du den deutschsprachigen oder den englischsprachigen Stil hinzuf\u00fcgen m\u00f6chtest. Klicke auf <em>Hinzuf\u00fcgen<\/em> und best\u00e4tige mit <em>OK<\/em>.<\/p>\n\n\n\n<h3 class=\"wp-block-heading\">Citavi 5<\/h3>\n\n\n\n<p><a rel=\"noreferrer noopener\" href=\"https:\/\/library.wu.ac.at\/litverw\/NachhaltigkeitsManagement\/Citavi_Kurzanleitung.pdf\" target=\"_blank\">Hier<\/a> findest du eine Kurzanleitung zur Implementierung des Stils in Citavi.<\/p>\n\n\n\n<p>Klicke mit der rechten Maustaste auf den untenstehenden Link und w\u00e4hle <em>Ziel speichern unter&#8230;<\/em> aus. Speichere die Datei unter Documents\\Citavi 5\\Custom Citations Styles.<\/p>\n\n\n\n<div class=\"wp-block-buttons is-layout-flex wp-block-buttons-is-layout-flex\">\n<div class=\"wp-block-button\"><a class=\"wp-block-button__link has-background wp-element-button\" href=\"https:\/\/library.wu.ac.at\/litverw\/citavi\/WU%20Institute%20for%20Managing%20Sustainability%20deutsch.ccs\" style=\"background-color:#008198\">Download Stil Deutsch &gt;<\/a><\/div>\n<\/div>\n\n\n\n<div class=\"wp-block-buttons is-layout-flex wp-block-buttons-is-layout-flex\">\n<div class=\"wp-block-button\"><a class=\"wp-block-button__link has-background wp-element-button\" href=\"https:\/\/library.wu.ac.at\/litverw\/citavi\/WU%20Institute%20for%20Managing%20Sustainability%20english.ccs\" style=\"background-color:#008198\">Download Stil Englisch &gt;<\/a><\/div>\n<\/div>\n\n\n\n<div class=\"wp-block-group\" style=\"padding-top:3em;padding-right:10rem;padding-bottom:3em;padding-left:10rem\"><div class=\"wp-block-group__inner-container is-layout-constrained wp-container-core-group-is-layout-0682ed28 wp-block-group-is-layout-constrained\">\n<hr class=\"wp-block-separator alignwide has-alpha-channel-opacity is-style-wide\"\/>\n<\/div><\/div>\n\n\n\n<h2 class=\"wp-block-heading\" id=\"endnote\">EndNote<\/h2>\n\n\n\n<p><a href=\"https:\/\/library.wu.ac.at\/litverw\/NachhaltigkeitsManagement\/ENW_Kurzanleitung.pdf\" data-type=\"link\" data-id=\"https:\/\/library.wu.ac.at\/litverw\/NachhaltigkeitsManagement\/ENW_Kurzanleitung.pdf\" target=\"_blank\" rel=\"noreferrer noopener\">Hier<\/a> findest du eine Kurzanleitung zur Implementierung des Stils in EndNote\/EndNote Web.<\/p>\n\n\n\n<p>Der Stil steht zum Download zur Verf\u00fcgung.<\/p>\n\n\n\n<div class=\"wp-block-buttons is-layout-flex wp-block-buttons-is-layout-flex\">\n<div class=\"wp-block-button\"><a class=\"wp-block-button__link has-background wp-element-button\" href=\"https:\/\/library.wu.ac.at\/litverw\/endnote\/styles\/WU%20Institute%20for%20Managing%20Sustainability%20deutsch.ens\" style=\"background-color:#008198\">Download Stil Deutsch &gt;<\/a><\/div>\n<\/div>\n\n\n\n<div class=\"wp-block-buttons is-layout-flex wp-block-buttons-is-layout-flex\">\n<div class=\"wp-block-button\"><a class=\"wp-block-button__link has-background wp-element-button\" href=\"https:\/\/library.wu.ac.at\/litverw\/endnote\/styles\/WU%20Institute%20for%20Managing%20Sustainability%20english.ens\" style=\"background-color:#008198\">Download Stil Englisch &gt;<\/a><\/div>\n<\/div>\n\n\n\n<div class=\"wp-block-group\" style=\"padding-top:3em;padding-right:10rem;padding-bottom:3em;padding-left:10rem\"><div class=\"wp-block-group__inner-container is-layout-constrained wp-container-core-group-is-layout-0682ed28 wp-block-group-is-layout-constrained\">\n<hr class=\"wp-block-separator alignwide has-alpha-channel-opacity is-style-wide\"\/>\n<\/div><\/div>\n\n\n\n<h2 class=\"wp-block-heading\" id=\"csl\">CSL (Zotero, Mendeley etc.)<\/h2>\n\n\n\n<p><a rel=\"noreferrer noopener\" href=\"http:\/\/library.wu.ac.at\/litverw\/NachhaltigkeitsManagement\/Zotero_Kurzanleitung.pdf\" target=\"_blank\">Hier<\/a> findest du eine Kurzanleitung zur Implementierung des Stils in Zotero.<\/p>\n\n\n\n<p>Klicke mit der rechten Maustaste auf den Download-Button, w\u00e4hle <em>Ziel speichern unter&#8230;<\/em> aus und speichere die Datei ab.<\/p>\n\n\n\n<div class=\"wp-block-buttons is-layout-flex wp-block-buttons-is-layout-flex\">\n<div class=\"wp-block-button\"><a class=\"wp-block-button__link has-background wp-element-button\" href=\"https:\/\/library.wu.ac.at\/litverw\/csl\/wirtschaftsuniversitat-wien-institute-for-managing-sustainability.csl\" style=\"background-color:#008198\">Download Stil &gt;<\/a><\/div>\n<\/div>\n","protected":false},"excerpt":{"rendered":"<p>Vorlage Klicke hier, um den Style Guide anzuschauen. Citavi Citavi 6 Du kannst den Stil direkt in Citavi abrufen. W\u00e4hle hierzu im Men\u00fc oben Zitation &gt; Zitationsstile &gt; Zitationsstil wechseln aus. Es \u00f6ffnet sich ein neues Fenster. Klicke auf Stil suchen. Suche nach Wirtschaftsuniversit\u00e4t Wien &#8211; Managing Sustainability. Du kannst ausw\u00e4hlen, ob du den deutschsprachigen&hellip; <a class=\"more-link\" href=\"https:\/\/library.wu.ac.at\/bib\/fit4research\/index.php\/abschlussarbeiten-am-institut-fuer-nachhaltigkeitsmanagement\/\">Continue reading <span class=\"screen-reader-text\">Abschlussarbeiten am Institut f\u00fcr Nachhaltigkeitsmanagement<\/span><\/a><\/p>\n","protected":false},"author":6,"featured_media":0,"parent":0,"menu_order":20,"comment_status":"closed","ping_status":"closed","template":"","meta":{"footnotes":""},"class_list":["post-1613","page","type-page","status-publish","hentry","entry"],"_links":{"self":[{"href":"https:\/\/library.wu.ac.at\/bib\/fit4research\/index.php\/wp-json\/wp\/v2\/pages\/1613","targetHints":{"allow":["GET"]}}],"collection":[{"href":"https:\/\/library.wu.ac.at\/bib\/fit4research\/index.php\/wp-json\/wp\/v2\/pages"}],"about":[{"href":"https:\/\/library.wu.ac.at\/bib\/fit4research\/index.php\/wp-json\/wp\/v2\/types\/page"}],"author":[{"embeddable":true,"href":"https:\/\/library.wu.ac.at\/bib\/fit4research\/index.php\/wp-json\/wp\/v2\/users\/6"}],"replies":[{"embeddable":true,"href":"https:\/\/library.wu.ac.at\/bib\/fit4research\/index.php\/wp-json\/wp\/v2\/comments?post=1613"}],"version-history":[{"count":5,"href":"https:\/\/library.wu.ac.at\/bib\/fit4research\/index.php\/wp-json\/wp\/v2\/pages\/1613\/revisions"}],"predecessor-version":[{"id":4452,"href":"https:\/\/library.wu.ac.at\/bib\/fit4research\/index.php\/wp-json\/wp\/v2\/pages\/1613\/revisions\/4452"}],"wp:attachment":[{"href":"https:\/\/library.wu.ac.at\/bib\/fit4research\/index.php\/wp-json\/wp\/v2\/media?parent=1613"}],"curies":[{"name":"wp","href":"https:\/\/api.w.org\/{rel}","templated":true}]}}