{"id":1610,"date":"2023-09-07T11:53:48","date_gmt":"2023-09-07T09:53:48","guid":{"rendered":"https:\/\/library.wu.ac.at\/bib\/fit4research\/?page_id=1610"},"modified":"2024-04-15T16:00:05","modified_gmt":"2024-04-15T14:00:05","slug":"master-management","status":"publish","type":"page","link":"https:\/\/library.wu.ac.at\/bib\/fit4research\/index.php\/master-management\/","title":{"rendered":"Master Management"},"content":{"rendered":"\n<ul class=\"wp-block-list\">\n<li><a href=\"#vorlage\">Vorlage<\/a><\/li>\n\n\n\n<li><a href=\"#citavi\">Citavi<\/a><\/li>\n\n\n\n<li><a href=\"#endnote\">EndNote<\/a><\/li>\n\n\n\n<li><a href=\"#csl\">CSL (Zotero, Mendeley etc.)<\/a><\/li>\n\n\n\n<li><a href=\"#biblatex\">BibLaTeX<\/a><\/li>\n<\/ul>\n\n\n\n<div class=\"wp-block-group\" style=\"padding-top:3em;padding-right:10rem;padding-bottom:3em;padding-left:10rem\"><div class=\"wp-block-group__inner-container is-layout-constrained wp-container-core-group-is-layout-0682ed28 wp-block-group-is-layout-constrained\">\n<hr class=\"wp-block-separator alignwide has-alpha-channel-opacity is-style-wide\"\/>\n<\/div><\/div>\n\n\n\n<h2 class=\"wp-block-heading\" id=\"vorlage\">Vorlage<\/h2>\n\n\n\n<p>Klicke <a rel=\"noreferrer noopener\" href=\"http:\/\/library.wu.ac.at\/litverw\/MasterManagement\/StyleGuide.pdf\" target=\"_blank\">hier<\/a>, um den Style Guide <em>Zitate und Literaturverzeichnis<\/em> anzuschauen.<\/p>\n\n\n\n<div class=\"wp-block-group\" style=\"padding-top:3em;padding-right:10rem;padding-bottom:3em;padding-left:10rem\"><div class=\"wp-block-group__inner-container is-layout-constrained wp-container-core-group-is-layout-0682ed28 wp-block-group-is-layout-constrained\">\n<hr class=\"wp-block-separator alignwide has-alpha-channel-opacity is-style-wide\"\/>\n<\/div><\/div>\n\n\n\n<h2 class=\"wp-block-heading\" id=\"citavi\">Citavi<\/h2>\n\n\n\n<h3 class=\"wp-block-heading\">Citavi 6<\/h3>\n\n\n\n<p>Du kannst den Stil direkt in Citavi abrufen. W\u00e4hle hierzu im Men\u00fc oben <em>Zitatio<\/em>n &gt;<em>Zitationsstile<\/em> &gt;<em>Zitationsstil wechseln<\/em> aus.<\/p>\n\n\n\n<figure class=\"wp-block-image\"><img decoding=\"async\" src=\"https:\/\/learn.wu.ac.at\/open\/fit4research\/download\/file\/citavi_zitationsstil_wechseln\" alt=\"Der oben beschriebene Pfad ist in Citavi sichtbar. Der Zitationsstil kann auch mit der Tastenkombination STRG + F11 gewechselt werden.\"\/><\/figure>\n\n\n\n<p>Es \u00f6ffnet sich ein neues Fenster. Klicke auf <em>Stil suchen<\/em>. Suche nach <em>Wirtschaftsuniversit\u00e4t Wien &#8211; Master Management<\/em>. Du kannst ausw\u00e4hlen, ob du den deutschsprachigen oder den englischsprachigen Stil hinzuf\u00fcgen m\u00f6chtest. Klicke auf <em>Hinzuf\u00fcgen<\/em> und best\u00e4tige mit <em>OK<\/em>.<\/p>\n\n\n\n<h3 class=\"wp-block-heading\">Citavi 5<\/h3>\n\n\n\n<p><a rel=\"noreferrer noopener\" href=\"http:\/\/library.wu.ac.at\/litverw\/MasterManagement\/Citavi_Kurzanleitung.pdf\" target=\"_blank\">Hier<\/a> findest du eine Kurzanleitung zur Implementierung des Stils <em>Master Management<\/em> in Citavi.<\/p>\n\n\n\n<p>Klicke mit der rechten Maustaste auf den Button und w\u00e4hle <em>Ziel speichern unter&#8230;<\/em> aus. Speichere die Datei unter Documents\\Citavi 5\\Custom Citations Styles.<\/p>\n\n\n\n<div class=\"wp-block-buttons is-layout-flex wp-block-buttons-is-layout-flex\">\n<div class=\"wp-block-button\"><a class=\"wp-block-button__link has-background wp-element-button\" href=\"https:\/\/library.wu.ac.at\/litverw\/citavi\/WU%20Master%20Management%20deutsch.ccs\" style=\"background-color:#008198\">Download Stil Deutsch &gt;<\/a><\/div>\n<\/div>\n\n\n\n<div class=\"wp-block-buttons is-layout-flex wp-block-buttons-is-layout-flex\">\n<div class=\"wp-block-button\"><a class=\"wp-block-button__link has-background wp-element-button\" href=\"https:\/\/library.wu.ac.at\/litverw\/citavi\/WU%20Master%20Management%20english.ccs\" style=\"background-color:#008198\">Download Stil Englisch &gt;<\/a><\/div>\n<\/div>\n\n\n\n<div class=\"wp-block-group\" style=\"padding-top:3em;padding-right:10rem;padding-bottom:3em;padding-left:10rem\"><div class=\"wp-block-group__inner-container is-layout-constrained wp-container-core-group-is-layout-0682ed28 wp-block-group-is-layout-constrained\">\n<hr class=\"wp-block-separator alignwide has-alpha-channel-opacity is-style-wide\"\/>\n<\/div><\/div>\n\n\n\n<h2 class=\"wp-block-heading\" id=\"endnote\">EndNote<\/h2>\n\n\n\n<p><a href=\"http:\/\/library.wu.ac.at\/litverw\/MasterManagement\/EndNote_Kurzanleitung.pdf\" target=\"_blank\" rel=\"noreferrer noopener\">Hier<\/a> findest du eine Kurzanleitung zur Implementierung des Stils Master Management in EndNote\/EndNote Web.<\/p>\n\n\n\n<p>Der Stil steht zum Download zur Verf\u00fcgung.<\/p>\n\n\n\n<div class=\"wp-block-buttons is-layout-flex wp-block-buttons-is-layout-flex\">\n<div class=\"wp-block-button\"><a class=\"wp-block-button__link has-background wp-element-button\" href=\"https:\/\/library.wu.ac.at\/litverw\/endnote\/styles\/WU%20Master%20Management%20deutsch.ens\" style=\"background-color:#008198\">Download Stil Deutsch &gt;<\/a><\/div>\n<\/div>\n\n\n\n<div class=\"wp-block-buttons is-layout-flex wp-block-buttons-is-layout-flex\">\n<div class=\"wp-block-button\"><a class=\"wp-block-button__link has-background wp-element-button\" href=\"https:\/\/library.wu.ac.at\/litverw\/endnote\/styles\/WU%20Master%20Management%20english.ens\" style=\"background-color:#008198\">Download Stil Englisch &gt;<\/a><\/div>\n<\/div>\n\n\n\n<div class=\"wp-block-group\" style=\"padding-top:3em;padding-right:10rem;padding-bottom:3em;padding-left:10rem\"><div class=\"wp-block-group__inner-container is-layout-constrained wp-container-core-group-is-layout-0682ed28 wp-block-group-is-layout-constrained\">\n<hr class=\"wp-block-separator alignwide has-alpha-channel-opacity is-style-wide\"\/>\n<\/div><\/div>\n\n\n\n<h2 class=\"wp-block-heading\" id=\"csl\">CSL (Zotero, Mendeley etc.)<\/h2>\n\n\n\n<p><a rel=\"noreferrer noopener\" href=\"http:\/\/library.wu.ac.at\/litverw\/MasterManagement\/Zotero_Kurzanleitung.pdf\" target=\"_blank\">Hier<\/a> findest du eine Kurzanleitung zur Implementierung des Stils <em>Master Management<\/em> in Zotero.<\/p>\n\n\n\n<p>Klicke f\u00fcr einen Download mit der rechten Maustaste auf den untenstehenden Button und w\u00e4hle <em>Ziel speichern unter&#8230;<\/em> aus. Speichere die Datei ab.<\/p>\n\n\n\n<div class=\"wp-block-buttons is-layout-flex wp-block-buttons-is-layout-flex\">\n<div class=\"wp-block-button\"><a class=\"wp-block-button__link has-background wp-element-button\" href=\"https:\/\/library.wu.ac.at\/litverw\/csl\/wirtschaftsuniversitat-wien-master-management.csl\" style=\"background-color:#008198\">Download Stil &gt;<\/a><\/div>\n<\/div>\n\n\n\n<div class=\"wp-block-group\" style=\"padding-top:3em;padding-right:10rem;padding-bottom:3em;padding-left:10rem\"><div class=\"wp-block-group__inner-container is-layout-constrained wp-container-core-group-is-layout-0682ed28 wp-block-group-is-layout-constrained\">\n<hr class=\"wp-block-separator alignwide has-alpha-channel-opacity is-style-wide\"\/>\n<\/div><\/div>\n\n\n\n<h2 class=\"wp-block-heading\" id=\"biblatex\">BibLaTeX<\/h2>\n\n\n\n<p>Lade den Stil mit einem Klick auf den untenstehenden Button herunter.<\/p>\n\n\n\n<div class=\"wp-block-buttons is-layout-flex wp-block-buttons-is-layout-flex\">\n<div class=\"wp-block-button\"><a class=\"wp-block-button__link has-background wp-element-button\" href=\"https:\/\/library.wu.ac.at\/litverw\/biblatex\/biblatex-wu-master-management.zip\" style=\"background-color:#008198\">Download Stil &gt;<\/a><\/div>\n<\/div>\n","protected":false},"excerpt":{"rendered":"<p>Vorlage Klicke hier, um den Style Guide Zitate und Literaturverzeichnis anzuschauen. Citavi Citavi 6 Du kannst den Stil direkt in Citavi abrufen. W\u00e4hle hierzu im Men\u00fc oben Zitation &gt;Zitationsstile &gt;Zitationsstil wechseln aus. Es \u00f6ffnet sich ein neues Fenster. Klicke auf Stil suchen. Suche nach Wirtschaftsuniversit\u00e4t Wien &#8211; Master Management. Du kannst ausw\u00e4hlen, ob du den&hellip; <a class=\"more-link\" href=\"https:\/\/library.wu.ac.at\/bib\/fit4research\/index.php\/master-management\/\">Continue reading <span class=\"screen-reader-text\">Master Management<\/span><\/a><\/p>\n","protected":false},"author":6,"featured_media":0,"parent":0,"menu_order":21,"comment_status":"closed","ping_status":"closed","template":"","meta":{"footnotes":""},"class_list":["post-1610","page","type-page","status-publish","hentry","entry"],"_links":{"self":[{"href":"https:\/\/library.wu.ac.at\/bib\/fit4research\/index.php\/wp-json\/wp\/v2\/pages\/1610","targetHints":{"allow":["GET"]}}],"collection":[{"href":"https:\/\/library.wu.ac.at\/bib\/fit4research\/index.php\/wp-json\/wp\/v2\/pages"}],"about":[{"href":"https:\/\/library.wu.ac.at\/bib\/fit4research\/index.php\/wp-json\/wp\/v2\/types\/page"}],"author":[{"embeddable":true,"href":"https:\/\/library.wu.ac.at\/bib\/fit4research\/index.php\/wp-json\/wp\/v2\/users\/6"}],"replies":[{"embeddable":true,"href":"https:\/\/library.wu.ac.at\/bib\/fit4research\/index.php\/wp-json\/wp\/v2\/comments?post=1610"}],"version-history":[{"count":9,"href":"https:\/\/library.wu.ac.at\/bib\/fit4research\/index.php\/wp-json\/wp\/v2\/pages\/1610\/revisions"}],"predecessor-version":[{"id":4571,"href":"https:\/\/library.wu.ac.at\/bib\/fit4research\/index.php\/wp-json\/wp\/v2\/pages\/1610\/revisions\/4571"}],"wp:attachment":[{"href":"https:\/\/library.wu.ac.at\/bib\/fit4research\/index.php\/wp-json\/wp\/v2\/media?parent=1610"}],"curies":[{"name":"wp","href":"https:\/\/api.w.org\/{rel}","templated":true}]}}