{"id":1605,"date":"2023-09-07T11:53:01","date_gmt":"2023-09-07T09:53:01","guid":{"rendered":"https:\/\/library.wu.ac.at\/bib\/fit4research\/?page_id=1605"},"modified":"2024-03-22T09:37:24","modified_gmt":"2024-03-22T08:37:24","slug":"leg-cit","status":"publish","type":"page","link":"https:\/\/library.wu.ac.at\/bib\/fit4research\/index.php\/leg-cit\/","title":{"rendered":"leg cit"},"content":{"rendered":"\n<ul class=\"wp-block-list\">\n<li><a href=\"#vorlage\">Vorlage<\/a><\/li>\n\n\n\n<li><a href=\"#citavi\">Citavi<\/a><\/li>\n\n\n\n<li><a href=\"#csl\">CSL (Zotero, Mendeley etc.)<\/a><\/li>\n\n\n\n<li><a href=\"#juris\">Juris-M<\/a><\/li>\n<\/ul>\n\n\n\n<div class=\"wp-block-group\" style=\"padding-top:3em;padding-right:10rem;padding-bottom:3em;padding-left:10rem\"><div class=\"wp-block-group__inner-container is-layout-constrained wp-container-core-group-is-layout-0682ed28 wp-block-group-is-layout-constrained\">\n<hr class=\"wp-block-separator alignwide has-alpha-channel-opacity is-style-wide\"\/>\n<\/div><\/div>\n\n\n\n<h2 class=\"wp-block-heading\" id=\"vorlage\">Vorlage<\/h2>\n\n\n\n<p class=\"has-blue-background-color has-background\"><em>Keiler\/Bezemek<\/em>, leg cit\u00b3 &#8211; Leitfaden f\u00fcr juristisches Zitieren (2014).<\/p>\n\n\n\n<p>Im WU Katalog <a href=\"https:\/\/permalink.obvsg.at\/wuw\/AC09396956\" target=\"_blank\" rel=\"noreferrer noopener\">hier<\/a> zu finden.<\/p>\n\n\n\n<p class=\"has-blue-background-color has-background\"><em>Keiler\/Bezemek<\/em>, leg cit<sup>4<\/sup>: Leitfaden f\u00fcr juristisches Zitieren (2019).<\/p>\n\n\n\n<p>Im WU Katalog <a href=\"https:\/\/permalink.obvsg.at\/wuw\/AC15157802\" data-type=\"link\" data-id=\"https:\/\/permalink.obvsg.at\/wuw\/AC15157802\" target=\"_blank\" rel=\"noreferrer noopener\">hier<\/a> zu finden.<\/p>\n\n\n\n<div class=\"wp-block-group\" style=\"padding-top:3em;padding-right:10rem;padding-bottom:3em;padding-left:10rem\"><div class=\"wp-block-group__inner-container is-layout-constrained wp-container-core-group-is-layout-0682ed28 wp-block-group-is-layout-constrained\">\n<hr class=\"wp-block-separator alignwide has-alpha-channel-opacity is-style-wide\"\/>\n<\/div><\/div>\n\n\n\n<h2 class=\"wp-block-heading\" id=\"citavi\">Citavi<\/h2>\n\n\n\n<p>Klicke mit der rechten Maustaste auf den Button und w\u00e4hle <em>Ziel speichern unter&#8230;<\/em> aus. Speichere die Datei unter Documents\\Citavi 5\\Custom Citations Styles.<\/p>\n\n\n\n<div class=\"wp-block-buttons is-layout-flex wp-block-buttons-is-layout-flex\">\n<div class=\"wp-block-button\"><a class=\"wp-block-button__link has-background wp-element-button\" href=\"https:\/\/library.wu.ac.at\/litverw\/citavi\/leg_cit3.ccs\" style=\"background-color:#008198\">Download Stil &gt;<\/a><\/div>\n<\/div>\n\n\n\n<details class=\"wp-block-details is-layout-flow wp-block-details-is-layout-flow\"><summary>Allgemeines<\/summary>\n<ul class=\"wp-block-list\">\n<li>Voraussetzung: Citavi 5<\/li>\n\n\n\n<li>Alle Nachweise erscheinen in Fu\u00dfnoten. Erg\u00e4nze am Ende einer Fu\u00dfnote die entsprechende Interpunktion (idR ein Punkt).<\/li>\n\n\n\n<li>Es wird ein nach Dokumentarten sortiertes Literaturverzeichnis aus allen Eintr\u00e4gen (mit Ausnahme der Beitr\u00e4ge im Gesetzeskommentar) erstellt. Um daraus die gew\u00fcnschten Einzelverzeichnisse (Verz d Rechtsquellen, Rechtssprechung, Literatur und Onlinequellen) zu erstellen, folge (erst nach Beendigung der Arbeit!) <em>Schritt 2<\/em> in <a rel=\"noreferrer noopener\" href=\"https:\/\/www1.citavi.com\/sub\/manual6\/de\/index.html?creategroupedbibliographydialog.html\" target=\"_blank\">dieser Anleitung<\/a>.<\/li>\n\n\n\n<li>Bei verschiedenen Literaturarten wird bei wiederholter Nennung ein Kurzbeleg verwendet. Aktiviere dazu bitte die Kurzbeleg-Funktion in Citavi, wie <a href=\"https:\/\/www1.citavi.com\/sub\/manual6\/de\/cse_generating_citation_keys.html\" target=\"_blank\" rel=\"noreferrer noopener\">hier<\/a> und <a href=\"http:\/\/www.citavi.com\/sub\/citationkeys\/Citavi_Kurzbeleg_Stichwort_aus_Titel.zip\" target=\"_blank\" rel=\"noreferrer noopener\">hier<\/a> beschrieben.<\/li>\n\n\n\n<li>Um \u00a7, Rz, Art etc. gemeinsam zu verwenden, w\u00e4hle als Seitenzahltyp <em>Andere<\/em> und gib in das Feld f\u00fcr Seitenzahlen die Daten so ein, wie du es in der Ausgabe erwartest.<\/li>\n\n\n\n<li>Citavi unterdr\u00fcckt die Ausgabe einer Zitat-Seite, wenn diese identisch mit der ersten Seite des Aufsatzes\/Beitrags ist.<\/li>\n\n\n\n<li>Citavi unterdr\u00fcckt die wiederholte Nennung des Gerichts, wenn in einer FN das direkt vorhergehende Urteil vom selben Gericht stammt.<\/li>\n\n\n\n<li>Rechtsquellen werden im Literaturverzeichnis nach den Kriterien Zeitschrift &gt; Kurzbeleg &gt; Abk\u00fcrzung &gt; Jahr absteigend sortiert. Dadurch entsteht eine Gruppierung nach Ver\u00f6ffentlichungsorgan. leg cit\u00b3 verlangt eine territoriale Sortierung. Im Feld <em>Freitext 1<\/em> kann ein Sortierschl\u00fcssel eingegeben werden, der als allererstes Kriterium ausgewertet wird (z.B. f\u00fcr \u00f6 Verfassungsrecht &#8222;1&#8220;, \u00f6 einfache Gesetze &#8222;2&#8220;, n\u00f6 Landesrecht &#8222;21&#8220;, w Landesrecht &#8222;22&#8220;, EU-Recht &#8222;30&#8220;&#8230;).<\/li>\n\n\n\n<li>Quellen der Rechtssprechung werden im Literaturverzeichnis nach Gerichten &gt; Jahr absteigend sortiert. Analog zu den Rechtsquellen kann auch hier das Feld <em>Freitext 1<\/em> f\u00fcr einen prim\u00e4ren Sortierschl\u00fcssel verwendet werden.<\/li>\n<\/ul>\n<\/details>\n\n\n\n<details class=\"wp-block-details is-layout-flow wp-block-details-is-layout-flow\"><summary>Gerichtsentscheidung<\/summary>\n<p><strong>Allgemein<\/strong><\/p>\n\n\n\n<ul class=\"wp-block-list\">\n<li>Der ECLI ist in <em>Freitext 2<\/em> einzutragen.<\/li>\n\n\n\n<li>Die Angabe der Fundstelle funktioniert analog zu Beitr\u00e4gen in Zeitschriften (mit Ausnahme von Slg):\n<ul class=\"wp-block-list\">\n<li>[leg cit\u00b3 Rz 338]: wenn die ZS-Hefte nummeriert werden, ihre Z\u00e4hlung jedes Jahr von neuem beginnt und die Paginierung mit jedem Heft von neuem beginnt:\n<ul class=\"wp-block-list\">\n<li>Nummerierung in <em>Heftnummer<\/em><\/li>\n\n\n\n<li>Jahreszahl in <em>Jahr<\/em><\/li>\n\n\n\n<li><em>Band\/Jahrgang<\/em> leer lassen!<\/li>\n<\/ul>\n<\/li>\n\n\n\n<li>[leg cit\u00b3 Rz 336 und 339]: alle anderen F\u00e4lle einer Nummerierung der ZS-Hefte:\n<ul class=\"wp-block-list\">\n<li>Nummerierung in <em>Heftnummer<\/em><\/li>\n\n\n\n<li>Jahreszahl in <em>Band\/Jahrgang<\/em><\/li>\n<\/ul>\n<\/li>\n\n\n\n<li>Wenn die ZS-Hefte nicht nummeriert werden\n<ul class=\"wp-block-list\">\n<li>Jahreszahl in <em>Jahr<\/em><\/li>\n\n\n\n<li><em>Band\/Jahrgang<\/em> leer lassen!<\/li>\n<\/ul>\n<\/li>\n<\/ul>\n<\/li>\n\n\n\n<li>Parallelfundstellen werden nur im Literaturverzeichnis abgebildet. Das =-Zeichen wird f\u00fcr die erste Parallelfundstelle vom Zitierstil eingef\u00fcgt, alle weiteren m\u00fcssen h\u00e4ndisch eingegeben werden.<\/li>\n\n\n\n<li>Der*Die Glossator*in einer Fundstelle kann in <em>Freitext 4<\/em>, das dazugeh\u00f6rige Glossar in <em>Freitext 3<\/em> eingetragen werden. Bei Parallelfundstellen k\u00f6nnen die Glossator*innen markiert und mit rechtem Mausklick die gew\u00fcnschte kursive Formatierung gew\u00e4hlt werden.<\/li>\n<\/ul>\n\n\n\n<p><strong>EuGH<\/strong><\/p>\n\n\n\n<ul class=\"wp-block-list\">\n<li>In <em>Art der Entscheidung<\/em> ist \u2013 wenn zutreffend \u2013 &#8222;Rs&#8220; oder &#8222;verb Rs&#8220; einzutragen.<\/li>\n\n\n\n<li>Wenn zutreffend hat die Fundstelle mit &#8222;Slg&#8220; zu beginnen, damit das Zitat korrekt formatiert werden kann.<\/li>\n<\/ul>\n<\/details>\n\n\n\n<details class=\"wp-block-details is-layout-flow wp-block-details-is-layout-flow\"><summary>Gesetzestexte<\/summary>\n<ul class=\"wp-block-list\">\n<li>Das Publikationsorgan (BGBl, LGBl ABl, etc.) ist im Feld <em>Zeitschrift<\/em> einzutragen. Formatiert wird es als [Zeitschrift] [Heftnummer]\/[Jahr].<\/li>\n\n\n\n<li>F\u00fcr EU-Recht ist als Publikationsorgan &#8222;ABl&#8220; einzutragen, die Serie (zB. &#8222;L&#8220;) wird mit der Ausgabennummer im Feld <em>Heftnummer<\/em> notiert (bspw. &#8222;L 55&#8220;), die Seiten in <em>Seiten von\u2013bis<\/em>. Formatiert wird es als [Zeitschrift] [Jahr] [Heftnummer]\/[Seiten von\u2013bis].<\/li>\n\n\n\n<li>Soll eine davon abweichende Formatierung n\u00f6tig sein, bef\u00fclle bitte das Feld <em>Fundstelle<\/em> in der gew\u00fcnschten Form.<\/li>\n\n\n\n<li>Die Kurzbezeichnung wird im Feld <em>Kurzbeleg<\/em> abgelegt und nach dem ersten Zitat f\u00fcr alle weiteren Belege verwendet.<\/li>\n\n\n\n<li>Wird eine eigene Abk\u00fcrzung kreiert, ist diese im Feld <em>Abk\u00fcrzung<\/em> zu notieren, damit sie im Verzeichnis der Rechtsquellen sowie im ersten Zitat in eckigen Klammern angef\u00fchrt wird (z.B. [Lumb-Fangverbots-VO]). Sie wird f\u00fcr alle weiteren Belege als Kurzbeleg verwendet (z.B. \u00a7 5 Lumb-Fangverbots-VO).<\/li>\n<\/ul>\n<\/details>\n\n\n\n<details class=\"wp-block-details is-layout-flow wp-block-details-is-layout-flow\"><summary>Gesetzeskommentar<\/summary>\n<ul class=\"wp-block-list\">\n<li>Wenn es eine \u00fcbliche Abk\u00fcrzung gibt, ist diese im vorgesehenen Feld <em>\u00dcbl. Abk\u00fcrzung<\/em> einzutragen, z.B. &#8222;Klang&#8220;.<\/li>\n<\/ul>\n\n\n\n<p><strong>Beitrag im Gesetzeskommentar<\/strong><\/p>\n\n\n\n<ul class=\"wp-block-list\">\n<li>Der einzelne Beitrag wird nicht im Literaturverzeichnis aufgenommen, sondern nur der gesamte Kommentar.<\/li>\n<\/ul>\n<\/details>\n\n\n\n<details class=\"wp-block-details is-layout-flow wp-block-details-is-layout-flow\"><summary>Fest- und Gedenkschriften<\/summary>\n<ul class=\"wp-block-list\">\n<li>Diese Schriften sind als Sammelwerke anzulegen.<\/li>\n\n\n\n<li>Gib als <em>Titelzus\u00e4tze<\/em> &#8222;[FS bzw. GedS] [Name des Widmungstr\u00e4gers\/der Widmungst\u00e4gerin]&#8220; ein (z.B. &#8222;FS Kelsen&#8220;).<\/li>\n\n\n\n<li>Werden Widmungsgrund und Widmungstr\u00e4ger bereits im Titel genannt, bef\u00fclle nicht das Feld <em>Titelzus\u00e4tze<\/em> sondern das Feld <em>Kurzbeleg<\/em> mit &#8222;[FS bzw. GedS] [Name des Widmungstr\u00e4gers\/der Widmungst\u00e4gerin]&#8220;.<\/li>\n<\/ul>\n<\/details>\n\n\n\n<details class=\"wp-block-details is-layout-flow wp-block-details-is-layout-flow\"><summary>Monografien, Hochschulschriften und Beitr\u00e4ge in Sammelwerken<\/summary>\n<p>Bei wiederholten Zitaten wird das Feld <em>Kurzbeleg<\/em> benutzt.<\/p>\n<\/details>\n\n\n\n<div class=\"wp-block-group\" style=\"padding-top:3em;padding-right:10rem;padding-bottom:3em;padding-left:10rem\"><div class=\"wp-block-group__inner-container is-layout-constrained wp-container-core-group-is-layout-0682ed28 wp-block-group-is-layout-constrained\">\n<hr class=\"wp-block-separator alignwide has-alpha-channel-opacity is-style-wide\"\/>\n<\/div><\/div>\n\n\n\n<h2 class=\"wp-block-heading\" id=\"csl\">CSL (Zotero, Mendeley etc.)<\/h2>\n\n\n\n<p>Der Zitierstil <a href=\"https:\/\/www.verlagoesterreich.at\/leg-cit4\/99.105005-9783704680402\" target=\"_blank\" rel=\"noreferrer noopener\">leg cit\u2074<\/a> wird auf der Verlagsplattform von <em>Verlag \u00d6sterreich<\/em> zur Verf\u00fcgung gestellt. Die Seite ist nur vom WU Netzwerk aus erreichbar.<\/p>\n\n\n\n<div class=\"wp-block-group\" style=\"padding-top:3em;padding-right:10rem;padding-bottom:3em;padding-left:10rem\"><div class=\"wp-block-group__inner-container is-layout-constrained wp-container-core-group-is-layout-0682ed28 wp-block-group-is-layout-constrained\">\n<hr class=\"wp-block-separator alignwide has-alpha-channel-opacity is-style-wide\"\/>\n<\/div><\/div>\n\n\n\n<h2 class=\"wp-block-heading\" id=\"juris\">Juris-M<\/h2>\n\n\n\n<p>Leg cit sieht vor, dass in Literatur- und anderen Verzeichnissen aufgef\u00fchrte Eintr\u00e4ge im Text auch beim ersten Zitat nur abgek\u00fcrzt dargestellt werden. Daher gibt es drei verschiedene Stile f\u00fcr Juris-M.<\/p>\n\n\n\n<p>Klicke mit der rechten Maustaste auf <em>Download Stil<\/em> und w\u00e4hle <em>Ziel speichern unter&#8230;<\/em> aus.<\/p>\n\n\n\n<ul class=\"wp-block-list\">\n<li><em>JM leg cit ohne Verzeichnisse<\/em> f\u00fcr Arbeiten ohne Verzeichnisse. Alle Zitate werden beim ersten Auftreten in Langform dargestellt.<br><a href=\"https:\/\/library.wu.ac.at\/litverw\/juris-m\/jm-leg-cit-ohne-verzeichnisse.csl\">Download Stil<\/a><\/li>\n\n\n\n<li><em>JM leg cit mit Literaturverzeichnis<\/em> f\u00fcgt Literaturzitate in einem Verzeichnis ein, aber keine Rechtssprechung oder Gesetzeszitate. Dementsprechend wird Literatur beim ersten Auftreten bereits als Kurzzitat dargestellt.<br><a href=\"https:\/\/library.wu.ac.at\/litverw\/juris-m\/jm-leg-cit-literaturverzeichnis.csl\">Download Stil<\/a><\/li>\n\n\n\n<li><em>JM leg cit mit Rechtsquellenverzeichnis und Literaturverzeichnis<\/em> f\u00fcgt alle Zitate in das Literaturverzeichnis ein. Alle Zitate werden beim ersten Auftreten bereits als Kurzzitat dargestellt.<br><a href=\"https:\/\/library.wu.ac.at\/litverw\/juris-m\/jm-leg-cit-rechtsquellenverzeichnis-literaturverzeichnis.csl\">Download Stil<\/a><\/li>\n<\/ul>\n\n\n\n<details class=\"wp-block-details is-layout-flow wp-block-details-is-layout-flow\"><summary>Beitrag in einem Sammelband<\/summary>\n<ul class=\"wp-block-list\">\n<li>Eintragsart: <em>Buchteil<\/em><\/li>\n\n\n\n<li>Das Kurzzitat kann lt. leg cit\u2074 Rz 338 und 340 entweder traditionell als \u201e<em>Autor*in<\/em> in <em>Herausgeber*in<\/em>\u201c dargestellt werden oder wie bei Monografien als \u201e<em>Autor*in<\/em>, Kurztitel\u201c. Dies wird \u00fcber die Eingabe des Kurztitels gesteuert:\n<ul class=\"wp-block-list\">\n<li>Ist ein Kurztitel vorhanden, ist das Kurzzitat \u201e<em>Autor*in<\/em>, Kurztitel\u201c.<\/li>\n\n\n\n<li>Ansonsten ist das Kurzzitat \u201e<em>Autor*in<\/em> in <em>Herausgeber*in<\/em>\u201c.<\/li>\n<\/ul>\n<\/li>\n\n\n\n<li>Details zu Erg\u00e4nzungslieferungen werden in <em>Nummer der Reihe<\/em> eingegeben.<\/li>\n<\/ul>\n<\/details>\n\n\n\n<details class=\"wp-block-details is-layout-flow wp-block-details-is-layout-flow\"><summary>Beitrag in FS\/GedS<\/summary>\n<ul class=\"wp-block-list\">\n<li>Eintragsart: <em>Buchteil<\/em><\/li>\n\n\n\n<li>Die geehrte Person oder Institution wird als <em>Empf\u00e4nger<\/em> eingetragen.<\/li>\n\n\n\n<li>Wenn ein <em>Empf\u00e4nger<\/em> eingetragen ist, wird automatisch eine FS angenommen und der Kurztitel f\u00fcr den Sammelband als \u201eFS Empf\u00e4ngername\u201c gesetzt.<\/li>\n\n\n\n<li>Ist \u201eGedS\u201c oder ein anderes K\u00fcrzel statt \u201eFS\u201c erforderlich, ist dies in Feld <em>Extra<\/em> einzutragen in der Form <em>Genre: GedS<\/em><strong>.<\/strong><\/li>\n\n\n\n<li>Diese Automatik wird durch die Eingabe im Feld <em>Buch-Kurztitel<\/em> ausgeschaltet. Gibt es in diesem Feld einen Inhalt, wird dieser im Kurzzitat verwendet. Wie oben beschrieben, lautet das Kurzzitat dann \u201e<em>Autor*in<\/em> in Buchkurztitel\u201c. Dies ist n\u00f6tig, wenn mit dem Eintrag in <em>Empf\u00e4nger<\/em> kein ad\u00e4quater Kurztitel gebildet werden kann.<\/li>\n\n\n\n<li>Das Kurzzitat kann, analog zum Sammelband, wie bei Monografien gestaltet werden als \u201e<em>Autor*in<\/em>, Kurztitel\u201c. Dies geschieht jedenfalls, wenn ein Eintrag im Feld <em>Kurztitel<\/em> existiert (vgl. leg cit\u2074 Rz 340).<\/li>\n<\/ul>\n<\/details>\n\n\n\n<details class=\"wp-block-details is-layout-flow wp-block-details-is-layout-flow\"><summary>Zeitschriftenartikel<\/summary>\n<ul class=\"wp-block-list\">\n<li>Der Zeitschriftentitel kann in abgek\u00fcrzter Form entweder im Feld <em>Publikation<\/em> oder <em>Zeitschriften-Abk\u00fcrzung<\/em> eingegeben werden.<\/li>\n<\/ul>\n\n\n\n<p>Eingabe von Jahrgang und Heftnummer:<\/p>\n\n\n\n<ul class=\"wp-block-list\">\n<li>leg cit r\u00e4t von der Verwendung von Artikelnummern ab, diese werden dementsprechend in Zitaten und Verzeichnissen nicht gesetzt.<\/li>\n\n\n\n<li>Wenn die Zeitschrift einer durchgehenden Nummerierung der Hefte folgt, soll diese verwendet werden (leg cit\u2074 Rz 353 und 356). Diese Nummer ist im Feld <em>Band<\/em> einzutragen.<\/li>\n\n\n\n<li>Beginnt die Seitennummerierung bei jedem Heft erneut und sind die Zeitschriftenhefte nicht durchgehend nummeriert, ist die Heftnummer anzugeben. Die Heftnummer ist im Feld <em>Ausgabe<\/em> einzutragen.<\/li>\n<\/ul>\n\n\n\n<p>Ausgehend von diesen beiden Punkten gilt:<\/p>\n\n\n\n<ul class=\"wp-block-list\">\n<li>Standardm\u00e4\u00dfig gibt es einen Eintrag in <em>Seite<\/em> aber keinen Eintrag in <em>Band<\/em> und <em>Ausgabe<\/em>:<br><br>Datum 2014<br>Seiten 21<br>Zitat: &#8230; 2014, 21 &#8230;<\/li>\n\n\n\n<li>Gibt es einen Eintrag in <em>Band<\/em>, folgt die Formatierung jedenfalls Leg cit4 Rz 353.<br><br>Band 43<br>Datum 2011<br>Seiten 32-34<br>Zitat: &#8230; 43 (2011) 32 &#8230;<\/li>\n\n\n\n<li>Gibt es einen Eintrag in <em>Ausgabe<\/em> aber nicht in <em>Band<\/em>, folgt die Formatierung Leg cit4 Rz 355.<br><br>Ausgabe 4<br>Datum 2019<br>Seiten 13-29<br>Zitat: &#8230; 4\/2019, 13 &#8230;<\/li>\n<\/ul>\n<\/details>\n\n\n\n<details class=\"wp-block-details is-layout-flow wp-block-details-is-layout-flow\"><summary>Gesetzeskommentar<\/summary>\n<ul class=\"wp-block-list\">\n<li>Eintragsart: <em>Gesetzeskommentar<\/em><\/li>\n\n\n\n<li>Die kommentierte Bestimmung wird in <em>Titel<\/em> eingetragen. Enth\u00e4lt der Kommentar Bestimmungen aus unterschiedlichen Gesetzen, kann hier auch das Gesetz angef\u00fchrt werden und f\u00fcr wiederholte Zitate im Feld <em>Kurztitel<\/em> die kommentierte Bestimmung ohne Gesetzesbezeichnung eingegeben werden.<br>z.B.:<br><br>Titel \u00a7 1313a ABGB<br>Kurztitel \u00a7 1313a<\/li>\n\n\n\n<li>Der Titel des Kommentars wird in <em>Buchtitel<\/em> eingegeben, eine Eingabe in <em>Buchkurztitel<\/em> wird bei wiederholten Zitaten statt Herausgeber*in und Buchtitel benutzt.<\/li>\n\n\n\n<li>Details zu Erg\u00e4nzungslieferungen werden in <em>Nummer der Reihe<\/em> vermerkt.<br><br>z.B. \u201eLfg 8 2017\u201c:<br><br>Nummer der Reihe Lfg 8<br>Datum 2017<br><br>z.B. \u201eLfg Nov 2017\u201c:<br><br>Nummer der Reihe Lfg<br>Datum 2017-11<\/li>\n\n\n\n<li>Besonderheiten bei Online-Kommentaren:\n<ul class=\"wp-block-list\">\n<li>Stand wird in <em>Version<\/em> eingegeben.<\/li>\n\n\n\n<li>Die Bezeichnung der Datenbank wird in <em>Archiv<\/em> eingegeben.<\/li>\n<\/ul>\n<\/li>\n<\/ul>\n<\/details>\n\n\n\n<details class=\"wp-block-details is-layout-flow wp-block-details-is-layout-flow\"><summary>Verzeichnisse<\/summary>\n<p>Juris-M erstellt beim Einf\u00fcgen einer Bibliographie mit <em>Add\/Edit Bibliography<\/em> je nach Zitierstil ein Verzeichnis mit den zitierten Eintr\u00e4gen aus Literatur, Judikatur und Gesetzgebung. Die Eintr\u00e4ge scheinen in der Reihenfolge Rechtssprechung \u2013 Gesetze\/Gesetzesentw\u00fcrfe \u2013 Literatur \u2013 Webseiten. Aus technischen Gr\u00fcnden k\u00f6nnen keine Zwischen\u00fcberschriften angelegt werden, weshalb das Verzeichnis ggf. nachbearbeitet werden muss. Dies kann nach Abschluss der Arbeit geschehen (z.B. auch Umsortieren oder Entfernen unerw\u00fcnschter Teile).<\/p>\n\n\n\n<p>Um zu verhindern, dass durch ein Zitat-Update die \u00c4nderungen \u00fcberschrieben werden, ist es n\u00f6tig, die Verbindung zwischen Juris-M und Word zu kappen:<\/p>\n\n\n\n<ol class=\"wp-block-list\">\n<li>Der Vorgang ist irreversibel, erstelle daher zun\u00e4chst unbedingt eine Sicherungskopie der Arbeit.<\/li>\n\n\n\n<li>Entlinke die Zitate und die Bibliographie mit dem Button <em>Unlink Citations<\/em> <img decoding=\"async\" src=\"https:\/\/learn.wu.ac.at\/open\/fit4research\/download\/file\/jurism_unlink_citations\">.<\/li>\n\n\n\n<li>Bearbeite die Verzeichnisse.<\/li>\n<\/ol>\n<\/details>\n","protected":false},"excerpt":{"rendered":"<p>Vorlage Keiler\/Bezemek, leg cit\u00b3 &#8211; Leitfaden f\u00fcr juristisches Zitieren (2014). Im WU Katalog hier zu finden. Keiler\/Bezemek, leg cit4: Leitfaden f\u00fcr juristisches Zitieren (2019). Im WU Katalog hier zu finden. Citavi Klicke mit der rechten Maustaste auf den Button und w\u00e4hle Ziel speichern unter&#8230; aus. Speichere die Datei unter Documents\\Citavi 5\\Custom Citations Styles. CSL (Zotero,&hellip; <a class=\"more-link\" href=\"https:\/\/library.wu.ac.at\/bib\/fit4research\/index.php\/leg-cit\/\">Continue reading <span class=\"screen-reader-text\">leg cit<\/span><\/a><\/p>\n","protected":false},"author":6,"featured_media":0,"parent":0,"menu_order":23,"comment_status":"closed","ping_status":"closed","template":"","meta":{"footnotes":""},"class_list":["post-1605","page","type-page","status-publish","hentry","entry"],"_links":{"self":[{"href":"https:\/\/library.wu.ac.at\/bib\/fit4research\/index.php\/wp-json\/wp\/v2\/pages\/1605","targetHints":{"allow":["GET"]}}],"collection":[{"href":"https:\/\/library.wu.ac.at\/bib\/fit4research\/index.php\/wp-json\/wp\/v2\/pages"}],"about":[{"href":"https:\/\/library.wu.ac.at\/bib\/fit4research\/index.php\/wp-json\/wp\/v2\/types\/page"}],"author":[{"embeddable":true,"href":"https:\/\/library.wu.ac.at\/bib\/fit4research\/index.php\/wp-json\/wp\/v2\/users\/6"}],"replies":[{"embeddable":true,"href":"https:\/\/library.wu.ac.at\/bib\/fit4research\/index.php\/wp-json\/wp\/v2\/comments?post=1605"}],"version-history":[{"count":8,"href":"https:\/\/library.wu.ac.at\/bib\/fit4research\/index.php\/wp-json\/wp\/v2\/pages\/1605\/revisions"}],"predecessor-version":[{"id":4449,"href":"https:\/\/library.wu.ac.at\/bib\/fit4research\/index.php\/wp-json\/wp\/v2\/pages\/1605\/revisions\/4449"}],"wp:attachment":[{"href":"https:\/\/library.wu.ac.at\/bib\/fit4research\/index.php\/wp-json\/wp\/v2\/media?parent=1605"}],"curies":[{"name":"wp","href":"https:\/\/api.w.org\/{rel}","templated":true}]}}