{"id":1602,"date":"2023-09-07T11:52:30","date_gmt":"2023-09-07T09:52:30","guid":{"rendered":"https:\/\/library.wu.ac.at\/bib\/fit4research\/?page_id=1602"},"modified":"2023-11-09T15:31:01","modified_gmt":"2023-11-09T14:31:01","slug":"ivm","status":"publish","type":"page","link":"https:\/\/library.wu.ac.at\/bib\/fit4research\/index.php\/ivm\/","title":{"rendered":"IVM"},"content":{"rendered":"\n<ul class=\"wp-block-list\">\n<li><a href=\"#vorlage\" data-type=\"internal\" data-id=\"#vorlage\">Vorlage<\/a><\/li>\n\n\n\n<li><a href=\"#citavi\">Citavi<\/a><\/li>\n\n\n\n<li><a href=\"#csl\">CSL (Zotero, Mendeley etc.)<\/a><\/li>\n\n\n\n<li><a href=\"#endnote\">EndNote<\/a><\/li>\n<\/ul>\n\n\n\n<div class=\"wp-block-group\" style=\"padding-top:3em;padding-right:10rem;padding-bottom:3em;padding-left:10rem\"><div class=\"wp-block-group__inner-container is-layout-constrained wp-container-core-group-is-layout-0682ed28 wp-block-group-is-layout-constrained\">\n<hr class=\"wp-block-separator alignwide has-alpha-channel-opacity is-style-wide\"\/>\n<\/div><\/div>\n\n\n\n<h2 class=\"wp-block-heading\" id=\"vorlage\">Vorlage<\/h2>\n\n\n\n<p>Einen Leitfaden zur formalen Gestaltung von Bachelor- und Diplomarbeiten am Interdisziplin\u00e4ren Institut f\u00fcr Verhaltenswissenschaftlich Orientiertes Management findest du auf den Seiten des Instituts. Die hier zur Verf\u00fcgung gestellten Zitierstile basieren auf diesem Vorschlag. Besprich bitte die Zitierstilwahl mit deinem*deiner Betreuer*in.<\/p>\n\n\n\n<div class=\"wp-block-buttons is-layout-flex wp-block-buttons-is-layout-flex\">\n<div class=\"wp-block-button\"><a class=\"wp-block-button__link has-background wp-element-button\" href=\"https:\/\/www.wu.ac.at\/ivm\/lehre\/bachelorarbeiten\/\" style=\"background-color:#008198\" target=\"_blank\" rel=\"noreferrer noopener\">Zum Institut &gt;<\/a><\/div>\n<\/div>\n\n\n\n<div class=\"wp-block-group\" style=\"padding-top:3em;padding-right:10rem;padding-bottom:3em;padding-left:10rem\"><div class=\"wp-block-group__inner-container is-layout-constrained wp-container-core-group-is-layout-0682ed28 wp-block-group-is-layout-constrained\">\n<hr class=\"wp-block-separator alignwide has-alpha-channel-opacity is-style-wide\"\/>\n<\/div><\/div>\n\n\n\n<h2 class=\"wp-block-heading\" id=\"citavi\">Citavi<\/h2>\n\n\n\n<p>Du kannst den Stil direkt in Citavi abrufen. W\u00e4hle hierzu im Men\u00fc oben <em>Zitation<\/em>&#8211;&gt;<em>Zitationsstile<\/em>&#8211;&gt;<em>Zitationsstil wechseln<\/em> aus.<\/p>\n\n\n\n<figure class=\"wp-block-image\"><img decoding=\"async\" src=\"https:\/\/learn.wu.ac.at\/open\/fit4research\/download\/file\/citavi_zitationsstil_wechseln\" alt=\"Der oben beschriebene Pfad ist in Citavi sichtbar. Der Zitationsstil kann auch mit der Tastenkombination STRG + F11 gewechselt werden.\"\/><\/figure>\n\n\n\n<p>Es \u00f6ffnet sich ein neues Fenster. Klicke auf <em>Stil suchen<\/em>. Suche nach <em>Wirtschaftsuniversit\u00e4t Wien &#8211; IVM<\/em>. Du kannst ausw\u00e4hlen, ob du den deutschsprachigen oder den englischsprachigen Stil hinzuf\u00fcgen m\u00f6chtest. Klicke auf <em>Hinzuf\u00fcgen<\/em> und best\u00e4tige mit <em>OK<\/em>.<\/p>\n\n\n\n<div class=\"wp-block-group\" style=\"padding-top:3em;padding-right:10rem;padding-bottom:3em;padding-left:10rem\"><div class=\"wp-block-group__inner-container is-layout-constrained wp-container-core-group-is-layout-0682ed28 wp-block-group-is-layout-constrained\">\n<hr class=\"wp-block-separator alignwide has-alpha-channel-opacity is-style-wide\"\/>\n<\/div><\/div>\n\n\n\n<h2 class=\"wp-block-heading\" id=\"csl\">CSL (Zotero, Mendely etc.)<\/h2>\n\n\n\n<p>Der Stil steht zum Download zur Verf\u00fcgung. Klicke mit der rechten Maustaste auf den Download Button. W\u00e4hle <em>Ziel speichern unter<\/em> &#8230; aus und speichere die Datei ab.<\/p>\n\n\n\n<div class=\"wp-block-buttons is-layout-flex wp-block-buttons-is-layout-flex\">\n<div class=\"wp-block-button\"><a class=\"wp-block-button__link has-background wp-element-button\" href=\"https:\/\/library.wu.ac.at\/litverw\/csl\/wirtschaftsuniversitat-wien-ivm-interdisziplinares-institut-fur-verhaltenswissenschaftlich-orientiertes-management.csl\" style=\"background-color:#008198\">Download Stil &gt;<\/a><\/div>\n<\/div>\n\n\n\n<div class=\"wp-block-group\" style=\"padding-top:3em;padding-right:10rem;padding-bottom:3em;padding-left:10rem\"><div class=\"wp-block-group__inner-container is-layout-constrained wp-container-core-group-is-layout-0682ed28 wp-block-group-is-layout-constrained\">\n<hr class=\"wp-block-separator alignwide has-alpha-channel-opacity is-style-wide\"\/>\n<\/div><\/div>\n\n\n\n<h2 class=\"wp-block-heading\" id=\"endnote\">EndNote<\/h2>\n\n\n\n<p>Bitte beachten Sie, dass im Feld <em>year<\/em> bei der Aufnahme einer Internetquelle das Jahr der letzten Aktualisierung der Website\/Internetquelle vermerkt werden soll.<\/p>\n\n\n\n<p>Der Stil steht \u00fcber die Buttons zum Download zur Verf\u00fcgung.<\/p>\n\n\n\n<div class=\"wp-block-buttons is-layout-flex wp-block-buttons-is-layout-flex\">\n<div class=\"wp-block-button\"><a class=\"wp-block-button__link has-background wp-element-button\" href=\"https:\/\/library.wu.ac.at\/litverw\/endnote\/styles\/WU%20IVM%20deutsch.ens\" style=\"background-color:#008198\">Download Stil Deutsch &gt;<\/a><\/div>\n<\/div>\n\n\n\n<div class=\"wp-block-buttons is-layout-flex wp-block-buttons-is-layout-flex\">\n<div class=\"wp-block-button\"><a class=\"wp-block-button__link has-background wp-element-button\" href=\"https:\/\/library.wu.ac.at\/litverw\/endnote\/styles\/WU%20IVM%20englisch.ens\" style=\"background-color:#008198\">Download Stil Englisch &gt;<\/a><\/div>\n<\/div>\n","protected":false},"excerpt":{"rendered":"<p>Vorlage Einen Leitfaden zur formalen Gestaltung von Bachelor- und Diplomarbeiten am Interdisziplin\u00e4ren Institut f\u00fcr Verhaltenswissenschaftlich Orientiertes Management findest du auf den Seiten des Instituts. Die hier zur Verf\u00fcgung gestellten Zitierstile basieren auf diesem Vorschlag. Besprich bitte die Zitierstilwahl mit deinem*deiner Betreuer*in. Citavi Du kannst den Stil direkt in Citavi abrufen. W\u00e4hle hierzu im Men\u00fc oben&hellip; <a class=\"more-link\" href=\"https:\/\/library.wu.ac.at\/bib\/fit4research\/index.php\/ivm\/\">Continue reading <span class=\"screen-reader-text\">IVM<\/span><\/a><\/p>\n","protected":false},"author":6,"featured_media":0,"parent":0,"menu_order":24,"comment_status":"closed","ping_status":"closed","template":"","meta":{"footnotes":""},"class_list":["post-1602","page","type-page","status-publish","hentry","entry"],"_links":{"self":[{"href":"https:\/\/library.wu.ac.at\/bib\/fit4research\/index.php\/wp-json\/wp\/v2\/pages\/1602","targetHints":{"allow":["GET"]}}],"collection":[{"href":"https:\/\/library.wu.ac.at\/bib\/fit4research\/index.php\/wp-json\/wp\/v2\/pages"}],"about":[{"href":"https:\/\/library.wu.ac.at\/bib\/fit4research\/index.php\/wp-json\/wp\/v2\/types\/page"}],"author":[{"embeddable":true,"href":"https:\/\/library.wu.ac.at\/bib\/fit4research\/index.php\/wp-json\/wp\/v2\/users\/6"}],"replies":[{"embeddable":true,"href":"https:\/\/library.wu.ac.at\/bib\/fit4research\/index.php\/wp-json\/wp\/v2\/comments?post=1602"}],"version-history":[{"count":4,"href":"https:\/\/library.wu.ac.at\/bib\/fit4research\/index.php\/wp-json\/wp\/v2\/pages\/1602\/revisions"}],"predecessor-version":[{"id":3580,"href":"https:\/\/library.wu.ac.at\/bib\/fit4research\/index.php\/wp-json\/wp\/v2\/pages\/1602\/revisions\/3580"}],"wp:attachment":[{"href":"https:\/\/library.wu.ac.at\/bib\/fit4research\/index.php\/wp-json\/wp\/v2\/media?parent=1602"}],"curies":[{"name":"wp","href":"https:\/\/api.w.org\/{rel}","templated":true}]}}