{"id":1594,"date":"2023-09-07T11:51:10","date_gmt":"2023-09-07T09:51:10","guid":{"rendered":"https:\/\/library.wu.ac.at\/bib\/fit4research\/?page_id=1594"},"modified":"2023-09-07T15:09:52","modified_gmt":"2023-09-07T13:09:52","slug":"hcm","status":"publish","type":"page","link":"https:\/\/library.wu.ac.at\/bib\/fit4research\/index.php\/hcm\/","title":{"rendered":"HCM"},"content":{"rendered":"\n<h2 class=\"wp-block-heading\">EndNote<\/h2>\n\n\n\n<p>Der Stil steht \u00fcber den Button zum Download zur Verf\u00fcgung.<\/p>\n\n\n\n<div class=\"wp-block-buttons is-layout-flex wp-block-buttons-is-layout-flex\">\n<div class=\"wp-block-button\"><a class=\"wp-block-button__link has-background wp-element-button\" href=\"https:\/\/library.wu.ac.at\/litverw\/endnote\/styles\/WU%20HCM.ens\" style=\"background-color:#008198\">Download Stil ><\/a><\/div>\n<\/div>\n\n\n\n<div class=\"wp-block-group\" style=\"padding-top:3em;padding-right:10rem;padding-bottom:3em;padding-left:10rem\"><div class=\"wp-block-group__inner-container is-layout-constrained wp-container-core-group-is-layout-0682ed28 wp-block-group-is-layout-constrained\">\n<hr class=\"wp-block-separator alignwide has-alpha-channel-opacity is-style-wide\"\/>\n<\/div><\/div>\n\n\n\n<h2 class=\"wp-block-heading\">CSL (Zotero, Mendeley etc.)<\/h2>\n\n\n\n<p>Der Zitierstil steht \u00fcber den Button zum Download zur Verf\u00fcgung.<\/p>\n\n\n\n<div class=\"wp-block-buttons is-layout-flex wp-block-buttons-is-layout-flex\">\n<div class=\"wp-block-button\"><a class=\"wp-block-button__link has-background wp-element-button\" href=\"https:\/\/www.zotero.org\/styles\/wirtschaftsuniversitat-wien-health-care-management\" style=\"background-color:#008198\">Download Stil ><\/a><\/div>\n<\/div>\n","protected":false},"excerpt":{"rendered":"<p>EndNote Der Stil steht \u00fcber den Button zum Download zur Verf\u00fcgung. CSL (Zotero, Mendeley etc.) Der Zitierstil steht \u00fcber den Button zum Download zur Verf\u00fcgung.<\/p>\n","protected":false},"author":6,"featured_media":0,"parent":0,"menu_order":27,"comment_status":"closed","ping_status":"closed","template":"","meta":{"footnotes":""},"class_list":["post-1594","page","type-page","status-publish","hentry","entry"],"_links":{"self":[{"href":"https:\/\/library.wu.ac.at\/bib\/fit4research\/index.php\/wp-json\/wp\/v2\/pages\/1594","targetHints":{"allow":["GET"]}}],"collection":[{"href":"https:\/\/library.wu.ac.at\/bib\/fit4research\/index.php\/wp-json\/wp\/v2\/pages"}],"about":[{"href":"https:\/\/library.wu.ac.at\/bib\/fit4research\/index.php\/wp-json\/wp\/v2\/types\/page"}],"author":[{"embeddable":true,"href":"https:\/\/library.wu.ac.at\/bib\/fit4research\/index.php\/wp-json\/wp\/v2\/users\/6"}],"replies":[{"embeddable":true,"href":"https:\/\/library.wu.ac.at\/bib\/fit4research\/index.php\/wp-json\/wp\/v2\/comments?post=1594"}],"version-history":[{"count":2,"href":"https:\/\/library.wu.ac.at\/bib\/fit4research\/index.php\/wp-json\/wp\/v2\/pages\/1594\/revisions"}],"predecessor-version":[{"id":1683,"href":"https:\/\/library.wu.ac.at\/bib\/fit4research\/index.php\/wp-json\/wp\/v2\/pages\/1594\/revisions\/1683"}],"wp:attachment":[{"href":"https:\/\/library.wu.ac.at\/bib\/fit4research\/index.php\/wp-json\/wp\/v2\/media?parent=1594"}],"curies":[{"name":"wp","href":"https:\/\/api.w.org\/{rel}","templated":true}]}}