{"id":1591,"date":"2023-09-07T11:50:44","date_gmt":"2023-09-07T09:50:44","guid":{"rendered":"https:\/\/library.wu.ac.at\/bib\/fit4research\/?page_id=1591"},"modified":"2024-03-22T09:35:25","modified_gmt":"2024-03-22T08:35:25","slug":"handel-und-marketing","status":"publish","type":"page","link":"https:\/\/library.wu.ac.at\/bib\/fit4research\/index.php\/handel-und-marketing\/","title":{"rendered":"Handel und Marketing"},"content":{"rendered":"\n<ul class=\"wp-block-list\">\n<li><a href=\"#vorlage\">Vorlage<\/a><\/li>\n\n\n\n<li><a href=\"#endnote\">EndNote<\/a><\/li>\n\n\n\n<li><a href=\"#citavi\">Citavi<\/a><\/li>\n\n\n\n<li><a href=\"#csl\">CSL (Zotero, Mendeley etc.)<\/a><\/li>\n<\/ul>\n\n\n\n<div class=\"wp-block-group\" style=\"padding-top:3em;padding-right:10rem;padding-bottom:3em;padding-left:10rem\"><div class=\"wp-block-group__inner-container is-layout-constrained wp-container-core-group-is-layout-0682ed28 wp-block-group-is-layout-constrained\">\n<hr class=\"wp-block-separator alignwide has-alpha-channel-opacity is-style-wide\"\/>\n<\/div><\/div>\n\n\n\n<h2 class=\"wp-block-heading\" id=\"vorlage\">Vorlage<\/h2>\n\n\n\n<p>Du findest <a rel=\"noreferrer noopener\" href=\"https:\/\/www.wu.ac.at\/fileadmin\/wu\/d\/i\/retail\/PDF_Dokumente\/Bachelor\/HM_Zitiervorschriften_Juni.2017.pdf\" target=\"_blank\">hier<\/a> die Zitierrichtlinien am Institut f\u00fcr Handel und Marketing.<\/p>\n\n\n\n<div class=\"wp-block-group\" style=\"padding-top:3em;padding-right:10rem;padding-bottom:3em;padding-left:10rem\"><div class=\"wp-block-group__inner-container is-layout-constrained wp-container-core-group-is-layout-0682ed28 wp-block-group-is-layout-constrained\">\n<hr class=\"wp-block-separator alignwide has-alpha-channel-opacity is-style-wide\"\/>\n<\/div><\/div>\n\n\n\n<h2 class=\"wp-block-heading\" id=\"endnote\">EndNote<\/h2>\n\n\n\n<p>Der Stil steht zum Download zur Verf\u00fcgung.<\/p>\n\n\n\n<div class=\"wp-block-buttons is-layout-flex wp-block-buttons-is-layout-flex\">\n<div class=\"wp-block-button\"><a class=\"wp-block-button__link has-background wp-element-button\" href=\"https:\/\/library.wu.ac.at\/litverw\/endnote\/styles\/WU%20Handel%20und%20Marketing.ens\" style=\"background-color:#008198\">Download Stil &gt;<\/a><\/div>\n<\/div>\n\n\n\n<h3 class=\"wp-block-heading\">Besonderheiten<\/h3>\n\n\n\n<details class=\"wp-block-details is-layout-flow wp-block-details-is-layout-flow\"><summary>Dissertation (Hochschulschrift)<\/summary>\n<ul class=\"wp-block-list\">\n<li>Document type <em>Thesis<\/em><\/li>\n\n\n\n<li>Art der Hochschulschrift (&#8222;Dissertation&#8220;) ist in das Feld <em>Thesis Type<\/em> einzutragen.<\/li>\n<\/ul>\n<\/details>\n\n\n\n<details class=\"wp-block-details is-layout-flow wp-block-details-is-layout-flow\"><summary>Internetquelle<\/summary>\n<ul class=\"wp-block-list\">\n<li>Document type <em>Webpage<\/em><\/li>\n\n\n\n<li>Stand ist in Feld <em>Last Update<\/em> einzutragen.<\/li>\n\n\n\n<li>Abfrage-Datum ist in Feld <em>Access Date<\/em> einzutragen.<\/li>\n\n\n\n<li>Abfrage-Uhrzeit ist in Feld <em>Description <\/em>einzutragen.<\/li>\n<\/ul>\n<\/details>\n\n\n\n<details class=\"wp-block-details is-layout-flow wp-block-details-is-layout-flow\"><summary>Expert*inneninterview<\/summary>\n<ul class=\"wp-block-list\">\n<li>Document type <em>Book Section<\/em><\/li>\n\n\n\n<li>Document type <em>Interview<\/em><\/li>\n\n\n\n<li>Namen des*der Expert*in sind in Feld <em>Interviewee<\/em> einzutragen.<\/li>\n\n\n\n<li>&#8222;pers\u00f6nliches Interview von <em>Interviewer*in<\/em> mit <em>Namen und Funktion des*der Expert*in<\/em>&#8220; ist in das Feld <em>Title<\/em> einzutragen.<\/li>\n<\/ul>\n<\/details>\n\n\n\n<details class=\"wp-block-details is-layout-flow wp-block-details-is-layout-flow\"><summary>Gesetze<\/summary>\n<p>In diesem Zitierstil wird der Dokumenttyp <em>Bill<\/em> f\u00fcr Gesetze verwendet.<\/p>\n\n\n\n<ul class=\"wp-block-list\">\n<li>Abk\u00fcrzung ist in Feld S<em>hort Title<\/em> einzutragen.<\/li>\n\n\n\n<li>Gesetzesname ist in Feld <em>Title <\/em>einzutragen.<\/li>\n\n\n\n<li>Jahr ist in Feld <em>Year<\/em> einzutragen.<\/li>\n\n\n\n<li>Ver\u00f6ffentlichungsorgan (BGBl., LGBl., ABl. etc.) ist in Feld <em>Code <\/em>einzutragen.<\/li>\n\n\n\n<li>Band des Ver\u00f6ffentlichungsorgans (bspw. BGBl. <strong><em>I<\/em><\/strong> oder ABl. <strong><em>L<\/em><\/strong>) ist in Feld <em>Code Volume<\/em> einzutragen.<\/li>\n\n\n\n<li>Gesetzesnummer ist in Feld <em>Bill Number<\/em> einzutragen.<\/li>\n\n\n\n<li>Bei EU-Recht ist der Seitenbereich im ABl. in Feld <em>Code Pages<\/em> einzutragen.<\/li>\n\n\n\n<li>Die zitierte Fassung ist ggf. in Feld <em>History <\/em>einzutragen.<\/li>\n\n\n\n<li>[Erlassdatum ist in Feld <em>Date <\/em>einzutragen, ist f\u00fcr \u00f6sterreichische Gesetze nicht relevant.]<\/li>\n<\/ul>\n<\/details>\n\n\n\n<div class=\"wp-block-group\" style=\"padding-top:3em;padding-right:10rem;padding-bottom:3em;padding-left:10rem\"><div class=\"wp-block-group__inner-container is-layout-constrained wp-container-core-group-is-layout-0682ed28 wp-block-group-is-layout-constrained\">\n<hr class=\"wp-block-separator alignwide has-alpha-channel-opacity is-style-wide\"\/>\n<\/div><\/div>\n\n\n\n<h2 class=\"wp-block-heading\" id=\"citavi\">Citavi<\/h2>\n\n\n\n<p>Klicke mit der rechten Maustaste auf den Button und w\u00e4hle <em>Ziel speichern unter<\/em>&#8230; aus. Speichere die Datei unter Documents\\Citavi 6\\Custom Citations Styles.<\/p>\n\n\n\n<div class=\"wp-block-buttons is-layout-flex wp-block-buttons-is-layout-flex\">\n<div class=\"wp-block-button\"><a class=\"wp-block-button__link has-background wp-element-button\" href=\"https:\/\/library.wu.ac.at\/litverw\/citavi\/Wirtschaftsuniversitaet%20Wien%20-%20Handel%20und%20Marketing.ccs\" style=\"background-color:#008198\">Download Stil &gt;<\/a><\/div>\n<\/div>\n\n\n\n<div class=\"wp-block-group\" style=\"padding-top:3em;padding-right:10rem;padding-bottom:3em;padding-left:10rem\"><div class=\"wp-block-group__inner-container is-layout-constrained wp-container-core-group-is-layout-0682ed28 wp-block-group-is-layout-constrained\">\n<hr class=\"wp-block-separator alignwide has-alpha-channel-opacity is-style-wide\"\/>\n<\/div><\/div>\n\n\n\n<h2 class=\"wp-block-heading\" id=\"csl\">CSL (Zotero, Mendeley etc.)<\/h2>\n\n\n\n<p>Zotero liefert von Haus aus eine gro\u00dfe Zahl an Stilen mit, die im Men\u00fc unter <em>Werkzeuge \u00bb Einstellungen \u00bb Zitieren \u00bb Stile<\/em> bequem ausgew\u00e4hlt und, wenn n\u00f6tig, mit der Funktion <em>Weitere Stile hinzuf\u00fcgen&#8230;<\/em> heruntergeladen werden k\u00f6nnen. W\u00e4hle den Stil <em>Wirtschaftsuniversit\u00e4t Wien &#8211; Handel und Marketing<\/em>, der von der WU Bibliothek gewartet wird. Dieser Stil ist im Zotero Style Repository verf\u00fcgbar.<\/p>\n\n\n\n<div class=\"wp-block-buttons is-layout-flex wp-block-buttons-is-layout-flex\">\n<div class=\"wp-block-button\"><a class=\"wp-block-button__link has-background wp-element-button\" href=\"https:\/\/www.zotero.org\/styles\/wirtschaftsuniversitat-wien-handel-und-marketing\" style=\"background-color:#008198\">Download Stil &gt;<\/a><\/div>\n<\/div>\n\n\n\n<h3 class=\"wp-block-heading\">Besonderheiten<\/h3>\n\n\n\n<details class=\"wp-block-details is-layout-flow wp-block-details-is-layout-flow\"><summary>Dissertation (Hochschulschrift)<\/summary>\n<ul class=\"wp-block-list\">\n<li>Eintragsart <em>Dissertation<\/em><\/li>\n\n\n\n<li>Art der Hochschulschrift (&#8222;Dissertation&#8220;) ist in das Feld <em>Art<\/em> einzutragen.<\/li>\n<\/ul>\n<\/details>\n\n\n\n<details class=\"wp-block-details is-layout-flow wp-block-details-is-layout-flow\"><summary>Artikel in nicht-wissenschaftlichen Zeitschriften<\/summary>\n<ul class=\"wp-block-list\">\n<li>Eintragsart <em>Buch<\/em><\/li>\n\n\n\n<li>Der Vermerk &#8222;E-Book&#8220; ist im Feld <em>Extra <\/em>wie folgt in geschwungenen Klammern einzugeben: {:medium: E-Book}<\/li>\n<\/ul>\n<\/details>\n\n\n\n<details class=\"wp-block-details is-layout-flow wp-block-details-is-layout-flow\"><summary>Internetquelle<\/summary>\n<ul class=\"wp-block-list\">\n<li>Eintragsart <em>Webseite<\/em><\/li>\n\n\n\n<li>Stand ist in Feld <em>Datum <\/em>einzutragen.<\/li>\n\n\n\n<li>Abfrage-Datum ist in Feld <em>Heruntergeladen am<\/em> einzutragen.<\/li>\n\n\n\n<li>Die Abfrage-Uhrzeit kann nicht eingegeben werden.<\/li>\n<\/ul>\n<\/details>\n\n\n\n<details class=\"wp-block-details is-layout-flow wp-block-details-is-layout-flow\"><summary>Expert*inneninterview<\/summary>\n<ul class=\"wp-block-list\">\n<li>Eintragsart <em>Interview<\/em><\/li>\n\n\n\n<li>Namen des*der Expert*in sind in Feld <em>Interview mit<\/em> einzutragen.<\/li>\n\n\n\n<li>&#8222;pers\u00f6nliches Interview von <em>Interviewer*in<\/em> mit <em>Namen und Funktion des*der Expert*in<\/em>&#8220; ist in das Feld <em>Titel <\/em>einzutragen.<\/li>\n<\/ul>\n<\/details>\n\n\n\n<details class=\"wp-block-details is-layout-flow wp-block-details-is-layout-flow\"><summary>Gesetze<\/summary>\n<ul class=\"wp-block-list\">\n<li>Eintragsart <em>Gesetz<\/em><\/li>\n\n\n\n<li>Abk\u00fcrzung ist in Feld <em>Kurztitel <\/em>einzutragen.<\/li>\n\n\n\n<li>Gesetzesname ist in Feld <em>Titel <\/em>einzutragen.<\/li>\n\n\n\n<li>Jahr ist in Feld <em>Datum des Inkrafttretens<\/em> einzutragen.<\/li>\n\n\n\n<li>Ver\u00f6ffentlichungsorgan (BGBl., LGBl., ABl. etc.) ist in Feld <em>Code <\/em>einzutragen.<\/li>\n\n\n\n<li>Band des Ver\u00f6ffentlichungsorgans (bspw. BGBl. <strong><em>I<\/em><\/strong> oder ABl. <strong><em>L<\/em><\/strong>) ist in Feld <em>Codenummer <\/em>einzutragen.<\/li>\n\n\n\n<li>Gesetzesnummer ist in Feld <em>\u00d6ffentliche Gesetzesnummer<\/em> einzutragen.<\/li>\n\n\n\n<li>Bei EU-Recht ist der Seitenbereich im ABl. in Feld <em>Seiten <\/em>einzutragen.<\/li>\n\n\n\n<li>Die zitierte Fassung ist ggf. in Feld <em>Geschichte <\/em>einzutragen.<\/li>\n<\/ul>\n<\/details>\n","protected":false},"excerpt":{"rendered":"<p>Vorlage Du findest hier die Zitierrichtlinien am Institut f\u00fcr Handel und Marketing. EndNote Der Stil steht zum Download zur Verf\u00fcgung. Besonderheiten Citavi Klicke mit der rechten Maustaste auf den Button und w\u00e4hle Ziel speichern unter&#8230; aus. Speichere die Datei unter Documents\\Citavi 6\\Custom Citations Styles. CSL (Zotero, Mendeley etc.) Zotero liefert von Haus aus eine gro\u00dfe&hellip; <a class=\"more-link\" href=\"https:\/\/library.wu.ac.at\/bib\/fit4research\/index.php\/handel-und-marketing\/\">Continue reading <span class=\"screen-reader-text\">Handel und Marketing<\/span><\/a><\/p>\n","protected":false},"author":6,"featured_media":0,"parent":0,"menu_order":28,"comment_status":"closed","ping_status":"closed","template":"","meta":{"footnotes":""},"class_list":["post-1591","page","type-page","status-publish","hentry","entry"],"_links":{"self":[{"href":"https:\/\/library.wu.ac.at\/bib\/fit4research\/index.php\/wp-json\/wp\/v2\/pages\/1591","targetHints":{"allow":["GET"]}}],"collection":[{"href":"https:\/\/library.wu.ac.at\/bib\/fit4research\/index.php\/wp-json\/wp\/v2\/pages"}],"about":[{"href":"https:\/\/library.wu.ac.at\/bib\/fit4research\/index.php\/wp-json\/wp\/v2\/types\/page"}],"author":[{"embeddable":true,"href":"https:\/\/library.wu.ac.at\/bib\/fit4research\/index.php\/wp-json\/wp\/v2\/users\/6"}],"replies":[{"embeddable":true,"href":"https:\/\/library.wu.ac.at\/bib\/fit4research\/index.php\/wp-json\/wp\/v2\/comments?post=1591"}],"version-history":[{"count":5,"href":"https:\/\/library.wu.ac.at\/bib\/fit4research\/index.php\/wp-json\/wp\/v2\/pages\/1591\/revisions"}],"predecessor-version":[{"id":4583,"href":"https:\/\/library.wu.ac.at\/bib\/fit4research\/index.php\/wp-json\/wp\/v2\/pages\/1591\/revisions\/4583"}],"wp:attachment":[{"href":"https:\/\/library.wu.ac.at\/bib\/fit4research\/index.php\/wp-json\/wp\/v2\/media?parent=1591"}],"curies":[{"name":"wp","href":"https:\/\/api.w.org\/{rel}","templated":true}]}}