{"id":1579,"date":"2023-09-07T11:48:22","date_gmt":"2023-09-07T09:48:22","guid":{"rendered":"https:\/\/library.wu.ac.at\/bib\/fit4research\/?page_id=1579"},"modified":"2024-03-22T09:31:27","modified_gmt":"2024-03-22T08:31:27","slug":"bildungswissenschaft","status":"publish","type":"page","link":"https:\/\/library.wu.ac.at\/bib\/fit4research\/index.php\/bildungswissenschaft\/","title":{"rendered":"Bildungswissenschaft"},"content":{"rendered":"\n<ul class=\"wp-block-list\">\n<li><a href=\"#richtlinien\">Richtlinien<\/a><\/li>\n\n\n\n<li><a href=\"#citavi#\">Citavi<\/a><\/li>\n\n\n\n<li><a href=\"#csl\">CSL (Zotero, Mendeley etc.)<\/a><\/li>\n<\/ul>\n\n\n\n<div class=\"wp-block-group\" style=\"padding-top:3em;padding-right:10rem;padding-bottom:3em;padding-left:10rem\"><div class=\"wp-block-group__inner-container is-layout-constrained wp-container-core-group-is-layout-0682ed28 wp-block-group-is-layout-constrained\">\n<hr class=\"wp-block-separator alignwide has-alpha-channel-opacity is-style-wide\"\/>\n<\/div><\/div>\n\n\n\n<h2 class=\"wp-block-heading\" id=\"richtlinien\">Richtlinien<\/h2>\n\n\n\n<p>Hinweise und Richtlinien f\u00fcr das Zitieren in schriftlicher Abschlussarbeiten in der Abteilung f\u00fcr Bildungswissenschaft&nbsp;findest du hier:<\/p>\n\n\n\n<div class=\"wp-block-buttons is-layout-flex wp-block-buttons-is-layout-flex\">\n<div class=\"wp-block-button\"><a class=\"wp-block-button__link has-background wp-element-button\" href=\"https:\/\/library.wu.ac.at\/bib\/fit4research\/wp-content\/uploads\/2023\/09\/Zitierrichtlinien_Bildungswissenschaft.pdf\" style=\"background-color:#008198\">Zitierrichtlinien &gt;<\/a><\/div>\n<\/div>\n\n\n\n<div class=\"wp-block-group\" style=\"padding-top:3em;padding-right:10rem;padding-bottom:3em;padding-left:10rem\"><div class=\"wp-block-group__inner-container is-layout-constrained wp-container-core-group-is-layout-0682ed28 wp-block-group-is-layout-constrained\">\n<hr class=\"wp-block-separator alignwide has-alpha-channel-opacity is-style-wide\"\/>\n<\/div><\/div>\n\n\n\n<h2 class=\"wp-block-heading\" id=\"citavi\">Citavi<\/h2>\n\n\n\n<p>Klicke mit der rechten Maustaste auf den Button und w\u00e4hle <em>Ziel speichern unter<\/em>&#8230; aus. Speichere die Datei unter Documents\\Citavi 6\\Custom Citations Styles.<\/p>\n\n\n\n<div class=\"wp-block-buttons is-layout-flex wp-block-buttons-is-layout-flex\">\n<div class=\"wp-block-button\"><a class=\"wp-block-button__link has-background wp-element-button\" href=\"https:\/\/library.wu.ac.at\/litverw\/citavi\/Wirtschaftsuniversitaet%20Wien%20-%20Bildungswissenschaft.ccs\" style=\"background-color:#008198\">Download Stil &gt;<\/a><\/div>\n<\/div>\n\n\n\n<div class=\"wp-block-group\" style=\"padding-top:3em;padding-right:10rem;padding-bottom:3em;padding-left:10rem\"><div class=\"wp-block-group__inner-container is-layout-constrained wp-container-core-group-is-layout-0682ed28 wp-block-group-is-layout-constrained\">\n<hr class=\"wp-block-separator alignwide has-alpha-channel-opacity is-style-wide\"\/>\n<\/div><\/div>\n\n\n\n<h2 class=\"wp-block-heading\" id=\"csl\">CSL (Zotero, Mendeley etc.)<\/h2>\n\n\n\n<p>Der Stil steht zum Download zur Verf\u00fcgung.<\/p>\n\n\n\n<div class=\"wp-block-buttons is-layout-flex wp-block-buttons-is-layout-flex\">\n<div class=\"wp-block-button\"><a class=\"wp-block-button__link has-background wp-element-button\" href=\"https:\/\/www.zotero.org\/styles\/wirtschaftsuniversitat-wien-abteilung-fur-bildungswissenschaft\" style=\"background-color:#008198\">Download Stil &gt;<\/a><\/div>\n<\/div>\n","protected":false},"excerpt":{"rendered":"<p>Richtlinien Hinweise und Richtlinien f\u00fcr das Zitieren in schriftlicher Abschlussarbeiten in der Abteilung f\u00fcr Bildungswissenschaft&nbsp;findest du hier: Citavi Klicke mit der rechten Maustaste auf den Button und w\u00e4hle Ziel speichern unter&#8230; aus. Speichere die Datei unter Documents\\Citavi 6\\Custom Citations Styles. CSL (Zotero, Mendeley etc.) Der Stil steht zum Download zur Verf\u00fcgung.<\/p>\n","protected":false},"author":6,"featured_media":0,"parent":0,"menu_order":33,"comment_status":"closed","ping_status":"closed","template":"","meta":{"footnotes":""},"class_list":["post-1579","page","type-page","status-publish","hentry","entry"],"_links":{"self":[{"href":"https:\/\/library.wu.ac.at\/bib\/fit4research\/index.php\/wp-json\/wp\/v2\/pages\/1579","targetHints":{"allow":["GET"]}}],"collection":[{"href":"https:\/\/library.wu.ac.at\/bib\/fit4research\/index.php\/wp-json\/wp\/v2\/pages"}],"about":[{"href":"https:\/\/library.wu.ac.at\/bib\/fit4research\/index.php\/wp-json\/wp\/v2\/types\/page"}],"author":[{"embeddable":true,"href":"https:\/\/library.wu.ac.at\/bib\/fit4research\/index.php\/wp-json\/wp\/v2\/users\/6"}],"replies":[{"embeddable":true,"href":"https:\/\/library.wu.ac.at\/bib\/fit4research\/index.php\/wp-json\/wp\/v2\/comments?post=1579"}],"version-history":[{"count":7,"href":"https:\/\/library.wu.ac.at\/bib\/fit4research\/index.php\/wp-json\/wp\/v2\/pages\/1579\/revisions"}],"predecessor-version":[{"id":4443,"href":"https:\/\/library.wu.ac.at\/bib\/fit4research\/index.php\/wp-json\/wp\/v2\/pages\/1579\/revisions\/4443"}],"wp:attachment":[{"href":"https:\/\/library.wu.ac.at\/bib\/fit4research\/index.php\/wp-json\/wp\/v2\/media?parent=1579"}],"curies":[{"name":"wp","href":"https:\/\/api.w.org\/{rel}","templated":true}]}}