{"id":1577,"date":"2023-09-07T11:47:41","date_gmt":"2023-09-07T09:47:41","guid":{"rendered":"https:\/\/library.wu.ac.at\/bib\/fit4research\/?page_id=1577"},"modified":"2024-03-22T09:33:21","modified_gmt":"2024-03-22T08:33:21","slug":"abkuerzungs-und-zitierregeln-azr","status":"publish","type":"page","link":"https:\/\/library.wu.ac.at\/bib\/fit4research\/index.php\/abkuerzungs-und-zitierregeln-azr\/","title":{"rendered":"Abk\u00fcrzungs- und Zitierregeln (AZR)"},"content":{"rendered":"\n<ul class=\"wp-block-list\">\n<li><a href=\"#vorlage\">Vorlage<\/a><\/li>\n\n\n\n<li><a href=\"#citavi\">Citavi<\/a><\/li>\n\n\n\n<li><a href=\"#zotero\">Zotero<\/a><\/li>\n\n\n\n<li><a href=\"#juris\">Juris-M<\/a><\/li>\n<\/ul>\n\n\n\n<div class=\"wp-block-group\" style=\"padding-top:3em;padding-right:10rem;padding-bottom:3em;padding-left:10rem\"><div class=\"wp-block-group__inner-container is-layout-constrained wp-container-core-group-is-layout-0682ed28 wp-block-group-is-layout-constrained\">\n<hr class=\"wp-block-separator alignwide has-alpha-channel-opacity is-style-wide\"\/>\n<\/div><\/div>\n\n\n\n<h2 class=\"wp-block-heading\" id=\"vorlage\">Vorlage<\/h2>\n\n\n\n<p class=\"has-blue-background-color has-background\"><em>Dax\/Hopf<\/em>, Abk\u00fcrzungs- und Zitierregeln der \u00f6sterreichischen Rechtssprache und europarechtlicher Rechtsquellen (AZR) \u2013 samt Abk\u00fcrzungsverzeichnis<sup>8<\/sup> (2019).<\/p>\n\n\n\n<p>Im WU Katalog <a rel=\"noreferrer noopener\" href=\"https:\/\/permalink.obvsg.at\/wuw\/AC13798498\" target=\"_blank\">hier<\/a> zu finden.<\/p>\n\n\n\n<div class=\"wp-block-group\" style=\"padding-top:3em;padding-right:10rem;padding-bottom:3em;padding-left:10rem\"><div class=\"wp-block-group__inner-container is-layout-constrained wp-container-core-group-is-layout-0682ed28 wp-block-group-is-layout-constrained\">\n<hr class=\"wp-block-separator alignwide has-alpha-channel-opacity is-style-wide\"\/>\n<\/div><\/div>\n\n\n\n<h2 class=\"wp-block-heading\" id=\"citavi\">Citavi<\/h2>\n\n\n\n<p>Der AZR-Stil wird von Citavi selbst zur Verf\u00fcgung gestellt. Gehe in Citavi auf <em>Zitation \u00bb Zitationsstil wechseln \u00bb Stil suchen<\/em> und suche nach AZR. Die aktuelle Auflage ist im Stil \u201eAZR 8. Aufl.\u201c implementiert.<\/p>\n\n\n\n<div class=\"wp-block-group\" style=\"padding-top:3em;padding-right:10rem;padding-bottom:3em;padding-left:10rem\"><div class=\"wp-block-group__inner-container is-layout-constrained wp-container-core-group-is-layout-0682ed28 wp-block-group-is-layout-constrained\">\n<hr class=\"wp-block-separator alignwide has-alpha-channel-opacity is-style-wide\"\/>\n<\/div><\/div>\n\n\n\n<h2 class=\"wp-block-heading\" id=\"zotero\">Zotero<\/h2>\n\n\n\n<p>Eine Implementierung f\u00fcr Zotero ist im <a rel=\"noreferrer noopener\" href=\"https:\/\/www.zotero.org\/styles?q=azr\" target=\"_blank\">Zotero style repository<\/a> zu finden. Dazu gibt es eine Anleitung <a href=\"https:\/\/github.com\/PhilippTh\/austrian-legal-citation-style\/blob\/master\/README.md\" target=\"_blank\" rel=\"noreferrer noopener\">hier<\/a>.<\/p>\n\n\n\n<div class=\"wp-block-group\" style=\"padding-top:3em;padding-right:10rem;padding-bottom:3em;padding-left:10rem\"><div class=\"wp-block-group__inner-container is-layout-constrained wp-container-core-group-is-layout-0682ed28 wp-block-group-is-layout-constrained\">\n<hr class=\"wp-block-separator alignwide has-alpha-channel-opacity is-style-wide\"\/>\n<\/div><\/div>\n\n\n\n<h2 class=\"wp-block-heading\" id=\"juris\">Juris-M<\/h2>\n\n\n\n<p>Der Stil \u201eJM AZR\u201c steht hier zum Download zur Verf\u00fcgung:<\/p>\n\n\n\n<div class=\"wp-block-buttons is-layout-flex wp-block-buttons-is-layout-flex\">\n<div class=\"wp-block-button\"><a class=\"wp-block-button__link has-background wp-element-button\" href=\"https:\/\/library.wu.ac.at\/litverw\/juris-m\/jm-azr.csl\" style=\"background-color:#008198\">Download Stil &gt;<\/a><\/div>\n<\/div>\n\n\n\n<p>Alternativ gibt es den Stil \u201eJM AZR (Erstzitat kurz mit Verzeichnissen)\u201c. Er unterscheidet sich nur im Erstzitat, das entsprechend Rz 64 bei Literaturnachweisen als Kurzzitat ausgef\u00fchrt wird (dies erfordert zwingend ein Literaturverzeichnis).<\/p>\n\n\n\n<div class=\"wp-block-buttons is-layout-flex wp-block-buttons-is-layout-flex\">\n<div class=\"wp-block-button\"><a class=\"wp-block-button__link has-background wp-element-button\" href=\"https:\/\/library.wu.ac.at\/litverw\/juris-m\/jm-azr-erstzitat-kurz-mit-verzeichnissen.csl\" style=\"background-color:#008198\">Download Stil &gt;<\/a><\/div>\n<\/div>\n\n\n\n<h3 class=\"wp-block-heading\">Beispieldatenbank<\/h3>\n\n\n\n<p>Eine Juris-M Group-Library mit Beispielen findest du <a rel=\"noreferrer noopener\" href=\"https:\/\/www.zotero.org\/groups\/2626589\/juris-m_azr_beispieldaten\" target=\"_blank\">hier<\/a>.<\/p>\n\n\n\n<details class=\"wp-block-details is-layout-flow wp-block-details-is-layout-flow\"><summary>Beitrag in Sammelband<\/summary>\n<ul class=\"wp-block-list\">\n<li>Eintragsart: <em>Buchteil<\/em><\/li>\n\n\n\n<li>Das Kurzzitat ist \u00fcblicherweise \u201e<em>Autor*in<\/em> in <em>Herausgeber*in<\/em>\u201c. Dies kann beeinflusst werden durch die Eingabe von<\/li>\n\n\n\n<li>Buch-Kurztitel: wenn vorhanden, ist das Zitat \u201e<em>Autor*in<\/em> in Buch-Kurztitel\u201c.<\/li>\n\n\n\n<li>Kurztitel: wenn vorhanden und kein Buch-Kurztitel eingegeben, ist das Kurzzitat \u201e<em>Autor*in<\/em>, Kurztitel\u201c.<\/li>\n\n\n\n<li>Wenn weder Kurztitel, noch Buch-Kurztitel noch Herausgeber*innen eingegeben sind, wird auf den Feldinhalt von <em>Buchtitel<\/em> zur\u00fcckgegriffen: \u201e<em>Autor*in<\/em> in Buchtitel\u201c.<\/li>\n<\/ul>\n<\/details>\n\n\n\n<details class=\"wp-block-details is-layout-flow wp-block-details-is-layout-flow\"><summary>Beitrag in FS\/GedS<\/summary>\n<ul class=\"wp-block-list\">\n<li>Eintragsart: <em>Buchteil<\/em><\/li>\n\n\n\n<li>Die geehrte Person oder Institution wird als <em>Empf\u00e4nger<\/em> eingetragen.<\/li>\n\n\n\n<li>Wenn ein <em>Empf\u00e4nger<\/em> eingetragen ist, wird automatisch eine FS angenommen und der Kurztitel f\u00fcr den Sammelband als \u201eFS Empf\u00e4ngername\u201c gesetzt.<\/li>\n\n\n\n<li>Ist \u201eGedS\u201c oder ein anderes K\u00fcrzel statt \u201eFS\u201c erforderlich, ist dies in Feld <em>Extra<\/em> einzutragen in der Form <em>Genre: GedS<\/em><strong>.<\/strong><\/li>\n\n\n\n<li>Diese Automatik wird durch die Eingabe im Feld <em>Buch-Kurztitel<\/em> ausgeschaltet. Gibt es in diesem Feld einen Inhalt, wird dieser im Kurzzitat verwendet. Wie oben beschrieben, lautet das Kurzzitat dann \u201e<em>Autor*in<\/em> in Buchkurztitel\u201c.<\/li>\n<\/ul>\n<\/details>\n\n\n\n<details class=\"wp-block-details is-layout-flow wp-block-details-is-layout-flow\"><summary>Zeitschriftenartikel<\/summary>\n<p>Der Zeitschriftentitel kann in abgek\u00fcrzter Form entweder im Feld <em>Publikation<\/em> oder <em>Zeitschriften-Abk\u00fcrzung<\/em> eingegeben werden.<\/p>\n\n\n\n<p>Eingabe von Jahrgang und Nummerierung:<\/p>\n\n\n\n<ul class=\"wp-block-list\">\n<li>Die Artikelnummer (xy) wird ggf. in <em>Ausgabe<\/em> oder in <em>Extra<\/em> als Number: xy eingegeben.<\/li>\n\n\n\n<li>Beitr\u00e4ge, die mit Jahr und Beginnseite allein nicht eindeutig identifiziert werden k\u00f6nnen, sollten mit Jahrgang und (ggf.) Heftnummer eingegeben werden. Da AZR hierzu keine Vorgaben macht, orientiert sich die Formatierung an anderen juristischen Stilen (insbes. Leg cit4):<\/li>\n<\/ul>\n\n\n\n<p>Ausgehend von diesen beiden Punkten gilt:<\/p>\n\n\n\n<ul class=\"wp-block-list\">\n<li>Standardm\u00e4\u00dfig gibt es einen Eintrag in <em>Seite<\/em> aber keinen Eintrag in <em>Band<\/em> und <em>Ausgabe<\/em>:<br><br>Datum 2014<br>Seiten 21<br>Zitat: &#8230; 2014, 21 &#8230;<\/li>\n\n\n\n<li>Gibt es einen Eintrag in <em>Ausgabe<\/em> oder in <em>Extra: Number<\/em> aber keinen Eintrag in <em>Seiten<\/em> oder <em>Band<\/em>, folgt die Formatierung Rz 74.<br><br>Extra Number: 2<br>Datum 2018<br>Zitat: &#8230; 2018\/2 &#8230;<\/li>\n\n\n\n<li>Gibt es einen Eintrag in <em>Ausgabe<\/em> und in <em>Seiten<\/em> aber nicht in <em>Band<\/em>, folgt die Formatierung Leg cit4 Rz 355. Bedingung: Jedes Einzelheft der Zeitschrift ist neu paginiert.<br><br>Ausgabe 4<br>Datum 2019<br>Seiten 13-29<br>Zitat: &#8230; 4\/2019, 13 &#8230;<\/li>\n\n\n\n<li>Gibt es einen Eintrag in <em>Band<\/em> aber nicht in <em>Ausgabe<\/em>, folgt die Formatierung Leg cit4 Rz 356.<br><br>Band 43<br>Datum 2011<br>Seiten 32-34<br>Zitat: &#8230; 43 (2011) 32 &#8230;<\/li>\n\n\n\n<li>Gibt es einen Eintrag in <em>Band<\/em> und in <em>Ausgabe<\/em>, wird die Formatierung des vorhergehenden Beispiels umd die Heftnummer erweitert. Diese Variante ist nur notwendig, wenn keine der vorhergehenden eindeutig identifizierbare Zitate liefert (dies entspricht den abseits der deutschsprachigen juristischen Zitierweisen \u00fcblichen Br\u00e4uchen).<br><br>Band 101<br>Ausgabe 8<br>Seiten 41<br>Datum 2015<br>Zitat: &#8230; 101 (2015) 8, 41 &#8230;<\/li>\n<\/ul>\n<\/details>\n\n\n\n<details class=\"wp-block-details is-layout-flow wp-block-details-is-layout-flow\"><summary>Gesetzeskommentar<\/summary>\n<ul class=\"wp-block-list\">\n<li>Eintragsart: <em>Gesetzeskommentar<\/em><\/li>\n\n\n\n<li>Die kommentierte Bestimmung wird in <em>Titel<\/em> eingetragen. Enth\u00e4lt der Kommentar Bestimmungen aus unterschiedlichen Gesetzen, kann hier auch das Gesetz angef\u00fchrt werden und f\u00fcr wiederholte Zitate im Feld <em>Kurztitel<\/em> die kommentierte Bestimmung ohne Gesetzesbezeichnung eingegeben werden.<br>z.B.:<br>Titel            \u00a7 1313a ABGB<br>Kurztitel      \u00a7 1313a<\/li>\n\n\n\n<li>Titel des Kommentars wird in <em>Buchtitel<\/em> eingegeben, eine Eingabe in <em>Buchkurztitel<\/em> wird bei wiederholten Zitaten an dessen Stelle benutzt.<\/li>\n\n\n\n<li>Details zu Erg\u00e4nzungslieferungen werden in <em>Nummer der Reihe<\/em> vermerkt.<\/li>\n\n\n\n<li>Besonderheiten bei Online-Kommentaren:\n<ul class=\"wp-block-list\">\n<li>Stand wird in <em>Version<\/em> eingegeben.<\/li>\n\n\n\n<li>Die Bezeichnung der Datenbank wird in <em>Archiv<\/em> eingegeben.<\/li>\n<\/ul>\n<\/li>\n<\/ul>\n<\/details>\n\n\n\n<details class=\"wp-block-details is-layout-flow wp-block-details-is-layout-flow\"><summary>Verzeichnisse<\/summary>\n<p>Juris-M erstellt beim Einf\u00fcgen einer Bibliographie mit <em>Add\/Edit Bibliography<\/em> ein vollst\u00e4ndiges Verzeichnis mit allen zitierten Eintr\u00e4gen aus Literatur, Judikatur und Gesetzgebung. Die Eintr\u00e4ge scheinen in der Reihenfolge Rechtssprechung \u2013 Gesetze\/Gesetzesentw\u00fcrfe \u2013 Literatur \u2013 Webseiten. Aus technischen Gr\u00fcnden k\u00f6nnen keine Zwischen\u00fcberschriften angelegt werden, weshalb das Verzeichnis ggf. nachbearbeitet werden muss. Dies kann nach Abschluss der Arbeit geschehen (z.B. auch umsortieren oder entfernen unerw\u00fcnschter Teile).<\/p>\n\n\n\n<p>Um zu verhindern, dass durch ein Zitat-Update die \u00c4nderungen \u00fcberschrieben werden, ist es n\u00f6tig, die Verbindung zwischen Juris-M und Word zu kappen:<\/p>\n\n\n\n<ol class=\"wp-block-list\">\n<li>Der Vorgang ist irreversibel, erstelle daher zun\u00e4chst unbedingt eine Sicherungskopie der Arbeit.<\/li>\n\n\n\n<li>Entlinke die Zitate und die Bibliographie mit dem Button <em>Unlink Citations<\/em> <img decoding=\"async\" src=\"https:\/\/learn.wu.ac.at\/open\/fit4research\/download\/file\/jurism_unlink_citations\">.<\/li>\n\n\n\n<li>Bearbeite die Verzeichnisse.<\/li>\n<\/ol>\n<\/details>\n","protected":false},"excerpt":{"rendered":"<p>Vorlage Dax\/Hopf, Abk\u00fcrzungs- und Zitierregeln der \u00f6sterreichischen Rechtssprache und europarechtlicher Rechtsquellen (AZR) \u2013 samt Abk\u00fcrzungsverzeichnis8 (2019). Im WU Katalog hier zu finden. Citavi Der AZR-Stil wird von Citavi selbst zur Verf\u00fcgung gestellt. Gehe in Citavi auf Zitation \u00bb Zitationsstil wechseln \u00bb Stil suchen und suche nach AZR. Die aktuelle Auflage ist im Stil \u201eAZR 8.&hellip; <a class=\"more-link\" href=\"https:\/\/library.wu.ac.at\/bib\/fit4research\/index.php\/abkuerzungs-und-zitierregeln-azr\/\">Continue reading <span class=\"screen-reader-text\">Abk\u00fcrzungs- und Zitierregeln (AZR)<\/span><\/a><\/p>\n","protected":false},"author":6,"featured_media":0,"parent":0,"menu_order":34,"comment_status":"closed","ping_status":"closed","template":"","meta":{"footnotes":""},"class_list":["post-1577","page","type-page","status-publish","hentry","entry"],"_links":{"self":[{"href":"https:\/\/library.wu.ac.at\/bib\/fit4research\/index.php\/wp-json\/wp\/v2\/pages\/1577","targetHints":{"allow":["GET"]}}],"collection":[{"href":"https:\/\/library.wu.ac.at\/bib\/fit4research\/index.php\/wp-json\/wp\/v2\/pages"}],"about":[{"href":"https:\/\/library.wu.ac.at\/bib\/fit4research\/index.php\/wp-json\/wp\/v2\/types\/page"}],"author":[{"embeddable":true,"href":"https:\/\/library.wu.ac.at\/bib\/fit4research\/index.php\/wp-json\/wp\/v2\/users\/6"}],"replies":[{"embeddable":true,"href":"https:\/\/library.wu.ac.at\/bib\/fit4research\/index.php\/wp-json\/wp\/v2\/comments?post=1577"}],"version-history":[{"count":7,"href":"https:\/\/library.wu.ac.at\/bib\/fit4research\/index.php\/wp-json\/wp\/v2\/pages\/1577\/revisions"}],"predecessor-version":[{"id":4444,"href":"https:\/\/library.wu.ac.at\/bib\/fit4research\/index.php\/wp-json\/wp\/v2\/pages\/1577\/revisions\/4444"}],"wp:attachment":[{"href":"https:\/\/library.wu.ac.at\/bib\/fit4research\/index.php\/wp-json\/wp\/v2\/media?parent=1577"}],"curies":[{"name":"wp","href":"https:\/\/api.w.org\/{rel}","templated":true}]}}