{"id":1560,"date":"2023-07-19T12:00:00","date_gmt":"2023-07-19T10:00:00","guid":{"rendered":"https:\/\/library.wu.ac.at\/bib\/fit4research\/?page_id=1560"},"modified":"2025-10-24T12:30:14","modified_gmt":"2025-10-24T10:30:14","slug":"programme","status":"publish","type":"page","link":"https:\/\/library.wu.ac.at\/bib\/fit4research\/index.php\/fit4research-start\/literatur-zitieren-verwalten\/programme\/","title":{"rendered":"Programme"},"content":{"rendered":"\n<ul class=\"wp-block-list\">\n<li><a href=\"#warum\">Warum sollte ich ein Literaturverwaltungsprogramm verwenden?<\/a><\/li>\n\n\n\n<li><a href=\"#lizenzen\">Welche Programme gibt es an der WU?<\/a><\/li>\n\n\n\n<li><a href=\"#auswahlhilfe\">Welches Programm eignet sich f\u00fcr mich?<\/a><\/li>\n\n\n\n<li><a href=\"#zitierstile\">Zitierstile<\/a><\/li>\n\n\n\n<li><a href=\"#hilfe\">Wo bekomme ich Hilfe?<\/a><\/li>\n<\/ul>\n\n\n\n<div class=\"wp-block-group\" style=\"padding-top:3em;padding-right:10rem;padding-bottom:3em;padding-left:10rem\"><div class=\"wp-block-group__inner-container is-layout-constrained wp-container-core-group-is-layout-0682ed28 wp-block-group-is-layout-constrained\">\n<hr class=\"wp-block-separator alignwide has-alpha-channel-opacity is-style-wide\"\/>\n<\/div><\/div>\n\n\n\n<h2 class=\"wp-block-heading\" id=\"warum\">Warum sollte ich ein Literaturverwaltungsprogramm verwenden?<\/h2>\n\n\n\n<p>Literaturverwaltungsprogramme k\u00f6nnen dir beim Schreiben von wissenschaftlichen Arbeiten das Leben deutlich erleichtern. Sie helfen dir unter anderem bei&#8230;<\/p>\n\n\n\n<ul class=\"wp-block-list\">\n<li>&#8230; der Verwaltung von Literaturhinweisen, die du f\u00fcr deine Arbeit brauchst<\/li>\n\n\n\n<li>&#8230; der Erstellung von Literaturverzeichnissen in unterschiedlichen Zitationsstilen (z.B. f\u00fcr ein Expos\u00e9)<\/li>\n\n\n\n<li>&#8230; dem Einf\u00fcgen von Zitaten und Literaturverzeichnissen in Textverarbeitungsprogrammen (z.B. MS Word)<\/li>\n<\/ul>\n\n\n\n<div class=\"wp-block-group\" style=\"padding-top:3em;padding-right:10rem;padding-bottom:3em;padding-left:10rem\"><div class=\"wp-block-group__inner-container is-layout-constrained wp-container-core-group-is-layout-0682ed28 wp-block-group-is-layout-constrained\">\n<hr class=\"wp-block-separator alignwide has-alpha-channel-opacity is-style-wide\"\/>\n<\/div><\/div>\n\n\n\n<h2 class=\"wp-block-heading\" id=\"lizenzen\">Welche Programme gibt es an der WU?<\/h2>\n\n\n\n<p>Die WU stellt allen WU Studierenden und Mitarbeiter*innen Lizenzen f\u00fcr die Literaturverwaltungsprogramme <em>Citavi <\/em>und <em>EndNote <\/em>zur Verf\u00fcgung. Die Mitarbeiter*innen der WU Bibliothek unterst\u00fctzen dich gerne bei Fragen zur Ben\u00fctzung von <a href=\"https:\/\/library.wu.ac.at\/bib\/fit4research\/index.php\/fit4research-start\/literatur-zitieren-verwalten\/programme\/citavi\/\" data-type=\"link\" data-id=\"https:\/\/library.wu.ac.at\/bib\/fit4research\/index.php\/fit4research-start\/literatur-zitieren-verwalten\/programme\/citavi\/\">Citavi<\/a> und <a href=\"https:\/\/library.wu.ac.at\/bib\/fit4research\/index.php\/fit4research-start\/literatur-zitieren-verwalten\/programme\/endnote\/\" data-type=\"link\" data-id=\"https:\/\/library.wu.ac.at\/bib\/fit4research\/index.php\/fit4research-start\/literatur-zitieren-verwalten\/programme\/endnote\/\">EndNote<\/a> sowie der Open Source-Software <a href=\"https:\/\/library.wu.ac.at\/bib\/fit4research\/index.php\/fit4research-start\/literatur-zitieren-verwalten\/programme\/zotero\/\" data-type=\"link\" data-id=\"https:\/\/library.wu.ac.at\/bib\/fit4research\/index.php\/fit4research-start\/literatur-zitieren-verwalten\/programme\/zotero\/\">Zotero<\/a> und <a href=\"https:\/\/library.wu.ac.at\/bib\/fit4research\/index.php\/fit4research-start\/literatur-zitieren-verwalten\/programme\/juris-m\/\" data-type=\"link\" data-id=\"https:\/\/library.wu.ac.at\/bib\/fit4research\/index.php\/fit4research-start\/literatur-zitieren-verwalten\/programme\/juris-m\/\">Juris-M<\/a>.<\/p>\n\n\n\n<div class=\"wp-block-group\" style=\"padding-top:3em;padding-right:10rem;padding-bottom:3em;padding-left:10rem\"><div class=\"wp-block-group__inner-container is-layout-constrained wp-container-core-group-is-layout-0682ed28 wp-block-group-is-layout-constrained\">\n<hr class=\"wp-block-separator alignwide has-alpha-channel-opacity is-style-wide\"\/>\n<\/div><\/div>\n\n\n\n<h2 class=\"wp-block-heading\" id=\"auswahlhilfe\">Welches Programm eignet sich f\u00fcr mich?<\/h2>\n\n\n\n<p>Du bist unsicher, welches Literaturverwaltungsprogramm das richtige f\u00fcr dich ist? Diese Auswahlhilfe unterst\u00fctzt dich bei deiner Wahl:<\/p>\n\n\n<div class=\"h5p-iframe-wrapper\"><iframe id=\"h5p-iframe-31\" class=\"h5p-iframe\" data-content-id=\"31\" style=\"height:1px\" src=\"about:blank\" frameBorder=\"0\" scrolling=\"no\" title=\"Auswahlhilfe: Literaturverwaltungsprogramme (2025)\"><\/iframe><\/div>\n\n\n\n<p>In den folgenden Dokumenten findest du zus\u00e4tzlich einen \u00dcberblick \u00fcber die Eigenschaften unterschiedlicher Literaturverwaltungsprogramme.<\/p>\n\n\n\n<p><a href=\"https:\/\/nbn-resolving.org\/urn:nbn:de:bsz:14-qucosa2-762961\" target=\"_blank\" rel=\"noreferrer noopener\">Literaturverwaltungsprogramme im \u00dcberblick (Staats- und Universit\u00e4tsbibliothek Dresden)<\/a><\/p>\n\n\n\n<p><a href=\"https:\/\/mediatum.ub.tum.de\/1127579?show_id=1316333\" target=\"_blank\" rel=\"noreferrer noopener\">Literaturverwaltungsprogramme im Vergleich (Universit\u00e4tsbibliothek der TU M\u00fcnchen)<\/a><\/p>\n\n\n\n<div class=\"wp-block-group\" style=\"padding-top:3em;padding-right:10rem;padding-bottom:3em;padding-left:10rem\"><div class=\"wp-block-group__inner-container is-layout-constrained wp-container-core-group-is-layout-0682ed28 wp-block-group-is-layout-constrained\">\n<hr class=\"wp-block-separator alignwide has-alpha-channel-opacity is-style-wide\"\/>\n<\/div><\/div>\n\n\n\n<h2 class=\"wp-block-heading\" id=\"zitierstile\">Zitierstile<\/h2>\n\n\n\n<p>Damit die Literaturnachweise und das Literaturverzeichnis in deiner Arbeit einheitlich formatiert sind, brauchst du einen Zitierstil. Literaturverwaltungsprogramme bringen von Haus aus eine Vielzahl an Stilen mit. Sollte der ben\u00f6tigte Stil dennoch fehlen, erstellt die WU Bibliothek auf Anfrage Zitierstile. Weitere Informationen und eine breite Auswahl an Stilen findest du auf der Seite <a href=\"https:\/\/library.wu.ac.at\/bib\/fit4research\/index.php\/fit4research-start\/literatur-zitieren-verwalten\/richtiges-zitieren-nach-wu-richtlinien\/\" data-type=\"link\" data-id=\"https:\/\/library.wu.ac.at\/bib\/fit4research\/index.php\/fit4research-start\/literatur-zitieren-verwalten\/richtiges-zitieren-nach-wu-richtlinien\/\">WU Zitierstile<\/a>.<\/p>\n\n\n\n<div class=\"wp-block-group\" style=\"padding-top:3em;padding-right:10rem;padding-bottom:3em;padding-left:10rem\"><div class=\"wp-block-group__inner-container is-layout-constrained wp-container-core-group-is-layout-0682ed28 wp-block-group-is-layout-constrained\">\n<hr class=\"wp-block-separator alignwide has-alpha-channel-opacity is-style-wide\"\/>\n<\/div><\/div>\n\n\n\n<h2 class=\"wp-block-heading\" id=\"hilfe\">Wo bekomme ich Hilfe?<\/h2>\n\n\n\n<p>In <a rel=\"noreferrer noopener\" href=\"https:\/\/www.wu.ac.at\/bibliothek\/beratung\/kurse\" target=\"_blank\">Kursangebot<\/a> der Universit\u00e4tsbibliothek findest du Termine f\u00fcr unterschiedliche Kurse zur Literaturverwaltung.<\/p>\n\n\n\n<p>F\u00fcr spezielle Fragen zur Literaturverwaltung oder Literaturrecherche stehen wir dir auch gerne in der <a rel=\"noreferrer noopener\" href=\"https:\/\/www.wu.ac.at\/bibliothek\/beratung\/recherchier-bar\" target=\"_blank\">recherchier_bar<\/a> zur Verf\u00fcgung:<\/p>\n\n\n\n<figure class=\"wp-block-table is-style-stripes\"><table class=\"has-blue-background-color has-background has-fixed-layout\"><thead><tr><th>\u00d6ffnungszeiten recherchier_bar<\/th><th><\/th><\/tr><\/thead><tbody><tr><td>Literaturverwaltung und Literaturrecherche&nbsp;&nbsp;&nbsp;&nbsp;&nbsp;<\/td><td>Dienstag von 14:30-15:30 Uhr<\/td><\/tr><\/tbody><\/table><\/figure>\n\n\n\n<p>N\u00e4here Informationen zur recherchier_bar und weiteren Beratungsangeboten findest du auch auf <a href=\"https:\/\/www.wu.ac.at\/bibliothek\/beratung\/\" data-type=\"link\" data-id=\"https:\/\/www.wu.ac.at\/bibliothek\/beratung\/\" target=\"_blank\" rel=\"noreferrer noopener\">unserer Homepage<\/a>.<\/p>\n\n\n\n<p>Bei Fragen wende dich jederzeit an <a rel=\"noreferrer noopener\" href=\"mailto:bibliothek@wu.ac.at\" target=\"_blank\">bibliothek@wu.ac.at<\/a><\/p>\n\n\n\n<div class=\"wp-block-group\"><div class=\"wp-block-group__inner-container is-layout-constrained wp-block-group-is-layout-constrained\">\n<div class=\"wp-block-columns is-layout-flex wp-container-core-columns-is-layout-9d6595d7 wp-block-columns-is-layout-flex\">\n<div class=\"wp-block-column is-layout-flow wp-block-column-is-layout-flow\"><\/div>\n\n\n\n<div class=\"wp-block-column is-layout-flow wp-block-column-is-layout-flow\"><\/div>\n<\/div>\n<\/div><\/div>\n","protected":false},"excerpt":{"rendered":"<p>Warum sollte ich ein Literaturverwaltungsprogramm verwenden? Literaturverwaltungsprogramme k\u00f6nnen dir beim Schreiben von wissenschaftlichen Arbeiten das Leben deutlich erleichtern. Sie helfen dir unter anderem bei&#8230; Welche Programme gibt es an der WU? Die WU stellt allen WU Studierenden und Mitarbeiter*innen Lizenzen f\u00fcr die Literaturverwaltungsprogramme Citavi und EndNote zur Verf\u00fcgung. Die Mitarbeiter*innen der WU Bibliothek unterst\u00fctzen dich&hellip; <a class=\"more-link\" href=\"https:\/\/library.wu.ac.at\/bib\/fit4research\/index.php\/fit4research-start\/literatur-zitieren-verwalten\/programme\/\">Continue reading <span class=\"screen-reader-text\">Programme<\/span><\/a><\/p>\n","protected":false},"author":6,"featured_media":0,"parent":102,"menu_order":3,"comment_status":"closed","ping_status":"closed","template":"","meta":{"footnotes":""},"class_list":["post-1560","page","type-page","status-publish","hentry","entry"],"_links":{"self":[{"href":"https:\/\/library.wu.ac.at\/bib\/fit4research\/index.php\/wp-json\/wp\/v2\/pages\/1560","targetHints":{"allow":["GET"]}}],"collection":[{"href":"https:\/\/library.wu.ac.at\/bib\/fit4research\/index.php\/wp-json\/wp\/v2\/pages"}],"about":[{"href":"https:\/\/library.wu.ac.at\/bib\/fit4research\/index.php\/wp-json\/wp\/v2\/types\/page"}],"author":[{"embeddable":true,"href":"https:\/\/library.wu.ac.at\/bib\/fit4research\/index.php\/wp-json\/wp\/v2\/users\/6"}],"replies":[{"embeddable":true,"href":"https:\/\/library.wu.ac.at\/bib\/fit4research\/index.php\/wp-json\/wp\/v2\/comments?post=1560"}],"version-history":[{"count":13,"href":"https:\/\/library.wu.ac.at\/bib\/fit4research\/index.php\/wp-json\/wp\/v2\/pages\/1560\/revisions"}],"predecessor-version":[{"id":5628,"href":"https:\/\/library.wu.ac.at\/bib\/fit4research\/index.php\/wp-json\/wp\/v2\/pages\/1560\/revisions\/5628"}],"up":[{"embeddable":true,"href":"https:\/\/library.wu.ac.at\/bib\/fit4research\/index.php\/wp-json\/wp\/v2\/pages\/102"}],"wp:attachment":[{"href":"https:\/\/library.wu.ac.at\/bib\/fit4research\/index.php\/wp-json\/wp\/v2\/media?parent=1560"}],"curies":[{"name":"wp","href":"https:\/\/api.w.org\/{rel}","templated":true}]}}