{"id":1558,"date":"2023-07-19T10:00:00","date_gmt":"2023-07-19T08:00:00","guid":{"rendered":"https:\/\/library.wu.ac.at\/bib\/fit4research\/?page_id=1558"},"modified":"2024-06-19T11:37:37","modified_gmt":"2024-06-19T09:37:37","slug":"literatur-sammeln-verwalten","status":"publish","type":"page","link":"https:\/\/library.wu.ac.at\/bib\/fit4research\/index.php\/fit4research-start\/literatur-zitieren-verwalten\/literatur-sammeln-verwalten\/","title":{"rendered":"Literatur verwalten"},"content":{"rendered":"\n<p>Jetzt wo du wei\u00dft, wie du mit den verschiedenen <a href=\"https:\/\/library.wu.ac.at\/bib\/fit4research\/index.php\/fit4research-start\/wu-katalog-google-scholar-co-deine-tools-fuer-die-suche\/\" data-type=\"link\" data-id=\"https:\/\/library.wu.ac.at\/bib\/fit4research\/index.php\/fit4research-start\/wu-katalog-google-scholar-co-deine-tools-fuer-die-suche\/\">Suchwerkzeugen<\/a> bestm\u00f6glich recherchierst, konntest du bestimmt viele relevante Quellen f\u00fcr deine Arbeit finden. Du hast B\u00fccher, PDFs, Links gesammelt\u2026 aber wie beh\u00e4ltst du jetzt den \u00dcberblick \u00fcber all deine digitalen und physischen Quellen?<\/p>\n\n\n\n<p>Besonders wenn du beginnst, deine <a href=\"https:\/\/library.wu.ac.at\/bib\/fit4research\/index.php\/fit4research-start\/wissenschaftliche-quellen-bewerten\/wissenschaftliche-texte-lesen-und-verstehen\/\" data-type=\"link\" data-id=\"https:\/\/library.wu.ac.at\/bib\/fit4research\/index.php\/fit4research-start\/wissenschaftliche-quellen-bewerten\/wissenschaftliche-texte-lesen-und-verstehen\/\">Quellen zu lesen<\/a> und dir Notizen zu machen, kann es schnell un\u00fcbersichtlich werden. Um zu verhindern, dass du im Chaos versinkst, verwendest du am besten ein <a href=\"https:\/\/library.wu.ac.at\/bib\/fit4research\/index.php\/fit4research-start\/literatur-zitieren-verwalten\/programme\/\" data-type=\"link\" data-id=\"https:\/\/library.wu.ac.at\/bib\/fit4research\/index.php\/fit4research-start\/literatur-zitieren-verwalten\/programme\/\">Literaturverwaltungsprogramm<\/a> oder ein Ordnungssystem.<\/p>\n\n\n\n<p>Was f\u00fcr dich am meisten Sinn macht, h\u00e4ngt von deinen individuellen Bed\u00fcrfnissen ab. Ein Ordnungssystem kann zum Beispiel so simpel sein wie eine gut durchdachte Ordnerstruktur auf deinem Rechner. So kannst du mit recht geringem Aufwand deine Quellen strukturieren. Wie diese Struktur konkret aussehen soll, kannst du dir selbst anhand deines Projekts \u00fcberlegen. Du kannst aber auch auf bestehende Systeme zum Wissensmanagement zur\u00fcckgreifen. Ein Beispiel f\u00fcr so ein System ist das <a href=\"#para\">PARA-System<\/a>.<\/p>\n\n\n\n<p>Ein Literaturverwaltungsprogramm bietet dir auch so ein Ordnungssystem, aber hat noch zus\u00e4tzliche Funktionen, die dir die Arbeit mit der Literatur erleichtern.<\/p>\n\n\n\n<div class=\"wp-block-group\" style=\"padding-top:3em;padding-right:10rem;padding-bottom:3em;padding-left:10rem\"><div class=\"wp-block-group__inner-container is-layout-constrained wp-container-core-group-is-layout-0682ed28 wp-block-group-is-layout-constrained\">\n<hr class=\"wp-block-separator alignwide has-alpha-channel-opacity is-style-wide\"\/>\n<\/div><\/div>\n\n\n\n<h2 class=\"wp-block-heading\">Programme<\/h2>\n\n\n\n<p>Die beste Option, um Literatur f\u00fcr deine wissenschaftlichen Arbeiten zu verwalten, sind <a href=\"https:\/\/library.wu.ac.at\/bib\/fit4research\/index.php\/fit4research-start\/literatur-zitieren-verwalten\/programme\/\" data-type=\"link\" data-id=\"https:\/\/library.wu.ac.at\/bib\/fit4research\/index.php\/fit4research-start\/literatur-zitieren-verwalten\/programme\/\">Literaturverwaltungsprogramme<\/a> wie <a href=\"https:\/\/library.wu.ac.at\/bib\/fit4research\/index.php\/fit4research-start\/literatur-zitieren-verwalten\/programme\/citavi\/\" data-type=\"link\" data-id=\"https:\/\/library.wu.ac.at\/bib\/fit4research\/index.php\/fit4research-start\/literatur-zitieren-verwalten\/programme\/citavi\/\">Citavi<\/a>, <a href=\"https:\/\/library.wu.ac.at\/bib\/fit4research\/index.php\/fit4research-start\/literatur-zitieren-verwalten\/programme\/endnote\/\" data-type=\"link\" data-id=\"https:\/\/library.wu.ac.at\/bib\/fit4research\/index.php\/fit4research-start\/literatur-zitieren-verwalten\/programme\/endnote\/\">EndNote<\/a>, <a href=\"https:\/\/library.wu.ac.at\/bib\/fit4research\/index.php\/fit4research-start\/literatur-zitieren-verwalten\/programme\/juris-m\/\" data-type=\"page\" data-id=\"112\">Juris-M<\/a> und <a href=\"https:\/\/library.wu.ac.at\/bib\/fit4research\/index.php\/fit4research-start\/literatur-zitieren-verwalten\/programme\/zotero\/\" data-type=\"link\" data-id=\"https:\/\/library.wu.ac.at\/bib\/fit4research\/index.php\/fit4research-start\/literatur-zitieren-verwalten\/programme\/zotero\/\">Zotero<\/a>. Mit diesen Programmen kannst du Literatur sammeln, lesen, annotieren und auch zitieren \u2013 alles an einem Ort!<\/p>\n\n\n\n<p>Literaturverwaltungsprogramme haben viele Vorteile:<\/p>\n\n\n\n<ul class=\"wp-block-list\">\n<li><strong>Automatischer Datenimport<\/strong>: die bibliografischen Daten deiner Quellen werden von dem Programm automatisch \u00fcbernommen \u2013 du musst sie also nicht aufwendig selbst aufschreiben.<\/li>\n\n\n\n<li><strong>Automatisches Zitieren<\/strong>: du kannst mit wenigen Klicks deine Quellen in deinem Textverarbeitungsprogramm zitieren und automatisch Literaturverzeichnisse f\u00fcr deine Arbeiten erstellen lassen \u2013 auch hier musst du nicht m\u00fchsam manuell tippen.<\/li>\n\n\n\n<li><strong>Auswahl aus vielen Zitierstilen<\/strong>: Literaturverwaltungsprogramme beinhalten eine gro\u00dfe Bandbreite unterschiedlicher Zitierstile, aus denen du den passenden f\u00fcr dich aussuchen kannst. Zus\u00e4tzlich bietet die WU Bibliothek zahlreiche <a href=\"https:\/\/library.wu.ac.at\/bib\/fit4research\/index.php\/fit4research-start\/literatur-zitieren-verwalten\/richtiges-zitieren-nach-wu-richtlinien\/\" data-type=\"link\" data-id=\"https:\/\/library.wu.ac.at\/bib\/fit4research\/index.php\/fit4research-start\/literatur-zitieren-verwalten\/richtiges-zitieren-nach-wu-richtlinien\/\">WU-spezifische Zitierstile<\/a> an, die du ganz einfach in die Programme importieren kannst.<\/li>\n<\/ul>\n\n\n\n<p>Mit <a href=\"https:\/\/library.wu.ac.at\/bib\/fit4research\/index.php\/fit4research-start\/literatur-zitieren-verwalten\/programme\/#auswahlhilfe\">unserer Auswahlhilfe<\/a> kannst du das Programm finden, das zu deinen Bed\u00fcrfnissen passt.<\/p>\n\n\n\n<p>Details findest du auf der Seite <a href=\"https:\/\/library.wu.ac.at\/bib\/fit4research\/index.php\/fit4research-start\/literatur-zitieren-verwalten\/programme\/\">Programme<\/a>.<\/p>\n\n\n\n<div class=\"wp-block-group\" style=\"padding-top:3em;padding-right:10rem;padding-bottom:3em;padding-left:10rem\"><div class=\"wp-block-group__inner-container is-layout-constrained wp-container-core-group-is-layout-0682ed28 wp-block-group-is-layout-constrained\">\n<hr class=\"wp-block-separator alignwide has-alpha-channel-opacity is-style-wide\"\/>\n<\/div><\/div>\n\n\n\n<h2 class=\"wp-block-heading\" id=\"para\">Das PARA-System<\/h2>\n\n\n\n<p>Das <em>PARA-System<\/em> ist ein recht flexibles Ordnungssystem, das \u00fcberall eingesetzt werden kann, wo Ordner angelegt werden k\u00f6nnen \u2013 also auch einfach auf deinem Rechner oder in einem Cloud-Dienst wie Google Drive. Das <em>PARA-System<\/em> zielt darauf ab, eine einfache Ordnungsstruktur zu stellen, mit der du alle Aspekte deines Lebens organisieren kannst. Es ist also kein projektspezifisches System, das du nur f\u00fcr eine spezifische Arbeit, an der du gerade schreibst, einsetzt. Im Kern des Systems steht die Einteilung deiner Dokumente in <strong>vier Kategorien<\/strong>:<\/p>\n\n\n\n<div class=\"wp-block-columns is-layout-flex wp-container-core-columns-is-layout-9d6595d7 wp-block-columns-is-layout-flex\">\n<div class=\"wp-block-column is-layout-flow wp-block-column-is-layout-flow\" style=\"flex-basis:2.41%\">\n<p class=\"has-large-font-size\"><strong>P<\/strong><\/p>\n<\/div>\n\n\n\n<div class=\"wp-block-column is-layout-flow wp-block-column-is-layout-flow\" style=\"flex-basis:64.26%\">\n<p><strong>Projects (Projekte):<\/strong> F\u00fcr Projekte, an denen du gerade aktiv arbeitest &#8211; also T\u00e4tigkeiten, die ein konkretes Ziel und eine Deadline haben.<br>Beispiel: eine Seminararbeit, an der du schreibst oder ein Urlaub, den du planst.<\/p>\n<\/div>\n<\/div>\n\n\n\n<div class=\"wp-block-columns is-layout-flex wp-container-core-columns-is-layout-9d6595d7 wp-block-columns-is-layout-flex\">\n<div class=\"wp-block-column is-layout-flow wp-block-column-is-layout-flow\" style=\"flex-basis:2.5%\">\n<p class=\"has-large-font-size\"><strong>A<\/strong><\/p>\n<\/div>\n\n\n\n<div class=\"wp-block-column is-layout-flow wp-block-column-is-layout-flow\" style=\"flex-basis:66.66%\">\n<p><strong>Areas (Bereiche)<\/strong>: Dabei geht es um Verantwortungsbereiche, die laufende Aufmerksamkeit brauchen &#8211; also langfristige Aufgaben, die keinen Endpunkt haben.<br>Beispiel: deine pers\u00f6nlichen Finanzen oder alles rund um deine Wohnung.<\/p>\n<\/div>\n<\/div>\n\n\n\n<div class=\"wp-block-columns is-layout-flex wp-container-core-columns-is-layout-9d6595d7 wp-block-columns-is-layout-flex\">\n<div class=\"wp-block-column is-layout-flow wp-block-column-is-layout-flow\" style=\"flex-basis:2.5%\">\n<p class=\"has-large-font-size\"><strong>R<\/strong><\/p>\n<\/div>\n\n\n\n<div class=\"wp-block-column is-layout-flow wp-block-column-is-layout-flow\" style=\"flex-basis:66.66%\">\n<p><strong>Resources (Ressourcen):<\/strong> Hier sammelst du n\u00fctzliche Dokumente und Materialien zu Themen, die dich interessieren.<br>Beispiel: Zitierrichtlinien oder Kochrezepte, die du ausprobieren m\u00f6chtest.<\/p>\n<\/div>\n<\/div>\n\n\n\n<div class=\"wp-block-columns is-layout-flex wp-container-core-columns-is-layout-9d6595d7 wp-block-columns-is-layout-flex\">\n<div class=\"wp-block-column is-layout-flow wp-block-column-is-layout-flow\" style=\"flex-basis:2.5%\">\n<p class=\"has-large-font-size\"><strong>A<\/strong><\/p>\n<\/div>\n\n\n\n<div class=\"wp-block-column is-layout-flow wp-block-column-is-layout-flow\" style=\"flex-basis:66.66%\">\n<p><strong>Archives (Archive):<\/strong> In diese Kategorie kommen alle Dokumente oder Unterordner aus den anderen drei Kategorien, die nicht mehr aktiv oder relevant sind. Sie werden hier aufbewahrt.<br>Beispiel: die Dokumente zu deiner ehemaligen Wohnung oder erledigte Abgaben aus vergangenen Semestern.<\/p>\n<\/div>\n<\/div>\n\n\n\n<div class=\"wp-block-media-text has-media-on-the-right is-stacked-on-mobile\" style=\"grid-template-columns:auto 60%\"><div class=\"wp-block-media-text__content\">\n<p>F\u00fcr diese vier Kategorien legst du jeweils einen Ordner an. Mit Unterordnern strukturierst du sie dann weiter. So kannst du Unterordner f\u00fcr deine verschiedenen Projekte und f\u00fcr unterschiedliche Verantwortungsbereiche anlegen.<\/p>\n\n\n\n<p>N\u00e4here Informationen zum PARA-System findest du <a href=\"https:\/\/fortelabs.com\/blog\/para\/\" data-type=\"link\" data-id=\"https:\/\/fortelabs.com\/blog\/para\/\" target=\"_blank\" rel=\"noreferrer noopener\">hier<\/a>.<\/p>\n<\/div><figure class=\"wp-block-media-text__media\"><img loading=\"lazy\" decoding=\"async\" width=\"1024\" height=\"576\" src=\"https:\/\/library.wu.ac.at\/bib\/fit4research\/wp-content\/uploads\/2023\/10\/PARA-System-1024x576.png\" alt=\"Vier Ordner, die jeweils beschriftet sind mit \u201eProjekte\u201c, \u201eBereiche\u201c, \u201eRessourcen\u201c und \u201eArchive\u201c. Linien f\u00fchren von den Ordnern zu kleineren Unterordnern. Die Unterordner von \u201eProjekte\u201c sind beschriftet mit \u201eSeminararbeit\u201c, \u201eSommerurlaub\u201c und \u201ePlanung Ersti-Party\u201c. Die Unterordner von \u201eBereiche\u201c sind beschriftet \u201eWohnung\u201c, \u201eFinanzen\u201c und \u201eReisen\u201c. Die Unterordner von \u201eRessourcen\u201c sind beschriftet \u201eWU Zitierrichtlinien\u201c, \u201eFotografie\u201c und \u201eKochrezepte\u201c. Die Unterordner von \u201eArchive\u201c sind beschriftet \u201eUrlaub 2022\u201c, \u201eWohnung (alt)\u201c und \u201eErledigte Abgaben\u201c.\" class=\"wp-image-2586 size-full\" srcset=\"https:\/\/library.wu.ac.at\/bib\/fit4research\/wp-content\/uploads\/2023\/10\/PARA-System-1024x576.png 1024w, https:\/\/library.wu.ac.at\/bib\/fit4research\/wp-content\/uploads\/2023\/10\/PARA-System-300x169.png 300w, https:\/\/library.wu.ac.at\/bib\/fit4research\/wp-content\/uploads\/2023\/10\/PARA-System-768x432.png 768w, https:\/\/library.wu.ac.at\/bib\/fit4research\/wp-content\/uploads\/2023\/10\/PARA-System-1536x864.png 1536w, https:\/\/library.wu.ac.at\/bib\/fit4research\/wp-content\/uploads\/2023\/10\/PARA-System-1568x882.png 1568w, https:\/\/library.wu.ac.at\/bib\/fit4research\/wp-content\/uploads\/2023\/10\/PARA-System.png 1920w\" sizes=\"auto, (max-width: 1024px) 100vw, 1024px\" \/><\/figure><\/div>\n\n\n\n<div class=\"wp-block-group\"><div class=\"wp-block-group__inner-container is-layout-constrained wp-block-group-is-layout-constrained\">\n<div class=\"wp-block-columns is-layout-flex wp-container-core-columns-is-layout-9d6595d7 wp-block-columns-is-layout-flex\">\n<div class=\"wp-block-column is-layout-flow wp-block-column-is-layout-flow\"><\/div>\n\n\n\n<div class=\"wp-block-column is-layout-flow wp-block-column-is-layout-flow\"><\/div>\n<\/div>\n<\/div><\/div>\n","protected":false},"excerpt":{"rendered":"<p>Jetzt wo du wei\u00dft, wie du mit den verschiedenen Suchwerkzeugen bestm\u00f6glich recherchierst, konntest du bestimmt viele relevante Quellen f\u00fcr deine Arbeit finden. Du hast B\u00fccher, PDFs, Links gesammelt\u2026 aber wie beh\u00e4ltst du jetzt den \u00dcberblick \u00fcber all deine digitalen und physischen Quellen? Besonders wenn du beginnst, deine Quellen zu lesen und dir Notizen zu machen,&hellip; <a class=\"more-link\" href=\"https:\/\/library.wu.ac.at\/bib\/fit4research\/index.php\/fit4research-start\/literatur-zitieren-verwalten\/literatur-sammeln-verwalten\/\">Continue reading <span class=\"screen-reader-text\">Literatur verwalten<\/span><\/a><\/p>\n","protected":false},"author":6,"featured_media":0,"parent":102,"menu_order":1,"comment_status":"closed","ping_status":"closed","template":"","meta":{"footnotes":""},"class_list":["post-1558","page","type-page","status-publish","hentry","entry"],"_links":{"self":[{"href":"https:\/\/library.wu.ac.at\/bib\/fit4research\/index.php\/wp-json\/wp\/v2\/pages\/1558","targetHints":{"allow":["GET"]}}],"collection":[{"href":"https:\/\/library.wu.ac.at\/bib\/fit4research\/index.php\/wp-json\/wp\/v2\/pages"}],"about":[{"href":"https:\/\/library.wu.ac.at\/bib\/fit4research\/index.php\/wp-json\/wp\/v2\/types\/page"}],"author":[{"embeddable":true,"href":"https:\/\/library.wu.ac.at\/bib\/fit4research\/index.php\/wp-json\/wp\/v2\/users\/6"}],"replies":[{"embeddable":true,"href":"https:\/\/library.wu.ac.at\/bib\/fit4research\/index.php\/wp-json\/wp\/v2\/comments?post=1558"}],"version-history":[{"count":21,"href":"https:\/\/library.wu.ac.at\/bib\/fit4research\/index.php\/wp-json\/wp\/v2\/pages\/1558\/revisions"}],"predecessor-version":[{"id":4799,"href":"https:\/\/library.wu.ac.at\/bib\/fit4research\/index.php\/wp-json\/wp\/v2\/pages\/1558\/revisions\/4799"}],"up":[{"embeddable":true,"href":"https:\/\/library.wu.ac.at\/bib\/fit4research\/index.php\/wp-json\/wp\/v2\/pages\/102"}],"wp:attachment":[{"href":"https:\/\/library.wu.ac.at\/bib\/fit4research\/index.php\/wp-json\/wp\/v2\/media?parent=1558"}],"curies":[{"name":"wp","href":"https:\/\/api.w.org\/{rel}","templated":true}]}}