{"id":15,"date":"2023-07-17T14:30:00","date_gmt":"2023-07-17T12:30:00","guid":{"rendered":"https:\/\/library.wu.ac.at\/bib\/fit4research\/?page_id=15"},"modified":"2024-01-02T14:22:17","modified_gmt":"2024-01-02T13:22:17","slug":"ein-bestimmtes-buch","status":"publish","type":"page","link":"https:\/\/library.wu.ac.at\/bib\/fit4research\/index.php\/fit4research-start\/wie-finde-ich\/ein-bestimmtes-buch\/","title":{"rendered":"Ein bestimmtes Dokument (Buch, Artikel, etc.)"},"content":{"rendered":"\n<h2 class=\"wp-block-heading\" id=\"GezielteDokumentensuche-Weilichwei\u00df,wasichbrauche\">Weil ich wei\u00df, was ich brauche<\/h2>\n\n\n\n<div class=\"wp-block-media-text is-stacked-on-mobile\" style=\"grid-template-columns:44% auto\"><figure class=\"wp-block-media-text__media\"><img loading=\"lazy\" decoding=\"async\" width=\"683\" height=\"1024\" src=\"https:\/\/library.wu.ac.at\/bib\/fit4research\/wp-content\/uploads\/2023\/08\/image-16-683x1024.png\" alt=\"Eine Person lehnt an einem B\u00fccherregal im Bibliothekszentrum und liest.\" class=\"wp-image-598 size-full\" srcset=\"https:\/\/library.wu.ac.at\/bib\/fit4research\/wp-content\/uploads\/2023\/08\/image-16-683x1024.png 683w, https:\/\/library.wu.ac.at\/bib\/fit4research\/wp-content\/uploads\/2023\/08\/image-16-200x300.png 200w, https:\/\/library.wu.ac.at\/bib\/fit4research\/wp-content\/uploads\/2023\/08\/image-16-768x1152.png 768w, https:\/\/library.wu.ac.at\/bib\/fit4research\/wp-content\/uploads\/2023\/08\/image-16-1024x1536.png 1024w, https:\/\/library.wu.ac.at\/bib\/fit4research\/wp-content\/uploads\/2023\/08\/image-16-1365x2048.png 1365w, https:\/\/library.wu.ac.at\/bib\/fit4research\/wp-content\/uploads\/2023\/08\/image-16-1568x2352.png 1568w\" sizes=\"auto, (max-width: 683px) 100vw, 683px\" \/><\/figure><div class=\"wp-block-media-text__content\">\n<p>Das ist das Motto bei der gezielten Literatursuche. Du hast eine Literaturliste und fragst dich, wo du die B\u00fccher findest? Dazu brauchst du nur die Literaturart und einige bibliographischen Angaben. Das sind hier die Titel von den B\u00fcchern und Zeitschriften und ihre Verfasser*innen oder Herausgeber*innen.<\/p>\n\n\n\n<p>Du bist dir noch unsicher, welche Arten von wissenschaftlicher Literatur es \u00fcberhaupt so gibt? Das zeigen wir dir auf den n\u00e4chsten Seiten. Au\u00dferdem erf\u00e4hrst du dort, wie du sie am schnellsten findest.<\/p>\n<\/div><\/div>\n\n\n\n<div class=\"wp-block-group\" style=\"padding-top:3em;padding-right:10rem;padding-bottom:3em;padding-left:10rem\"><div class=\"wp-block-group__inner-container is-layout-constrained wp-container-core-group-is-layout-0682ed28 wp-block-group-is-layout-constrained\">\n<hr class=\"wp-block-separator alignwide has-alpha-channel-opacity is-style-wide\"\/>\n<\/div><\/div>\n\n\n\n<h2 class=\"wp-block-heading\" id=\"GezielteDokumentensuche-Allesklar?DasQuizwirdeszeigen!\">Alles klar? Das Quiz wird es zeigen!<\/h2>\n\n\n\n<p>Mach das Quiz zu den Modulen Wie finde ich&#8230;? und <a href=\"https:\/\/library.wu.ac.at\/bib\/fit4research\/index.php\/zugriff-auf-literatur-online-und-vor-ort\/orientierung-in-der-bibliothek-wo-finde-ich-was\/\" data-type=\"link\" data-id=\"https:\/\/library.wu.ac.at\/bib\/fit4research\/index.php\/zugriff-auf-literatur-online-und-vor-ort\/orientierung-in-der-bibliothek-wo-finde-ich-was\/\">Zugriff auf Literatur<\/a>. Die Tests sind anonym, jederzeit wiederholbar und dienen dir nur zur Selbstkontrolle.<\/p>\n\n\n\n<p><a href=\"https:\/\/library.wu.ac.at\/bib\/fit4research\/index.php\/videotutorials-quiz\/\" data-type=\"page\" data-id=\"116\">Hier geht&#8217;s zum Quiz!<\/a><\/p>\n\n\n\n<div class=\"wp-block-group\"><div class=\"wp-block-group__inner-container is-layout-constrained wp-block-group-is-layout-constrained\">\n<div class=\"wp-block-group\"><div class=\"wp-block-group__inner-container is-layout-constrained wp-block-group-is-layout-constrained\">\n<div class=\"wp-block-columns is-layout-flex wp-container-core-columns-is-layout-9d6595d7 wp-block-columns-is-layout-flex\">\n<div class=\"wp-block-column is-layout-flow wp-block-column-is-layout-flow\"><\/div>\n\n\n\n<div class=\"wp-block-column is-layout-flow wp-block-column-is-layout-flow\"><\/div>\n<\/div>\n<\/div><\/div>\n<\/div><\/div>\n","protected":false},"excerpt":{"rendered":"<p>Weil ich wei\u00df, was ich brauche Das ist das Motto bei der gezielten Literatursuche. Du hast eine Literaturliste und fragst dich, wo du die B\u00fccher findest? Dazu brauchst du nur die Literaturart und einige bibliographischen Angaben. Das sind hier die Titel von den B\u00fcchern und Zeitschriften und ihre Verfasser*innen oder Herausgeber*innen. Du bist dir noch&hellip; <a class=\"more-link\" href=\"https:\/\/library.wu.ac.at\/bib\/fit4research\/index.php\/fit4research-start\/wie-finde-ich\/ein-bestimmtes-buch\/\">Continue reading <span class=\"screen-reader-text\">Ein bestimmtes Dokument (Buch, Artikel, etc.)<\/span><\/a><\/p>\n","protected":false},"author":2,"featured_media":0,"parent":13,"menu_order":0,"comment_status":"closed","ping_status":"closed","template":"","meta":{"footnotes":""},"class_list":["post-15","page","type-page","status-publish","hentry","entry"],"_links":{"self":[{"href":"https:\/\/library.wu.ac.at\/bib\/fit4research\/index.php\/wp-json\/wp\/v2\/pages\/15","targetHints":{"allow":["GET"]}}],"collection":[{"href":"https:\/\/library.wu.ac.at\/bib\/fit4research\/index.php\/wp-json\/wp\/v2\/pages"}],"about":[{"href":"https:\/\/library.wu.ac.at\/bib\/fit4research\/index.php\/wp-json\/wp\/v2\/types\/page"}],"author":[{"embeddable":true,"href":"https:\/\/library.wu.ac.at\/bib\/fit4research\/index.php\/wp-json\/wp\/v2\/users\/2"}],"replies":[{"embeddable":true,"href":"https:\/\/library.wu.ac.at\/bib\/fit4research\/index.php\/wp-json\/wp\/v2\/comments?post=15"}],"version-history":[{"count":28,"href":"https:\/\/library.wu.ac.at\/bib\/fit4research\/index.php\/wp-json\/wp\/v2\/pages\/15\/revisions"}],"predecessor-version":[{"id":3970,"href":"https:\/\/library.wu.ac.at\/bib\/fit4research\/index.php\/wp-json\/wp\/v2\/pages\/15\/revisions\/3970"}],"up":[{"embeddable":true,"href":"https:\/\/library.wu.ac.at\/bib\/fit4research\/index.php\/wp-json\/wp\/v2\/pages\/13"}],"wp:attachment":[{"href":"https:\/\/library.wu.ac.at\/bib\/fit4research\/index.php\/wp-json\/wp\/v2\/media?parent=15"}],"curies":[{"name":"wp","href":"https:\/\/api.w.org\/{rel}","templated":true}]}}