{"id":13,"date":"2023-07-17T13:42:00","date_gmt":"2023-07-17T11:42:00","guid":{"rendered":"https:\/\/library.wu.ac.at\/bib\/fit4research\/?page_id=13"},"modified":"2024-01-02T14:21:15","modified_gmt":"2024-01-02T13:21:15","slug":"wie-finde-ich","status":"publish","type":"page","link":"https:\/\/library.wu.ac.at\/bib\/fit4research\/index.php\/fit4research-start\/wie-finde-ich\/","title":{"rendered":"Wie finde ich&#8230;?"},"content":{"rendered":"\n<div class=\"wp-block-media-text has-media-on-the-right is-stacked-on-mobile\"><div class=\"wp-block-media-text__content\">\n<p>In diesem Abschnitt geht es darum, welche Schritte du bei der Suche machst.<\/p>\n\n\n\n<p>Zu Beginn deines Studiums besch\u00e4ftigst du dich vor allem mit <a href=\"https:\/\/library.wu.ac.at\/bib\/fit4research\/index.php\/literatur\/\" data-type=\"link\" data-id=\"https:\/\/library.wu.ac.at\/bib\/fit4research\/index.php\/literatur\/\">Literatur<\/a>.<\/p>\n\n\n\n<p>F\u00fcr deine Suche nach Finanzdaten steht dir die <a href=\"https:\/\/library.wu.ac.at\/bib\/fit4research\/index.php\/finanzdaten\/\" data-type=\"link\" data-id=\"https:\/\/library.wu.ac.at\/bib\/fit4research\/index.php\/finanzdaten\/\">Finance Area<\/a> zur Verf\u00fcgung.<\/p>\n\n\n\n<p>F\u00fcr die Suche nach weiteren Daten, wie Brancheninformationen, etc. gibt es <a href=\"https:\/\/www.wu.ac.at\/bibliothek\/recherche\/datenbanken\/\" target=\"_blank\" rel=\"noreferrer noopener\">spezielle Datenbanken<\/a>, die dir \u00fcber die Bibliothek zur Verf\u00fcgung stehen.<\/p>\n<\/div><figure class=\"wp-block-media-text__media\"><img loading=\"lazy\" decoding=\"async\" width=\"1000\" height=\"667\" src=\"https:\/\/library.wu.ac.at\/bib\/fit4research\/wp-content\/uploads\/2023\/08\/image-18.png\" alt=\"B\u00fccherregale im Bibliothekszentrum der WU Bibliothek\" class=\"wp-image-603 size-full\" srcset=\"https:\/\/library.wu.ac.at\/bib\/fit4research\/wp-content\/uploads\/2023\/08\/image-18.png 1000w, https:\/\/library.wu.ac.at\/bib\/fit4research\/wp-content\/uploads\/2023\/08\/image-18-300x200.png 300w, https:\/\/library.wu.ac.at\/bib\/fit4research\/wp-content\/uploads\/2023\/08\/image-18-768x512.png 768w\" sizes=\"auto, (max-width: 1000px) 100vw, 1000px\" \/><\/figure><\/div>\n\n\n\n<div class=\"wp-block-columns is-layout-flex wp-container-core-columns-is-layout-9d6595d7 wp-block-columns-is-layout-flex\">\n<div class=\"wp-block-column is-layout-flow wp-block-column-is-layout-flow\"><\/div>\n\n\n\n<div class=\"wp-block-column is-layout-flow wp-block-column-is-layout-flow\"><\/div>\n<\/div>\n","protected":false},"excerpt":{"rendered":"<p>In diesem Abschnitt geht es darum, welche Schritte du bei der Suche machst. Zu Beginn deines Studiums besch\u00e4ftigst du dich vor allem mit Literatur. F\u00fcr deine Suche nach Finanzdaten steht dir die Finance Area zur Verf\u00fcgung. F\u00fcr die Suche nach weiteren Daten, wie Brancheninformationen, etc. gibt es spezielle Datenbanken, die dir \u00fcber die Bibliothek zur&hellip; <a class=\"more-link\" href=\"https:\/\/library.wu.ac.at\/bib\/fit4research\/index.php\/fit4research-start\/wie-finde-ich\/\">Continue reading <span class=\"screen-reader-text\">Wie finde ich&#8230;?<\/span><\/a><\/p>\n","protected":false},"author":2,"featured_media":0,"parent":10,"menu_order":0,"comment_status":"closed","ping_status":"closed","template":"","meta":{"footnotes":""},"class_list":["post-13","page","type-page","status-publish","hentry","entry"],"_links":{"self":[{"href":"https:\/\/library.wu.ac.at\/bib\/fit4research\/index.php\/wp-json\/wp\/v2\/pages\/13","targetHints":{"allow":["GET"]}}],"collection":[{"href":"https:\/\/library.wu.ac.at\/bib\/fit4research\/index.php\/wp-json\/wp\/v2\/pages"}],"about":[{"href":"https:\/\/library.wu.ac.at\/bib\/fit4research\/index.php\/wp-json\/wp\/v2\/types\/page"}],"author":[{"embeddable":true,"href":"https:\/\/library.wu.ac.at\/bib\/fit4research\/index.php\/wp-json\/wp\/v2\/users\/2"}],"replies":[{"embeddable":true,"href":"https:\/\/library.wu.ac.at\/bib\/fit4research\/index.php\/wp-json\/wp\/v2\/comments?post=13"}],"version-history":[{"count":16,"href":"https:\/\/library.wu.ac.at\/bib\/fit4research\/index.php\/wp-json\/wp\/v2\/pages\/13\/revisions"}],"predecessor-version":[{"id":5632,"href":"https:\/\/library.wu.ac.at\/bib\/fit4research\/index.php\/wp-json\/wp\/v2\/pages\/13\/revisions\/5632"}],"up":[{"embeddable":true,"href":"https:\/\/library.wu.ac.at\/bib\/fit4research\/index.php\/wp-json\/wp\/v2\/pages\/10"}],"wp:attachment":[{"href":"https:\/\/library.wu.ac.at\/bib\/fit4research\/index.php\/wp-json\/wp\/v2\/media?parent=13"}],"curies":[{"name":"wp","href":"https:\/\/api.w.org\/{rel}","templated":true}]}}