{"id":1088,"date":"2023-07-19T17:00:00","date_gmt":"2023-07-19T15:00:00","guid":{"rendered":"https:\/\/library.wu.ac.at\/bib\/fit4research\/?page_id=1088"},"modified":"2025-01-29T14:24:49","modified_gmt":"2025-01-29T13:24:49","slug":"endnote-web","status":"publish","type":"page","link":"https:\/\/library.wu.ac.at\/bib\/fit4research\/index.php\/fit4research-start\/literatur-zitieren-verwalten\/programme\/endnote-web\/","title":{"rendered":"EndNote Web"},"content":{"rendered":"\n<ul class=\"wp-block-list\">\n<li><a href=\"#allgemeines\">Allgemeines<\/a><\/li>\n\n\n\n<li><a href=\"#referenzen\">Referenzen verwalten<\/a><\/li>\n\n\n\n<li><a href=\"#stile\">Zitierstile verwalten<\/a><\/li>\n\n\n\n<li><a href=\"#bibliografie\">Bibliografie erstellen<\/a><\/li>\n\n\n\n<li><a href=\"#cwyw\">Cite While You Write<\/a><\/li>\n<\/ul>\n\n\n\n<div class=\"wp-block-group\" style=\"padding-top:3em;padding-right:10rem;padding-bottom:3em;padding-left:10rem\"><div class=\"wp-block-group__inner-container is-layout-constrained wp-container-core-group-is-layout-0682ed28 wp-block-group-is-layout-constrained\">\n<hr class=\"wp-block-separator alignwide has-alpha-channel-opacity is-style-wide\"\/>\n<\/div><\/div>\n\n\n\n<h2 class=\"wp-block-heading\" id=\"allgemeines\">Allgemeines<\/h2>\n\n\n\n<p>EndNote Web ist eine webbasierte Anwendung, die die wichtigsten Funktionen eines Literaturverwaltungsprogramms bietet. Das Angebot ist unabh\u00e4ngig von der WU Zugeh\u00f6rigkeit gratis.<\/p>\n\n\n\n<p>In EndNote Web steht jedoch nur ein eingeschr\u00e4nkter Bestand an Zitierstilen zur Verf\u00fcgung. WU Angeh\u00f6rigen empfehlen wir deshalb, EndNote Web erg\u00e4nzend zum Desktopprogramm <strong><a href=\"https:\/\/library.wu.ac.at\/bib\/fit4research\/index.php\/fit4research-start\/literatur-zitieren-verwalten\/programme\/endnote\/\" data-type=\"link\" data-id=\"https:\/\/library.wu.ac.at\/bib\/fit4research\/index.php\/fit4research-start\/literatur-zitieren-verwalten\/programme\/endnote\/\">EndNote 20<\/a><\/strong> zu verwenden, mit dem es synchronisiert werden kann.<\/p>\n\n\n\n<p>Eine Anleitung zu Endnote 20 und den Zitierstilen findest <a href=\"https:\/\/library.wu.ac.at\/bib\/fit4research\/index.php\/literatur-zitieren-verwalten\/endnote\/\" data-type=\"link\" data-id=\"https:\/\/library.wu.ac.at\/bib\/fit4research\/index.php\/literatur-zitieren-verwalten\/endnote\/\">hier<\/a>.<\/p>\n\n\n\n<h3 class=\"wp-block-heading\">Konto einrichten<\/h3>\n\n\n\n<p>\u00d6ffne die <a href=\"http:\/\/www.myendnoteweb.com\" data-type=\"link\" data-id=\"www.myendnoteweb.com\" target=\"_blank\" rel=\"noreferrer noopener\">EndNote Web Startseite<\/a> und klicke auf <em>Konto erstellen<\/em>. Registriere dich mit einer g\u00fcltigen E-Mail-Adresse und f\u00fclle das Anmeldeformular aus.<\/p>\n\n\n\n<p>Nachdem du dich eingeloggt hast, findest du unter dem Men\u00fcpunkt <em>Optionen<\/em> Informationen und Einstellungsm\u00f6glichkeiten zu deinem Konto. Hier kannst du dein Passwort und deine E-Mail-Adresse, sowie deine Spracheinstellungen \u00e4ndern.<\/p>\n\n\n\n<div class=\"wp-block-group\" style=\"padding-top:3em;padding-right:10rem;padding-bottom:3em;padding-left:10rem\"><div class=\"wp-block-group__inner-container is-layout-constrained wp-container-core-group-is-layout-0682ed28 wp-block-group-is-layout-constrained\">\n<hr class=\"wp-block-separator alignwide has-alpha-channel-opacity is-style-wide\"\/>\n<\/div><\/div>\n\n\n\n<h2 class=\"wp-block-heading\" id=\"referenzen\">Referenzen verwalten<\/h2>\n\n\n\n<h3 class=\"wp-block-heading\">Referenzen importieren<\/h3>\n\n\n\n<figure class=\"wp-block-image size-full\"><img loading=\"lazy\" decoding=\"async\" width=\"576\" height=\"54\" src=\"https:\/\/library.wu.ac.at\/bib\/fit4research\/wp-content\/uploads\/2023\/09\/Referenzen-importieren.png\" alt=\"Men\u00fc von EndNote Web, die \u00dcberschrift \u201eErfassen\u201c ist ausgew\u00e4hlt, die Unter\u00fcberschriften \u201eOnlinesuche\u201c, \u201eNeue Referenz\u201c und \u201eReferenzen importieren\u201c sind sichtbar.\" class=\"wp-image-1101\" srcset=\"https:\/\/library.wu.ac.at\/bib\/fit4research\/wp-content\/uploads\/2023\/09\/Referenzen-importieren.png 576w, https:\/\/library.wu.ac.at\/bib\/fit4research\/wp-content\/uploads\/2023\/09\/Referenzen-importieren-300x28.png 300w\" sizes=\"auto, (max-width: 576px) 100vw, 576px\" \/><\/figure>\n\n\n\n<p>Einige Datenbanken bieten einen direkten Export von Referenzen nach EndNote Web an (z.B. EBSCO). Wenn diese Funktion nicht vorhanden ist, bieten die meisten Datenbanken einen Export im <strong>RIS-Format<\/strong> an.<\/p>\n\n\n\n<p>Die so erzeugte Datei kann \u00fcber folgende Schritte importiert werden:<\/p>\n\n\n\n<figure class=\"wp-block-image size-full\"><img loading=\"lazy\" decoding=\"async\" width=\"396\" height=\"199\" src=\"https:\/\/library.wu.ac.at\/bib\/fit4research\/wp-content\/uploads\/2023\/09\/import.png\" alt=\"Das \u201eReferenzen importieren\u201c Fenster in EndNote Web. \u00dcber den Button \u201eDurchsuchen\u201c neben \u201eDatei\u201c kann eine Datei gew\u00e4hlt werden. Darunter ist im Feld \u201eImportoption\u201c die Option \u201eRefMan RIS\u201c gew\u00e4hlt worden. Im Feld \u201eNach:\u201c wurde die Gruppe \u201ePhilosophie\u201c ausgew\u00e4hlt. Darunter kann mit dem Button \u201eImportieren\u201c best\u00e4tigt werden.\" class=\"wp-image-1102\" srcset=\"https:\/\/library.wu.ac.at\/bib\/fit4research\/wp-content\/uploads\/2023\/09\/import.png 396w, https:\/\/library.wu.ac.at\/bib\/fit4research\/wp-content\/uploads\/2023\/09\/import-300x151.png 300w\" sizes=\"auto, (max-width: 396px) 100vw, 396px\" \/><\/figure>\n\n\n\n<ol class=\"wp-block-list\">\n<li>In der Datenbank <em>Export im RIS-Format<\/em> ausw\u00e4hlen (manchmal auch als <em>Export nach EndNote<\/em> bezeichnet) und Datei auf dem Ger\u00e4t speichern.<\/li>\n\n\n\n<li>In EndNote Web <em>Erfassen<\/em> \u00bb <em>Referenzen importieren<\/em> w\u00e4hlen.<\/li>\n\n\n\n<li>Mit <em>Durchsuchen\u200c\u200c\u200c\u2026<\/em> die heruntergeladene Datei ausw\u00e4hlen.<\/li>\n\n\n\n<li>Unter <em>Importoption<\/em> \u00bb <em>RefMan RIS<\/em> ausw\u00e4hlen.<\/li>\n\n\n\n<li>Gruppe ausw\u00e4hlen, in die die Referenzen eingef\u00fcgt werden sollen.<\/li>\n<\/ol>\n\n\n\n<h3 class=\"wp-block-heading\">Referenzen manuell erstellen<\/h3>\n\n\n\n<ol class=\"wp-block-list\">\n<li>W\u00e4hle <em>Erfassen<\/em> \u00bb <em>Neue Referenz<\/em><\/li>\n\n\n\n<li>W\u00e4hle den passenden Dokumenttyp: Dieser bestimmt, welche Felder zur Verf\u00fcgung stehen und wie das Zitat und der Bibliografieeintrag formatiert werden.<\/li>\n\n\n\n<li>Bef\u00fclle die bibliografischen Felder. Beachte dabei die Formvorschriften f\u00fcr die Eingabe von Namen!<\/li>\n<\/ol>\n\n\n\n<h4 class=\"wp-block-heading\">Eingabe von Namen<\/h4>\n\n\n\n<p>Namen sollten nach dem Schema <em>Nachname(n), Vorname(n)<\/em> eingegeben werden, damit sie je nach Kontext richtig formatiert werden k\u00f6nnen. Teile vor dem Komma werden als Nachnamen, Teile danach als Vornamen sortiert. Adelspr\u00e4dikate wie <em>von<\/em>, <em>van<\/em> oder <em>de<\/em> werden mit den Vornamen angegeben:<\/p>\n\n\n\n<ul class=\"wp-block-list\">\n<li>Judith Butler<br><em>Butler<strong>,<\/strong> Judith<\/em><\/li>\n\n\n\n<li>Johann Matthias von der Schulenburg<br><em>Schulenburg<strong>,<\/strong> Johann Matthias von der<\/em><\/li>\n<\/ul>\n\n\n\n<p>Namenszus\u00e4tze, die immer am Schluss stehen sollen, m\u00fcssen nach einem zweiten Komma stehen:<\/p>\n\n\n\n<ul class=\"wp-block-list\">\n<li>George Bush Sr.<br><em>Bush<strong>,<\/strong> George<strong>,<\/strong> Sr.<\/em><\/li>\n<\/ul>\n\n\n\n<p>Namen von Organisationen, Firmen etc. m\u00fcssen mit einem Komma am Schluss eingegeben werden:<\/p>\n\n\n\n<ul class=\"wp-block-list\">\n<li>International Monetary Fund<br><em>International Monetary Fund<strong>,<\/strong><\/em><\/li>\n<\/ul>\n\n\n\n<p>Wenn ein Firmenname ein oder mehrere Kommata enth\u00e4lt, muss nach dem ersten ein zweites eingef\u00fcgt werden und das abschlie\u00dfende Komma entf\u00e4llt:<\/p>\n\n\n\n<ul class=\"wp-block-list\">\n<li>Ministerium f\u00fcr Wissenschaft, Forschung und Wirtschaft<br><em>Ministerium f\u00fcr Wissenschaft<strong>,,<\/strong> Forschung und Wirtschaft<\/em><\/li>\n<\/ul>\n\n\n\n<h4 class=\"wp-block-heading\">Eingabe mehrerer Autor*innen<\/h4>\n\n\n\n<p>Mehrere Autor*innen eines Werks werden im gleichen Eingabefeld aufgef\u00fchrt. Jede*r Autor*in kommt in eine eigene Zeile:<\/p>\n\n\n\n<figure class=\"wp-block-image size-full\"><img loading=\"lazy\" decoding=\"async\" width=\"321\" height=\"44\" src=\"https:\/\/library.wu.ac.at\/bib\/fit4research\/wp-content\/uploads\/2023\/09\/mehrere-autor-innen-endnote-web.png\" alt=\"Das \u201cAuthor\u201d Feld in EndNote Web. Darin steht \u201eHanappi-Egger, Edeltraud\u201c in der ersten Zeile, und in der n\u00e4chsten \u201eBadelt, Christoph\u201c.\" class=\"wp-image-1103\" srcset=\"https:\/\/library.wu.ac.at\/bib\/fit4research\/wp-content\/uploads\/2023\/09\/mehrere-autor-innen-endnote-web.png 321w, https:\/\/library.wu.ac.at\/bib\/fit4research\/wp-content\/uploads\/2023\/09\/mehrere-autor-innen-endnote-web-300x41.png 300w\" sizes=\"auto, (max-width: 321px) 100vw, 321px\" \/><\/figure>\n\n\n\n<h3 class=\"wp-block-heading\">Gruppen verwalten<\/h3>\n\n\n\n<p>Um deine Referenzen zu sortieren, bietet EndNote Web die M\u00f6glichkeit, Gruppen anzulegen: Unter <em>Organisieren<\/em>\u00bb <em>Eigene Gruppen verwalten<\/em> kannst du die Gruppen anlegen und f\u00fcr andere Benutzer*innen freigeben.<\/p>\n\n\n\n<p>Du kannst Referenzen einer Gruppe zuordnen, indem du unter <em>Meine Referenzen<\/em> bei den jeweiligen Eintr\u00e4gen ein H\u00e4kchen setzt und unter <em>Zu Gruppe hinzuf\u00fcgen\u2026<\/em> den entsprechenden Eintrag ausw\u00e4hlst. Eine Referenz kann dabei mehreren Gruppen zugeordnet werden.<\/p>\n\n\n\n<div class=\"wp-block-group\" style=\"padding-top:3em;padding-right:10rem;padding-bottom:3em;padding-left:10rem\"><div class=\"wp-block-group__inner-container is-layout-constrained wp-container-core-group-is-layout-0682ed28 wp-block-group-is-layout-constrained\">\n<hr class=\"wp-block-separator alignwide has-alpha-channel-opacity is-style-wide\"\/>\n<\/div><\/div>\n\n\n\n<h2 class=\"wp-block-heading\" id=\"stile\">Zitierstile verwalten<\/h2>\n\n\n\n<h3 class=\"wp-block-heading\">WU Zitierstile<\/h3>\n\n\n\n<p>Die <a href=\"https:\/\/library.wu.ac.at\/bib\/fit4research\/index.php\/fit4research-start\/literatur-zitieren-verwalten\/richtiges-zitieren-nach-wu-richtlinien\/\" data-type=\"link\" data-id=\"https:\/\/library.wu.ac.at\/bib\/fit4research\/index.php\/fit4research-start\/literatur-zitieren-verwalten\/richtiges-zitieren-nach-wu-richtlinien\/\">WU Zitierstile<\/a> sind in EndNote Web nicht verf\u00fcgbar. Allen WU Angeh\u00f6rigen steht aber die Desktop-Version <strong>EndNote 20<\/strong> zur Verf\u00fcgung, in der auch die WU Zitierstile ausgew\u00e4hlt werden k\u00f6nnen. Eine Anleitung zu Endnote 20 und den Zitierstilen findest du <a href=\"https:\/\/library.wu.ac.at\/bib\/fit4research\/index.php\/literatur-zitieren-verwalten\/endnote\/\" data-type=\"link\" data-id=\"https:\/\/library.wu.ac.at\/bib\/fit4research\/index.php\/literatur-zitieren-verwalten\/endnote\/\">hier<\/a>.<\/p>\n\n\n\n<h3 class=\"wp-block-heading\">Andere Zitierstile<\/h3>\n\n\n\n<p>F\u00fcr die Erstellung von Bibliografien und f\u00fcr das Arbeiten mit <em>Cite While You Write<\/em> musst du den gew\u00fcnschten Zitierstil ausw\u00e4hlen:<\/p>\n\n\n\n<p>Unter <em>Format<\/em> \u00bb <em>Bibliografie<\/em> klickst du auf <em>Favoriten ausw\u00e4hlen<\/em> und f\u00fcgst dann die gew\u00fcnschten Stile hinzu.<\/p>\n\n\n\n<figure class=\"wp-block-image size-full\"><img loading=\"lazy\" decoding=\"async\" width=\"576\" height=\"54\" src=\"https:\/\/library.wu.ac.at\/bib\/fit4research\/wp-content\/uploads\/2023\/09\/Andere-Zitierstile-Endnote-Web-mit-Rahmen.png\" alt=\"Men\u00fc von EndNote Web, die \u00dcberschrift \u201eFormat\u201c ist ausgew\u00e4hlt, die Unter\u00fcberschriften \u201eBibliografie\u201c, \u201eCite While You Write-Plug-In\u201c, \u201eDokument formatieren\u201c und \u201eReferenzen exportieren\u201c sind sichtbar.\" class=\"wp-image-1105\" srcset=\"https:\/\/library.wu.ac.at\/bib\/fit4research\/wp-content\/uploads\/2023\/09\/Andere-Zitierstile-Endnote-Web-mit-Rahmen.png 576w, https:\/\/library.wu.ac.at\/bib\/fit4research\/wp-content\/uploads\/2023\/09\/Andere-Zitierstile-Endnote-Web-mit-Rahmen-300x28.png 300w\" sizes=\"auto, (max-width: 576px) 100vw, 576px\" \/><\/figure>\n\n\n\n<div class=\"wp-block-group\" style=\"padding-top:3em;padding-right:10rem;padding-bottom:3em;padding-left:10rem\"><div class=\"wp-block-group__inner-container is-layout-constrained wp-container-core-group-is-layout-0682ed28 wp-block-group-is-layout-constrained\">\n<hr class=\"wp-block-separator alignwide has-alpha-channel-opacity is-style-wide\"\/>\n<\/div><\/div>\n\n\n\n<h2 class=\"wp-block-heading\" id=\"bibliografie\">Bibliografie erstellen<\/h2>\n\n\n\n<p>Wenn du nicht mit <a href=\"https:\/\/library.wu.ac.at\/bib\/fit4research\/index.php\/literatur-zitieren-verwalten\/endnote\/#cwyw\" data-type=\"link\" data-id=\"https:\/\/library.wu.ac.at\/bib\/fit4research\/index.php\/literatur-zitieren-verwalten\/endnote\/#cwyw\">Cite While You Write<\/a> arbeitest, kannst du unter <em>Format<\/em> \u00bb <em>Bibliografie<\/em> eine Bibliografie im RTF-Format erstellen und sie in deinem Dokument verwenden:<\/p>\n\n\n\n<ol class=\"wp-block-list\">\n<li>W\u00e4hle die Referenzen, die du in der Bibliografie haben willst (eine Gruppe, eine Merkliste etc.).<\/li>\n\n\n\n<li>W\u00e4hle als Formatvorlage einen Zitierstil.<\/li>\n\n\n\n<li>W\u00e4hle als Dateiformat <em>RTF (rich text file)<\/em>.<\/li>\n\n\n\n<li>Klicke auf <em>Speichern<\/em>.<\/li>\n<\/ol>\n\n\n\n<figure class=\"wp-block-image size-full\"><img loading=\"lazy\" decoding=\"async\" width=\"605\" height=\"91\" src=\"https:\/\/library.wu.ac.at\/bib\/fit4research\/wp-content\/uploads\/2023\/09\/Bibliografie-erstellen-EndNote-Web.png\" alt=\"Das \u201eBibliografie\u201c-Fenster in EndNote Web.\" class=\"wp-image-1106\" srcset=\"https:\/\/library.wu.ac.at\/bib\/fit4research\/wp-content\/uploads\/2023\/09\/Bibliografie-erstellen-EndNote-Web.png 605w, https:\/\/library.wu.ac.at\/bib\/fit4research\/wp-content\/uploads\/2023\/09\/Bibliografie-erstellen-EndNote-Web-300x45.png 300w\" sizes=\"auto, (max-width: 605px) 100vw, 605px\" \/><\/figure>\n\n\n\n<div class=\"wp-block-group\" style=\"padding-top:3em;padding-right:10rem;padding-bottom:3em;padding-left:10rem\"><div class=\"wp-block-group__inner-container is-layout-constrained wp-container-core-group-is-layout-0682ed28 wp-block-group-is-layout-constrained\">\n<hr class=\"wp-block-separator alignwide has-alpha-channel-opacity is-style-wide\"\/>\n<\/div><\/div>\n\n\n\n<h2 class=\"wp-block-heading\" id=\"cwyw\">Cite While You Write<\/h2>\n\n\n\n<p>Cite While You Write (CWYW) ist ein Plugin f\u00fcr MS Word unter Windows und Mac OS X, mit dem du Referenzen aus EndNote Web einf\u00fcgen und formatieren sowie Bibliografien automatisch erstellen kannst.<\/p>\n\n\n\n<h3 class=\"wp-block-heading\">Installieren und einrichten<\/h3>\n\n\n\n<ol class=\"wp-block-list\">\n<li>Lade aus deinem EndNote Web-Konto unter <em>Optionen<\/em> \u00bb <em>Installationsprogramme<\/em> das f\u00fcr dein Betriebssystem passende Programm herunter und installiere es.<\/li>\n\n\n\n<li>\u00d6ffne MS Word und w\u00e4hle im Men\u00fc <em>Endnote<\/em> \u00bb <em>Preferences<\/em>.<\/li>\n\n\n\n<li>Gib unter <em>Application<\/em> deine Zugangsdaten f\u00fcr EndNote Web ein.<\/li>\n<\/ol>\n\n\n\n<h3 class=\"wp-block-heading\">Zitierstil festlegen<\/h3>\n\n\n\n<p>W\u00e4hle unter <em>Style<\/em> den gew\u00fcnschten Zitierstil aus. Es stehen die Stile zur Verf\u00fcgung, die du in EndNote Web zu den Favoriten hinzugef\u00fcgt hast.<\/p>\n\n\n\n<h3 class=\"wp-block-heading\">Zitat einf\u00fcgen<\/h3>\n\n\n\n<ol class=\"wp-block-list\">\n<li>Setze den Cursor an die Stelle im Text, an der du das Zitat einf\u00fcgen m\u00f6chtest.<\/li>\n\n\n\n<li>Klicke in der EndNote-Symbolleiste auf <em>Insert Citations<\/em>.<\/li>\n\n\n\n<li>Gib im Suchfenster den*die Autor*in oder den Titel der Referenz ein. Du kannst hier auch gleich mit dem Erscheinungsjahr einschr\u00e4nken.<\/li>\n\n\n\n<li>W\u00e4hle die gew\u00fcnschte Referenz mit Doppelklick zum Einf\u00fcgen aus. Es wird automatisch gleichzeitig ein Eintrag im Literaturverzeichnis am Ende des Dokuments erstellt.<\/li>\n<\/ol>\n\n\n\n<h3 class=\"wp-block-heading\">Zitat als Fu\u00dfnote einf\u00fcgen<\/h3>\n\n\n\n<ol class=\"wp-block-list\">\n<li>F\u00fcge eine Fu\u00dfnote ein.<\/li>\n\n\n\n<li>Setze den Cursor in die Fu\u00dfnote und fahre wie oben unter 3. und 4. beschrieben fort.<\/li>\n<\/ol>\n\n\n\n<h3 class=\"wp-block-heading\">Zitate bearbeiten und l\u00f6schen<\/h3>\n\n\n\n<p>Um Seitenzahlen oder Pr\u00e4fixe wie <em>vgl.<\/em>,<em> siehe<\/em> etc. einzugeben, klicke mit der rechten Maustaste auf das Zitat und w\u00e4hle <em>Edit Citation(s)<\/em> \u00bb <em>More<\/em>. In dem Bearbeitungsfenster kannst du dann unter <em>Edit Citation<\/em> die Daten eingeben.<\/p>\n\n\n\n<h4 class=\"wp-block-heading\">Referenz l\u00f6schen<\/h4>\n\n\n\n<p>Wenn du eine Referenz aus dem Text l\u00f6schen willst, verwende dazu bitte nicht die L\u00f6schtasten der Tastatur, da die Zitate sonst durcheinandergeraten k\u00f6nnen. Klicke stattdessen mit der rechten Maustaste auf die Referenz und w\u00e4hle <em>Edit Citation(s)<\/em> \u00bb <em>More<\/em>. Im Bearbeitungsfenster w\u00e4hlst du dann bei der zu entfernenden Referenz <em>Edit Reference<\/em> \u00bb <em>Remove Citation<\/em> und best\u00e4tigst mit <em>OK<\/em>.<\/p>\n\n\n\n<h4 class=\"wp-block-heading\">Referenz updaten<\/h4>\n\n\n\n<p><strong>Achtung<\/strong>: Wenn du eine Referenz in EndNote Web bearbeitet hast, werden diese \u00c4nderungen nicht automatisch in bereits bestehenden Zitaten in deinem Word-Dokument \u00fcbernommen. Dazu musst du im Bearbeitungsfenster bei der jeweiligen Referenz <em>Edit Reference<\/em> \u00bb <em>Update from My Library<\/em> w\u00e4hlen und den Vorgang mit <em>Insert <\/em>abschlie\u00dfen.<\/p>\n\n\n\n<figure class=\"wp-block-image size-full\"><img loading=\"lazy\" decoding=\"async\" width=\"605\" height=\"139\" src=\"https:\/\/library.wu.ac.at\/bib\/fit4research\/wp-content\/uploads\/2023\/09\/Referenz-updaten-EndNote-Web.png\" alt=\"Bearbeitungsfenster einer Referenz in EndNote Web. Rechts oben wurde \u201eEdit Reference\u201c angeklickt, wodurch sich ein Men\u00fc \u00f6ffnet, in dem \u201eRemove Citation\u201c, \u201eInsert Citation\u201c und \u201eUpdate from My Library\u201c zur Auswahl steht.\" class=\"wp-image-1107\" srcset=\"https:\/\/library.wu.ac.at\/bib\/fit4research\/wp-content\/uploads\/2023\/09\/Referenz-updaten-EndNote-Web.png 605w, https:\/\/library.wu.ac.at\/bib\/fit4research\/wp-content\/uploads\/2023\/09\/Referenz-updaten-EndNote-Web-300x69.png 300w\" sizes=\"auto, (max-width: 605px) 100vw, 605px\" \/><\/figure>\n\n\n\n<h3 class=\"wp-block-heading\">Sekund\u00e4rzitate einf\u00fcgen<\/h3>\n\n\n\n<p>Prinzipiell solltest du Sekund\u00e4rzitate unbedingt vermeiden und genau nachpr\u00fcfen, ob das Original nicht doch zug\u00e4nglich ist.<\/p>\n\n\n\n<p>EndNote Web bietet keine M\u00f6glichkeit, ein Sekund\u00e4rzitat automatisch zu formatieren. Soll sowohl die Originalquelle, als auch die Sekund\u00e4rquelle im Literaturverzeichnis aufscheinen, ist ein bisschen Trickserei n\u00f6tig:<\/p>\n\n\n\n<ol class=\"wp-block-list\">\n<li>F\u00fcge beide Zitate (original und sekund\u00e4r) mit EndNote Web ein, damit beide dann auch im Literaturverzeichnis erscheinen.<\/li>\n\n\n\n<li>Schreibe daneben die Zitate als normalen Text in der gew\u00fcnschten Form.<\/li>\n\n\n\n<li>Verbirg die EndNote-Zitate, indem du sie markierst und im Schriftformatierungsmen\u00fc (STRG+D oder rechte Maustaste \u00bb <em>Schriftart<\/em>) bei \u00bb<em>Ausgeblendet<\/em>\u00ab ein H\u00e4kchen setzt. Du kannst dann die Zitate beim Bearbeiten weiterhin sehen, sie sind aber im Ausdruck und beim Export in PDF nicht mehr sichtbar.<\/li>\n<\/ol>\n\n\n\n<div class=\"wp-block-group\"><div class=\"wp-block-group__inner-container is-layout-constrained wp-block-group-is-layout-constrained\">\n<div class=\"wp-block-columns is-layout-flex wp-container-core-columns-is-layout-9d6595d7 wp-block-columns-is-layout-flex\">\n<div class=\"wp-block-column is-layout-flow wp-block-column-is-layout-flow\"><\/div>\n\n\n\n<div class=\"wp-block-column is-layout-flow wp-block-column-is-layout-flow\"><\/div>\n<\/div>\n<\/div><\/div>\n","protected":false},"excerpt":{"rendered":"<p>Allgemeines EndNote Web ist eine webbasierte Anwendung, die die wichtigsten Funktionen eines Literaturverwaltungsprogramms bietet. Das Angebot ist unabh\u00e4ngig von der WU Zugeh\u00f6rigkeit gratis. In EndNote Web steht jedoch nur ein eingeschr\u00e4nkter Bestand an Zitierstilen zur Verf\u00fcgung. WU Angeh\u00f6rigen empfehlen wir deshalb, EndNote Web erg\u00e4nzend zum Desktopprogramm EndNote 20 zu verwenden, mit dem es synchronisiert werden&hellip; <a class=\"more-link\" href=\"https:\/\/library.wu.ac.at\/bib\/fit4research\/index.php\/fit4research-start\/literatur-zitieren-verwalten\/programme\/endnote-web\/\">Continue reading <span class=\"screen-reader-text\">EndNote Web<\/span><\/a><\/p>\n","protected":false},"author":6,"featured_media":0,"parent":1560,"menu_order":2,"comment_status":"closed","ping_status":"closed","template":"","meta":{"footnotes":""},"class_list":["post-1088","page","type-page","status-publish","hentry","entry"],"_links":{"self":[{"href":"https:\/\/library.wu.ac.at\/bib\/fit4research\/index.php\/wp-json\/wp\/v2\/pages\/1088","targetHints":{"allow":["GET"]}}],"collection":[{"href":"https:\/\/library.wu.ac.at\/bib\/fit4research\/index.php\/wp-json\/wp\/v2\/pages"}],"about":[{"href":"https:\/\/library.wu.ac.at\/bib\/fit4research\/index.php\/wp-json\/wp\/v2\/types\/page"}],"author":[{"embeddable":true,"href":"https:\/\/library.wu.ac.at\/bib\/fit4research\/index.php\/wp-json\/wp\/v2\/users\/6"}],"replies":[{"embeddable":true,"href":"https:\/\/library.wu.ac.at\/bib\/fit4research\/index.php\/wp-json\/wp\/v2\/comments?post=1088"}],"version-history":[{"count":10,"href":"https:\/\/library.wu.ac.at\/bib\/fit4research\/index.php\/wp-json\/wp\/v2\/pages\/1088\/revisions"}],"predecessor-version":[{"id":3597,"href":"https:\/\/library.wu.ac.at\/bib\/fit4research\/index.php\/wp-json\/wp\/v2\/pages\/1088\/revisions\/3597"}],"up":[{"embeddable":true,"href":"https:\/\/library.wu.ac.at\/bib\/fit4research\/index.php\/wp-json\/wp\/v2\/pages\/1560"}],"wp:attachment":[{"href":"https:\/\/library.wu.ac.at\/bib\/fit4research\/index.php\/wp-json\/wp\/v2\/media?parent=1088"}],"curies":[{"name":"wp","href":"https:\/\/api.w.org\/{rel}","templated":true}]}}