{"id":108,"date":"2023-07-19T16:00:00","date_gmt":"2023-07-19T14:00:00","guid":{"rendered":"https:\/\/library.wu.ac.at\/bib\/fit4research\/?page_id=108"},"modified":"2025-01-29T14:44:24","modified_gmt":"2025-01-29T13:44:24","slug":"endnote","status":"publish","type":"page","link":"https:\/\/library.wu.ac.at\/bib\/fit4research\/index.php\/fit4research-start\/literatur-zitieren-verwalten\/programme\/endnote\/","title":{"rendered":"EndNote"},"content":{"rendered":"\n<ul class=\"wp-block-list\">\n<li><a href=\"#allgemeines\" data-type=\"internal\" data-id=\"#allgemeines\">Allgemeines<\/a><\/li>\n\n\n\n<li><a href=\"#kurse\" data-type=\"internal\" data-id=\"#kurse\">Kurse &amp; Anleitungen<\/a><\/li>\n\n\n\n<li><a href=\"#referenzen\" data-type=\"internal\" data-id=\"#referenzen\">Referenzen verwalten<\/a><\/li>\n\n\n\n<li><a href=\"#stile\">Zitierstile verwalten<\/a><\/li>\n\n\n\n<li><a href=\"#cwyw\" data-type=\"internal\" data-id=\"#cwyw\">Cite While You Write<\/a><\/li>\n<\/ul>\n\n\n\n<div class=\"wp-block-group\" style=\"padding-top:3em;padding-right:10rem;padding-bottom:3em;padding-left:10rem\"><div class=\"wp-block-group__inner-container is-layout-constrained wp-container-core-group-is-layout-0682ed28 wp-block-group-is-layout-constrained\">\n<hr class=\"wp-block-separator alignwide has-alpha-channel-opacity is-style-wide\"\/>\n<\/div><\/div>\n\n\n\n<h2 class=\"wp-block-heading\" id=\"allgemeines\">Allgemeines<\/h2>\n\n\n\n<p>Die Literaturverwaltungssoftware EndNote steht allen WU Angeh\u00f6rigen \u00fcber die Lizenz der Universit\u00e4tsbibliothek kostenlos zur Verf\u00fcgung.<\/p>\n\n\n\n<p class=\"has-blue-background-color has-background\"><strong>Hinweis<\/strong>: Informationen zur webbasierten Anwendung EndNote Web findest du auf einer eigenen Seite: <a href=\"https:\/\/library.wu.ac.at\/bib\/fit4research\/index.php\/fit4research-start\/literatur-zitieren-verwalten\/programme\/endnote-web\/\" data-type=\"link\" data-id=\"https:\/\/library.wu.ac.at\/bib\/fit4research\/index.php\/fit4research-start\/literatur-zitieren-verwalten\/programme\/endnote-web\/\">EndNote Web<\/a>.<\/p>\n\n\n\n<h3 class=\"wp-block-heading\">Installation<\/h3>\n\n\n\n<h4 class=\"wp-block-heading\">Privat-PC<\/h4>\n\n\n\n<p>WU Studierende und Mitarbeiter*innen finden im <a rel=\"noreferrer noopener\" href=\"https:\/\/controlpanel.wu.ac.at\/de\/software\" target=\"_blank\">Control Panel<\/a> einen Link zum Softwaredownload, unter dem das Programm heruntergeladen werden kann. Au\u00dferdem erh\u00e4ltst du dort nach Zustimmung zu den Lizenzbedingungen eine Datei mit Lizenzschl\u00fcssel (\u201eProduct Key\u201c). Installiere das heruntergeladene Programm und kopiere den Lizenzschl\u00fcssel in das entsprechende Feld, wenn du dazu aufgefordert wirst.<\/p>\n\n\n\n<h4 class=\"wp-block-heading\">Arbeitsplatzrechner<\/h4>\n\n\n\n<p>Auf den Arbeitsplatzrechnern in der Bibliothek werden EndNote X9 und EndNote 20 \u00fcber das Software Center zur einfachen Installation zur Verf\u00fcgung gestellt. Es kann nur eine der beiden Versionen installiert werden. Eine eventuell bereits vorhandene Installation wird durch eine neu ausgew\u00e4hlte ersetzt.<\/p>\n\n\n\n<div class=\"wp-block-group\" style=\"padding-top:3em;padding-right:10rem;padding-bottom:3em;padding-left:10rem\"><div class=\"wp-block-group__inner-container is-layout-constrained wp-container-core-group-is-layout-0682ed28 wp-block-group-is-layout-constrained\">\n<hr class=\"wp-block-separator alignwide has-alpha-channel-opacity is-style-wide\"\/>\n<\/div><\/div>\n\n\n\n<h2 class=\"wp-block-heading\" id=\"kurse\">Kurse &amp; Anleitungen<\/h2>\n\n\n\n<h3 class=\"wp-block-heading\">Kursprogramm der WU Bibliothek<\/h3>\n\n\n\n<p>Die WU Bibliothek bietet in regelm\u00e4\u00dfigen Abst\u00e4nden Einf\u00fchrungskurse f\u00fcr EndNote und andere <a href=\"https:\/\/library.wu.ac.at\/bib\/fit4research\/index.php\/fit4research-start\/literatur-zitieren-verwalten\/programme\/\" data-type=\"link\" data-id=\"https:\/\/library.wu.ac.at\/bib\/fit4research\/index.php\/fit4research-start\/literatur-zitieren-verwalten\/programme\/\">Literaturverwaltungsprogramme<\/a> an. Die aktuellen Termine findest du <a rel=\"noreferrer noopener\" href=\"https:\/\/www.wu.ac.at\/bibliothek\/beratung\/kurse\/\" data-type=\"link\" data-id=\"https:\/\/www.wu.ac.at\/bibliothek\/beratung\/kurse\/\" target=\"_blank\">auf der Webseite<\/a>.<\/p>\n\n\n\n<h3 class=\"wp-block-heading\">recherchier_bar<\/h3>\n\n\n\n<p>Dar\u00fcber hinaus kannst du jeden Dienstag ohne Anmeldung die <a rel=\"noreferrer noopener\" href=\"https:\/\/www.wu.ac.at\/bibliothek\/beratung\/recherchier-bar\/\" target=\"_blank\">recherchier_bar<\/a> besuchen, die dich zu allen Fragen rund um Literaturverwaltung ber\u00e4t.<\/p>\n\n\n\n<h3 class=\"wp-block-heading\">Anleitungen<\/h3>\n\n\n\n<p>Einen \u00dcberblick \u00fcber die wichtigsten Funktionen und WU-spezifischen Einstellungen haben wir hier f\u00fcr dich zusammengefasst.<\/p>\n\n\n\n<div class=\"wp-block-group\" style=\"padding-top:3em;padding-right:10rem;padding-bottom:3em;padding-left:10rem\"><div class=\"wp-block-group__inner-container is-layout-constrained wp-container-core-group-is-layout-0682ed28 wp-block-group-is-layout-constrained\">\n<hr class=\"wp-block-separator alignwide has-alpha-channel-opacity is-style-wide\"\/>\n<\/div><\/div>\n\n\n\n<h2 class=\"wp-block-heading\" id=\"referenzen\">Referenzen verwalten<\/h2>\n\n\n\n<h3 class=\"wp-block-heading\">Referenzen manuell erstellen<\/h3>\n\n\n\n<p>W\u00e4hle <em>References \u00bb New Reference<\/em> aus oder klicke auf das Plus-Icon <img loading=\"lazy\" decoding=\"async\" width=\"41\" height=\"47\" class=\"wp-image-1091\" style=\"width: 41px;\" src=\"https:\/\/library.wu.ac.at\/bib\/fit4research\/wp-content\/uploads\/2023\/09\/neue-Referenz.png\" alt=\"\"> oberhalb der Literatureintr\u00e4ge.<\/p>\n\n\n\n<p>Nimm den passenden Dokumenttyp: Dieser bestimmt, welche Felder zur Verf\u00fcgung stehen und wie das Zitat und der Bibliografieeintrag formatiert werden.<\/p>\n\n\n\n<p>Bef\u00fclle die bibliografischen Felder. Beachte dabei die Formvorschriften f\u00fcr die Eingabe von Namen! Datumsangaben m\u00fcssen so eingegeben werden, wie sie im Literaturverzeichnis aufscheinen sollen. Zeilenumbr\u00fcche trennen einzelne Eintr\u00e4ge in Namensfeldern, sowie in den Feldern <em>URL<\/em> und <em>Keywords<\/em>. In allen anderen F\u00e4llen werden Zeilenumbr\u00fcche wie im Eingabefeld gespeichert in das Literaturverzeichnis \u00fcbernommen!<\/p>\n\n\n\n<h4 class=\"wp-block-heading\">Eingabe von Namen<\/h4>\n\n\n\n<p>Namen (in Feldern wie <em>Author<\/em>, <em>Editor<\/em>, <em>Series Editor<\/em>, \u2026) sollten nach dem Schema <em>Nachname(n), Vorname(n)<\/em> eingegeben werden, damit sie je nach Kontext richtig formatiert werden k\u00f6nnen. Teile vor dem Komma werden als Nachnamen, Teile danach als Vornamen sortiert. Adelspr\u00e4dikate wie <em>von<\/em>, <em>van<\/em> oder <em>de<\/em> werden mit den Vornamen angegeben:<\/p>\n\n\n\n<ul class=\"wp-block-list\">\n<li>Judith Butler<br><em>Butler<strong>,<\/strong> Judith<\/em><\/li>\n\n\n\n<li>Johann Matthias von der Schulenburg<br><em>Schulenburg<strong>,<\/strong> Johann Matthias von der<\/em><\/li>\n<\/ul>\n\n\n\n<p>Namenszus\u00e4tze, die immer am Schluss stehen sollen, m\u00fcssen nach einem zweiten Komma stehen:<\/p>\n\n\n\n<ul class=\"wp-block-list\">\n<li>George Bush Sr.<br><em>Bush<strong>,<\/strong> George, Sr.<\/em><\/li>\n<\/ul>\n\n\n\n<p>Namen von Organisationen, Firmen etc. m\u00fcssen mit einem Komma am Schluss eingegeben werden:<\/p>\n\n\n\n<ul class=\"wp-block-list\">\n<li>International Monetary Fund<br><em>International Monetary Fund<strong>,<\/strong><\/em><\/li>\n<\/ul>\n\n\n\n<p>Wenn ein Firmenname ein oder mehrere Kommata enth\u00e4lt, muss nach dem ersten ein zweites eingef\u00fcgt werden und das abschlie\u00dfende Komma entf\u00e4llt:<\/p>\n\n\n\n<ul class=\"wp-block-list\">\n<li>Ministerium f\u00fcr Bildung, Wissenschaft und Forschung<br><em>Ministerium f\u00fcr Bildung<strong>,,<\/strong> Wissenschaft und Forschung<\/em><\/li>\n<\/ul>\n\n\n\n<h4 class=\"wp-block-heading\">Eingabe mehrerer Autor*innen<\/h4>\n\n\n\n<p>Mehrere Autor*innen eines Werks werden im gleichen Eingabefeld aufgef\u00fchrt. Jede*r Autor*in kommt in eine eigene Zeile:<\/p>\n\n\n\n<figure class=\"wp-block-image size-full\"><img loading=\"lazy\" decoding=\"async\" width=\"205\" height=\"57\" src=\"https:\/\/library.wu.ac.at\/bib\/fit4research\/wp-content\/uploads\/2023\/09\/mehrere-Autor-innen.png\" alt=\"Das \u201cAuthor\u201d Feld in EndNote. Darin steht \u201eAllen, Glover\u201c in der ersten Zeile, und in der n\u00e4chsten \u201eMiller, Peter\u201c.\" class=\"wp-image-1092\"\/><\/figure>\n\n\n\n<h3 class=\"wp-block-heading\">Referenzen importieren<\/h3>\n\n\n\n<h4 class=\"wp-block-heading\">Import im RIS-Format<\/h4>\n\n\n\n<p>Das Dateiformat <em>.ris<\/em> ist ein Austauschformat f\u00fcr Literaturverwaltungsprogramme. Beinahe alle Datenbanken und Bibliothekskataloge bieten einen Export in diesem Format an. EndNote kann diese Dateien beim Download direkt \u00f6ffnen. Alternativ kannst du den Import von EndNote aus durchf\u00fchren:<\/p>\n\n\n\n<div class=\"wp-block-media-text has-media-on-the-right is-stacked-on-mobile\"><div class=\"wp-block-media-text__content\">\n<ul class=\"wp-block-list\">\n<li>Klicke auf <em>File \u00bb Import \u00bb File\u2026<\/em><\/li>\n\n\n\n<li>Suche die Datei auf deinem Ger\u00e4t mit Klick auf <em>Choose \u2026<\/em><\/li>\n\n\n\n<li>W\u00e4hle als Importoption <em>Reference Manager (RIS)<\/em> und klicke auf <em>Import<\/em>.<\/li>\n<\/ul>\n<\/div><figure class=\"wp-block-media-text__media\"><img loading=\"lazy\" decoding=\"async\" width=\"432\" height=\"230\" src=\"https:\/\/library.wu.ac.at\/bib\/fit4research\/wp-content\/uploads\/2023\/09\/import-RIS-file.png\" alt=\"Das \u201eImport file\u201c Fenster in EndNote. Im Feld \u201eImport File\u201c befindet sich ein Dokumenttitel, der mit Klick auf den Button \u201eChoose\u2026\u201c rechts neben dem Feld ausgew\u00e4hlt wurde. Darunter befindet sich die Drop-Down Liste \u201eImport Option\u201c, hier wurde die Option \u201eReference Manager (RIS)\u201c gew\u00e4hlt. Unten im Fenster kann mit Klick auf \u201eImport\u201c best\u00e4tigt werden.\" class=\"wp-image-1093 size-full\" srcset=\"https:\/\/library.wu.ac.at\/bib\/fit4research\/wp-content\/uploads\/2023\/09\/import-RIS-file.png 432w, https:\/\/library.wu.ac.at\/bib\/fit4research\/wp-content\/uploads\/2023\/09\/import-RIS-file-300x160.png 300w\" sizes=\"auto, (max-width: 432px) 100vw, 432px\" \/><\/figure><\/div>\n\n\n\n<h4 class=\"wp-block-heading\">Direkter Export nach EndNote Web<\/h4>\n\n\n\n<p>Einige Datenbanken bieten einen direkten Export von Referenzen nach EndNote Web an (z.B. EBSCO). Wenn du deine EndNote-Datenbank mit EndNote Web synchronisierst, kannst du diese Option nutzen.<\/p>\n\n\n\n<p>Genauere Informationen zu EndNote Web findest du <a href=\"https:\/\/library.wu.ac.at\/bib\/fit4research\/index.php\/endnote-web\/\">hier<\/a>.<\/p>\n\n\n\n<h4 class=\"wp-block-heading\">Recherche in EndNote<\/h4>\n\n\n\n<p>EndNote selbst bietet die M\u00f6glichkeit, Datenbanken und Bibliothekskataloge direkt abzufragen. Aus technischen Gr\u00fcnden macht das aber oft nur dann Sinn, wenn du bereits wei\u00dft, was du suchst: Du hast z.B. bereits ein Dokument vorliegen und m\u00f6chtest dazu die Daten \u00fcbernehmen. W\u00e4hle dazu in der linken Spalte eine passende Ressource unter <em>Online Search<\/em>. Das Suchformular oberhalb der Literaturliste zeigt nun die f\u00fcr die Ressource konfigurierten Suchfelder. Gib die Suchbegriffe so genau wie m\u00f6glich ein, sonst erh\u00e4ltst du m\u00f6glicherweise viel zu viele Treffer.<\/p>\n\n\n\n<h5 class=\"wp-block-heading\">Datenbanken oder Bibliothekskataloge f\u00fcr <em>Online Search<\/em> hinzuf\u00fcgen<\/h5>\n\n\n\n<p>Klicke unter <em>Online Search<\/em> auf <em>more\u2026<\/em> und w\u00e4hle aus der Liste die gew\u00fcnschte Ressource aus. Datenbanken oder Bibliothekskataloge, die nicht von EndNote mitgeliefert wurden, kannst du gegebenenfalls mit einem <em>Connection File<\/em> nachr\u00fcsten. Lege dazu die Datei in den daf\u00fcr vorgesehenen Ordner (standardm\u00e4\u00dfig <em>Dokumente\/EndNote\/Connections<\/em> \u2013 den tats\u00e4chlichen Pfad kannst du unter <em>Edit \u00bb Preferences \u00bb Folder Locations<\/em> nachsehen bzw. konfigurieren). Die Ressource steht sofort zur Verf\u00fcgung und kann wie oben beschrieben ausgew\u00e4hlt werden.<\/p>\n\n\n\n<h5 class=\"wp-block-heading\">Geeignete Ressourcen f\u00fcr die Online-Suche nach Beitr\u00e4gen:<\/h5>\n\n\n\n<ul class=\"wp-block-list\">\n<li>Bus Source Prem (EBSCO Business Source Premier): Verbindung zum <a href=\"https:\/\/www.wu.ac.at\/it\/services\/network\/vpn\/\" target=\"_blank\" rel=\"noreferrer noopener\">VPN der WU<\/a> ist notwendig.<\/li>\n<\/ul>\n\n\n\n<h5 class=\"wp-block-heading\">Geeignete Ressourcen f\u00fcr die Online-Suche nach B\u00fcchern (insbesondere ISBN-Suche):<\/h5>\n\n\n\n<ul class=\"wp-block-list\">\n<li><a href=\"https:\/\/library.wu.ac.at\/bib\/fit4research\/index.php\/fit4research-start\/wu-katalog-google-scholar-co-deine-tools-fuer-die-suche\/wu-katalog\/\" data-type=\"link\" data-id=\"https:\/\/library.wu.ac.at\/bib\/fit4research\/index.php\/fit4research-start\/wu-katalog-google-scholar-co-deine-tools-fuer-die-suche\/wu-katalog\/\">WU Katalog<\/a>: Lade das Connection file <a href=\"https:\/\/library.wu.ac.at\/litverw\/endnote\/connections\/WU%20Vienna.enz\">hier<\/a> herunter.<\/li>\n\n\n\n<li><a href=\"https:\/\/search.obvsg.at\/primo-explore\/search?vid=OBV\" data-type=\"link\" data-id=\"https:\/\/search.obvsg.at\/primo-explore\/search?vid=OBV\" target=\"_blank\" rel=\"noreferrer noopener\">\u00d6sterreichischer Verbundkatalog<\/a>: Lade das Connection file <a href=\"https:\/\/library.wu.ac.at\/litverw\/endnote\/connections\/OBV.enz\">hier<\/a> herunter.<\/li>\n\n\n\n<li><a href=\"https:\/\/opac.k10plus.de\/\" data-type=\"link\" data-id=\"https:\/\/opac.k10plus.de\/\" target=\"_blank\" rel=\"noreferrer noopener\">K10Plus Verbundkatalog<\/a> (gr\u00f6\u00dfter deutscher Verbundkatalog): Lade das Connection file <a href=\"https:\/\/library.wu.ac.at\/litverw\/endnote\/connections\/K10Plus.enz\">hier<\/a> herunter.<\/li>\n\n\n\n<li><a href=\"https:\/\/catalog.loc.gov\/\" data-type=\"link\" data-id=\"https:\/\/catalog.loc.gov\/\" target=\"_blank\" rel=\"noreferrer noopener\">Library of Congress<\/a> (in EndNote integriert)<\/li>\n<\/ul>\n\n\n\n<h3 class=\"wp-block-heading\">Gruppen verwalten<\/h3>\n\n\n\n<p>Um deine Referenzen zu sortieren, bietet EndNote die M\u00f6glichkeit, Gruppen anzulegen: Unter <em>Groups \u00bb Create Group<\/em> kannst du die Gruppen anlegen.<\/p>\n\n\n\n<div class=\"wp-block-group\" style=\"padding-top:3em;padding-right:10rem;padding-bottom:3em;padding-left:10rem\"><div class=\"wp-block-group__inner-container is-layout-constrained wp-container-core-group-is-layout-0682ed28 wp-block-group-is-layout-constrained\">\n<hr class=\"wp-block-separator alignwide has-alpha-channel-opacity is-style-wide\"\/>\n<\/div><\/div>\n\n\n\n<h2 class=\"wp-block-heading\" id=\"stile\">Zitierstile verwalten<\/h2>\n\n\n\n<div class=\"wp-block-media-text has-media-on-the-right is-stacked-on-mobile\" style=\"grid-template-columns:auto 35%\"><div class=\"wp-block-media-text__content\">\n<p>Zitierstile geben vor, wie Zitate im Text und die Bibliografie formatiert werden sollen. EndNote liefert von Haus aus eine gro\u00dfe Zahl an Stilen mit, die im Men\u00fc unter <em>Tools \u00bb Output Styles \u00bb Open Style Manager<\/em> verwaltet werden k\u00f6nnen. Um einen vorhandenen Stil zur Verwendung in EndNote und in <em>Cite While Your Write<\/em> f\u00fcr Word zu aktivieren, markiere diesen einfach mit einem H\u00e4kchen.<\/p>\n<\/div><figure class=\"wp-block-media-text__media\"><img loading=\"lazy\" decoding=\"async\" width=\"478\" height=\"558\" src=\"https:\/\/library.wu.ac.at\/bib\/fit4research\/wp-content\/uploads\/2023\/09\/Zitierstile-verwalten.png\" alt=\"Der EndNote Style Manager. Darin befindet sich eine alphabetische Liste an verf\u00fcgbaren Zitierstilen, die mit Klick auf die Box neben dem Stil aktiviert werden k\u00f6nnen.\" class=\"wp-image-1096 size-full\" srcset=\"https:\/\/library.wu.ac.at\/bib\/fit4research\/wp-content\/uploads\/2023\/09\/Zitierstile-verwalten.png 478w, https:\/\/library.wu.ac.at\/bib\/fit4research\/wp-content\/uploads\/2023\/09\/Zitierstile-verwalten-257x300.png 257w\" sizes=\"auto, (max-width: 478px) 100vw, 478px\" \/><\/figure><\/div>\n\n\n\n<p>Sollte der gesuchte Stil nicht vorhanden sein, kannst du mit einem Klick auf <em>Get More on the Web\u2026<\/em> auf der EndNote-Seite danach suchen. Zitierstile von WU Instituten, Departments und Studieng\u00e4ngen findest du <a href=\"https:\/\/library.wu.ac.at\/bib\/fit4research\/index.php\/literatur-zitieren-verwalten\/richtiges-zitieren-nach-wu-richtlinien\/\" data-type=\"link\" data-id=\"https:\/\/library.wu.ac.at\/bib\/fit4research\/index.php\/literatur-zitieren-verwalten\/richtiges-zitieren-nach-wu-richtlinien\/\">hier<\/a>. Speichere die heruntergeladene Datei dann im Zitierstilordner (standardm\u00e4\u00dfig <em>Dokumente\/EndNote\/Styles<\/em> \u2013 den tats\u00e4chlichen Pfad kannst du unter <em>Edit \u00bb Preferences \u00bb Folder Locations<\/em> nachsehen bzw. konfigurieren). Der Stil steht sofort zur Verf\u00fcgung und kann wie oben beschrieben aktiviert werden.<\/p>\n\n\n\n<p>Sollte der gew\u00fcnschte Zitierstil nirgends verf\u00fcgbar sein, wende dich bitte an die Bibliothek unter <a href=\"mailto:bibliothek@wu.ac.at\" target=\"_blank\" rel=\"noreferrer noopener\">bibliothek@wu.ac.at<\/a>.<\/p>\n\n\n\n<div class=\"wp-block-group\" style=\"padding-top:3em;padding-right:10rem;padding-bottom:3em;padding-left:10rem\"><div class=\"wp-block-group__inner-container is-layout-constrained wp-container-core-group-is-layout-0682ed28 wp-block-group-is-layout-constrained\">\n<hr class=\"wp-block-separator alignwide has-alpha-channel-opacity is-style-wide\"\/>\n<\/div><\/div>\n\n\n\n<h2 class=\"wp-block-heading\" id=\"cwyw\">Cite While You Write<\/h2>\n\n\n\n<p>Cite While You Write (CWYW) ist ein Plugin f\u00fcr MS Word unter Windows und Mac OS, sowie f\u00fcr Writer unter Mac OS, mit dem du Referenzen aus EndNote einf\u00fcgen und formatieren und Bibliografien automatisch erstellen kannst.<\/p>\n\n\n\n<h3 class=\"wp-block-heading\">Installieren und Einrichten<\/h3>\n\n\n\n<p>Bei der Installation von EndNote wird das CWYW-Plugin automatisch mitinstalliert.<\/p>\n\n\n\n<h3 class=\"wp-block-heading\">Zitierstil festlegen<\/h3>\n\n\n\n<p>W\u00e4hle unter <em>Style<\/em> den gew\u00fcnschten Zitierstil aus. Es stehen die Stile zur Verf\u00fcgung, die du in EndNote aktiviert hast.<\/p>\n\n\n\n<h3 class=\"wp-block-heading\">Zitat einf\u00fcgen<\/h3>\n\n\n\n<ol class=\"wp-block-list\">\n<li>Setze den Cursor an die Stelle im Text, an der du das Zitat einf\u00fcgen m\u00f6chtest.<\/li>\n\n\n\n<li>Klicke in der EndNote-Symbolleiste auf <em>Insert Citations.<\/em><\/li>\n\n\n\n<li>Gib im Suchfenster den*die Autor*in oder den Titel der Referenz ein. Du kannst hier auch gleich mit dem Erscheinungsjahr einschr\u00e4nken.<\/li>\n\n\n\n<li>W\u00e4hle die gew\u00fcnschte Referenz mit Doppelklick zum <em>Einf\u00fcgen<\/em> aus. Es wird automatisch gleichzeitig ein Eintrag im Literaturverzeichnis am Ende des Dokuments erstellt.<\/li>\n<\/ol>\n\n\n\n<h3 class=\"wp-block-heading\">Zitat als Fu\u00dfnote einf\u00fcgen<\/h3>\n\n\n\n<p>F\u00fcge eine Fu\u00dfnote ein. Setze den Cursor in die Fu\u00dfnote und fahre wie oben unter 3. und 4. beschrieben fort.<\/p>\n\n\n\n<h3 class=\"wp-block-heading\">Zitate bearbeiten und l\u00f6schen<\/h3>\n\n\n\n<p>Um Seitenzahlen oder Pr\u00e4fixe wie <em>vgl<\/em>., <em>siehe<\/em> etc. einzugeben, klicke mit der rechten Maustaste auf das Zitat und w\u00e4hle <em>Edit Citation(s)<\/em> \u00bb <em>More<\/em>. In dem Bearbeitungsfenster kannst du unter <em>Edit Citation<\/em> die Daten eingeben.<\/p>\n\n\n\n<h4 class=\"wp-block-heading\">Referenz l\u00f6schen<\/h4>\n\n\n\n<p>Wenn du eine Referenz aus dem Text l\u00f6schen willst, verwende dazu bitte nicht die L\u00f6schtasten der Tastatur, da die Zitate sonst durcheinandergeraten k\u00f6nnen. Klicke stattdessen mit der rechten Maustaste auf die Referenz und w\u00e4hle <em>Edit Citation(s)<\/em> \u00bb <em>More<\/em>. Im Bearbeitungsfenster w\u00e4hlst du dann bei der zu entfernenden Referenz <em>Edit Reference<\/em> \u00bb <em>Remove Citation<\/em> und best\u00e4tigst mit <em>OK<\/em>.<\/p>\n\n\n\n<h4 class=\"wp-block-heading\">Referenz updaten<\/h4>\n\n\n\n<p>Achtung: Wenn du eine Referenz in EndNote bearbeitet hast, werden diese \u00c4nderungen nicht automatisch in bereits bestehenden Zitaten in deinem Word-Dokument \u00fcbernommen. Dazu musst du im Bearbeitungsfenster bei der jeweiligen Referenz <em>Edit Reference<\/em> \u00bb <em>Update from My Library<\/em> w\u00e4hlen und den Vorgang mit <em>Insert<\/em> abschlie\u00dfen.<\/p>\n\n\n\n<h3 class=\"wp-block-heading\">Sekund\u00e4rzitate einf\u00fcgen<\/h3>\n\n\n\n<p>Prinzipiell solltest du Sekund\u00e4rzitate unbedingt vermeiden und genau nachpr\u00fcfen, ob das Original nicht doch zug\u00e4nglich ist.<\/p>\n\n\n\n<p>EndNote bietet keine M\u00f6glichkeit, ein Sekund\u00e4rzitat automatisch zu formatieren. Folgende M\u00f6glichkeiten gibt es:<\/p>\n\n\n\n<ul class=\"wp-block-list\">\n<li>Soll nur die Sekund\u00e4rquelle im Literaturverzeichnis aufscheinen, f\u00fcge die Angaben zur Originalquelle als normalen Text ein und die Sekund\u00e4rquelle als EndNote-Referenz, entsprechend den Vorgaben.<\/li>\n\n\n\n<li>Soll sowohl die Originalquelle, als auch die Sekund\u00e4rquelle im Literaturverzeichnis aufscheinen, ist ein bisschen Trickserei n\u00f6tig:<\/li>\n<\/ul>\n\n\n\n<ol class=\"wp-block-list\">\n<li>F\u00fcge beide Zitate (original und sekund\u00e4r) mit EndNote ein, damit beide im Literaturverzeichnis erscheinen.<\/li>\n\n\n\n<li>Schreibe daneben die Zitate als normalen Text in der gew\u00fcnschten Form.<\/li>\n\n\n\n<li>Verbirg die EndNote-Zitate, indem du sie markierst und im Schriftformatierungsmen\u00fc (STRG+D oder rechte Maustaste \u00bb <em>Schriftart<\/em>) bei \u00bb<em>Ausgeblendet<\/em>\u00ab ein H\u00e4kchen setzt. Du kannst dann die Zitate beim Bearbeiten weiterhin sehen, sie sind aber im Ausdruck und beim Export in PDF nicht mehr sichtbar.<\/li>\n<\/ol>\n\n\n\n<div class=\"wp-block-columns is-layout-flex wp-container-core-columns-is-layout-9d6595d7 wp-block-columns-is-layout-flex\">\n<div class=\"wp-block-column is-layout-flow wp-block-column-is-layout-flow\"><\/div>\n\n\n\n<div class=\"wp-block-column is-layout-flow wp-block-column-is-layout-flow\"><\/div>\n<\/div>\n","protected":false},"excerpt":{"rendered":"<p>Allgemeines Die Literaturverwaltungssoftware EndNote steht allen WU Angeh\u00f6rigen \u00fcber die Lizenz der Universit\u00e4tsbibliothek kostenlos zur Verf\u00fcgung. Hinweis: Informationen zur webbasierten Anwendung EndNote Web findest du auf einer eigenen Seite: EndNote Web. Installation Privat-PC WU Studierende und Mitarbeiter*innen finden im Control Panel einen Link zum Softwaredownload, unter dem das Programm heruntergeladen werden kann. Au\u00dferdem erh\u00e4ltst du&hellip; <a class=\"more-link\" href=\"https:\/\/library.wu.ac.at\/bib\/fit4research\/index.php\/fit4research-start\/literatur-zitieren-verwalten\/programme\/endnote\/\">Continue reading <span class=\"screen-reader-text\">EndNote<\/span><\/a><\/p>\n","protected":false},"author":2,"featured_media":0,"parent":1560,"menu_order":1,"comment_status":"closed","ping_status":"closed","template":"","meta":{"footnotes":""},"class_list":["post-108","page","type-page","status-publish","hentry","entry"],"_links":{"self":[{"href":"https:\/\/library.wu.ac.at\/bib\/fit4research\/index.php\/wp-json\/wp\/v2\/pages\/108","targetHints":{"allow":["GET"]}}],"collection":[{"href":"https:\/\/library.wu.ac.at\/bib\/fit4research\/index.php\/wp-json\/wp\/v2\/pages"}],"about":[{"href":"https:\/\/library.wu.ac.at\/bib\/fit4research\/index.php\/wp-json\/wp\/v2\/types\/page"}],"author":[{"embeddable":true,"href":"https:\/\/library.wu.ac.at\/bib\/fit4research\/index.php\/wp-json\/wp\/v2\/users\/2"}],"replies":[{"embeddable":true,"href":"https:\/\/library.wu.ac.at\/bib\/fit4research\/index.php\/wp-json\/wp\/v2\/comments?post=108"}],"version-history":[{"count":16,"href":"https:\/\/library.wu.ac.at\/bib\/fit4research\/index.php\/wp-json\/wp\/v2\/pages\/108\/revisions"}],"predecessor-version":[{"id":5103,"href":"https:\/\/library.wu.ac.at\/bib\/fit4research\/index.php\/wp-json\/wp\/v2\/pages\/108\/revisions\/5103"}],"up":[{"embeddable":true,"href":"https:\/\/library.wu.ac.at\/bib\/fit4research\/index.php\/wp-json\/wp\/v2\/pages\/1560"}],"wp:attachment":[{"href":"https:\/\/library.wu.ac.at\/bib\/fit4research\/index.php\/wp-json\/wp\/v2\/media?parent=108"}],"curies":[{"name":"wp","href":"https:\/\/api.w.org\/{rel}","templated":true}]}}