{"id":104,"date":"2023-07-19T11:00:00","date_gmt":"2023-07-19T09:00:00","guid":{"rendered":"https:\/\/library.wu.ac.at\/bib\/fit4research\/?page_id=104"},"modified":"2023-11-21T15:22:56","modified_gmt":"2023-11-21T14:22:56","slug":"richtiges-zitieren-nach-wu-richtlinien","status":"publish","type":"page","link":"https:\/\/library.wu.ac.at\/bib\/fit4research\/index.php\/fit4research-start\/literatur-zitieren-verwalten\/richtiges-zitieren-nach-wu-richtlinien\/","title":{"rendered":"WU Zitierstile"},"content":{"rendered":"\n<p>Damit die Literaturnachweise und das Literaturverzeichnis in deiner Arbeit einheitlich formatiert sind, brauchst du einen Zitierstil. Der Stil sagt, wie die Literaturangaben aussehen sollen. Beispielsweise ob der Titel Kursiv geh\u00f6rt, das Datum in Klammer oder die Autor*innen abgek\u00fcrzte Vornamen haben sollen, &#8230;<br>Literaturverwaltungsprogramme bringen von Haus aus eine Vielzahl an Stilen mit. Sollte der ben\u00f6tigte Stil dennoch fehlen, erstellt die WU Bibliothek auf Anfrage Zitierstile.<\/p>\n\n\n\n<p>Beachte bei der Verwendung der Stile bitte institutsspezifische Angaben und halte R\u00fccksprache mit deinem*deiner Betreuer*in. Viele Institute verwenden keine eigenen Stile sondern einen der &#8222;Gro\u00dfen&#8220; wie <a rel=\"noreferrer noopener\" href=\"https:\/\/apastyle.apa.org\/\" data-type=\"link\" data-id=\"https:\/\/apastyle.apa.org\/\" target=\"_blank\">APA<\/a> oder <a href=\"https:\/\/www.chicagomanualofstyle.org\/home.html\" data-type=\"link\" data-id=\"https:\/\/www.chicagomanualofstyle.org\/home.html\" target=\"_blank\" rel=\"noreferrer noopener\">Chicago<\/a> oder IEEE. Die folgende Liste ist also nur ein kleiner Teil der Zitierstile und beinhaltet nur solche, die Bibliotheksmitarbeiter*innen programmiert haben.<\/p>\n\n\n\n<h2 class=\"wp-block-heading\">Folgende Stile werden von der WU Bibliothek bereitgestellt:<\/h2>\n\n\n\n<figure class=\"wp-block-table is-style-stripes\"><table class=\"has-blue-background-color has-background\"><tbody><tr><td><a href=\"https:\/\/library.wu.ac.at\/bib\/fit4research\/index.php\/abkuerzungs-und-zitierregeln-azr\/\">Abk\u00fcrzungs- und Zitierregeln (AZR)<\/a><\/td><\/tr><tr><td><a href=\"https:\/\/library.wu.ac.at\/bib\/fit4research\/index.php\/bildungswissenschaft\/\" data-type=\"link\" data-id=\"https:\/\/library.wu.ac.at\/bib\/fit4research\/index.php\/bildungswissenschaft\/\">Bildungswissenschaft<\/a><\/td><\/tr><tr><td><a href=\"https:\/\/library.wu.ac.at\/bib\/fit4research\/index.php\/institut-bwl-aussenhandel\/\" data-type=\"link\" data-id=\"https:\/\/learn.wu.ac.at\/open\/fit4research\/zit_institut-bwl-aussenhandel\">BWL Au\u00dfenhandel<\/a><\/td><\/tr><tr><td><a href=\"https:\/\/library.wu.ac.at\/bib\/fit4research\/index.php\/dgps-department-marketing\/\" data-type=\"link\" data-id=\"https:\/\/learn.wu.ac.at\/open\/fit4research\/zit_apa-deutsch-gwa-kastner\">DGPS Department Marketing<\/a><\/td><\/tr><tr><td><a href=\"https:\/\/library.wu.ac.at\/bib\/fit4research\/index.php\/finance-bachelor\/\" data-type=\"link\" data-id=\"https:\/\/learn.wu.ac.at\/open\/fit4research\/zit_finance-bachelor\">Finance Bachelor<\/a><\/td><\/tr><tr><td><a href=\"https:\/\/library.wu.ac.at\/bib\/fit4research\/index.php\/institut-fuer-gender-und-diversitaet-in-organisationen\/\" data-type=\"link\" data-id=\"https:\/\/learn.wu.ac.at\/open\/fit4research\/zit_inst_gd\">Gender und Diversit\u00e4t in Organisationen<\/a><\/td><\/tr><tr><td><a href=\"https:\/\/library.wu.ac.at\/bib\/fit4research\/index.php\/handel-und-marketing\/\" data-type=\"link\" data-id=\"https:\/\/library.wu.ac.at\/bib\/fit4research\/index.php\/handel-und-marketing\/\">Handel &amp; Marketing<\/a><\/td><\/tr><tr><td><a href=\"https:\/\/library.wu.ac.at\/bib\/fit4research\/index.php\/hcm\/\">HCM<\/a><\/td><\/tr><tr><td><a href=\"https:\/\/library.wu.ac.at\/bib\/fit4research\/index.php\/hicss-conference\/\">HICSS Conference<\/a><\/td><\/tr><tr><td><a href=\"https:\/\/library.wu.ac.at\/bib\/fit4research\/index.php\/ibfd\/\" data-type=\"link\" data-id=\"https:\/\/library.wu.ac.at\/bib\/fit4research\/index.php\/ibfd\/\">IBFD<\/a><\/td><\/tr><tr><td><a href=\"https:\/\/library.wu.ac.at\/bib\/fit4research\/index.php\/ivm\/\">IVM<\/a><\/td><\/tr><tr><td><a href=\"https:\/\/library.wu.ac.at\/bib\/fit4research\/index.php\/leg-cit\/\">leg cit<\/a><\/td><\/tr><tr><td><a href=\"https:\/\/library.wu.ac.at\/bib\/fit4research\/index.php\/institute-for-marketing-consumer-research\/\" data-type=\"link\" data-id=\"https:\/\/library.wu.ac.at\/bib\/fit4research\/index.php\/institute-for-marketing-consumer-research\/\">Marketing and Consumer Research<\/a><\/td><\/tr><tr><td><a href=\"https:\/\/library.wu.ac.at\/bib\/fit4research\/index.php\/master-management\/\" data-type=\"link\" data-id=\"https:\/\/library.wu.ac.at\/bib\/fit4research\/index.php\/master-management\/\">Master Management<\/a><\/td><\/tr><tr><td><a href=\"https:\/\/library.wu.ac.at\/bib\/fit4research\/index.php\/abschlussarbeiten-am-institut-fuer-nachhaltigkeitsmanagement\/\" data-type=\"link\" data-id=\"https:\/\/library.wu.ac.at\/bib\/fit4research\/index.php\/abschlussarbeiten-am-institut-fuer-nachhaltigkeitsmanagement\/\">Nachhaltigkeitsmanagement<\/a><\/td><\/tr><tr><td><a href=\"https:\/\/library.wu.ac.at\/bib\/fit4research\/index.php\/professional-mba-sozialmanagement\/\" data-type=\"link\" data-id=\"https:\/\/library.wu.ac.at\/bib\/fit4research\/index.php\/professional-mba-sozialmanagement\/\">PMBA Sozialmanagement<\/a><\/td><\/tr><tr><td><a href=\"https:\/\/library.wu.ac.at\/bib\/fit4research\/index.php\/ulg-public-auditing\/\" data-type=\"link\" data-id=\"https:\/\/library.wu.ac.at\/bib\/fit4research\/index.php\/ulg-public-auditing\/\">Public Auditing (ULG)<\/a><\/td><\/tr><tr><td><a href=\"https:\/\/library.wu.ac.at\/bib\/fit4research\/index.php\/zitierregeln-der-oesterreichischen-steuer-rechtssprache\/\">Steuerrecht<\/a><\/td><\/tr><tr><td><a href=\"https:\/\/library.wu.ac.at\/bib\/fit4research\/index.php\/institut-fuer-transportwirtschaft-und-logistik\/\" data-type=\"link\" data-id=\"https:\/\/library.wu.ac.at\/bib\/fit4research\/index.php\/institut-fuer-transportwirtschaft-und-logistik\/\">Transportwirtschaft und Logistik<\/a><\/td><\/tr><tr><td><a href=\"https:\/\/library.wu.ac.at\/bib\/fit4research\/index.php\/unternehmensrechnung-und-controlling\/\" data-type=\"link\" data-id=\"https:\/\/library.wu.ac.at\/bib\/fit4research\/index.php\/unternehmensrechnung-und-controlling\/\">Unternehmensrechnung und Controlling<\/a><\/td><\/tr><tr><td><a href=\"https:\/\/library.wu.ac.at\/bib\/fit4research\/index.php\/wirtschaftspaedagogik\/\">Wirtschaftsp\u00e4dagogik<\/a><\/td><\/tr><\/tbody><\/table><\/figure>\n\n\n\n<div class=\"wp-block-group\" style=\"padding-top:3em;padding-right:10rem;padding-bottom:3em;padding-left:10rem\"><div class=\"wp-block-group__inner-container is-layout-constrained wp-container-core-group-is-layout-0682ed28 wp-block-group-is-layout-constrained\">\n<hr class=\"wp-block-separator alignwide has-alpha-channel-opacity is-style-wide\"\/>\n<\/div><\/div>\n\n\n\n<h2 class=\"wp-block-heading\">Wo bekomme ich Hilfe?<\/h2>\n\n\n\n<p>Die Universit\u00e4tsbibliothek unterst\u00fctzt dich bei der Ben\u00fctzung der von der WU lizenzierten Software <a href=\"https:\/\/library.wu.ac.at\/bib\/fit4research\/index.php\/fit4research-start\/literatur-zitieren-verwalten\/programme\/citavi\/\" data-type=\"link\" data-id=\"https:\/\/library.wu.ac.at\/bib\/fit4research\/index.php\/fit4research-start\/literatur-zitieren-verwalten\/programme\/citavi\/\">Citavi<\/a> und <a href=\"https:\/\/library.wu.ac.at\/bib\/fit4research\/index.php\/fit4research-start\/literatur-zitieren-verwalten\/programme\/endnote\/\" data-type=\"link\" data-id=\"https:\/\/library.wu.ac.at\/bib\/fit4research\/index.php\/fit4research-start\/literatur-zitieren-verwalten\/programme\/endnote\/\">EndNote<\/a>, aber auch bei der Nutzung der kostenfreien Programme <a href=\"https:\/\/library.wu.ac.at\/bib\/fit4research\/index.php\/fit4research-start\/literatur-zitieren-verwalten\/programme\/zotero\/\" data-type=\"link\" data-id=\"https:\/\/library.wu.ac.at\/bib\/fit4research\/index.php\/fit4research-start\/literatur-zitieren-verwalten\/programme\/zotero\/\">Zotero<\/a> und <a href=\"https:\/\/library.wu.ac.at\/bib\/fit4research\/index.php\/fit4research-start\/literatur-zitieren-verwalten\/programme\/juris-m\/\" data-type=\"link\" data-id=\"https:\/\/library.wu.ac.at\/bib\/fit4research\/index.php\/fit4research-start\/literatur-zitieren-verwalten\/programme\/juris-m\/\">Juris-M<\/a>. In unserem <a rel=\"noreferrer noopener\" href=\"https:\/\/www.wu.ac.at\/bibliothek\/beratung\/kurse\" target=\"_blank\">Kursangebot<\/a> findest du Termine f\u00fcr unterschiedliche Kurse zur Literaturverwaltung.<\/p>\n\n\n\n<p>Bei Fragen zur Ben\u00fctzung wenden dich bitte an <a href=\"mailto:bibliothek@wu.ac.at\" target=\"_blank\" rel=\"noreferrer noopener\">bibliothek@wu.ac.at<\/a>.<\/p>\n\n\n\n<div class=\"wp-block-group\"><div class=\"wp-block-group__inner-container is-layout-constrained wp-block-group-is-layout-constrained\">\n<div class=\"wp-block-columns is-layout-flex wp-container-core-columns-is-layout-9d6595d7 wp-block-columns-is-layout-flex\">\n<div class=\"wp-block-column is-layout-flow wp-block-column-is-layout-flow\"><\/div>\n\n\n\n<div class=\"wp-block-column is-layout-flow wp-block-column-is-layout-flow\"><\/div>\n<\/div>\n<\/div><\/div>\n","protected":false},"excerpt":{"rendered":"<p>Damit die Literaturnachweise und das Literaturverzeichnis in deiner Arbeit einheitlich formatiert sind, brauchst du einen Zitierstil. Der Stil sagt, wie die Literaturangaben aussehen sollen. Beispielsweise ob der Titel Kursiv geh\u00f6rt, das Datum in Klammer oder die Autor*innen abgek\u00fcrzte Vornamen haben sollen, &#8230;Literaturverwaltungsprogramme bringen von Haus aus eine Vielzahl an Stilen mit. Sollte der ben\u00f6tigte Stil&hellip; <a class=\"more-link\" href=\"https:\/\/library.wu.ac.at\/bib\/fit4research\/index.php\/fit4research-start\/literatur-zitieren-verwalten\/richtiges-zitieren-nach-wu-richtlinien\/\">Continue reading <span class=\"screen-reader-text\">WU Zitierstile<\/span><\/a><\/p>\n","protected":false},"author":2,"featured_media":0,"parent":102,"menu_order":3,"comment_status":"closed","ping_status":"closed","template":"","meta":{"footnotes":""},"class_list":["post-104","page","type-page","status-publish","hentry","entry"],"_links":{"self":[{"href":"https:\/\/library.wu.ac.at\/bib\/fit4research\/index.php\/wp-json\/wp\/v2\/pages\/104","targetHints":{"allow":["GET"]}}],"collection":[{"href":"https:\/\/library.wu.ac.at\/bib\/fit4research\/index.php\/wp-json\/wp\/v2\/pages"}],"about":[{"href":"https:\/\/library.wu.ac.at\/bib\/fit4research\/index.php\/wp-json\/wp\/v2\/types\/page"}],"author":[{"embeddable":true,"href":"https:\/\/library.wu.ac.at\/bib\/fit4research\/index.php\/wp-json\/wp\/v2\/users\/2"}],"replies":[{"embeddable":true,"href":"https:\/\/library.wu.ac.at\/bib\/fit4research\/index.php\/wp-json\/wp\/v2\/comments?post=104"}],"version-history":[{"count":37,"href":"https:\/\/library.wu.ac.at\/bib\/fit4research\/index.php\/wp-json\/wp\/v2\/pages\/104\/revisions"}],"predecessor-version":[{"id":3673,"href":"https:\/\/library.wu.ac.at\/bib\/fit4research\/index.php\/wp-json\/wp\/v2\/pages\/104\/revisions\/3673"}],"up":[{"embeddable":true,"href":"https:\/\/library.wu.ac.at\/bib\/fit4research\/index.php\/wp-json\/wp\/v2\/pages\/102"}],"wp:attachment":[{"href":"https:\/\/library.wu.ac.at\/bib\/fit4research\/index.php\/wp-json\/wp\/v2\/media?parent=104"}],"curies":[{"name":"wp","href":"https:\/\/api.w.org\/{rel}","templated":true}]}}