{"id":102,"date":"2023-07-19T08:00:00","date_gmt":"2023-07-19T06:00:00","guid":{"rendered":"https:\/\/library.wu.ac.at\/bib\/fit4research\/?page_id=102"},"modified":"2025-04-30T16:00:55","modified_gmt":"2025-04-30T14:00:55","slug":"literatur-zitieren-verwalten","status":"publish","type":"page","link":"https:\/\/library.wu.ac.at\/bib\/fit4research\/index.php\/fit4research-start\/literatur-zitieren-verwalten\/","title":{"rendered":"Literatur zitieren &amp; verwalten"},"content":{"rendered":"\n<div class=\"container-grid\">\n<div class=\"container\">\n<div class=\"container-top\">\n<figure class=\"wp-block-image alignwide size-large\"><a href=\"https:\/\/library.wu.ac.at\/bib\/fit4research\/index.php\/fit4research-start\/literatur-zitieren-verwalten\/richtig-zitieren\/\"><img loading=\"lazy\" decoding=\"async\" class=\"alignnone wp-image-3652 size-medium\" style=\"aspect-ratio: 1; object-fit: cover;\" src=\"https:\/\/library.wu.ac.at\/bib\/fit4research\/wp-content\/uploads\/2023\/11\/Richtig-zitieren_tuerkis-300x300.png\" alt=\"\" width=\"300\" height=\"300\" srcset=\"https:\/\/library.wu.ac.at\/bib\/fit4research\/wp-content\/uploads\/2023\/11\/Richtig-zitieren_tuerkis-300x300.png 300w, https:\/\/library.wu.ac.at\/bib\/fit4research\/wp-content\/uploads\/2023\/11\/Richtig-zitieren_tuerkis-1024x1024.png 1024w, https:\/\/library.wu.ac.at\/bib\/fit4research\/wp-content\/uploads\/2023\/11\/Richtig-zitieren_tuerkis-150x150.png 150w, https:\/\/library.wu.ac.at\/bib\/fit4research\/wp-content\/uploads\/2023\/11\/Richtig-zitieren_tuerkis-768x768.png 768w, https:\/\/library.wu.ac.at\/bib\/fit4research\/wp-content\/uploads\/2023\/11\/Richtig-zitieren_tuerkis-1536x1536.png 1536w, https:\/\/library.wu.ac.at\/bib\/fit4research\/wp-content\/uploads\/2023\/11\/Richtig-zitieren_tuerkis-2048x2048.png 2048w, https:\/\/library.wu.ac.at\/bib\/fit4research\/wp-content\/uploads\/2023\/11\/Richtig-zitieren_tuerkis-1568x1568.png 1568w\" sizes=\"auto, (max-width: 300px) 100vw, 300px\" \/><\/a><\/figure>\n<\/div>\n<div>\n<h3><a style=\"color: #545354;\" href=\"https:\/\/library.wu.ac.at\/bib\/fit4research\/index.php\/literatur-zitieren-verwalten\/richtig-zitieren\/\">Richtig zitieren<\/a><\/h3>\n<\/div>\n<p>Basics, Beispiele und Literaturhinweise f\u00fcr den Start.<\/p>\n<\/div>\n<div class=\"container\">\n<div class=\"container-top\">\n<figure class=\"wp-block-image alignwide size-large\"><a href=\"https:\/\/library.wu.ac.at\/bib\/fit4research\/index.php\/fit4research-start\/literatur-zitieren-verwalten\/literatur-sammeln-verwalten\/\"><img loading=\"lazy\" decoding=\"async\" class=\"alignnone wp-image-3654 size-medium\" style=\"aspect-ratio: 1; object-fit: cover;\" src=\"https:\/\/library.wu.ac.at\/bib\/fit4research\/wp-content\/uploads\/2023\/11\/Literatur-verwalten_tuerkis-300x300.png\" alt=\"\" width=\"300\" height=\"300\" srcset=\"https:\/\/library.wu.ac.at\/bib\/fit4research\/wp-content\/uploads\/2023\/11\/Literatur-verwalten_tuerkis-300x300.png 300w, https:\/\/library.wu.ac.at\/bib\/fit4research\/wp-content\/uploads\/2023\/11\/Literatur-verwalten_tuerkis-1024x1024.png 1024w, https:\/\/library.wu.ac.at\/bib\/fit4research\/wp-content\/uploads\/2023\/11\/Literatur-verwalten_tuerkis-150x150.png 150w, https:\/\/library.wu.ac.at\/bib\/fit4research\/wp-content\/uploads\/2023\/11\/Literatur-verwalten_tuerkis-768x768.png 768w, https:\/\/library.wu.ac.at\/bib\/fit4research\/wp-content\/uploads\/2023\/11\/Literatur-verwalten_tuerkis-1536x1536.png 1536w, https:\/\/library.wu.ac.at\/bib\/fit4research\/wp-content\/uploads\/2023\/11\/Literatur-verwalten_tuerkis-2048x2048.png 2048w, https:\/\/library.wu.ac.at\/bib\/fit4research\/wp-content\/uploads\/2023\/11\/Literatur-verwalten_tuerkis-1568x1568.png 1568w\" sizes=\"auto, (max-width: 300px) 100vw, 300px\" \/><\/a><\/figure>\n<\/div>\n<div>\n<h3><a style=\"color: #545354;\" href=\"https:\/\/library.wu.ac.at\/bib\/fit4research\/index.php\/literatur-sammeln-verwalten\/\">Literatur verwalten<\/a><\/h3>\n<\/div>\n<p>Behalte den \u00dcberblick \u00fcber deine Quellen!<\/p>\n<\/div>\n<div class=\"container\">\n<div class=\"container-top\">\n<figure class=\"wp-block-image alignwide size-large\"><a href=\"https:\/\/library.wu.ac.at\/bib\/fit4research\/index.php\/fit4research-start\/literatur-zitieren-verwalten\/richtiges-zitieren-nach-wu-richtlinien\/\"><img loading=\"lazy\" decoding=\"async\" class=\"alignnone wp-image-3655 size-medium\" style=\"aspect-ratio: 1; object-fit: cover;\" src=\"https:\/\/library.wu.ac.at\/bib\/fit4research\/wp-content\/uploads\/2023\/11\/WU-Zitierstile_tuerkis-300x300.png\" alt=\"\" width=\"300\" height=\"300\" srcset=\"https:\/\/library.wu.ac.at\/bib\/fit4research\/wp-content\/uploads\/2023\/11\/WU-Zitierstile_tuerkis-300x300.png 300w, https:\/\/library.wu.ac.at\/bib\/fit4research\/wp-content\/uploads\/2023\/11\/WU-Zitierstile_tuerkis-1024x1024.png 1024w, https:\/\/library.wu.ac.at\/bib\/fit4research\/wp-content\/uploads\/2023\/11\/WU-Zitierstile_tuerkis-150x150.png 150w, https:\/\/library.wu.ac.at\/bib\/fit4research\/wp-content\/uploads\/2023\/11\/WU-Zitierstile_tuerkis-768x768.png 768w, https:\/\/library.wu.ac.at\/bib\/fit4research\/wp-content\/uploads\/2023\/11\/WU-Zitierstile_tuerkis-1536x1536.png 1536w, https:\/\/library.wu.ac.at\/bib\/fit4research\/wp-content\/uploads\/2023\/11\/WU-Zitierstile_tuerkis-2048x2048.png 2048w, https:\/\/library.wu.ac.at\/bib\/fit4research\/wp-content\/uploads\/2023\/11\/WU-Zitierstile_tuerkis-1568x1568.png 1568w\" sizes=\"auto, (max-width: 300px) 100vw, 300px\" \/><\/a><\/figure>\n<\/div>\n<div>\n<h3><a style=\"color: #545354;\" href=\"https:\/\/library.wu.ac.at\/bib\/fit4research\/index.php\/literatur-zitieren-verwalten\/richtiges-zitieren-nach-wu-richtlinien\/\">WU Zitierstile<\/a><\/h3>\n<\/div>\n<p>Zitierstile, die von der WU Bibliothek zur Verf\u00fcgung gestellt werden &#8211; inkl. Kurzanleitungen.<\/p>\n<\/div>\n<\/div>\n\n\n\n<div class=\"container-grid\">\n<div class=\"container\">\n<div class=\"container-top\">\n<figure class=\"wp-block-image alignwide size-large\">\n<p><a href=\"https:\/\/library.wu.ac.at\/bib\/fit4research\/index.php\/fit4research-start\/literatur-zitieren-verwalten\/programme\/\"><img loading=\"lazy\" decoding=\"async\" class=\"alignnone wp-image-3656 size-medium\" style=\"aspect-ratio: 1; object-fit: cover;\" src=\"https:\/\/library.wu.ac.at\/bib\/fit4research\/wp-content\/uploads\/2023\/11\/Programme_tuerkis-300x300.png\" alt=\"\" width=\"300\" height=\"300\" srcset=\"https:\/\/library.wu.ac.at\/bib\/fit4research\/wp-content\/uploads\/2023\/11\/Programme_tuerkis-300x300.png 300w, https:\/\/library.wu.ac.at\/bib\/fit4research\/wp-content\/uploads\/2023\/11\/Programme_tuerkis-1024x1024.png 1024w, https:\/\/library.wu.ac.at\/bib\/fit4research\/wp-content\/uploads\/2023\/11\/Programme_tuerkis-150x150.png 150w, https:\/\/library.wu.ac.at\/bib\/fit4research\/wp-content\/uploads\/2023\/11\/Programme_tuerkis-768x768.png 768w, https:\/\/library.wu.ac.at\/bib\/fit4research\/wp-content\/uploads\/2023\/11\/Programme_tuerkis-1536x1536.png 1536w, https:\/\/library.wu.ac.at\/bib\/fit4research\/wp-content\/uploads\/2023\/11\/Programme_tuerkis-2048x2048.png 2048w, https:\/\/library.wu.ac.at\/bib\/fit4research\/wp-content\/uploads\/2023\/11\/Programme_tuerkis-1568x1568.png 1568w\" sizes=\"auto, (max-width: 300px) 100vw, 300px\" \/><\/a><\/p>\n<\/figure>\n<\/div>\n<div>\n<h3><a style=\"color: #545354;\" href=\"https:\/\/library.wu.ac.at\/bib\/fit4research\/index.php\/programme\/\">Programme<\/a><\/h3>\n<\/div>\n<p>Alles was du \u00fcber Literaturverwaltungsprogramme wissen musst &#8211; inkl. Auswahltool, Lizenzen und Kurzanleitungen<\/p>\n<\/div>\n<div class=\"container\">\n<div class=\"container-top\">\n<figure class=\"wp-block-image alignwide size-large\"><a href=\"https:\/\/www.wu.ac.at\/bibliothek\/beratung\/kurse\/\" target=\"_blank\" rel=\"noopener\"><img loading=\"lazy\" decoding=\"async\" class=\"alignnone wp-image-3657 size-medium\" style=\"aspect-ratio: 1; object-fit: cover;\" src=\"https:\/\/library.wu.ac.at\/bib\/fit4research\/wp-content\/uploads\/2023\/11\/KurseUnterstuetzung_tuerkis-300x300.png\" alt=\"\" width=\"300\" height=\"300\" srcset=\"https:\/\/library.wu.ac.at\/bib\/fit4research\/wp-content\/uploads\/2023\/11\/KurseUnterstuetzung_tuerkis-300x300.png 300w, https:\/\/library.wu.ac.at\/bib\/fit4research\/wp-content\/uploads\/2023\/11\/KurseUnterstuetzung_tuerkis-1024x1024.png 1024w, https:\/\/library.wu.ac.at\/bib\/fit4research\/wp-content\/uploads\/2023\/11\/KurseUnterstuetzung_tuerkis-150x150.png 150w, https:\/\/library.wu.ac.at\/bib\/fit4research\/wp-content\/uploads\/2023\/11\/KurseUnterstuetzung_tuerkis-768x768.png 768w, https:\/\/library.wu.ac.at\/bib\/fit4research\/wp-content\/uploads\/2023\/11\/KurseUnterstuetzung_tuerkis-1536x1536.png 1536w, https:\/\/library.wu.ac.at\/bib\/fit4research\/wp-content\/uploads\/2023\/11\/KurseUnterstuetzung_tuerkis-2048x2048.png 2048w, https:\/\/library.wu.ac.at\/bib\/fit4research\/wp-content\/uploads\/2023\/11\/KurseUnterstuetzung_tuerkis-1568x1568.png 1568w\" sizes=\"auto, (max-width: 300px) 100vw, 300px\" \/><\/a><\/figure>\n<\/div>\n<div>\n<h3><a style=\"color: #545354;\" href=\"https:\/\/www.wu.ac.at\/bibliothek\/beratung\/kurse\/\" target=\"_blank\" rel=\"noopener\">Kurse &amp; Unterst\u00fctzung<\/a><\/h3>\n<\/div>\n<p>Du hast noch Fragen? Keine Sorge, wir helfen dir gerne!<\/p>\n<\/div>\n<\/div>\n\n\n\n<div class=\"wp-block-group\"><div class=\"wp-block-group__inner-container is-layout-constrained wp-block-group-is-layout-constrained\">\n<div class=\"wp-block-columns is-layout-flex wp-container-core-columns-is-layout-9d6595d7 wp-block-columns-is-layout-flex\">\n<div class=\"wp-block-column is-layout-flow wp-block-column-is-layout-flow\"><\/div>\n\n\n\n<div class=\"wp-block-column is-layout-flow wp-block-column-is-layout-flow\"><\/div>\n<\/div>\n<\/div><\/div>\n","protected":false},"excerpt":{"rendered":"<p>Richtig zitieren Basics, Beispiele und Literaturhinweise f\u00fcr den Start. Literatur verwalten Behalte den \u00dcberblick \u00fcber deine Quellen! WU Zitierstile Zitierstile, die von der WU Bibliothek zur Verf\u00fcgung gestellt werden &#8211; inkl. Kurzanleitungen. Programme Alles was du \u00fcber Literaturverwaltungsprogramme wissen musst &#8211; inkl. Auswahltool, Lizenzen und Kurzanleitungen Kurse &amp; Unterst\u00fctzung Du hast noch Fragen? Keine Sorge,&hellip; <a class=\"more-link\" href=\"https:\/\/library.wu.ac.at\/bib\/fit4research\/index.php\/fit4research-start\/literatur-zitieren-verwalten\/\">Continue reading <span class=\"screen-reader-text\">Literatur zitieren &amp; verwalten<\/span><\/a><\/p>\n","protected":false},"author":2,"featured_media":0,"parent":10,"menu_order":4,"comment_status":"closed","ping_status":"closed","template":"","meta":{"footnotes":""},"class_list":["post-102","page","type-page","status-publish","hentry","entry"],"_links":{"self":[{"href":"https:\/\/library.wu.ac.at\/bib\/fit4research\/index.php\/wp-json\/wp\/v2\/pages\/102","targetHints":{"allow":["GET"]}}],"collection":[{"href":"https:\/\/library.wu.ac.at\/bib\/fit4research\/index.php\/wp-json\/wp\/v2\/pages"}],"about":[{"href":"https:\/\/library.wu.ac.at\/bib\/fit4research\/index.php\/wp-json\/wp\/v2\/types\/page"}],"author":[{"embeddable":true,"href":"https:\/\/library.wu.ac.at\/bib\/fit4research\/index.php\/wp-json\/wp\/v2\/users\/2"}],"replies":[{"embeddable":true,"href":"https:\/\/library.wu.ac.at\/bib\/fit4research\/index.php\/wp-json\/wp\/v2\/comments?post=102"}],"version-history":[{"count":35,"href":"https:\/\/library.wu.ac.at\/bib\/fit4research\/index.php\/wp-json\/wp\/v2\/pages\/102\/revisions"}],"predecessor-version":[{"id":5523,"href":"https:\/\/library.wu.ac.at\/bib\/fit4research\/index.php\/wp-json\/wp\/v2\/pages\/102\/revisions\/5523"}],"up":[{"embeddable":true,"href":"https:\/\/library.wu.ac.at\/bib\/fit4research\/index.php\/wp-json\/wp\/v2\/pages\/10"}],"wp:attachment":[{"href":"https:\/\/library.wu.ac.at\/bib\/fit4research\/index.php\/wp-json\/wp\/v2\/media?parent=102"}],"curies":[{"name":"wp","href":"https:\/\/api.w.org\/{rel}","templated":true}]}}